{"id":4247,"date":"2026-03-26T01:54:11","date_gmt":"2026-03-26T00:54:11","guid":{"rendered":"https:\/\/svijetmisli.com\/?post_type=product&#038;p=4247"},"modified":"2026-04-23T17:20:47","modified_gmt":"2026-04-23T15:20:47","slug":"133-recepta-za-smutije-za-svaki-dan-jednostavni-napici-za-energiju-i-zdravlje","status":"publish","type":"product","link":"https:\/\/svijetmisli.com\/sr\/shop\/133-recepta-za-smutije-za-svaki-dan-jednostavni-napici-za-energiju-i-zdravlje\/","title":{"rendered":"133 RECEPTA ZA SMUTIJE ZA SVAKI DAN \ud83e\udd64\ud83d\udc49 Jednostavni napici za energiju i zdravlje"},"content":{"rendered":"<h1 data-start=\"231\" data-end=\"278\">\ud83e\udd64 <strong data-start=\"236\" data-end=\"276\">NAJBOLJA KNJIGA RECEPATA ZA SMUTIJE<\/strong><\/h1>\n<h3 data-start=\"279\" data-end=\"351\"><em data-start=\"283\" data-end=\"351\">133 jednostavna recepta za smutije za energiju, zdravlje i svaki dan<\/em><\/h3>\n<hr data-start=\"353\" data-end=\"356\" \/>\n<h2 data-start=\"358\" data-end=\"388\">\ud83d\udea8 AKO STALNO RAZMI\u0160LJA\u0160:<\/h2>\n<p data-start=\"389\" data-end=\"493\">\ud83d\udc49 <em data-start=\"392\" data-end=\"436\">\u201e\u0160ta bi trebalo zdravo da jedem ili pijem danas?\u201c<\/em><br data-start=\"436\" data-end=\"439\" \/>\ud83d\udc49 <em data-start=\"442\" data-end=\"491\">\u201eNemam vremena, ali \u017eelim ne\u0161to dobro za sebe.\u201c<\/em><\/p>\n<p data-start=\"495\" data-end=\"544\">Onda je ova knjiga napravljena <strong data-start=\"526\" data-end=\"543\">ba\u0161 za vas<\/strong> .<\/p>\n<hr data-start=\"546\" data-end=\"549\" \/>\n<h2 data-start=\"551\" data-end=\"599\">\ud83d\udcd6 ZA\u0160TO JE OVA KNJIGA NASTALA?<\/h2>\n<p data-start=\"601\" data-end=\"670\">Ve\u0107ina ljudi \u017eeli da jede i pije zdravije.<br data-start=\"641\" data-end=\"644\" \/>Ali se zaglavi na istom mestu:<\/p>\n<p data-start=\"672\" data-end=\"762\">\u2013 nema ideja<br data-start=\"684\" data-end=\"687\" \/>\u2013 nema vremena<br data-start=\"701\" data-end=\"704\" \/>\u2013 nema inspiracije<br data-start=\"722\" data-end=\"725\" \/>\u2013 isti recepti se stalno ponavljaju<\/p>\n<p data-start=\"764\" data-end=\"857\">Internet je pun recepata.<br data-start=\"789\" data-end=\"792\" \/>Ali kada vam je potrebno <strong data-start=\"809\" data-end=\"843\">ne\u0161to brzo, jednostavno i provereno<\/strong> \u2013 ne mo\u017eete oti\u0107i nigde drugde.<\/p>\n<p data-start=\"859\" data-end=\"916\">Zato je nastala <strong data-start=\"875\" data-end=\"915\">VRHUNSKA KNJIGA RECEPATA ZA SMUTIJE<\/strong> .<\/p>\n<p data-start=\"918\" data-end=\"998\">Jedna knjiga.<br data-start=\"931\" data-end=\"934\" \/>Jedno mesto.<br data-start=\"947\" data-end=\"950\" \/><strong data-start=\"950\" data-end=\"998\">133 recepta koje mo\u017eete koristiti svaki dan.<\/strong><\/p>\n<p data-start=\"1000\" data-end=\"1052\">Bez filozofije.<br data-start=\"1015\" data-end=\"1018\" \/>Bez egzotike.<br data-start=\"1031\" data-end=\"1034\" \/>Bez komplikacija.<\/p>\n<hr data-start=\"1054\" data-end=\"1057\" \/>\n<h2 data-start=\"1059\" data-end=\"1083\">\ud83e\udd64 \u0160TA TA\u010cNO DOBIJA\u0160?<\/h2>\n<p data-start=\"1085\" data-end=\"1148\">\ud83d\udcd8 <strong data-start=\"1088\" data-end=\"1123\">133 proverena recepta za smutije<\/strong> , podeljena po nameni:<\/p>\n<p data-start=\"1150\" data-end=\"1300\">\ud83e\udd6d Vo\u0107ni smutiji<br data-start=\"1169\" data-end=\"1172\" \/>\ud83e\udd6c Zeleni smutiji<br data-start=\"1192\" data-end=\"1195\" \/>\ud83c\udf4c Smutiji za doru\u010dak<br data-start=\"1219\" data-end=\"1222\" \/>\u26a1 Smutiji za energiju<br data-start=\"1246\" data-end=\"1249\" \/>\ud83e\udd51 Smutiji za ose\u0107aj sitosti<br data-start=\"1272\" data-end=\"1275\" \/>\ud83c\udf6b Smutiji za u\u017eivanje<\/p>\n<p data-start=\"1302\" data-end=\"1410\">Svaki recept sadr\u017ei:<br \/>\n\u2714 providne sastojke<br data-start=\"1339\" data-end=\"1342\" \/>\u2714 kratki koraci<br data-start=\"1357\" data-end=\"1360\" \/>\u2714 brza priprema (2\u20135 min)<br data-start=\"1385\" data-end=\"1388\" \/>\u2714 saveti za zamene<\/p>\n<p data-start=\"1412\" data-end=\"1437\">\u27a1\ufe0f Blender. \u010ca\u0161a. Gotovo.<\/p>\n<hr data-start=\"1439\" data-end=\"1442\" \/>\n<h2 data-start=\"1444\" data-end=\"1472\">\ud83c\udfaf ZA KOGA JE OVA KNJIGA?<\/h2>\n<p data-start=\"1474\" data-end=\"1641\">\u2714 za zauzete ljude<br data-start=\"1494\" data-end=\"1497\" \/>\u2714 za po\u010detnike<br data-start=\"1511\" data-end=\"1514\" \/>\u2714 za one koji \u017eele zdraviju rutinu<br data-start=\"1548\" data-end=\"1551\" \/>\u2714 za sportiste i rekreativce<br data-start=\"1578\" data-end=\"1581\" \/>\u2714 za svakoga ko \u017eeli manje razmi\u0161ljanja, a vi\u0161e rezultata<\/p>\n<p data-start=\"1643\" data-end=\"1726\">Ne morate znati kako da kuvate.<br data-start=\"1665\" data-end=\"1668\" \/>Ne morate brojati kalorije.<br data-start=\"1694\" data-end=\"1697\" \/>Samo otvori knjigu i izaberi.<\/p>\n<hr data-start=\"1728\" data-end=\"1731\" \/>\n<h2 data-start=\"1733\" data-end=\"1765\">\u2b50<\/h2>\n<p data-start=\"1767\" data-end=\"1878\">\u2b50\u2b50\u2b50\u2b50\u2b50\u2b50<br data-start=\"1772\" data-end=\"1775\" \/><strong data-start=\"1775\" data-end=\"1803\">Ivana K<\/strong><br data-start=\"1803\" data-end=\"1806\" \/>\u201eKoristim ga skoro svaki dan. Recepti su jednostavni i zaista ukusni.\u201c<\/p>\n<p data-start=\"1880\" data-end=\"1972\">\u2b50\u2b50\u2b50\u2b50\u2b50\u2b50<br data-start=\"1885\" data-end=\"1888\" \/><strong data-start=\"1888\" data-end=\"1915\">Marko P<\/strong><br data-start=\"1915\" data-end=\"1918\" \/>\u201eKona\u010dno, smutiji bez komplikacija. Sve imam kod ku\u0107e.\u201c<\/p>\n<p data-start=\"1974\" data-end=\"2081\">\u2b50\u2b50\u2b50\u2b50\u2b50\u2b50<br data-start=\"1979\" data-end=\"1982\" \/><strong data-start=\"1982\" data-end=\"2008\">Ana M.<\/strong><br data-start=\"2008\" data-end=\"2011\" \/>\u201eNajbolja kuvarska knjiga koju sam kupio godinama. Prakti\u010dna i jasna.\u201c<\/p>\n<p data-start=\"2083\" data-end=\"2174\">\u2b50\u2b50\u2b50\u2b50\u2b50\u2b50<br data-start=\"2088\" data-end=\"2091\" \/><strong data-start=\"2091\" data-end=\"2124\">Tomislav R<\/strong><br data-start=\"2124\" data-end=\"2127\" \/>&#8222;Vredi svakog penija. Brzo, zdravo i direktno.&#8220;<\/p>\n<p data-start=\"2176\" data-end=\"2268\">\u2b50\u2b50\u2b50\u2b50\u2b50\u2b50<br data-start=\"2181\" data-end=\"2184\" \/><strong data-start=\"2184\" data-end=\"2213\">Marija L<\/strong><br data-start=\"2213\" data-end=\"2216\" \/>\u201eKupila sam ga za sebe, a sada i za sestru. Odli\u010dan poklon.\u201c<\/p>\n<hr data-start=\"2633\" data-end=\"2636\" \/>\n<h2 data-start=\"2638\" data-end=\"2677\">\ud83d\udd25<\/h2>\n<p data-start=\"2679\" data-end=\"2874\">\u23f3 Ograni\u010den broj \u0161tampanih primeraka<br data-start=\"2720\" data-end=\"2723\" \/>\ud83d\udd25 Jedan od najtra\u017eenijih kuvara u kategoriji<br data-start=\"2770\" data-end=\"2773\" \/>\ud83c\udf81 \u010cesto se kupuje kao poklon (ali ostaje kod ku\u0107e)<br data-start=\"2823\" data-end=\"2826\" \/>\ud83d\udcd8 Knjiga koja se koristi \u2013 ne na polici<\/p>\n<p data-start=\"2876\" data-end=\"2918\">\ud83d\udc49 Kada se rasproda, \u010deka se novo \u0161tampanje.<\/p>\n<hr data-start=\"2920\" data-end=\"2923\" \/>\n<h2 data-start=\"2925\" data-end=\"2947\">\ud83d\uded2 CENA I DOSTAVA<\/h2>\n<p data-start=\"2949\" data-end=\"3004\">\ud83d\udcb6 <strong data-start=\"2952\" data-end=\"2963\">Cena:<\/strong> 2.359 RSD<br data-start=\"2975\" data-end=\"2978\" \/>\ud83d\ude9a BESPLATNA PO\u0160TARINA<\/p>\n<p data-start=\"3006\" data-end=\"3063\">\ud83d\udce6 Bezbedno pakovanje<br data-start=\"3026\" data-end=\"3029\" \/>\ud83d\udcec Brza dostava na va\u0161u ku\u0107nu adresu<\/p>\n<hr data-start=\"3065\" data-end=\"3068\" \/>\n<h2 data-start=\"3070\" data-end=\"3095\">\ud83d\udcda SPECIFIKACIJE<\/h2>\n<ul data-start=\"3097\" data-end=\"3421\">\n<li data-start=\"3097\" data-end=\"3151\">\n<p data-start=\"3099\" data-end=\"3151\"><strong data-start=\"3099\" data-end=\"3110\">Naslov:<\/strong> 133 RECEPTA ZA SMUTIJE ZA SVAKI DAN<\/p>\n<\/li>\n<li data-start=\"3152\" data-end=\"3184\"><strong data-start=\"411\" data-end=\"421\">Autor:<\/strong> Globix\u2122 System<\/li>\n<li data-start=\"3152\" data-end=\"3184\"><strong data-start=\"512\" data-end=\"524\">Izdava\u010d:<\/strong> Globix\u2122<\/li>\n<li data-start=\"3214\" data-end=\"3242\">\n<p data-start=\"3216\" data-end=\"3242\"><strong data-start=\"3216\" data-end=\"3235\">Godina objavljivanja:<\/strong> 2026<\/p>\n<\/li>\n<li data-start=\"3243\" data-end=\"3266\">\n<p data-start=\"3245\" data-end=\"3266\"><strong data-start=\"3245\" data-end=\"3255\">Jezik:<\/strong> Srpski<\/p>\n<\/li>\n<li data-start=\"3267\" data-end=\"3290\">\n<p data-start=\"3269\" data-end=\"3290\"><strong data-start=\"3269\" data-end=\"3278\">Povez:<\/strong> Meki povez<\/p>\n<\/li>\n<li data-start=\"3291\" data-end=\"3309\">\n<p data-start=\"3293\" data-end=\"3309\"><strong data-start=\"3293\" data-end=\"3304\">Format:<\/strong> A5<\/p>\n<\/li>\n<li data-start=\"3310\" data-end=\"3336\">\n<p data-start=\"3312\" data-end=\"3336\"><strong data-start=\"3312\" data-end=\"3330\">Broj stranica:<\/strong> 202<\/p>\n<\/li>\n<\/ul>\n<hr data-start=\"3423\" data-end=\"3426\" \/>\n<h2 data-start=\"3428\" data-end=\"3443\">\ud83d\udc49 ZAKLJU\u010cAK<\/h2>\n<p data-start=\"3445\" data-end=\"3534\">Ako \u017eelite:<br \/>\n\u2714 vi\u0161e energije<br data-start=\"3471\" data-end=\"3474\" \/>\u2714 br\u017ea priprema<br data-start=\"3489\" data-end=\"3492\" \/>\u2714 zdravije navike<br data-start=\"3509\" data-end=\"3512\" \/>\u2714 manje razmi\u0161ljanja<\/p>\n<p data-start=\"3536\" data-end=\"3641\">onda je to <strong data-start=\"3544\" data-end=\"3584\">NAJBOLJA KNJIGA RECEPATA ZA SMUTIJE<\/strong><br data-start=\"3584\" data-end=\"3587\" \/><strong data-start=\"3587\" data-end=\"3641\">najjednostavniji korak koji mo\u017eete danas preduzeti.<\/strong><\/p>\n<p data-start=\"3643\" data-end=\"3682\" data-is-last-node=\"\" data-is-only-node=\"\">\ud83d\uded2 <strong data-start=\"3646\" data-end=\"3679\">Poru\u010dite odmah \u2013 dok je dostupno<\/strong> \ud83e\udd64<\/p>\n","protected":false},"excerpt":{"rendered":"<h3 data-start=\"2301\" data-end=\"2334\">1\ufe0f\u20e3 \ud83e\udd64 Sve na jednom mestu<\/h3>\n<p data-start=\"2335\" data-end=\"2368\">Vi\u0161e ne tra\u017eite recepte svaki dan.<\/p>\n<h3 data-start=\"2370\" data-end=\"2396\">2\ufe0f\u20e3 \u23f1\ufe0f Brza priprema<\/h3>\n<p data-start=\"2397\" data-end=\"2430\">Idealno za jutra, pauze i ve\u010deri.<\/p>\n<h3 data-start=\"2432\" data-end=\"2465\">3\ufe0f\u20e3 \ud83c\udf53 Jednostavni sastojci<\/h3>\n<p data-start=\"2466\" data-end=\"2498\">Bez skupe ili retke hrane.<\/p>\n<h3 data-start=\"2500\" data-end=\"2530\">4\ufe0f\u20e3 \ud83d\udcd6 Jasno i sa\u017eeto<\/h3>\n<p data-start=\"2531\" data-end=\"2565\">Bez dugih tekstova \u2013 samo recepti.<\/p>\n<h3 data-start=\"2567\" data-end=\"2594\">5\ufe0f\u20e3 \ud83c\udf81 Savr\u0161en poklon<\/h3>\n<p data-start=\"2595\" data-end=\"2631\">Za sve koji \u017eele zdravije navike.<\/p>\n","protected":false},"featured_media":4712,"comment_status":"closed","ping_status":"closed","template":"","meta":{"site-sidebar-layout":"default","site-content-layout":"","ast-site-content-layout":"default","site-content-style":"default","site-sidebar-style":"default","ast-global-header-display":"","ast-banner-title-visibility":"","ast-main-header-display":"","ast-hfb-above-header-display":"","ast-hfb-below-header-display":"","ast-hfb-mobile-header-display":"","site-post-title":"","ast-breadcrumbs-content":"","ast-featured-img":"","footer-sml-layout":"","ast-disable-related-posts":"","theme-transparent-header-meta":"","adv-header-id-meta":"","stick-header-meta":"","header-above-stick-meta":"","header-main-stick-meta":"","header-below-stick-meta":"","astra-migrate-meta-layouts":"set","ast-page-background-enabled":"default","ast-page-background-meta":{"desktop":{"background-color":"var(--ast-global-color-5)","background-image":"","background-repeat":"repeat","background-position":"center center","background-size":"auto","background-attachment":"scroll","background-type":"","background-media":"","overlay-type":"","overlay-color":"","overlay-opacity":"","overlay-gradient":""},"tablet":{"background-color":"","background-image":"","background-repeat":"repeat","background-position":"center center","background-size":"auto","background-attachment":"scroll","background-type":"","background-media":"","overlay-type":"","overlay-color":"","overlay-opacity":"","overlay-gradient":""},"mobile":{"background-color":"","background-image":"","background-repeat":"repeat","background-position":"center center","background-size":"auto","background-attachment":"scroll","background-type":"","background-media":"","overlay-type":"","overlay-color":"","overlay-opacity":"","overlay-gradient":""}},"ast-content-background-meta":{"desktop":{"background-color":"var(--ast-global-color-4)","background-image":"","background-repeat":"repeat","background-position":"center center","background-size":"auto","background-attachment":"scroll","background-type":"","background-media":"","overlay-type":"","overlay-color":"","overlay-opacity":"","overlay-gradient":""},"tablet":{"background-color":"var(--ast-global-color-4)","background-image":"","background-repeat":"repeat","background-position":"center center","background-size":"auto","background-attachment":"scroll","background-type":"","background-media":"","overlay-type":"","overlay-color":"","overlay-opacity":"","overlay-gradient":""},"mobile":{"background-color":"var(--ast-global-color-4)","background-image":"","background-repeat":"repeat","background-position":"center center","background-size":"auto","background-attachment":"scroll","background-type":"","background-media":"","overlay-type":"","overlay-color":"","overlay-opacity":"","overlay-gradient":""}}},"product_brand":[],"product_cat":[64,97],"product_tag":[],"class_list":{"0":"post-4247","1":"product","2":"type-product","3":"status-publish","4":"has-post-thumbnail","6":"product_cat-knjizara","7":"product_cat-kuvarske-knjige-i-domaci-recepti","8":"desktop-align-left","9":"tablet-align-left","10":"mobile-align-left","12":"first","13":"instock","14":"taxable","15":"shipping-taxable","16":"purchasable","17":"product-type-simple"},"yoast_head":"<!-- This site is optimized with the Yoast SEO plugin v27.1.1 - https:\/\/yoast.com\/product\/yoast-seo-wordpress\/ -->\n<title>133 RECEPTA ZA SMUTIJE ZA SVAKI DAN \ud83e\udd64\ud83d\udc49 Jednostavni napici za energiju i zdravlje - Svijet Misli<\/title>\n<meta name=\"description\" content=\"133 recepta za smutije za svaki dan \ud83e\udd64 Jednostavni, brzi i zdravi napici za energiju, mr\u0161avljenje i bolju rutinu. Poru\u010di odmah \u2013 besplatna po\u0161tarina!\" \/>\n<meta name=\"robots\" content=\"index, follow, max-snippet:-1, max-image-preview:large, max-video-preview:-1\" \/>\n<link rel=\"canonical\" href=\"https:\/\/svijetmisli.com\/sr\/shop\/133-recepta-za-smutije-za-svaki-dan-jednostavni-napici-za-energiju-i-zdravlje\/\" \/>\n<meta property=\"og:locale\" content=\"sr_RS\" \/>\n<meta property=\"og:type\" content=\"article\" \/>\n<meta property=\"og:title\" content=\"133 RECEPTA ZA SMUTIJE ZA SVAKI DAN \ud83e\udd64\ud83d\udc49 Jednostavni napici za energiju i zdravlje - Svijet Misli\" \/>\n<meta property=\"og:description\" content=\"133 recepta za smutije za svaki dan \ud83e\udd64 Jednostavni, brzi i zdravi napici za energiju, mr\u0161avljenje i bolju rutinu. Poru\u010di odmah \u2013 besplatna po\u0161tarina!\" \/>\n<meta property=\"og:url\" content=\"https:\/\/svijetmisli.com\/sr\/shop\/133-recepta-za-smutije-za-svaki-dan-jednostavni-napici-za-energiju-i-zdravlje\/\" \/>\n<meta property=\"og:site_name\" content=\"Svijet Misli\" \/>\n<meta property=\"article:modified_time\" content=\"2026-04-23T15:20:47+00:00\" \/>\n<meta property=\"og:image\" content=\"https:\/\/svijetmisli.com\/wp-content\/uploads\/2026\/03\/8a838c86-f56a-4ebd-8973-adf175a31f4b-converted-from-png.webp\" \/>\n\t<meta property=\"og:image:width\" content=\"1254\" \/>\n\t<meta property=\"og:image:height\" content=\"1254\" \/>\n\t<meta property=\"og:image:type\" content=\"image\/webp\" \/>\n<meta name=\"twitter:card\" content=\"summary_large_image\" \/>\n<meta name=\"twitter:label1\" content=\"Procenjeno vreme \u010ditanja\" \/>\n\t<meta name=\"twitter:data1\" content=\"3 \u043c\u0438\u043d\u0443\u0442\u0430\" \/>\n<script type=\"application\/ld+json\" class=\"yoast-schema-graph\">{\"@context\":\"https:\/\/schema.org\",\"@graph\":[{\"@type\":\"WebPage\",\"@id\":\"https:\/\/svijetmisli.com\/sr\/shop\/133-recepta-za-smutije-za-svaki-dan-jednostavni-napici-za-energiju-i-zdravlje\/\",\"url\":\"https:\/\/svijetmisli.com\/sr\/shop\/133-recepta-za-smutije-za-svaki-dan-jednostavni-napici-za-energiju-i-zdravlje\/\",\"name\":\"133 RECEPTA ZA SMUTIJE ZA SVAKI DAN \ud83e\udd64\ud83d\udc49 Jednostavni napici za energiju i zdravlje - Svijet Misli\",\"isPartOf\":{\"@id\":\"https:\/\/svijetmisli.com\/#website\"},\"primaryImageOfPage\":{\"@id\":\"https:\/\/svijetmisli.com\/sr\/shop\/133-recepta-za-smutije-za-svaki-dan-jednostavni-napici-za-energiju-i-zdravlje\/#primaryimage\"},\"image\":{\"@id\":\"https:\/\/svijetmisli.com\/sr\/shop\/133-recepta-za-smutije-za-svaki-dan-jednostavni-napici-za-energiju-i-zdravlje\/#primaryimage\"},\"thumbnailUrl\":\"https:\/\/svijetmisli.com\/wp-content\/uploads\/2026\/03\/8a838c86-f56a-4ebd-8973-adf175a31f4b-converted-from-png.webp\",\"datePublished\":\"2026-03-26T00:54:11+00:00\",\"dateModified\":\"2026-04-23T15:20:47+00:00\",\"description\":\"133 recepta za smutije za svaki dan \ud83e\udd64 Jednostavni, brzi i zdravi napici za energiju, mr\u0161avljenje i bolju rutinu. Poru\u010di odmah \u2013 besplatna po\u0161tarina!\",\"breadcrumb\":{\"@id\":\"https:\/\/svijetmisli.com\/sr\/shop\/133-recepta-za-smutije-za-svaki-dan-jednostavni-napici-za-energiju-i-zdravlje\/#breadcrumb\"},\"inLanguage\":\"sr-RS\",\"potentialAction\":[{\"@type\":\"ReadAction\",\"target\":[\"https:\/\/svijetmisli.com\/sr\/shop\/133-recepta-za-smutije-za-svaki-dan-jednostavni-napici-za-energiju-i-zdravlje\/\"]}]},{\"@type\":\"ImageObject\",\"inLanguage\":\"sr-RS\",\"@id\":\"https:\/\/svijetmisli.com\/sr\/shop\/133-recepta-za-smutije-za-svaki-dan-jednostavni-napici-za-energiju-i-zdravlje\/#primaryimage\",\"url\":\"https:\/\/svijetmisli.com\/wp-content\/uploads\/2026\/03\/8a838c86-f56a-4ebd-8973-adf175a31f4b-converted-from-png.webp\",\"contentUrl\":\"https:\/\/svijetmisli.com\/wp-content\/uploads\/2026\/03\/8a838c86-f56a-4ebd-8973-adf175a31f4b-converted-from-png.webp\",\"width\":1254,\"height\":1254},{\"@type\":\"BreadcrumbList\",\"@id\":\"https:\/\/svijetmisli.com\/sr\/shop\/133-recepta-za-smutije-za-svaki-dan-jednostavni-napici-za-energiju-i-zdravlje\/#breadcrumb\",\"itemListElement\":[{\"@type\":\"ListItem\",\"position\":1,\"name\":\"Po\u010detna stranica\",\"item\":\"https:\/\/svijetmisli.com\/sr\/\"},{\"@type\":\"ListItem\",\"position\":2,\"name\":\"Prodavnica\",\"item\":\"https:\/\/svijetmisli.com\/sr\/prodavnica\/\"},{\"@type\":\"ListItem\",\"position\":3,\"name\":\"133 RECEPTA ZA SMUTIJE ZA SVAKI DAN \ud83e\udd64\ud83d\udc49 Jednostavni napici za energiju i zdravlje\"}]},{\"@type\":\"WebSite\",\"@id\":\"https:\/\/svijetmisli.com\/#website\",\"url\":\"https:\/\/svijetmisli.com\/\",\"name\":\"Svijet Misli\",\"description\":\"Online knji\u017eara s knjigama za osobni rast, duhovnost, kuharicama i inspirativnim naslovima.\",\"publisher\":{\"@id\":\"https:\/\/svijetmisli.com\/#organization\"},\"potentialAction\":[{\"@type\":\"SearchAction\",\"target\":{\"@type\":\"EntryPoint\",\"urlTemplate\":\"https:\/\/svijetmisli.com\/?s={search_term_string}\"},\"query-input\":{\"@type\":\"PropertyValueSpecification\",\"valueRequired\":true,\"valueName\":\"search_term_string\"}}],\"inLanguage\":\"sr-RS\"},{\"@type\":\"Organization\",\"@id\":\"https:\/\/svijetmisli.com\/#organization\",\"name\":\"Svijet Misli\",\"url\":\"https:\/\/svijetmisli.com\/\",\"logo\":{\"@type\":\"ImageObject\",\"inLanguage\":\"sr-RS\",\"@id\":\"https:\/\/svijetmisli.com\/#\/schema\/logo\/image\/\",\"url\":\"https:\/\/svijetmisli.com\/wp-content\/uploads\/2025\/12\/logo.png\",\"contentUrl\":\"https:\/\/svijetmisli.com\/wp-content\/uploads\/2025\/12\/logo.png\",\"width\":500,\"height\":174,\"caption\":\"Svijet Misli\"},\"image\":{\"@id\":\"https:\/\/svijetmisli.com\/#\/schema\/logo\/image\/\"}}]}<\/script>\n<!-- \/ Yoast SEO plugin. -->","yoast_head_json":{"title":"133 RECEPTA ZA SMUTIJE ZA SVAKI DAN \ud83e\udd64\ud83d\udc49 Jednostavni napici za energiju i zdravlje - Svijet Misli","description":"133 recepta za smutije za svaki dan \ud83e\udd64 Jednostavni, brzi i zdravi napici za energiju, mr\u0161avljenje i bolju rutinu. Poru\u010di odmah \u2013 besplatna po\u0161tarina!","robots":{"index":"index","follow":"follow","max-snippet":"max-snippet:-1","max-image-preview":"max-image-preview:large","max-video-preview":"max-video-preview:-1"},"canonical":"https:\/\/svijetmisli.com\/sr\/shop\/133-recepta-za-smutije-za-svaki-dan-jednostavni-napici-za-energiju-i-zdravlje\/","og_locale":"sr_RS","og_type":"article","og_title":"133 RECEPTA ZA SMUTIJE ZA SVAKI DAN \ud83e\udd64\ud83d\udc49 Jednostavni napici za energiju i zdravlje - Svijet Misli","og_description":"133 recepta za smutije za svaki dan \ud83e\udd64 Jednostavni, brzi i zdravi napici za energiju, mr\u0161avljenje i bolju rutinu. Poru\u010di odmah \u2013 besplatna po\u0161tarina!","og_url":"https:\/\/svijetmisli.com\/sr\/shop\/133-recepta-za-smutije-za-svaki-dan-jednostavni-napici-za-energiju-i-zdravlje\/","og_site_name":"Svijet Misli","article_modified_time":"2026-04-23T15:20:47+00:00","og_image":[{"width":1254,"height":1254,"url":"https:\/\/svijetmisli.com\/wp-content\/uploads\/2026\/03\/8a838c86-f56a-4ebd-8973-adf175a31f4b-converted-from-png.webp","type":"image\/webp"}],"twitter_card":"summary_large_image","twitter_misc":{"Procenjeno vreme \u010ditanja":"3 \u043c\u0438\u043d\u0443\u0442\u0430"},"schema":{"@context":"https:\/\/schema.org","@graph":[{"@type":"WebPage","@id":"https:\/\/svijetmisli.com\/sr\/shop\/133-recepta-za-smutije-za-svaki-dan-jednostavni-napici-za-energiju-i-zdravlje\/","url":"https:\/\/svijetmisli.com\/sr\/shop\/133-recepta-za-smutije-za-svaki-dan-jednostavni-napici-za-energiju-i-zdravlje\/","name":"133 RECEPTA ZA SMUTIJE ZA SVAKI DAN \ud83e\udd64\ud83d\udc49 Jednostavni napici za energiju i zdravlje - Svijet Misli","isPartOf":{"@id":"https:\/\/svijetmisli.com\/#website"},"primaryImageOfPage":{"@id":"https:\/\/svijetmisli.com\/sr\/shop\/133-recepta-za-smutije-za-svaki-dan-jednostavni-napici-za-energiju-i-zdravlje\/#primaryimage"},"image":{"@id":"https:\/\/svijetmisli.com\/sr\/shop\/133-recepta-za-smutije-za-svaki-dan-jednostavni-napici-za-energiju-i-zdravlje\/#primaryimage"},"thumbnailUrl":"https:\/\/svijetmisli.com\/wp-content\/uploads\/2026\/03\/8a838c86-f56a-4ebd-8973-adf175a31f4b-converted-from-png.webp","datePublished":"2026-03-26T00:54:11+00:00","dateModified":"2026-04-23T15:20:47+00:00","description":"133 recepta za smutije za svaki dan \ud83e\udd64 Jednostavni, brzi i zdravi napici za energiju, mr\u0161avljenje i bolju rutinu. Poru\u010di odmah \u2013 besplatna po\u0161tarina!","breadcrumb":{"@id":"https:\/\/svijetmisli.com\/sr\/shop\/133-recepta-za-smutije-za-svaki-dan-jednostavni-napici-za-energiju-i-zdravlje\/#breadcrumb"},"inLanguage":"sr-RS","potentialAction":[{"@type":"ReadAction","target":["https:\/\/svijetmisli.com\/sr\/shop\/133-recepta-za-smutije-za-svaki-dan-jednostavni-napici-za-energiju-i-zdravlje\/"]}]},{"@type":"ImageObject","inLanguage":"sr-RS","@id":"https:\/\/svijetmisli.com\/sr\/shop\/133-recepta-za-smutije-za-svaki-dan-jednostavni-napici-za-energiju-i-zdravlje\/#primaryimage","url":"https:\/\/svijetmisli.com\/wp-content\/uploads\/2026\/03\/8a838c86-f56a-4ebd-8973-adf175a31f4b-converted-from-png.webp","contentUrl":"https:\/\/svijetmisli.com\/wp-content\/uploads\/2026\/03\/8a838c86-f56a-4ebd-8973-adf175a31f4b-converted-from-png.webp","width":1254,"height":1254},{"@type":"BreadcrumbList","@id":"https:\/\/svijetmisli.com\/sr\/shop\/133-recepta-za-smutije-za-svaki-dan-jednostavni-napici-za-energiju-i-zdravlje\/#breadcrumb","itemListElement":[{"@type":"ListItem","position":1,"name":"Po\u010detna stranica","item":"https:\/\/svijetmisli.com\/sr\/"},{"@type":"ListItem","position":2,"name":"Prodavnica","item":"https:\/\/svijetmisli.com\/sr\/prodavnica\/"},{"@type":"ListItem","position":3,"name":"133 RECEPTA ZA SMUTIJE ZA SVAKI DAN \ud83e\udd64\ud83d\udc49 Jednostavni napici za energiju i zdravlje"}]},{"@type":"WebSite","@id":"https:\/\/svijetmisli.com\/#website","url":"https:\/\/svijetmisli.com\/","name":"Svijet Misli","description":"Online knji\u017eara s knjigama za osobni rast, duhovnost, kuharicama i inspirativnim naslovima.","publisher":{"@id":"https:\/\/svijetmisli.com\/#organization"},"potentialAction":[{"@type":"SearchAction","target":{"@type":"EntryPoint","urlTemplate":"https:\/\/svijetmisli.com\/?s={search_term_string}"},"query-input":{"@type":"PropertyValueSpecification","valueRequired":true,"valueName":"search_term_string"}}],"inLanguage":"sr-RS"},{"@type":"Organization","@id":"https:\/\/svijetmisli.com\/#organization","name":"Svijet Misli","url":"https:\/\/svijetmisli.com\/","logo":{"@type":"ImageObject","inLanguage":"sr-RS","@id":"https:\/\/svijetmisli.com\/#\/schema\/logo\/image\/","url":"https:\/\/svijetmisli.com\/wp-content\/uploads\/2025\/12\/logo.png","contentUrl":"https:\/\/svijetmisli.com\/wp-content\/uploads\/2025\/12\/logo.png","width":500,"height":174,"caption":"Svijet Misli"},"image":{"@id":"https:\/\/svijetmisli.com\/#\/schema\/logo\/image\/"}}]}},"_links":{"self":[{"href":"https:\/\/svijetmisli.com\/sr\/wp-json\/wp\/v2\/product\/4247","targetHints":{"allow":["GET"]}}],"collection":[{"href":"https:\/\/svijetmisli.com\/sr\/wp-json\/wp\/v2\/product"}],"about":[{"href":"https:\/\/svijetmisli.com\/sr\/wp-json\/wp\/v2\/types\/product"}],"replies":[{"embeddable":true,"href":"https:\/\/svijetmisli.com\/sr\/wp-json\/wp\/v2\/comments?post=4247"}],"wp:featuredmedia":[{"embeddable":true,"href":"https:\/\/svijetmisli.com\/sr\/wp-json\/wp\/v2\/media\/4712"}],"wp:attachment":[{"href":"https:\/\/svijetmisli.com\/sr\/wp-json\/wp\/v2\/media?parent=4247"}],"wp:term":[{"taxonomy":"product_brand","embeddable":true,"href":"https:\/\/svijetmisli.com\/sr\/wp-json\/wp\/v2\/product_brand?post=4247"},{"taxonomy":"product_cat","embeddable":true,"href":"https:\/\/svijetmisli.com\/sr\/wp-json\/wp\/v2\/product_cat?post=4247"},{"taxonomy":"product_tag","embeddable":true,"href":"https:\/\/svijetmisli.com\/sr\/wp-json\/wp\/v2\/product_tag?post=4247"}],"curies":[{"name":"wp","href":"https:\/\/api.w.org\/{rel}","templated":true}]}}