{"id":4171,"date":"2026-03-26T01:54:47","date_gmt":"2026-03-26T00:54:47","guid":{"rendered":"https:\/\/svijetmisli.com\/?post_type=product&#038;p=4171"},"modified":"2026-04-27T18:44:26","modified_gmt":"2026-04-27T16:44:26","slug":"tajne-baste-kako-uzgajati-vise-hrane-zdravije-biljke-i-nezavisnost-na-svom-parcetu-zemlje","status":"publish","type":"product","link":"https:\/\/svijetmisli.com\/sr\/shop\/tajne-baste-kako-uzgajati-vise-hrane-zdravije-biljke-i-nezavisnost-na-svom-parcetu-zemlje\/","title":{"rendered":"TAJNE BA\u0160TE \ud83d\udc49Kako uzgajati vi\u0161e hrane, zdravije biljke i nezavisnost \u2013 na svom par\u010detu zemlje"},"content":{"rendered":"<h2 data-start=\"1754\" data-end=\"1777\">\u2b50 <strong data-start=\"53\" data-end=\"75\">TAJNE BA\u0160TOVANJA KOD KU\u0106E<\/strong><\/h2>\n<h3 data-start=\"77\" data-end=\"159\">Kako uzgajati vi\u0161e hrane, zdravije biljke i nezavisnost \u2013 na svom komadu zemlje<\/h3>\n<p data-start=\"161\" data-end=\"300\">Postoji znanje koje se <strong data-start=\"184\" data-end=\"217\">ne u\u010di iz savremenih ud\u017ebenika<\/strong> .<br data-start=\"218\" data-end=\"221\" \/>Znanje koje su ljudi prenosili <strong data-start=\"252\" data-end=\"276\">s generacije na generaciju<\/strong> , u ti\u0161ini, kroz praksu.<\/p>\n<p data-start=\"302\" data-end=\"326\">Ova knjiga je upravo to.<\/p>\n<p data-start=\"328\" data-end=\"520\"><strong data-start=\"328\" data-end=\"352\">\u201eTajne ku\u0107ne ba\u0161te\u201c<\/strong> nije jo\u0161 jedan vodi\u010d za hobi ba\u0161tovanstvo.<br data-start=\"393\" data-end=\"396\" \/>To je povratak <strong data-start=\"411\" data-end=\"445\">originalnim metodama uzgoja hrane<\/strong> \u2013 onima koje su funkcionisale pre pesticida, ve\u0161ta\u010dkih \u0111ubriva i skupih sistema.<\/p>\n<hr data-start=\"522\" data-end=\"525\" \/>\n<h2 data-start=\"527\" data-end=\"554\">\ud83c\udf31 O \u010cEMU JE OVA KNJIGA?<\/h2>\n<p data-start=\"556\" data-end=\"575\">Ova knjiga otkriva:<\/p>\n<ul data-start=\"576\" data-end=\"809\">\n<li data-start=\"576\" data-end=\"631\">\n<p data-start=\"578\" data-end=\"631\">Kako su na\u0161i preci <strong data-start=\"597\" data-end=\"631\">negovali izobilje sa malo resursa<\/strong><\/p>\n<\/li>\n<li data-start=\"632\" data-end=\"676\">\n<p data-start=\"634\" data-end=\"676\">kako pripremiti zemlji\u0161te da samo \u201eradi za vas\u201c<\/p>\n<\/li>\n<li data-start=\"677\" data-end=\"742\">\n<p data-start=\"679\" data-end=\"742\">kako uzgajati povr\u0107e koje je <strong data-start=\"708\" data-end=\"742\">otpornije, ukusnije i zdravije<\/strong><\/p>\n<\/li>\n<li data-start=\"743\" data-end=\"809\">\n<p data-start=\"745\" data-end=\"809\">kako smanjiti zavisnost od prodavnica i stalno rastu\u0107ih cena<\/p>\n<\/li>\n<\/ul>\n<p data-start=\"811\" data-end=\"872\">Bez hemikalija.<br data-start=\"822\" data-end=\"825\" \/>Bez komplikovane opreme.<br data-start=\"849\" data-end=\"852\" \/>Nema skupih re\u0161enja.<\/p>\n<p data-start=\"874\" data-end=\"907\">Samo <strong data-start=\"879\" data-end=\"906\">znanje koje funkcioni\u0161e<\/strong> .<\/p>\n<hr data-start=\"909\" data-end=\"912\" \/>\n<h2 data-start=\"914\" data-end=\"939\">\ud83d\udcd6 SADR\u017dAJ \u2013 POGLAVLJA<\/h2>\n<ol data-start=\"941\" data-end=\"1375\">\n<li data-start=\"941\" data-end=\"987\">\n<p data-start=\"944\" data-end=\"987\">Za\u0161to je ku\u0107na ba\u0161ta vrednija nego ikad<\/p>\n<\/li>\n<li data-start=\"988\" data-end=\"1035\">\n<p data-start=\"991\" data-end=\"1035\">Priprema zemlji\u0161ta \u2013 temelj svake uspe\u0161ne \u017eetve<\/p>\n<\/li>\n<li data-start=\"1036\" data-end=\"1081\">\n<p data-start=\"1039\" data-end=\"1081\">Prirodna \u0111ubriva iz doma\u0107instva i dvori\u0161ta<\/p>\n<\/li>\n<li data-start=\"1082\" data-end=\"1122\">\n<p data-start=\"1085\" data-end=\"1122\">Setva i sadnja u harmoniji sa prirodom<\/p>\n<\/li>\n<li data-start=\"1123\" data-end=\"1172\">\n<p data-start=\"1126\" data-end=\"1172\">Kako sa\u010duvati vlagu i hranljive materije u zemlji\u0161tu<\/p>\n<\/li>\n<li data-start=\"1173\" data-end=\"1206\">\n<p data-start=\"1176\" data-end=\"1206\">Prirodna za\u0161tita od \u0161teto\u010dina<\/p>\n<\/li>\n<li data-start=\"1207\" data-end=\"1247\">\n<p data-start=\"1210\" data-end=\"1247\">Gajenje bez prskanja \u2013 kako je to mogu\u0107e?<\/p>\n<\/li>\n<li data-start=\"1248\" data-end=\"1284\">\n<p data-start=\"1251\" data-end=\"1284\">Plodored i zdrava ba\u0161ta<\/p>\n<\/li>\n<li data-start=\"1285\" data-end=\"1335\">\n<p data-start=\"1288\" data-end=\"1335\">Seme \u2013 kako ga \u010duvati i koristiti godinama<\/p>\n<\/li>\n<li data-start=\"1336\" data-end=\"1375\">\n<p data-start=\"1340\" data-end=\"1375\">Ba\u0161ta kao izvor sigurnosti i mira<\/p>\n<\/li>\n<\/ol>\n<p data-start=\"1377\" data-end=\"1442\">Svako poglavlje je:<br \/>\n\u2714 jasno<br data-start=\"1404\" data-end=\"1407\" \/>\u2714 prakti\u010dno<br data-start=\"1418\" data-end=\"1421\" \/>\u2714 odmah primenljivo<\/p>\n<hr data-start=\"1444\" data-end=\"1447\" \/>\n<h2 data-start=\"1449\" data-end=\"1477\">\ud83e\udde0 ZA KOGA JE OVA KNJIGA?<\/h2>\n<p data-start=\"1479\" data-end=\"1673\">\u2714 za one koji \u017eele <strong data-start=\"1498\" data-end=\"1516\">svoju hranu<\/strong><br data-start=\"1516\" data-end=\"1519\" \/>\u2714 za porodice koje \u017eele da se zdravije hrane<br data-start=\"1557\" data-end=\"1560\" \/>\u2714 za po\u010detnike i iskusne ba\u0161tovane<br data-start=\"1592\" data-end=\"1595\" \/>\u2714 za one koji \u017eele da smanje tro\u0161kove<br data-start=\"1631\" data-end=\"1634\" \/>\u2714 za ljude koji razmi\u0161ljaju dugoro\u010dno<\/p>\n<p data-start=\"1675\" data-end=\"1747\">Ako imate dvori\u0161te, ba\u0161tu ili \u010dak ve\u0107e cvetne gredice &#8211; <strong data-start=\"1721\" data-end=\"1746\">ova knjiga ima smisla<\/strong> .<\/p>\n<hr data-start=\"1749\" data-end=\"1752\" \/>\n<h2 data-start=\"1754\" data-end=\"1777\">\u2b50 \u0160TA \u010cITAOCI KA\u017dU<\/h2>\n<p data-start=\"1779\" data-end=\"1880\">\u2b50\u2b50\u2b50\u2b50\u2b50 <strong data-start=\"1785\" data-end=\"1804\">Ivan<\/strong><br data-start=\"1804\" data-end=\"1807\" \/>\u201eNisam o\u010dekivao tako konkretan savet. Moja ba\u0161ta nikada nije bila bolja.\u201c<\/p>\n<p data-start=\"1882\" data-end=\"1987\">\u2b50\u2b50\u2b50\u2b50\u2b50 <strong data-start=\"1888\" data-end=\"1907\">Marija<\/strong><br data-start=\"1907\" data-end=\"1910\" \/>\u201eJednostavno obja\u0161njeno, bez pametovanja. Kao da mi neko iz porodice pri\u010da.\u201c<\/p>\n<p data-start=\"1989\" data-end=\"2057\">\u2b50\u2b50\u2b50\u2b50\u2b50\u2b50 <strong data-start=\"1995\" data-end=\"2012\">Stjepan<\/strong><br data-start=\"2012\" data-end=\"2015\" \/>\u201eOvo je znanje koje se ne sme izgubiti.\u201c<\/p>\n<hr data-start=\"2059\" data-end=\"2062\" \/>\n<h2 data-start=\"2064\" data-end=\"2085\">\ud83d\udce6 INFORMACIJE O KNJIZI<\/h2>\n<p data-start=\"2087\" data-end=\"2258\">\ud83d\udcd8 <strong data-start=\"2090\" data-end=\"2101\">Naslov:<\/strong> Tajne ku\u0107ne ba\u0161te<br data-start=\"2120\" data-end=\"2123\" \/>\ud83d\udcc4 <strong data-start=\"2126\" data-end=\"2144\">Broj stranica:<\/strong> 202<br data-start=\"2149\" data-end=\"2152\" \/>\ud83d\udcd5 <strong data-start=\"2155\" data-end=\"2164\">Povez:<\/strong> Meki povez<br data-start=\"2174\" data-end=\"2177\" \/>\u270d <strong data-start=\"2179\" data-end=\"2189\">Autor:<\/strong> <strong data-start=\"2761\" data-end=\"2779\">Globix\u2122 System<\/strong><br data-start=\"2206\" data-end=\"2209\" \/>\ud83c\udfe2 <strong data-start=\"2212\" data-end=\"2224\">Izdava\u010d:<\/strong> <strong data-start=\"2761\" data-end=\"2779\">Globix\u2122\u00a0<\/strong><br data-start=\"2231\" data-end=\"2234\" \/>\ud83d\udcd6 <strong data-start=\"2237\" data-end=\"2247\">Jezik:<\/strong> srpski<\/p>\n<hr data-start=\"2260\" data-end=\"2263\" \/>\n<h2 data-start=\"2265\" data-end=\"2287\">\ud83d\udcb6 CENA I DOSTAVA<\/h2>\n<p data-start=\"2289\" data-end=\"2386\">\ud83d\udcb6 2.359 RSD<br data-start=\"2305\" data-end=\"2308\" \/>\ud83d\ude9a <strong data-start=\"2311\" data-end=\"2332\">BESPLATNA DOSTAVA<\/strong><br data-start=\"2332\" data-end=\"2335\" \/>\u23f3 <strong data-start=\"2337\" data-end=\"2360\">OGRANI\u010cENE KOLI\u010cINE<\/strong> \u2013 \u0161tampano u maloj seriji<\/p>\n<hr data-start=\"2388\" data-end=\"2391\" \/>\n<h2 data-start=\"2393\" data-end=\"2418\">\ud83c\udf3f ZA\u0160TO KUPITI DANAS?<\/h2>\n<p data-start=\"2420\" data-end=\"2424\">Zato \u0161to:<\/p>\n<ul data-start=\"2425\" data-end=\"2486\">\n<li data-start=\"2425\" data-end=\"2447\">\n<p data-start=\"2427\" data-end=\"2447\">cene hrane rastu<\/p>\n<\/li>\n<li data-start=\"2448\" data-end=\"2466\">\n<p data-start=\"2450\" data-end=\"2466\">kvalitet jeseni<\/p>\n<\/li>\n<li data-start=\"2467\" data-end=\"2486\">\n<p data-start=\"2469\" data-end=\"2486\">i znanje ostaje<\/p>\n<\/li>\n<\/ul>\n<p data-start=\"2488\" data-end=\"2577\">\ud83d\udc49 <strong data-start=\"2491\" data-end=\"2511\">Dodaj u korpu<\/strong><br data-start=\"2511\" data-end=\"2514\" \/>\ud83d\udc49 I povratite kontrolu nad onim \u0161to jedete \u2013 <strong data-start=\"2555\" data-end=\"2576\">iz sopstvene ba\u0161te<\/strong> .<\/p>\n","protected":false},"excerpt":{"rendered":"<p data-start=\"706\" data-end=\"787\">\ud83c\udf3f <strong data-start=\"709\" data-end=\"745\">Zdravija hrana iz va\u0161e ba\u0161te<\/strong><br data-start=\"745\" data-end=\"748\" \/>Gajenje bez pesticida i ve\u0161ta\u010dkih \u0111ubriva.<\/p>\n<p data-start=\"789\" data-end=\"873\">\ud83d\udcb0 <strong data-start=\"792\" data-end=\"827\">Ni\u017ei tro\u0161kovi, ve\u0107a nezavisnost<\/strong><br data-start=\"827\" data-end=\"830\" \/>Smanjujete zavisnost od cena u prodavnicama.<\/p>\n<p data-start=\"875\" data-end=\"965\">\ud83e\udde0 <strong data-start=\"878\" data-end=\"917\">Znanje koje su koristili na\u0161i preci<\/strong><br data-start=\"917\" data-end=\"920\" \/>Dokazane metode koje i danas funkcioni\u0161u.<\/p>\n<p data-start=\"967\" data-end=\"1056\">\ud83e\udeb4 <strong data-start=\"970\" data-end=\"1014\">Prakti\u010dni saveti za po\u010detnike i iskusne<\/strong><br data-start=\"1014\" data-end=\"1017\" \/>Jednostavno, jasno i odmah primenljivo.<\/p>\n<p data-start=\"1058\" data-end=\"1144\">\ud83c\udf0d <strong data-start=\"1061\" data-end=\"1088\">Povratak prirodi i miru<\/strong><br data-start=\"1088\" data-end=\"1091\" \/>Ba\u0161ta kao izvor sigurnosti, ravnote\u017ee i zadovoljstva.<\/p>\n","protected":false},"featured_media":4740,"comment_status":"closed","ping_status":"closed","template":"","meta":{"site-sidebar-layout":"default","site-content-layout":"","ast-site-content-layout":"default","site-content-style":"default","site-sidebar-style":"default","ast-global-header-display":"","ast-banner-title-visibility":"","ast-main-header-display":"","ast-hfb-above-header-display":"","ast-hfb-below-header-display":"","ast-hfb-mobile-header-display":"","site-post-title":"","ast-breadcrumbs-content":"","ast-featured-img":"","footer-sml-layout":"","ast-disable-related-posts":"","theme-transparent-header-meta":"","adv-header-id-meta":"","stick-header-meta":"","header-above-stick-meta":"","header-main-stick-meta":"","header-below-stick-meta":"","astra-migrate-meta-layouts":"set","ast-page-background-enabled":"default","ast-page-background-meta":{"desktop":{"background-color":"var(--ast-global-color-5)","background-image":"","background-repeat":"repeat","background-position":"center center","background-size":"auto","background-attachment":"scroll","background-type":"","background-media":"","overlay-type":"","overlay-color":"","overlay-opacity":"","overlay-gradient":""},"tablet":{"background-color":"","background-image":"","background-repeat":"repeat","background-position":"center center","background-size":"auto","background-attachment":"scroll","background-type":"","background-media":"","overlay-type":"","overlay-color":"","overlay-opacity":"","overlay-gradient":""},"mobile":{"background-color":"","background-image":"","background-repeat":"repeat","background-position":"center center","background-size":"auto","background-attachment":"scroll","background-type":"","background-media":"","overlay-type":"","overlay-color":"","overlay-opacity":"","overlay-gradient":""}},"ast-content-background-meta":{"desktop":{"background-color":"var(--ast-global-color-4)","background-image":"","background-repeat":"repeat","background-position":"center center","background-size":"auto","background-attachment":"scroll","background-type":"","background-media":"","overlay-type":"","overlay-color":"","overlay-opacity":"","overlay-gradient":""},"tablet":{"background-color":"var(--ast-global-color-4)","background-image":"","background-repeat":"repeat","background-position":"center center","background-size":"auto","background-attachment":"scroll","background-type":"","background-media":"","overlay-type":"","overlay-color":"","overlay-opacity":"","overlay-gradient":""},"mobile":{"background-color":"var(--ast-global-color-4)","background-image":"","background-repeat":"repeat","background-position":"center center","background-size":"auto","background-attachment":"scroll","background-type":"","background-media":"","overlay-type":"","overlay-color":"","overlay-opacity":"","overlay-gradient":""}}},"product_brand":[],"product_cat":[64,97],"product_tag":[],"class_list":{"0":"post-4171","1":"product","2":"type-product","3":"status-publish","4":"has-post-thumbnail","6":"product_cat-knjizara","7":"product_cat-kuvarske-knjige-i-domaci-recepti","8":"desktop-align-left","9":"tablet-align-left","10":"mobile-align-left","12":"first","13":"instock","14":"sale","15":"taxable","16":"shipping-taxable","17":"purchasable","18":"product-type-simple"},"yoast_head":"<!-- This site is optimized with the Yoast SEO plugin v27.1.1 - https:\/\/yoast.com\/product\/yoast-seo-wordpress\/ -->\n<title>TAJNE BA\u0160TE \ud83d\udc49Kako uzgajati vi\u0161e hrane, zdravije biljke i nezavisnost \u2013 na svom par\u010detu zemlje - Svijet Misli<\/title>\n<meta name=\"description\" content=\"Tajne ku\u0107ne ba\u0161te \u2013 nau\u010dite kako uzgajati zdravu hranu bez hemikalija. Prakti\u010dni saveti za plodnu ba\u0161tu, prirodnu za\u0161titu biljaka i ve\u0107u nezavisnost. Besplatna dostava.\" \/>\n<meta name=\"robots\" content=\"index, follow, max-snippet:-1, max-image-preview:large, max-video-preview:-1\" \/>\n<link rel=\"canonical\" href=\"https:\/\/svijetmisli.com\/sr\/shop\/tajne-baste-kako-uzgajati-vise-hrane-zdravije-biljke-i-nezavisnost-na-svom-parcetu-zemlje\/\" \/>\n<meta property=\"og:locale\" content=\"sr_RS\" \/>\n<meta property=\"og:type\" content=\"article\" \/>\n<meta property=\"og:title\" content=\"TAJNE BA\u0160TE \ud83d\udc49Kako uzgajati vi\u0161e hrane, zdravije biljke i nezavisnost \u2013 na svom par\u010detu zemlje - Svijet Misli\" \/>\n<meta property=\"og:description\" content=\"Tajne ku\u0107ne ba\u0161te \u2013 nau\u010dite kako uzgajati zdravu hranu bez hemikalija. Prakti\u010dni saveti za plodnu ba\u0161tu, prirodnu za\u0161titu biljaka i ve\u0107u nezavisnost. Besplatna dostava.\" \/>\n<meta property=\"og:url\" content=\"https:\/\/svijetmisli.com\/sr\/shop\/tajne-baste-kako-uzgajati-vise-hrane-zdravije-biljke-i-nezavisnost-na-svom-parcetu-zemlje\/\" \/>\n<meta property=\"og:site_name\" content=\"Svijet Misli\" \/>\n<meta property=\"article:modified_time\" content=\"2026-04-27T16:44:26+00:00\" \/>\n<meta property=\"og:image\" content=\"https:\/\/svijetmisli.com\/wp-content\/uploads\/2026\/03\/qt4Rp88AUz0ui7gpuzzRx_wFVS6uFc-converted-from-png.webp\" \/>\n\t<meta property=\"og:image:width\" content=\"1024\" \/>\n\t<meta property=\"og:image:height\" content=\"1024\" \/>\n\t<meta property=\"og:image:type\" content=\"image\/webp\" \/>\n<meta name=\"twitter:card\" content=\"summary_large_image\" \/>\n<meta name=\"twitter:label1\" content=\"Procenjeno vreme \u010ditanja\" \/>\n\t<meta name=\"twitter:data1\" content=\"3 \u043c\u0438\u043d\u0443\u0442\u0430\" \/>\n<script type=\"application\/ld+json\" class=\"yoast-schema-graph\">{\"@context\":\"https:\/\/schema.org\",\"@graph\":[{\"@type\":\"WebPage\",\"@id\":\"https:\/\/svijetmisli.com\/sr\/shop\/tajne-baste-kako-uzgajati-vise-hrane-zdravije-biljke-i-nezavisnost-na-svom-parcetu-zemlje\/\",\"url\":\"https:\/\/svijetmisli.com\/sr\/shop\/tajne-baste-kako-uzgajati-vise-hrane-zdravije-biljke-i-nezavisnost-na-svom-parcetu-zemlje\/\",\"name\":\"TAJNE BA\u0160TE \ud83d\udc49Kako uzgajati vi\u0161e hrane, zdravije biljke i nezavisnost \u2013 na svom par\u010detu zemlje - Svijet Misli\",\"isPartOf\":{\"@id\":\"https:\/\/svijetmisli.com\/#website\"},\"primaryImageOfPage\":{\"@id\":\"https:\/\/svijetmisli.com\/sr\/shop\/tajne-baste-kako-uzgajati-vise-hrane-zdravije-biljke-i-nezavisnost-na-svom-parcetu-zemlje\/#primaryimage\"},\"image\":{\"@id\":\"https:\/\/svijetmisli.com\/sr\/shop\/tajne-baste-kako-uzgajati-vise-hrane-zdravije-biljke-i-nezavisnost-na-svom-parcetu-zemlje\/#primaryimage\"},\"thumbnailUrl\":\"https:\/\/svijetmisli.com\/wp-content\/uploads\/2026\/03\/qt4Rp88AUz0ui7gpuzzRx_wFVS6uFc-converted-from-png.webp\",\"datePublished\":\"2026-03-26T00:54:47+00:00\",\"dateModified\":\"2026-04-27T16:44:26+00:00\",\"description\":\"Tajne ku\u0107ne ba\u0161te \u2013 nau\u010dite kako uzgajati zdravu hranu bez hemikalija. Prakti\u010dni saveti za plodnu ba\u0161tu, prirodnu za\u0161titu biljaka i ve\u0107u nezavisnost. Besplatna dostava.\",\"breadcrumb\":{\"@id\":\"https:\/\/svijetmisli.com\/sr\/shop\/tajne-baste-kako-uzgajati-vise-hrane-zdravije-biljke-i-nezavisnost-na-svom-parcetu-zemlje\/#breadcrumb\"},\"inLanguage\":\"sr-RS\",\"potentialAction\":[{\"@type\":\"ReadAction\",\"target\":[\"https:\/\/svijetmisli.com\/sr\/shop\/tajne-baste-kako-uzgajati-vise-hrane-zdravije-biljke-i-nezavisnost-na-svom-parcetu-zemlje\/\"]}]},{\"@type\":\"ImageObject\",\"inLanguage\":\"sr-RS\",\"@id\":\"https:\/\/svijetmisli.com\/sr\/shop\/tajne-baste-kako-uzgajati-vise-hrane-zdravije-biljke-i-nezavisnost-na-svom-parcetu-zemlje\/#primaryimage\",\"url\":\"https:\/\/svijetmisli.com\/wp-content\/uploads\/2026\/03\/qt4Rp88AUz0ui7gpuzzRx_wFVS6uFc-converted-from-png.webp\",\"contentUrl\":\"https:\/\/svijetmisli.com\/wp-content\/uploads\/2026\/03\/qt4Rp88AUz0ui7gpuzzRx_wFVS6uFc-converted-from-png.webp\",\"width\":1024,\"height\":1024},{\"@type\":\"BreadcrumbList\",\"@id\":\"https:\/\/svijetmisli.com\/sr\/shop\/tajne-baste-kako-uzgajati-vise-hrane-zdravije-biljke-i-nezavisnost-na-svom-parcetu-zemlje\/#breadcrumb\",\"itemListElement\":[{\"@type\":\"ListItem\",\"position\":1,\"name\":\"Po\u010detna stranica\",\"item\":\"https:\/\/svijetmisli.com\/sr\/\"},{\"@type\":\"ListItem\",\"position\":2,\"name\":\"Prodavnica\",\"item\":\"https:\/\/svijetmisli.com\/sr\/prodavnica\/\"},{\"@type\":\"ListItem\",\"position\":3,\"name\":\"TAJNE BA\u0160TE \ud83d\udc49Kako uzgajati vi\u0161e hrane, zdravije biljke i nezavisnost \u2013 na svom par\u010detu zemlje\"}]},{\"@type\":\"WebSite\",\"@id\":\"https:\/\/svijetmisli.com\/#website\",\"url\":\"https:\/\/svijetmisli.com\/\",\"name\":\"Svijet Misli\",\"description\":\"Online knji\u017eara s knjigama za osobni rast, duhovnost, kuharicama i inspirativnim naslovima.\",\"publisher\":{\"@id\":\"https:\/\/svijetmisli.com\/#organization\"},\"potentialAction\":[{\"@type\":\"SearchAction\",\"target\":{\"@type\":\"EntryPoint\",\"urlTemplate\":\"https:\/\/svijetmisli.com\/?s={search_term_string}\"},\"query-input\":{\"@type\":\"PropertyValueSpecification\",\"valueRequired\":true,\"valueName\":\"search_term_string\"}}],\"inLanguage\":\"sr-RS\"},{\"@type\":\"Organization\",\"@id\":\"https:\/\/svijetmisli.com\/#organization\",\"name\":\"Svijet Misli\",\"url\":\"https:\/\/svijetmisli.com\/\",\"logo\":{\"@type\":\"ImageObject\",\"inLanguage\":\"sr-RS\",\"@id\":\"https:\/\/svijetmisli.com\/#\/schema\/logo\/image\/\",\"url\":\"https:\/\/svijetmisli.com\/wp-content\/uploads\/2025\/12\/logo.png\",\"contentUrl\":\"https:\/\/svijetmisli.com\/wp-content\/uploads\/2025\/12\/logo.png\",\"width\":500,\"height\":174,\"caption\":\"Svijet Misli\"},\"image\":{\"@id\":\"https:\/\/svijetmisli.com\/#\/schema\/logo\/image\/\"}}]}<\/script>\n<!-- \/ Yoast SEO plugin. -->","yoast_head_json":{"title":"TAJNE BA\u0160TE \ud83d\udc49Kako uzgajati vi\u0161e hrane, zdravije biljke i nezavisnost \u2013 na svom par\u010detu zemlje - Svijet Misli","description":"Tajne ku\u0107ne ba\u0161te \u2013 nau\u010dite kako uzgajati zdravu hranu bez hemikalija. Prakti\u010dni saveti za plodnu ba\u0161tu, prirodnu za\u0161titu biljaka i ve\u0107u nezavisnost. Besplatna dostava.","robots":{"index":"index","follow":"follow","max-snippet":"max-snippet:-1","max-image-preview":"max-image-preview:large","max-video-preview":"max-video-preview:-1"},"canonical":"https:\/\/svijetmisli.com\/sr\/shop\/tajne-baste-kako-uzgajati-vise-hrane-zdravije-biljke-i-nezavisnost-na-svom-parcetu-zemlje\/","og_locale":"sr_RS","og_type":"article","og_title":"TAJNE BA\u0160TE \ud83d\udc49Kako uzgajati vi\u0161e hrane, zdravije biljke i nezavisnost \u2013 na svom par\u010detu zemlje - Svijet Misli","og_description":"Tajne ku\u0107ne ba\u0161te \u2013 nau\u010dite kako uzgajati zdravu hranu bez hemikalija. Prakti\u010dni saveti za plodnu ba\u0161tu, prirodnu za\u0161titu biljaka i ve\u0107u nezavisnost. Besplatna dostava.","og_url":"https:\/\/svijetmisli.com\/sr\/shop\/tajne-baste-kako-uzgajati-vise-hrane-zdravije-biljke-i-nezavisnost-na-svom-parcetu-zemlje\/","og_site_name":"Svijet Misli","article_modified_time":"2026-04-27T16:44:26+00:00","og_image":[{"width":1024,"height":1024,"url":"https:\/\/svijetmisli.com\/wp-content\/uploads\/2026\/03\/qt4Rp88AUz0ui7gpuzzRx_wFVS6uFc-converted-from-png.webp","type":"image\/webp"}],"twitter_card":"summary_large_image","twitter_misc":{"Procenjeno vreme \u010ditanja":"3 \u043c\u0438\u043d\u0443\u0442\u0430"},"schema":{"@context":"https:\/\/schema.org","@graph":[{"@type":"WebPage","@id":"https:\/\/svijetmisli.com\/sr\/shop\/tajne-baste-kako-uzgajati-vise-hrane-zdravije-biljke-i-nezavisnost-na-svom-parcetu-zemlje\/","url":"https:\/\/svijetmisli.com\/sr\/shop\/tajne-baste-kako-uzgajati-vise-hrane-zdravije-biljke-i-nezavisnost-na-svom-parcetu-zemlje\/","name":"TAJNE BA\u0160TE \ud83d\udc49Kako uzgajati vi\u0161e hrane, zdravije biljke i nezavisnost \u2013 na svom par\u010detu zemlje - Svijet Misli","isPartOf":{"@id":"https:\/\/svijetmisli.com\/#website"},"primaryImageOfPage":{"@id":"https:\/\/svijetmisli.com\/sr\/shop\/tajne-baste-kako-uzgajati-vise-hrane-zdravije-biljke-i-nezavisnost-na-svom-parcetu-zemlje\/#primaryimage"},"image":{"@id":"https:\/\/svijetmisli.com\/sr\/shop\/tajne-baste-kako-uzgajati-vise-hrane-zdravije-biljke-i-nezavisnost-na-svom-parcetu-zemlje\/#primaryimage"},"thumbnailUrl":"https:\/\/svijetmisli.com\/wp-content\/uploads\/2026\/03\/qt4Rp88AUz0ui7gpuzzRx_wFVS6uFc-converted-from-png.webp","datePublished":"2026-03-26T00:54:47+00:00","dateModified":"2026-04-27T16:44:26+00:00","description":"Tajne ku\u0107ne ba\u0161te \u2013 nau\u010dite kako uzgajati zdravu hranu bez hemikalija. Prakti\u010dni saveti za plodnu ba\u0161tu, prirodnu za\u0161titu biljaka i ve\u0107u nezavisnost. Besplatna dostava.","breadcrumb":{"@id":"https:\/\/svijetmisli.com\/sr\/shop\/tajne-baste-kako-uzgajati-vise-hrane-zdravije-biljke-i-nezavisnost-na-svom-parcetu-zemlje\/#breadcrumb"},"inLanguage":"sr-RS","potentialAction":[{"@type":"ReadAction","target":["https:\/\/svijetmisli.com\/sr\/shop\/tajne-baste-kako-uzgajati-vise-hrane-zdravije-biljke-i-nezavisnost-na-svom-parcetu-zemlje\/"]}]},{"@type":"ImageObject","inLanguage":"sr-RS","@id":"https:\/\/svijetmisli.com\/sr\/shop\/tajne-baste-kako-uzgajati-vise-hrane-zdravije-biljke-i-nezavisnost-na-svom-parcetu-zemlje\/#primaryimage","url":"https:\/\/svijetmisli.com\/wp-content\/uploads\/2026\/03\/qt4Rp88AUz0ui7gpuzzRx_wFVS6uFc-converted-from-png.webp","contentUrl":"https:\/\/svijetmisli.com\/wp-content\/uploads\/2026\/03\/qt4Rp88AUz0ui7gpuzzRx_wFVS6uFc-converted-from-png.webp","width":1024,"height":1024},{"@type":"BreadcrumbList","@id":"https:\/\/svijetmisli.com\/sr\/shop\/tajne-baste-kako-uzgajati-vise-hrane-zdravije-biljke-i-nezavisnost-na-svom-parcetu-zemlje\/#breadcrumb","itemListElement":[{"@type":"ListItem","position":1,"name":"Po\u010detna stranica","item":"https:\/\/svijetmisli.com\/sr\/"},{"@type":"ListItem","position":2,"name":"Prodavnica","item":"https:\/\/svijetmisli.com\/sr\/prodavnica\/"},{"@type":"ListItem","position":3,"name":"TAJNE BA\u0160TE \ud83d\udc49Kako uzgajati vi\u0161e hrane, zdravije biljke i nezavisnost \u2013 na svom par\u010detu zemlje"}]},{"@type":"WebSite","@id":"https:\/\/svijetmisli.com\/#website","url":"https:\/\/svijetmisli.com\/","name":"Svijet Misli","description":"Online knji\u017eara s knjigama za osobni rast, duhovnost, kuharicama i inspirativnim naslovima.","publisher":{"@id":"https:\/\/svijetmisli.com\/#organization"},"potentialAction":[{"@type":"SearchAction","target":{"@type":"EntryPoint","urlTemplate":"https:\/\/svijetmisli.com\/?s={search_term_string}"},"query-input":{"@type":"PropertyValueSpecification","valueRequired":true,"valueName":"search_term_string"}}],"inLanguage":"sr-RS"},{"@type":"Organization","@id":"https:\/\/svijetmisli.com\/#organization","name":"Svijet Misli","url":"https:\/\/svijetmisli.com\/","logo":{"@type":"ImageObject","inLanguage":"sr-RS","@id":"https:\/\/svijetmisli.com\/#\/schema\/logo\/image\/","url":"https:\/\/svijetmisli.com\/wp-content\/uploads\/2025\/12\/logo.png","contentUrl":"https:\/\/svijetmisli.com\/wp-content\/uploads\/2025\/12\/logo.png","width":500,"height":174,"caption":"Svijet Misli"},"image":{"@id":"https:\/\/svijetmisli.com\/#\/schema\/logo\/image\/"}}]}},"_links":{"self":[{"href":"https:\/\/svijetmisli.com\/sr\/wp-json\/wp\/v2\/product\/4171","targetHints":{"allow":["GET"]}}],"collection":[{"href":"https:\/\/svijetmisli.com\/sr\/wp-json\/wp\/v2\/product"}],"about":[{"href":"https:\/\/svijetmisli.com\/sr\/wp-json\/wp\/v2\/types\/product"}],"replies":[{"embeddable":true,"href":"https:\/\/svijetmisli.com\/sr\/wp-json\/wp\/v2\/comments?post=4171"}],"wp:featuredmedia":[{"embeddable":true,"href":"https:\/\/svijetmisli.com\/sr\/wp-json\/wp\/v2\/media\/4740"}],"wp:attachment":[{"href":"https:\/\/svijetmisli.com\/sr\/wp-json\/wp\/v2\/media?parent=4171"}],"wp:term":[{"taxonomy":"product_brand","embeddable":true,"href":"https:\/\/svijetmisli.com\/sr\/wp-json\/wp\/v2\/product_brand?post=4171"},{"taxonomy":"product_cat","embeddable":true,"href":"https:\/\/svijetmisli.com\/sr\/wp-json\/wp\/v2\/product_cat?post=4171"},{"taxonomy":"product_tag","embeddable":true,"href":"https:\/\/svijetmisli.com\/sr\/wp-json\/wp\/v2\/product_tag?post=4171"}],"curies":[{"name":"wp","href":"https:\/\/api.w.org\/{rel}","templated":true}]}}