{"id":4035,"date":"2026-03-26T01:55:26","date_gmt":"2026-03-26T00:55:26","guid":{"rendered":"https:\/\/svijetmisli.com\/?post_type=product&#038;p=4035"},"modified":"2026-04-21T16:13:48","modified_gmt":"2026-04-21T14:13:48","slug":"0-minuta-postupka-dnevno-kako-izgraditi-fokus-koji-funkcionise-bez-motivacije","status":"publish","type":"product","link":"https:\/\/svijetmisli.com\/sr\/shop\/0-minuta-postupka-dnevno-kako-izgraditi-fokus-koji-funkcionise-bez-motivacije\/","title":{"rendered":"\ud83d\ude80 0 MINUTA POSTUPKA DNEVNO \ud83d\udc49Kako izgraditi fokus koji funkcioni\u0161e bez motivacije"},"content":{"rendered":"<h2 data-section-id=\"17pyrbc\" data-start=\"252\" data-end=\"276\">\u26a1 PROBLEM NIJE U TEBI<\/h2>\n<p data-start=\"278\" data-end=\"313\">Nisi lenj\/a.<br data-start=\"289\" data-end=\"292\" \/>Nisi neorganizovan\/a.<\/p>\n<p data-start=\"315\" data-end=\"355\">\ud83d\udc49 Jednostavno si nau\u010den da radi\u0161 kada ti se prohte.<\/p>\n<p data-start=\"357\" data-end=\"409\">A uspe\u0161ni ljudi?<br data-start=\"374\" data-end=\"377\" \/>\ud83d\udc49 Rade \u010dak i kada im se ne da.<\/p>\n<p data-start=\"411\" data-end=\"432\">To je jedina razlika.<\/p>\n<hr data-start=\"434\" data-end=\"437\" \/>\n<h2 data-section-id=\"1qchh81\" data-start=\"439\" data-end=\"460\">\ud83e\udde0 TRENUTAK ISTINE<\/h2>\n<p data-start=\"462\" data-end=\"506\">Seda\u0161 da radi\u0161.<br data-start=\"477\" data-end=\"480\" \/>Zna\u0161 \u0161ta treba da uradi\u0161.<\/p>\n<p data-start=\"508\" data-end=\"575\">Ali\u2026<br data-start=\"512\" data-end=\"515\" \/>jo\u0161 jedan video.<br data-start=\"531\" data-end=\"534\" \/>jo\u0161 jednu poruku.<br data-start=\"551\" data-end=\"554\" \/>Jo\u0161 jedno \u201eUradi\u0107u to sutra\u201c.<\/p>\n<p data-start=\"577\" data-end=\"589\">I dan prolazi.<\/p>\n<p data-start=\"591\" data-end=\"651\">Ne zato \u0161to ne \u017eeli\u0161 da uspe\u0161 \u2014<br data-start=\"621\" data-end=\"624\" \/>ve\u0107 zato \u0161to nemate sistem.<\/p>\n<p data-start=\"653\" data-end=\"681\">\ud83d\udc49 Ova knjiga je taj sistem.<\/p>\n<hr data-start=\"683\" data-end=\"686\" \/>\n<h2 data-section-id=\"xwo76h\" data-start=\"688\" data-end=\"713\">\ud83d\udcd6 OVO NIJE MOTIVACIJA<\/h2>\n<p data-start=\"715\" data-end=\"755\">Motivacija traje 2 dana.<br data-start=\"739\" data-end=\"742\" \/>Onda nestaje.<\/p>\n<p data-start=\"757\" data-end=\"783\">Evo ti jo\u0161 ne\u0161to:<\/p>\n<p data-start=\"785\" data-end=\"874\">\u2714 fokus koji funkcioni\u0161e svaki dan<br data-start=\"812\" data-end=\"815\" \/>\u2714 disciplina bez unutra\u0161nje borbe<br data-start=\"847\" data-end=\"850\" \/>\u2714 kontrola pa\u017enje<\/p>\n<p data-start=\"876\" data-end=\"917\">\ud83d\udc49 Nau\u010di\u0107ete da radite \u010dak i kada vam se ne radi.<\/p>\n<hr data-start=\"919\" data-end=\"922\" \/>\n<h2 data-section-id=\"kvdf6g\" data-start=\"924\" data-end=\"951\">\ud83d\udd25 REZULTAT KOJI DOBIJATE<\/h2>\n<p data-start=\"953\" data-end=\"1074\">\u26a1 Presta\u0107e\u0161 da odla\u017ee\u0161<br data-start=\"975\" data-end=\"978\" \/>\u26a1 Zavr\u0161i\u0107e\u0161 ono \u0161to zapo\u010dne\u0161<br data-start=\"1010\" data-end=\"1013\" \/>\u26a1 fokus \u0107e postati automatski<br data-start=\"1042\" data-end=\"1045\" \/>\u26a1 Vreme \u0107e raditi za tebe<\/p>\n<p data-start=\"1076\" data-end=\"1116\">\ud83d\udc49 Od \u201eMoram da po\u010dnem\u201c<br data-start=\"1096\" data-end=\"1099\" \/>\ud83d\udc49 Dok se \u201ene zavr\u0161i\u201c<\/p>\n<hr data-start=\"1118\" data-end=\"1121\" \/>\n<h2 data-section-id=\"1oly28o\" data-start=\"1123\" data-end=\"1144\">\ud83d\udcda \u0160TA \u0106E\u0160 NAU\u010cITI<\/h2>\n<ul data-start=\"1146\" data-end=\"1408\">\n<li data-section-id=\"1cr7s3w\" data-start=\"1146\" data-end=\"1181\">\n<p data-start=\"1148\" data-end=\"1181\">Za\u0161to motivacija ne funkcioni\u0161e<\/p>\n<\/li>\n<li data-section-id=\"h58cht\" data-start=\"1182\" data-end=\"1211\">\n<p data-start=\"1184\" data-end=\"1211\">Kako mozak sabotira fokus<\/p>\n<\/li>\n<li data-section-id=\"rwfnjg\" data-start=\"1212\" data-end=\"1237\">\n<p data-start=\"1214\" data-end=\"1237\">Sistem rada bez snage volje<\/p>\n<\/li>\n<li data-section-id=\"1dfbv6n\" data-start=\"1238\" data-end=\"1261\">\n<p data-start=\"1240\" data-end=\"1261\">Pravilo 0 odugovla\u010denja<\/p>\n<\/li>\n<li data-section-id=\"25wkjs\" data-start=\"1262\" data-end=\"1293\">\n<p data-start=\"1264\" data-end=\"1293\">Fokus u svetu punom ometanja<\/p>\n<\/li>\n<li data-section-id=\"1oj12n3\" data-start=\"1294\" data-end=\"1329\">\n<p data-start=\"1296\" data-end=\"1329\">Kako prevazi\u0107i unutra\u0161nji otpor<\/p>\n<\/li>\n<li data-section-id=\"1megcsa\" data-start=\"1330\" data-end=\"1355\">\n<p data-start=\"1332\" data-end=\"1355\">Rutine koje funkcioni\u0161u same po sebi<\/p>\n<\/li>\n<li data-section-id=\"1tetbd0\" data-start=\"1356\" data-end=\"1384\">\n<p data-start=\"1358\" data-end=\"1384\">Kako zavr\u0161iti ono \u0161to si zapo\u010deo<\/p>\n<\/li>\n<li data-section-id=\"oa1wlz\" data-start=\"1385\" data-end=\"1408\">\n<p data-start=\"1387\" data-end=\"1408\">Fokus kao identitet<\/p>\n<\/li>\n<\/ul>\n<hr data-start=\"1410\" data-end=\"1413\" \/>\n<h2 data-section-id=\"3spugz\" data-start=\"1415\" data-end=\"1437\">\ud83d\udca3 ZA\u0160TO OVA KNJIGA<\/h2>\n<p data-start=\"1439\" data-end=\"1532\">\u2714 zato \u0161to ste umorni od odugovla\u010denja<br data-start=\"1466\" data-end=\"1469\" \/>\u2714 jer zna\u0161 da mo\u017ee\u0161 vi\u0161e<br data-start=\"1493\" data-end=\"1496\" \/>\u2714 zato \u0161to \u017eelite rezultate, a ne izgovore<\/p>\n<p data-start=\"1534\" data-end=\"1601\">\ud83d\udc49 Nije za svakoga.<br data-start=\"1553\" data-end=\"1556\" \/>\ud83d\udc49 Samo za one koji su spremni da krenu odmah.<\/p>\n<hr data-start=\"1603\" data-end=\"1606\" \/>\n<h2 data-section-id=\"tz33sy\" data-start=\"1608\" data-end=\"1620\">\ud83d\udcb0 CENA<\/h2>\n<h3 data-section-id=\"8uz44u\" data-start=\"1622\" data-end=\"1637\"><span role=\"text\"><strong data-start=\"1626\" data-end=\"1637\">2.359 rsd<\/strong><\/span><\/h3>\n<p data-start=\"1639\" data-end=\"1659\">\ud83d\udce6 + po\u0161tarina<\/p>\n<p data-start=\"1661\" data-end=\"1710\">\u2714 bez skrivenih tro\u0161kova<br data-start=\"1685\" data-end=\"1688\" \/>\u2714 jednostavno, jasno<\/p>\n<hr data-start=\"1712\" data-end=\"1715\" \/>\n<h2 data-section-id=\"bobdwb\" data-start=\"1717\" data-end=\"1742\">\u26a0\ufe0f OGRANI\u010cENA KOLI\u010cINA<\/h2>\n<p data-start=\"1744\" data-end=\"1766\">Ovo je prvo izdanje.<\/p>\n<p data-start=\"1768\" data-end=\"1847\">\u26a0\ufe0f Kada se rasproda &#8211; cena raste<br data-start=\"1805\" data-end=\"1808\" \/>\u26a0\ufe0f Oni koji po\u010dnu sada imaju prednost<\/p>\n<hr data-start=\"1849\" data-end=\"1852\" \/>\n<h2 data-section-id=\"1ravvwg\" data-start=\"1854\" data-end=\"1866\">\ud83d\ude80 ODLUKA<\/h2>\n<p data-start=\"1868\" data-end=\"1912\">Ne trebaju vam dodatne informacije.<br data-start=\"1895\" data-end=\"1898\" \/>Potrebna vam je odluka.<\/p>\n<p data-start=\"1914\" data-end=\"1968\">\ud83d\udc49 ili stalno odla\u017ee\u0161?<br data-start=\"1940\" data-end=\"1943\" \/>\ud83d\udc49 ili preuzima\u0161 kontrolu<\/p>\n<hr data-start=\"1970\" data-end=\"1973\" \/>\n<h2 data-section-id=\"u3owo\" data-start=\"1975\" data-end=\"1985\">\ud83d\udd25 KLIKNI<\/h2>\n<p data-start=\"1987\" data-end=\"2014\">\ud83d\udc49 <strong data-start=\"1990\" data-end=\"2014\">Odlazim bez odlaganja<\/strong><\/p>\n<hr data-start=\"2016\" data-end=\"2019\" \/>\n<h2 data-section-id=\"18k3502\" data-start=\"2021\" data-end=\"2040\">\ud83d\udce6 SPECIFIKACIJE<\/h2>\n<p data-start=\"2042\" data-end=\"2167\">Autor: Globix\u2122 Sistem<br data-start=\"2065\" data-end=\"2068\" \/>Izdava\u010d: Globix\u2122<br data-start=\"2083\" data-end=\"2086\" \/>Broj stranica: 202<br data-start=\"2104\" data-end=\"2107\" \/>Povez: Meki povez<br data-start=\"2122\" data-end=\"2125\" \/>Jezik: Srpski<br data-start=\"2140\" data-end=\"2143\" \/>Vrsta publikacije: \u0160tampana<br \/>\nGodina objavljivanja: 2026.<\/p>\n<hr data-start=\"2169\" data-end=\"2172\" \/>\n<h2 data-section-id=\"3oo9hs\" data-start=\"2174\" data-end=\"2194\">\ud83e\udde0 ZAVR\u0160NI UDARAC<\/h2>\n<p data-start=\"2196\" data-end=\"2239\">Ne treba ti vi\u0161e motivacije.<br data-start=\"2222\" data-end=\"2225\" \/>Potreban vam je sistem.<\/p>\n<p data-start=\"2241\" data-end=\"2292\">\ud83d\udc49 0 minuta odugovla\u010denja dnevno.<br data-start=\"2270\" data-end=\"2273\" \/>\ud83d\udc49 Fokus koji funkcioni\u0161e.<\/p>\n<hr data-start=\"2294\" data-end=\"2297\" \/>\n<h2 data-section-id=\"6hiqya\" data-start=\"2299\" data-end=\"2317\">\u26a0\ufe0f POSLEDNJA STVAR<\/h2>\n<p data-start=\"2319\" data-end=\"2364\">Ako ste stigli dovde \u2014 znate da vam je ovo potrebno.<\/p>\n<p data-start=\"2366\" data-end=\"2433\" data-is-last-node=\"\" data-is-only-node=\"\">\ud83d\udc49 Pitanje je samo:<br data-start=\"2385\" data-end=\"2388\" \/><strong data-start=\"2388\" data-end=\"2433\" data-is-last-node=\"\">Ho\u0107e\u0161 li danas krenuti ili \u0107e\u0161 to ponovo odlo\u017eiti?<\/strong><\/p>\n","protected":false},"excerpt":{"rendered":"<h3 data-section-id=\"ajmrzg\" data-start=\"708\" data-end=\"739\">1. \u26a1 Fokus bez motivacije<\/h3>\n<p data-start=\"740\" data-end=\"792\">Radite \u010dak i kada vam se ne da \u2014 bez unutra\u0161nje borbe.<\/p>\n<hr data-start=\"794\" data-end=\"797\" \/>\n<h3 data-section-id=\"7bnej2\" data-start=\"799\" data-end=\"825\">2. \ud83e\udde0 Kraj odugovla\u010denja<\/h3>\n<p data-start=\"826\" data-end=\"877\">Prestaje\u0161 da odla\u017ee\u0161 stvari koje su ti va\u017ene \u2013 odmah.<\/p>\n<hr data-start=\"879\" data-end=\"882\" \/>\n<h3 data-section-id=\"jgh6h8\" data-start=\"884\" data-end=\"920\">3. \u23f1\ufe0f Potpuna kontrola<\/h3>\n<p data-start=\"921\" data-end=\"972\">Vreme prestaje da \u201ecuri\u201c \u2014 po\u010dinje da radi za vas.<\/p>\n<hr data-start=\"974\" data-end=\"977\" \/>\n<h3 data-section-id=\"1olvetg\" data-start=\"979\" data-end=\"1012\">4. \ud83d\udd25 Automatska disciplina<\/h3>\n<p data-start=\"1013\" data-end=\"1074\">Ne oslanjate se na snagu volje \u2014 imate sistem koji vas vodi svaki dan.<\/p>\n<hr data-start=\"1076\" data-end=\"1079\" \/>\n<h3 data-section-id=\"1jnn3mb\" data-start=\"1081\" data-end=\"1125\">5. \ud83d\ude80 Br\u017ei rezultati u svemu \u0161to radite<\/h3>\n<p data-start=\"1126\" data-end=\"1181\">Uradite vi\u0161e za manje vremena \u2014 bez stresa i haosa.<\/p>\n","protected":false},"featured_media":4665,"comment_status":"closed","ping_status":"closed","template":"","meta":{"site-sidebar-layout":"default","site-content-layout":"","ast-site-content-layout":"default","site-content-style":"default","site-sidebar-style":"default","ast-global-header-display":"","ast-banner-title-visibility":"","ast-main-header-display":"","ast-hfb-above-header-display":"","ast-hfb-below-header-display":"","ast-hfb-mobile-header-display":"","site-post-title":"","ast-breadcrumbs-content":"","ast-featured-img":"","footer-sml-layout":"","ast-disable-related-posts":"","theme-transparent-header-meta":"","adv-header-id-meta":"","stick-header-meta":"","header-above-stick-meta":"","header-main-stick-meta":"","header-below-stick-meta":"","astra-migrate-meta-layouts":"set","ast-page-background-enabled":"default","ast-page-background-meta":{"desktop":{"background-color":"var(--ast-global-color-5)","background-image":"","background-repeat":"repeat","background-position":"center center","background-size":"auto","background-attachment":"scroll","background-type":"","background-media":"","overlay-type":"","overlay-color":"","overlay-opacity":"","overlay-gradient":""},"tablet":{"background-color":"","background-image":"","background-repeat":"repeat","background-position":"center center","background-size":"auto","background-attachment":"scroll","background-type":"","background-media":"","overlay-type":"","overlay-color":"","overlay-opacity":"","overlay-gradient":""},"mobile":{"background-color":"","background-image":"","background-repeat":"repeat","background-position":"center center","background-size":"auto","background-attachment":"scroll","background-type":"","background-media":"","overlay-type":"","overlay-color":"","overlay-opacity":"","overlay-gradient":""}},"ast-content-background-meta":{"desktop":{"background-color":"var(--ast-global-color-4)","background-image":"","background-repeat":"repeat","background-position":"center center","background-size":"auto","background-attachment":"scroll","background-type":"","background-media":"","overlay-type":"","overlay-color":"","overlay-opacity":"","overlay-gradient":""},"tablet":{"background-color":"var(--ast-global-color-4)","background-image":"","background-repeat":"repeat","background-position":"center center","background-size":"auto","background-attachment":"scroll","background-type":"","background-media":"","overlay-type":"","overlay-color":"","overlay-opacity":"","overlay-gradient":""},"mobile":{"background-color":"var(--ast-global-color-4)","background-image":"","background-repeat":"repeat","background-position":"center center","background-size":"auto","background-attachment":"scroll","background-type":"","background-media":"","overlay-type":"","overlay-color":"","overlay-opacity":"","overlay-gradient":""}}},"product_brand":[],"product_cat":[64,98,100],"product_tag":[],"class_list":{"0":"post-4035","1":"product","2":"type-product","3":"status-publish","4":"has-post-thumbnail","6":"product_cat-knjizara","7":"product_cat-mentalna-snaga-mir-i-kontrola-uma","8":"product_cat-motivacija-disciplina-i-licni-razvoj","9":"desktop-align-left","10":"tablet-align-left","11":"mobile-align-left","13":"first","14":"instock","15":"sale","16":"taxable","17":"shipping-taxable","18":"purchasable","19":"product-type-simple"},"yoast_head":"<!-- This site is optimized with the Yoast SEO plugin v27.1.1 - https:\/\/yoast.com\/product\/yoast-seo-wordpress\/ -->\n<title>\ud83d\ude80 0 MINUTA POSTUPKA DNEVNO \ud83d\udc49Kako izgraditi fokus koji funkcioni\u0161e bez motivacije - Svijet Misli<\/title>\n<meta name=\"description\" content=\"Prestani da odla\u017ee\u0161 i preuzmi kontrolu nad fokusom. Nau\u010di sistem rada bez motivacije i izgovora. Prakti\u010dna knjiga za disciplinu, koncentraciju i zavr\u0161avanje zadataka.\" \/>\n<meta name=\"robots\" content=\"index, follow, max-snippet:-1, max-image-preview:large, max-video-preview:-1\" \/>\n<link rel=\"canonical\" href=\"https:\/\/svijetmisli.com\/sr\/shop\/0-minuta-postupka-dnevno-kako-izgraditi-fokus-koji-funkcionise-bez-motivacije\/\" \/>\n<meta property=\"og:locale\" content=\"sr_RS\" \/>\n<meta property=\"og:type\" content=\"article\" \/>\n<meta property=\"og:title\" content=\"\ud83d\ude80 0 MINUTA POSTUPKA DNEVNO \ud83d\udc49Kako izgraditi fokus koji funkcioni\u0161e bez motivacije - Svijet Misli\" \/>\n<meta property=\"og:description\" content=\"Prestani da odla\u017ee\u0161 i preuzmi kontrolu nad fokusom. Nau\u010di sistem rada bez motivacije i izgovora. Prakti\u010dna knjiga za disciplinu, koncentraciju i zavr\u0161avanje zadataka.\" \/>\n<meta property=\"og:url\" content=\"https:\/\/svijetmisli.com\/sr\/shop\/0-minuta-postupka-dnevno-kako-izgraditi-fokus-koji-funkcionise-bez-motivacije\/\" \/>\n<meta property=\"og:site_name\" content=\"Svijet Misli\" \/>\n<meta property=\"article:modified_time\" content=\"2026-04-21T14:13:48+00:00\" \/>\n<meta property=\"og:image\" content=\"https:\/\/svijetmisli.com\/wp-content\/uploads\/2026\/03\/3X8f9Novu1nOeTr9toPA3_cpPkrea8-converted-from-png.webp\" \/>\n\t<meta property=\"og:image:width\" content=\"1024\" \/>\n\t<meta property=\"og:image:height\" content=\"1024\" \/>\n\t<meta property=\"og:image:type\" content=\"image\/webp\" \/>\n<meta name=\"twitter:card\" content=\"summary_large_image\" \/>\n<meta name=\"twitter:label1\" content=\"Procenjeno vreme \u010ditanja\" \/>\n\t<meta name=\"twitter:data1\" content=\"3 \u043c\u0438\u043d\u0443\u0442\u0430\" \/>\n<script type=\"application\/ld+json\" class=\"yoast-schema-graph\">{\"@context\":\"https:\/\/schema.org\",\"@graph\":[{\"@type\":\"WebPage\",\"@id\":\"https:\/\/svijetmisli.com\/sr\/shop\/0-minuta-postupka-dnevno-kako-izgraditi-fokus-koji-funkcionise-bez-motivacije\/\",\"url\":\"https:\/\/svijetmisli.com\/sr\/shop\/0-minuta-postupka-dnevno-kako-izgraditi-fokus-koji-funkcionise-bez-motivacije\/\",\"name\":\"\ud83d\ude80 0 MINUTA POSTUPKA DNEVNO \ud83d\udc49Kako izgraditi fokus koji funkcioni\u0161e bez motivacije - Svijet Misli\",\"isPartOf\":{\"@id\":\"https:\/\/svijetmisli.com\/#website\"},\"primaryImageOfPage\":{\"@id\":\"https:\/\/svijetmisli.com\/sr\/shop\/0-minuta-postupka-dnevno-kako-izgraditi-fokus-koji-funkcionise-bez-motivacije\/#primaryimage\"},\"image\":{\"@id\":\"https:\/\/svijetmisli.com\/sr\/shop\/0-minuta-postupka-dnevno-kako-izgraditi-fokus-koji-funkcionise-bez-motivacije\/#primaryimage\"},\"thumbnailUrl\":\"https:\/\/svijetmisli.com\/wp-content\/uploads\/2026\/03\/3X8f9Novu1nOeTr9toPA3_cpPkrea8-converted-from-png.webp\",\"datePublished\":\"2026-03-26T00:55:26+00:00\",\"dateModified\":\"2026-04-21T14:13:48+00:00\",\"description\":\"Prestani da odla\u017ee\u0161 i preuzmi kontrolu nad fokusom. Nau\u010di sistem rada bez motivacije i izgovora. Prakti\u010dna knjiga za disciplinu, koncentraciju i zavr\u0161avanje zadataka.\",\"breadcrumb\":{\"@id\":\"https:\/\/svijetmisli.com\/sr\/shop\/0-minuta-postupka-dnevno-kako-izgraditi-fokus-koji-funkcionise-bez-motivacije\/#breadcrumb\"},\"inLanguage\":\"sr-RS\",\"potentialAction\":[{\"@type\":\"ReadAction\",\"target\":[\"https:\/\/svijetmisli.com\/sr\/shop\/0-minuta-postupka-dnevno-kako-izgraditi-fokus-koji-funkcionise-bez-motivacije\/\"]}]},{\"@type\":\"ImageObject\",\"inLanguage\":\"sr-RS\",\"@id\":\"https:\/\/svijetmisli.com\/sr\/shop\/0-minuta-postupka-dnevno-kako-izgraditi-fokus-koji-funkcionise-bez-motivacije\/#primaryimage\",\"url\":\"https:\/\/svijetmisli.com\/wp-content\/uploads\/2026\/03\/3X8f9Novu1nOeTr9toPA3_cpPkrea8-converted-from-png.webp\",\"contentUrl\":\"https:\/\/svijetmisli.com\/wp-content\/uploads\/2026\/03\/3X8f9Novu1nOeTr9toPA3_cpPkrea8-converted-from-png.webp\",\"width\":1024,\"height\":1024},{\"@type\":\"BreadcrumbList\",\"@id\":\"https:\/\/svijetmisli.com\/sr\/shop\/0-minuta-postupka-dnevno-kako-izgraditi-fokus-koji-funkcionise-bez-motivacije\/#breadcrumb\",\"itemListElement\":[{\"@type\":\"ListItem\",\"position\":1,\"name\":\"Po\u010detna stranica\",\"item\":\"https:\/\/svijetmisli.com\/sr\/\"},{\"@type\":\"ListItem\",\"position\":2,\"name\":\"Prodavnica\",\"item\":\"https:\/\/svijetmisli.com\/sr\/prodavnica\/\"},{\"@type\":\"ListItem\",\"position\":3,\"name\":\"\ud83d\ude80 0 MINUTA POSTUPKA DNEVNO \ud83d\udc49Kako izgraditi fokus koji funkcioni\u0161e bez motivacije\"}]},{\"@type\":\"WebSite\",\"@id\":\"https:\/\/svijetmisli.com\/#website\",\"url\":\"https:\/\/svijetmisli.com\/\",\"name\":\"Svijet Misli\",\"description\":\"Online knji\u017eara s knjigama za osobni rast, duhovnost, kuharicama i inspirativnim naslovima.\",\"publisher\":{\"@id\":\"https:\/\/svijetmisli.com\/#organization\"},\"potentialAction\":[{\"@type\":\"SearchAction\",\"target\":{\"@type\":\"EntryPoint\",\"urlTemplate\":\"https:\/\/svijetmisli.com\/?s={search_term_string}\"},\"query-input\":{\"@type\":\"PropertyValueSpecification\",\"valueRequired\":true,\"valueName\":\"search_term_string\"}}],\"inLanguage\":\"sr-RS\"},{\"@type\":\"Organization\",\"@id\":\"https:\/\/svijetmisli.com\/#organization\",\"name\":\"Svijet Misli\",\"url\":\"https:\/\/svijetmisli.com\/\",\"logo\":{\"@type\":\"ImageObject\",\"inLanguage\":\"sr-RS\",\"@id\":\"https:\/\/svijetmisli.com\/#\/schema\/logo\/image\/\",\"url\":\"https:\/\/svijetmisli.com\/wp-content\/uploads\/2025\/12\/logo.png\",\"contentUrl\":\"https:\/\/svijetmisli.com\/wp-content\/uploads\/2025\/12\/logo.png\",\"width\":500,\"height\":174,\"caption\":\"Svijet Misli\"},\"image\":{\"@id\":\"https:\/\/svijetmisli.com\/#\/schema\/logo\/image\/\"}}]}<\/script>\n<!-- \/ Yoast SEO plugin. -->","yoast_head_json":{"title":"\ud83d\ude80 0 MINUTA POSTUPKA DNEVNO \ud83d\udc49Kako izgraditi fokus koji funkcioni\u0161e bez motivacije - Svijet Misli","description":"Prestani da odla\u017ee\u0161 i preuzmi kontrolu nad fokusom. Nau\u010di sistem rada bez motivacije i izgovora. Prakti\u010dna knjiga za disciplinu, koncentraciju i zavr\u0161avanje zadataka.","robots":{"index":"index","follow":"follow","max-snippet":"max-snippet:-1","max-image-preview":"max-image-preview:large","max-video-preview":"max-video-preview:-1"},"canonical":"https:\/\/svijetmisli.com\/sr\/shop\/0-minuta-postupka-dnevno-kako-izgraditi-fokus-koji-funkcionise-bez-motivacije\/","og_locale":"sr_RS","og_type":"article","og_title":"\ud83d\ude80 0 MINUTA POSTUPKA DNEVNO \ud83d\udc49Kako izgraditi fokus koji funkcioni\u0161e bez motivacije - Svijet Misli","og_description":"Prestani da odla\u017ee\u0161 i preuzmi kontrolu nad fokusom. Nau\u010di sistem rada bez motivacije i izgovora. Prakti\u010dna knjiga za disciplinu, koncentraciju i zavr\u0161avanje zadataka.","og_url":"https:\/\/svijetmisli.com\/sr\/shop\/0-minuta-postupka-dnevno-kako-izgraditi-fokus-koji-funkcionise-bez-motivacije\/","og_site_name":"Svijet Misli","article_modified_time":"2026-04-21T14:13:48+00:00","og_image":[{"width":1024,"height":1024,"url":"https:\/\/svijetmisli.com\/wp-content\/uploads\/2026\/03\/3X8f9Novu1nOeTr9toPA3_cpPkrea8-converted-from-png.webp","type":"image\/webp"}],"twitter_card":"summary_large_image","twitter_misc":{"Procenjeno vreme \u010ditanja":"3 \u043c\u0438\u043d\u0443\u0442\u0430"},"schema":{"@context":"https:\/\/schema.org","@graph":[{"@type":"WebPage","@id":"https:\/\/svijetmisli.com\/sr\/shop\/0-minuta-postupka-dnevno-kako-izgraditi-fokus-koji-funkcionise-bez-motivacije\/","url":"https:\/\/svijetmisli.com\/sr\/shop\/0-minuta-postupka-dnevno-kako-izgraditi-fokus-koji-funkcionise-bez-motivacije\/","name":"\ud83d\ude80 0 MINUTA POSTUPKA DNEVNO \ud83d\udc49Kako izgraditi fokus koji funkcioni\u0161e bez motivacije - Svijet Misli","isPartOf":{"@id":"https:\/\/svijetmisli.com\/#website"},"primaryImageOfPage":{"@id":"https:\/\/svijetmisli.com\/sr\/shop\/0-minuta-postupka-dnevno-kako-izgraditi-fokus-koji-funkcionise-bez-motivacije\/#primaryimage"},"image":{"@id":"https:\/\/svijetmisli.com\/sr\/shop\/0-minuta-postupka-dnevno-kako-izgraditi-fokus-koji-funkcionise-bez-motivacije\/#primaryimage"},"thumbnailUrl":"https:\/\/svijetmisli.com\/wp-content\/uploads\/2026\/03\/3X8f9Novu1nOeTr9toPA3_cpPkrea8-converted-from-png.webp","datePublished":"2026-03-26T00:55:26+00:00","dateModified":"2026-04-21T14:13:48+00:00","description":"Prestani da odla\u017ee\u0161 i preuzmi kontrolu nad fokusom. Nau\u010di sistem rada bez motivacije i izgovora. Prakti\u010dna knjiga za disciplinu, koncentraciju i zavr\u0161avanje zadataka.","breadcrumb":{"@id":"https:\/\/svijetmisli.com\/sr\/shop\/0-minuta-postupka-dnevno-kako-izgraditi-fokus-koji-funkcionise-bez-motivacije\/#breadcrumb"},"inLanguage":"sr-RS","potentialAction":[{"@type":"ReadAction","target":["https:\/\/svijetmisli.com\/sr\/shop\/0-minuta-postupka-dnevno-kako-izgraditi-fokus-koji-funkcionise-bez-motivacije\/"]}]},{"@type":"ImageObject","inLanguage":"sr-RS","@id":"https:\/\/svijetmisli.com\/sr\/shop\/0-minuta-postupka-dnevno-kako-izgraditi-fokus-koji-funkcionise-bez-motivacije\/#primaryimage","url":"https:\/\/svijetmisli.com\/wp-content\/uploads\/2026\/03\/3X8f9Novu1nOeTr9toPA3_cpPkrea8-converted-from-png.webp","contentUrl":"https:\/\/svijetmisli.com\/wp-content\/uploads\/2026\/03\/3X8f9Novu1nOeTr9toPA3_cpPkrea8-converted-from-png.webp","width":1024,"height":1024},{"@type":"BreadcrumbList","@id":"https:\/\/svijetmisli.com\/sr\/shop\/0-minuta-postupka-dnevno-kako-izgraditi-fokus-koji-funkcionise-bez-motivacije\/#breadcrumb","itemListElement":[{"@type":"ListItem","position":1,"name":"Po\u010detna stranica","item":"https:\/\/svijetmisli.com\/sr\/"},{"@type":"ListItem","position":2,"name":"Prodavnica","item":"https:\/\/svijetmisli.com\/sr\/prodavnica\/"},{"@type":"ListItem","position":3,"name":"\ud83d\ude80 0 MINUTA POSTUPKA DNEVNO \ud83d\udc49Kako izgraditi fokus koji funkcioni\u0161e bez motivacije"}]},{"@type":"WebSite","@id":"https:\/\/svijetmisli.com\/#website","url":"https:\/\/svijetmisli.com\/","name":"Svijet Misli","description":"Online knji\u017eara s knjigama za osobni rast, duhovnost, kuharicama i inspirativnim naslovima.","publisher":{"@id":"https:\/\/svijetmisli.com\/#organization"},"potentialAction":[{"@type":"SearchAction","target":{"@type":"EntryPoint","urlTemplate":"https:\/\/svijetmisli.com\/?s={search_term_string}"},"query-input":{"@type":"PropertyValueSpecification","valueRequired":true,"valueName":"search_term_string"}}],"inLanguage":"sr-RS"},{"@type":"Organization","@id":"https:\/\/svijetmisli.com\/#organization","name":"Svijet Misli","url":"https:\/\/svijetmisli.com\/","logo":{"@type":"ImageObject","inLanguage":"sr-RS","@id":"https:\/\/svijetmisli.com\/#\/schema\/logo\/image\/","url":"https:\/\/svijetmisli.com\/wp-content\/uploads\/2025\/12\/logo.png","contentUrl":"https:\/\/svijetmisli.com\/wp-content\/uploads\/2025\/12\/logo.png","width":500,"height":174,"caption":"Svijet Misli"},"image":{"@id":"https:\/\/svijetmisli.com\/#\/schema\/logo\/image\/"}}]}},"_links":{"self":[{"href":"https:\/\/svijetmisli.com\/sr\/wp-json\/wp\/v2\/product\/4035","targetHints":{"allow":["GET"]}}],"collection":[{"href":"https:\/\/svijetmisli.com\/sr\/wp-json\/wp\/v2\/product"}],"about":[{"href":"https:\/\/svijetmisli.com\/sr\/wp-json\/wp\/v2\/types\/product"}],"replies":[{"embeddable":true,"href":"https:\/\/svijetmisli.com\/sr\/wp-json\/wp\/v2\/comments?post=4035"}],"wp:featuredmedia":[{"embeddable":true,"href":"https:\/\/svijetmisli.com\/sr\/wp-json\/wp\/v2\/media\/4665"}],"wp:attachment":[{"href":"https:\/\/svijetmisli.com\/sr\/wp-json\/wp\/v2\/media?parent=4035"}],"wp:term":[{"taxonomy":"product_brand","embeddable":true,"href":"https:\/\/svijetmisli.com\/sr\/wp-json\/wp\/v2\/product_brand?post=4035"},{"taxonomy":"product_cat","embeddable":true,"href":"https:\/\/svijetmisli.com\/sr\/wp-json\/wp\/v2\/product_cat?post=4035"},{"taxonomy":"product_tag","embeddable":true,"href":"https:\/\/svijetmisli.com\/sr\/wp-json\/wp\/v2\/product_tag?post=4035"}],"curies":[{"name":"wp","href":"https:\/\/api.w.org\/{rel}","templated":true}]}}