{"id":4027,"date":"2026-03-26T01:55:27","date_gmt":"2026-03-26T00:55:27","guid":{"rendered":"https:\/\/svijetmisli.com\/?post_type=product&#038;p=4027"},"modified":"2026-04-21T16:32:21","modified_gmt":"2026-04-21T14:32:21","slug":"prolaznost-zivota-kako-pronaci-smisao-mir-i-jasnocu-dok-vreme-neumitno-prolazi","status":"publish","type":"product","link":"https:\/\/svijetmisli.com\/sr\/shop\/prolaznost-zivota-kako-pronaci-smisao-mir-i-jasnocu-dok-vreme-neumitno-prolazi\/","title":{"rendered":"\u23f3 PROLAZNOST \u017dIVOTA \ud83d\udc49Kako pronac\u0301i smisao, mir i jasnoc\u0301u dok vreme neumitno prolazi"},"content":{"rendered":"<h2 data-section-id=\"40xjf1\" data-start=\"296\" data-end=\"325\">\u26a1 ISTINA KOJU SVI OSE\u0106AMO<\/h2>\n<p data-start=\"327\" data-end=\"364\">Vreme prolazi.<br data-start=\"343\" data-end=\"346\" \/>Bez obzira na sve.<\/p>\n<p data-start=\"366\" data-end=\"416\">Ne \u010deka.<br data-start=\"374\" data-end=\"377\" \/>Ne usporava.<br data-start=\"389\" data-end=\"392\" \/>Ne pita da li si spreman.<\/p>\n<p data-start=\"418\" data-end=\"436\">\ud83d\udc49 Samo ide dalje.<\/p>\n<hr data-start=\"438\" data-end=\"441\" \/>\n<h2 data-section-id=\"1t9ot10\" data-start=\"443\" data-end=\"474\">\ud83e\udde0 TRENUTAK KOJI MENJA SVE<\/h2>\n<p data-start=\"476\" data-end=\"508\">Jednog dana stane\u0161&#8230;<br data-start=\"495\" data-end=\"498\" \/>i shvati\u0161:<\/p>\n<p data-start=\"510\" data-end=\"590\">Koliko si toga odlo\u017eio\/la.<br data-start=\"533\" data-end=\"536\" \/>Koliko si toga propustio\/la.<br data-start=\"561\" data-end=\"564\" \/>Koliko si mogao\/la druga\u010dije.<\/p>\n<p data-start=\"592\" data-end=\"611\">I postavi\u0161 sebi pitanje:<\/p>\n<p data-start=\"613\" data-end=\"641\">\ud83d\udc49 \u201eDa li sam zaista \u017eiveo\/la?\u201d<\/p>\n<hr data-start=\"643\" data-end=\"646\" \/>\n<h2 data-section-id=\"5oacj8\" data-start=\"648\" data-end=\"662\">\ud83d\udcd6 \u0160TA SADR\u017dI KNJIGA<\/h2>\n<p data-start=\"664\" data-end=\"727\">Ovo nije knjiga koja te motivi\u0161e.<br data-start=\"697\" data-end=\"700\" \/>Ovo je knjiga koja te budi.<\/p>\n<p data-start=\"729\" data-end=\"737\">Daje ti:<\/p>\n<p data-start=\"739\" data-end=\"835\">\u2714 jasno\u0107u \u0161ta je zaista va\u017eno<br data-start=\"769\" data-end=\"772\" \/>\u2714 mir u svetu trajne buke<br data-start=\"799\" data-end=\"802\" \/>\u2714 pravac kada ne zna\u0161 kuda dalje<\/p>\n<p data-start=\"837\" data-end=\"883\">\ud83d\udc49 U\u010di te kako da \u017eivi\u0161 \u2014 dok jo\u0161 ima\u0161 vremena.<\/p>\n<hr data-start=\"885\" data-end=\"888\" \/>\n<h2 data-section-id=\"1mirf5d\" data-start=\"890\" data-end=\"907\">\ud83d\udd25 \u0160TA DOBIJA\u0160<\/h2>\n<p data-start=\"909\" data-end=\"1058\">\u23f3 svest o vrednosti vremena<br data-start=\"942\" data-end=\"945\" \/>\ud83e\udde0 dublje razumevanje \u017eivota<br data-start=\"975\" data-end=\"978\" \/>\u2764\ufe0f unutra\u0161nji mir bez obzira na okolnosti<br data-start=\"1018\" data-end=\"1021\" \/>\ud83d\ude80 odluke koje vode pravom \u017eivotu<\/p>\n<p data-start=\"1060\" data-end=\"1090\">\ud83d\udc49 Manje lutanja. Vi\u0161e smisla.<\/p>\n<hr data-start=\"1092\" data-end=\"1095\" \/>\n<h2 data-section-id=\"4laa50\" data-start=\"1097\" data-end=\"1117\">\ud83d\udcda SADR\u017dAJ KNJIGE<\/h2>\n<ul data-start=\"1119\" data-end=\"1334\">\n<li data-section-id=\"1ml7b75\" data-start=\"1119\" data-end=\"1165\">\n<p data-start=\"1121\" data-end=\"1165\">Za\u0161to vreme prolazi br\u017ee nego \u0161to misli\u0161<\/p>\n<\/li>\n<li data-section-id=\"81waqa\" data-start=\"1166\" data-end=\"1195\">\n<p data-start=\"1168\" data-end=\"1195\">\u0160ta zaista zna\u010di \u017eiveti<\/p>\n<\/li>\n<li data-section-id=\"7nzd5s\" data-start=\"1196\" data-end=\"1228\">\n<p data-start=\"1198\" data-end=\"1228\">Kako prestati da odla\u017ee\u0161 \u017eivot<\/p>\n<\/li>\n<li data-section-id=\"tpgz0v\" data-start=\"1229\" data-end=\"1267\">\n<p data-start=\"1231\" data-end=\"1267\">Kako prona\u0107i smisao u svakodnevnom \u017eivotu<\/p>\n<\/li>\n<li data-section-id=\"e9yarw\" data-start=\"1268\" data-end=\"1305\">\n<p data-start=\"1270\" data-end=\"1305\">Kako doneti odluke koje va\u017ee<\/p>\n<\/li>\n<li data-section-id=\"110dwcs\" data-start=\"1306\" data-end=\"1334\">\n<p data-start=\"1308\" data-end=\"1334\">Kako \u017eiveti bez \u017ealjenja<\/p>\n<\/li>\n<\/ul>\n<hr data-start=\"1336\" data-end=\"1339\" \/>\n<h2 data-section-id=\"3spugz\" data-start=\"1341\" data-end=\"1363\">\ud83d\udca3 ZA\u0160TO OVA KNJIGA<\/h2>\n<p data-start=\"1365\" data-end=\"1503\">\u2714 jer ose\u0107a\u0161 da vreme prolazi prebrzo<br data-start=\"1405\" data-end=\"1408\" \/>\u2714 jer \u017eeli\u0161 vi\u0161e od rutine<br data-start=\"1434\" data-end=\"1437\" \/>\u2714 jer tra\u017ei\u0161 smisao, a ne odvla\u010denje pa\u017enje<br data-start=\"1472\" data-end=\"1475\" \/>\u2714 jer zna\u0161 da postoji vi\u0161e<\/p>\n<p data-start=\"1505\" data-end=\"1567\">\ud83d\udc49 Nije za svakoga.<br data-start=\"1524\" data-end=\"1527\" \/>\ud83d\udc49 Samo za one koji \u017eele da vide istinu.<\/p>\n<hr data-start=\"1569\" data-end=\"1572\" \/>\n<h2 data-section-id=\"tz33sy\" data-start=\"1574\" data-end=\"1586\">\ud83d\udcb0 CENA<\/h2>\n<h3 data-section-id=\"8uz44u\" data-start=\"1588\" data-end=\"1603\"><span role=\"text\"><strong data-start=\"1592\" data-end=\"1603\">2.359 rsd<\/strong><\/span><\/h3>\n<p data-start=\"1605\" data-end=\"1625\">\ud83d\udce6 + po\u0161tarina<\/p>\n<p data-start=\"1627\" data-end=\"1663\">\u2714 jasno<br data-start=\"1634\" data-end=\"1637\" \/>\u2714 bez skrivenih tro\u0161kova<\/p>\n<hr data-start=\"1665\" data-end=\"1668\" \/>\n<h2 data-section-id=\"bobdwb\" data-start=\"1670\" data-end=\"1695\">\u26a0\ufe0f OGRANI\u010cEN TIRA\u017d<\/h2>\n<p data-start=\"1697\" data-end=\"1710\">Novo izdanje.<\/p>\n<p data-start=\"1712\" data-end=\"1764\">\u26a0\ufe0f ograni\u010den broj kopija<br data-start=\"1740\" data-end=\"1743\" \/>\u26a0\ufe0f velika potra\u017enja<\/p>\n<p data-start=\"1766\" data-end=\"1806\">\ud83d\udc49 Kada nestane \u2014 mo\u017eda se ne\u0107e ponoviti<\/p>\n<hr data-start=\"1808\" data-end=\"1811\" \/>\n<h2 data-section-id=\"1ravvwg\" data-start=\"1813\" data-end=\"1825\">\ud83d\ude80 ODLUKA<\/h2>\n<p data-start=\"1827\" data-end=\"1857\">Vreme prolazi.<br data-start=\"1843\" data-end=\"1846\" \/>Pitanje je:<\/p>\n<p data-start=\"1859\" data-end=\"1908\">\ud83d\udc49 \u017eeli\u0161 li da ga \u017eivi\u0161 \u2014 ili samo da gleda\u0161 kako prolazi<\/p>\n<hr data-start=\"1910\" data-end=\"1913\" \/>\n<h2 data-section-id=\"u3owo\" data-start=\"1915\" data-end=\"1925\">\ud83d\udd25 KLIKNI<\/h2>\n<p data-start=\"1927\" data-end=\"1952\">\ud83d\udc49 <strong data-start=\"1930\" data-end=\"1952\">JA BIRAM DA \u017dIVIM SADA<\/strong><\/p>\n<hr data-start=\"1954\" data-end=\"1957\" \/>\n<h2 data-section-id=\"18k3502\" data-start=\"1959\" data-end=\"1978\">\ud83d\udce6 SPECIFIKACIJE<\/h2>\n<p data-start=\"1980\" data-end=\"2105\">Autor: Globix\u2122 Sistem<br data-start=\"2003\" data-end=\"2006\" \/>Izdava\u010d: Globix\u2122<br data-start=\"2021\" data-end=\"2024\" \/>Broj stranica: 202<br data-start=\"2042\" data-end=\"2045\" \/>Povez: meki povez<br data-start=\"2060\" data-end=\"2063\" \/>Jezik: srpski<br data-start=\"2078\" data-end=\"2081\" \/>Tip izdanja: \u0161tampano<br \/>\nGodina izdanja: 2026.<\/p>\n<hr data-start=\"2107\" data-end=\"2110\" \/>\n<h2 data-section-id=\"3oo9hs\" data-start=\"2112\" data-end=\"2132\">\ud83e\udde0<\/h2>\n<p data-start=\"2134\" data-end=\"2175\">Kada do\u0111e kraj\u2026<br data-start=\"2143\" data-end=\"2146\" \/>ne\u0107e\u0161 se pitati \u0161ta si kupio.<\/p>\n<p data-start=\"2177\" data-end=\"2199\">\ud83d\udc49 nego kako si \u017eiveo.<\/p>\n<hr data-start=\"2201\" data-end=\"2204\" \/>\n<h2 data-section-id=\"751vdd\" data-start=\"2206\" data-end=\"2218\">\u26a0\ufe0f ZAISTA<\/h2>\n<p data-start=\"2220\" data-end=\"2258\">Ovo nije knjiga koju \u0107e svako razumeti.<\/p>\n<p data-start=\"2260\" data-end=\"2325\">Ali oni koji je razumeju \u2014<br data-start=\"2286\" data-end=\"2289\" \/>\ud83d\udc49 vi\u0161e nikada ne\u0107e gledati na \u017eivot isto.<\/p>\n","protected":false},"excerpt":{"rendered":"<h3 data-section-id=\"yjgdsz\" data-start=\"773\" data-end=\"818\">1. \u23f3 Jasno razume\u0161 vrednost vremena<\/h3>\n<p data-start=\"819\" data-end=\"886\">Prestaje\u0161 da \u017eivi\u0161 na autopilotu i po\u010dinje\u0161 da donosi\u0161 svesne odluke.<\/p>\n<hr data-start=\"888\" data-end=\"891\" \/>\n<h3 data-section-id=\"bxliwm\" data-start=\"893\" data-end=\"933\">2. \ud83e\udde0 Donosi\u0161 bolje \u017eivotne odluke<\/h3>\n<p data-start=\"934\" data-end=\"987\">Bez zbunjenosti i straha \u2014 zna\u0161 \u0161ta je zaista va\u017eno.<\/p>\n<hr data-start=\"989\" data-end=\"992\" \/>\n<h3 data-section-id=\"1kow77j\" data-start=\"994\" data-end=\"1030\">3. \u2764\ufe0f Nalazi\u0161 unutra\u0161nji mir<\/h3>\n<p data-start=\"1031\" data-end=\"1077\">Smanjuje\u0161 stres, haos i stalno preispitivanje.<\/p>\n<hr data-start=\"1079\" data-end=\"1082\" \/>\n<h3 data-section-id=\"701hhw\" data-start=\"1084\" data-end=\"1120\">4. \ud83d\ude80 Prestaje\u0161 da odla\u017ee\u0161 \u017eivot<\/h3>\n<p data-start=\"1121\" data-end=\"1171\">Ne \u010deka\u0161 \u201epravi trenutak&#8220; \u2014 po\u010dinje\u0161 da \u017eivi\u0161 sada.<\/p>\n<hr data-start=\"1173\" data-end=\"1176\" \/>\n<h3 data-section-id=\"1qufnhy\" data-start=\"1178\" data-end=\"1207\">5. \ud83d\udd25 \u017divi\u0161 bez \u017ealjenja<\/h3>\n<p data-start=\"1208\" data-end=\"1267\">Radi\u0161 stvari koje imaju smisla i koje ostaju vredne dugoro\u010dno.<\/p>\n","protected":false},"featured_media":4667,"comment_status":"closed","ping_status":"closed","template":"","meta":{"site-sidebar-layout":"default","site-content-layout":"","ast-site-content-layout":"default","site-content-style":"default","site-sidebar-style":"default","ast-global-header-display":"","ast-banner-title-visibility":"","ast-main-header-display":"","ast-hfb-above-header-display":"","ast-hfb-below-header-display":"","ast-hfb-mobile-header-display":"","site-post-title":"","ast-breadcrumbs-content":"","ast-featured-img":"","footer-sml-layout":"","ast-disable-related-posts":"","theme-transparent-header-meta":"","adv-header-id-meta":"","stick-header-meta":"","header-above-stick-meta":"","header-main-stick-meta":"","header-below-stick-meta":"","astra-migrate-meta-layouts":"set","ast-page-background-enabled":"default","ast-page-background-meta":{"desktop":{"background-color":"var(--ast-global-color-5)","background-image":"","background-repeat":"repeat","background-position":"center center","background-size":"auto","background-attachment":"scroll","background-type":"","background-media":"","overlay-type":"","overlay-color":"","overlay-opacity":"","overlay-gradient":""},"tablet":{"background-color":"","background-image":"","background-repeat":"repeat","background-position":"center center","background-size":"auto","background-attachment":"scroll","background-type":"","background-media":"","overlay-type":"","overlay-color":"","overlay-opacity":"","overlay-gradient":""},"mobile":{"background-color":"","background-image":"","background-repeat":"repeat","background-position":"center center","background-size":"auto","background-attachment":"scroll","background-type":"","background-media":"","overlay-type":"","overlay-color":"","overlay-opacity":"","overlay-gradient":""}},"ast-content-background-meta":{"desktop":{"background-color":"var(--ast-global-color-4)","background-image":"","background-repeat":"repeat","background-position":"center center","background-size":"auto","background-attachment":"scroll","background-type":"","background-media":"","overlay-type":"","overlay-color":"","overlay-opacity":"","overlay-gradient":""},"tablet":{"background-color":"var(--ast-global-color-4)","background-image":"","background-repeat":"repeat","background-position":"center center","background-size":"auto","background-attachment":"scroll","background-type":"","background-media":"","overlay-type":"","overlay-color":"","overlay-opacity":"","overlay-gradient":""},"mobile":{"background-color":"var(--ast-global-color-4)","background-image":"","background-repeat":"repeat","background-position":"center center","background-size":"auto","background-attachment":"scroll","background-type":"","background-media":"","overlay-type":"","overlay-color":"","overlay-opacity":"","overlay-gradient":""}}},"product_brand":[],"product_cat":[64,106],"product_tag":[],"class_list":{"0":"post-4027","1":"product","2":"type-product","3":"status-publish","4":"has-post-thumbnail","6":"product_cat-knjizara","7":"product_cat-zdravlje-navike-i-kvalitet-zivota","8":"desktop-align-left","9":"tablet-align-left","10":"mobile-align-left","12":"first","13":"instock","14":"sale","15":"taxable","16":"shipping-taxable","17":"purchasable","18":"product-type-simple"},"yoast_head":"<!-- This site is optimized with the Yoast SEO plugin v27.1.1 - https:\/\/yoast.com\/product\/yoast-seo-wordpress\/ -->\n<title>\u23f3 PROLAZNOST \u017dIVOTA \ud83d\udc49Kako pronac\u0301i smisao, mir i jasnoc\u0301u dok vreme neumitno prolazi - Svijet Misli<\/title>\n<meta name=\"description\" content=\"Vreme prolazi \u2014 da li ga zaista \u017eivi\u0161? Knjiga koja budi svest, daje smisao i poma\u017ee ti da donese\u0161 prave odluke bez odlaganja. Prakti\u010dan vodi\u010d za \u017eivot bez kajanja.\" \/>\n<meta name=\"robots\" content=\"index, follow, max-snippet:-1, max-image-preview:large, max-video-preview:-1\" \/>\n<link rel=\"canonical\" href=\"https:\/\/svijetmisli.com\/sr\/shop\/prolaznost-zivota-kako-pronaci-smisao-mir-i-jasnocu-dok-vreme-neumitno-prolazi\/\" \/>\n<meta property=\"og:locale\" content=\"sr_RS\" \/>\n<meta property=\"og:type\" content=\"article\" \/>\n<meta property=\"og:title\" content=\"\u23f3 PROLAZNOST \u017dIVOTA \ud83d\udc49Kako pronac\u0301i smisao, mir i jasnoc\u0301u dok vreme neumitno prolazi - Svijet Misli\" \/>\n<meta property=\"og:description\" content=\"Vreme prolazi \u2014 da li ga zaista \u017eivi\u0161? Knjiga koja budi svest, daje smisao i poma\u017ee ti da donese\u0161 prave odluke bez odlaganja. Prakti\u010dan vodi\u010d za \u017eivot bez kajanja.\" \/>\n<meta property=\"og:url\" content=\"https:\/\/svijetmisli.com\/sr\/shop\/prolaznost-zivota-kako-pronaci-smisao-mir-i-jasnocu-dok-vreme-neumitno-prolazi\/\" \/>\n<meta property=\"og:site_name\" content=\"Svijet Misli\" \/>\n<meta property=\"article:modified_time\" content=\"2026-04-21T14:32:21+00:00\" \/>\n<meta property=\"og:image\" content=\"https:\/\/svijetmisli.com\/wp-content\/uploads\/2026\/03\/Uh5kWa36j5JGdNsruMu7U_J2LswkSD-converted-from-png.webp\" \/>\n\t<meta property=\"og:image:width\" content=\"1024\" \/>\n\t<meta property=\"og:image:height\" content=\"1024\" \/>\n\t<meta property=\"og:image:type\" content=\"image\/webp\" \/>\n<meta name=\"twitter:card\" content=\"summary_large_image\" \/>\n<meta name=\"twitter:label1\" content=\"Procenjeno vreme \u010ditanja\" \/>\n\t<meta name=\"twitter:data1\" content=\"2 \u043c\u0438\u043d\u0443\u0442\u0430\" \/>\n<script type=\"application\/ld+json\" class=\"yoast-schema-graph\">{\"@context\":\"https:\/\/schema.org\",\"@graph\":[{\"@type\":\"WebPage\",\"@id\":\"https:\/\/svijetmisli.com\/sr\/shop\/prolaznost-zivota-kako-pronaci-smisao-mir-i-jasnocu-dok-vreme-neumitno-prolazi\/\",\"url\":\"https:\/\/svijetmisli.com\/sr\/shop\/prolaznost-zivota-kako-pronaci-smisao-mir-i-jasnocu-dok-vreme-neumitno-prolazi\/\",\"name\":\"\u23f3 PROLAZNOST \u017dIVOTA \ud83d\udc49Kako pronac\u0301i smisao, mir i jasnoc\u0301u dok vreme neumitno prolazi - Svijet Misli\",\"isPartOf\":{\"@id\":\"https:\/\/svijetmisli.com\/#website\"},\"primaryImageOfPage\":{\"@id\":\"https:\/\/svijetmisli.com\/sr\/shop\/prolaznost-zivota-kako-pronaci-smisao-mir-i-jasnocu-dok-vreme-neumitno-prolazi\/#primaryimage\"},\"image\":{\"@id\":\"https:\/\/svijetmisli.com\/sr\/shop\/prolaznost-zivota-kako-pronaci-smisao-mir-i-jasnocu-dok-vreme-neumitno-prolazi\/#primaryimage\"},\"thumbnailUrl\":\"https:\/\/svijetmisli.com\/wp-content\/uploads\/2026\/03\/Uh5kWa36j5JGdNsruMu7U_J2LswkSD-converted-from-png.webp\",\"datePublished\":\"2026-03-26T00:55:27+00:00\",\"dateModified\":\"2026-04-21T14:32:21+00:00\",\"description\":\"Vreme prolazi \u2014 da li ga zaista \u017eivi\u0161? Knjiga koja budi svest, daje smisao i poma\u017ee ti da donese\u0161 prave odluke bez odlaganja. Prakti\u010dan vodi\u010d za \u017eivot bez kajanja.\",\"breadcrumb\":{\"@id\":\"https:\/\/svijetmisli.com\/sr\/shop\/prolaznost-zivota-kako-pronaci-smisao-mir-i-jasnocu-dok-vreme-neumitno-prolazi\/#breadcrumb\"},\"inLanguage\":\"sr-RS\",\"potentialAction\":[{\"@type\":\"ReadAction\",\"target\":[\"https:\/\/svijetmisli.com\/sr\/shop\/prolaznost-zivota-kako-pronaci-smisao-mir-i-jasnocu-dok-vreme-neumitno-prolazi\/\"]}]},{\"@type\":\"ImageObject\",\"inLanguage\":\"sr-RS\",\"@id\":\"https:\/\/svijetmisli.com\/sr\/shop\/prolaznost-zivota-kako-pronaci-smisao-mir-i-jasnocu-dok-vreme-neumitno-prolazi\/#primaryimage\",\"url\":\"https:\/\/svijetmisli.com\/wp-content\/uploads\/2026\/03\/Uh5kWa36j5JGdNsruMu7U_J2LswkSD-converted-from-png.webp\",\"contentUrl\":\"https:\/\/svijetmisli.com\/wp-content\/uploads\/2026\/03\/Uh5kWa36j5JGdNsruMu7U_J2LswkSD-converted-from-png.webp\",\"width\":1024,\"height\":1024},{\"@type\":\"BreadcrumbList\",\"@id\":\"https:\/\/svijetmisli.com\/sr\/shop\/prolaznost-zivota-kako-pronaci-smisao-mir-i-jasnocu-dok-vreme-neumitno-prolazi\/#breadcrumb\",\"itemListElement\":[{\"@type\":\"ListItem\",\"position\":1,\"name\":\"Po\u010detna stranica\",\"item\":\"https:\/\/svijetmisli.com\/sr\/\"},{\"@type\":\"ListItem\",\"position\":2,\"name\":\"Prodavnica\",\"item\":\"https:\/\/svijetmisli.com\/sr\/prodavnica\/\"},{\"@type\":\"ListItem\",\"position\":3,\"name\":\"\u23f3 PROLAZNOST \u017dIVOTA \ud83d\udc49Kako pronac\u0301i smisao, mir i jasnoc\u0301u dok vreme neumitno prolazi\"}]},{\"@type\":\"WebSite\",\"@id\":\"https:\/\/svijetmisli.com\/#website\",\"url\":\"https:\/\/svijetmisli.com\/\",\"name\":\"Svijet Misli\",\"description\":\"Online knji\u017eara s knjigama za osobni rast, duhovnost, kuharicama i inspirativnim naslovima.\",\"publisher\":{\"@id\":\"https:\/\/svijetmisli.com\/#organization\"},\"potentialAction\":[{\"@type\":\"SearchAction\",\"target\":{\"@type\":\"EntryPoint\",\"urlTemplate\":\"https:\/\/svijetmisli.com\/?s={search_term_string}\"},\"query-input\":{\"@type\":\"PropertyValueSpecification\",\"valueRequired\":true,\"valueName\":\"search_term_string\"}}],\"inLanguage\":\"sr-RS\"},{\"@type\":\"Organization\",\"@id\":\"https:\/\/svijetmisli.com\/#organization\",\"name\":\"Svijet Misli\",\"url\":\"https:\/\/svijetmisli.com\/\",\"logo\":{\"@type\":\"ImageObject\",\"inLanguage\":\"sr-RS\",\"@id\":\"https:\/\/svijetmisli.com\/#\/schema\/logo\/image\/\",\"url\":\"https:\/\/svijetmisli.com\/wp-content\/uploads\/2025\/12\/logo.png\",\"contentUrl\":\"https:\/\/svijetmisli.com\/wp-content\/uploads\/2025\/12\/logo.png\",\"width\":500,\"height\":174,\"caption\":\"Svijet Misli\"},\"image\":{\"@id\":\"https:\/\/svijetmisli.com\/#\/schema\/logo\/image\/\"}}]}<\/script>\n<!-- \/ Yoast SEO plugin. -->","yoast_head_json":{"title":"\u23f3 PROLAZNOST \u017dIVOTA \ud83d\udc49Kako pronac\u0301i smisao, mir i jasnoc\u0301u dok vreme neumitno prolazi - Svijet Misli","description":"Vreme prolazi \u2014 da li ga zaista \u017eivi\u0161? Knjiga koja budi svest, daje smisao i poma\u017ee ti da donese\u0161 prave odluke bez odlaganja. Prakti\u010dan vodi\u010d za \u017eivot bez kajanja.","robots":{"index":"index","follow":"follow","max-snippet":"max-snippet:-1","max-image-preview":"max-image-preview:large","max-video-preview":"max-video-preview:-1"},"canonical":"https:\/\/svijetmisli.com\/sr\/shop\/prolaznost-zivota-kako-pronaci-smisao-mir-i-jasnocu-dok-vreme-neumitno-prolazi\/","og_locale":"sr_RS","og_type":"article","og_title":"\u23f3 PROLAZNOST \u017dIVOTA \ud83d\udc49Kako pronac\u0301i smisao, mir i jasnoc\u0301u dok vreme neumitno prolazi - Svijet Misli","og_description":"Vreme prolazi \u2014 da li ga zaista \u017eivi\u0161? Knjiga koja budi svest, daje smisao i poma\u017ee ti da donese\u0161 prave odluke bez odlaganja. Prakti\u010dan vodi\u010d za \u017eivot bez kajanja.","og_url":"https:\/\/svijetmisli.com\/sr\/shop\/prolaznost-zivota-kako-pronaci-smisao-mir-i-jasnocu-dok-vreme-neumitno-prolazi\/","og_site_name":"Svijet Misli","article_modified_time":"2026-04-21T14:32:21+00:00","og_image":[{"width":1024,"height":1024,"url":"https:\/\/svijetmisli.com\/wp-content\/uploads\/2026\/03\/Uh5kWa36j5JGdNsruMu7U_J2LswkSD-converted-from-png.webp","type":"image\/webp"}],"twitter_card":"summary_large_image","twitter_misc":{"Procenjeno vreme \u010ditanja":"2 \u043c\u0438\u043d\u0443\u0442\u0430"},"schema":{"@context":"https:\/\/schema.org","@graph":[{"@type":"WebPage","@id":"https:\/\/svijetmisli.com\/sr\/shop\/prolaznost-zivota-kako-pronaci-smisao-mir-i-jasnocu-dok-vreme-neumitno-prolazi\/","url":"https:\/\/svijetmisli.com\/sr\/shop\/prolaznost-zivota-kako-pronaci-smisao-mir-i-jasnocu-dok-vreme-neumitno-prolazi\/","name":"\u23f3 PROLAZNOST \u017dIVOTA \ud83d\udc49Kako pronac\u0301i smisao, mir i jasnoc\u0301u dok vreme neumitno prolazi - Svijet Misli","isPartOf":{"@id":"https:\/\/svijetmisli.com\/#website"},"primaryImageOfPage":{"@id":"https:\/\/svijetmisli.com\/sr\/shop\/prolaznost-zivota-kako-pronaci-smisao-mir-i-jasnocu-dok-vreme-neumitno-prolazi\/#primaryimage"},"image":{"@id":"https:\/\/svijetmisli.com\/sr\/shop\/prolaznost-zivota-kako-pronaci-smisao-mir-i-jasnocu-dok-vreme-neumitno-prolazi\/#primaryimage"},"thumbnailUrl":"https:\/\/svijetmisli.com\/wp-content\/uploads\/2026\/03\/Uh5kWa36j5JGdNsruMu7U_J2LswkSD-converted-from-png.webp","datePublished":"2026-03-26T00:55:27+00:00","dateModified":"2026-04-21T14:32:21+00:00","description":"Vreme prolazi \u2014 da li ga zaista \u017eivi\u0161? Knjiga koja budi svest, daje smisao i poma\u017ee ti da donese\u0161 prave odluke bez odlaganja. Prakti\u010dan vodi\u010d za \u017eivot bez kajanja.","breadcrumb":{"@id":"https:\/\/svijetmisli.com\/sr\/shop\/prolaznost-zivota-kako-pronaci-smisao-mir-i-jasnocu-dok-vreme-neumitno-prolazi\/#breadcrumb"},"inLanguage":"sr-RS","potentialAction":[{"@type":"ReadAction","target":["https:\/\/svijetmisli.com\/sr\/shop\/prolaznost-zivota-kako-pronaci-smisao-mir-i-jasnocu-dok-vreme-neumitno-prolazi\/"]}]},{"@type":"ImageObject","inLanguage":"sr-RS","@id":"https:\/\/svijetmisli.com\/sr\/shop\/prolaznost-zivota-kako-pronaci-smisao-mir-i-jasnocu-dok-vreme-neumitno-prolazi\/#primaryimage","url":"https:\/\/svijetmisli.com\/wp-content\/uploads\/2026\/03\/Uh5kWa36j5JGdNsruMu7U_J2LswkSD-converted-from-png.webp","contentUrl":"https:\/\/svijetmisli.com\/wp-content\/uploads\/2026\/03\/Uh5kWa36j5JGdNsruMu7U_J2LswkSD-converted-from-png.webp","width":1024,"height":1024},{"@type":"BreadcrumbList","@id":"https:\/\/svijetmisli.com\/sr\/shop\/prolaznost-zivota-kako-pronaci-smisao-mir-i-jasnocu-dok-vreme-neumitno-prolazi\/#breadcrumb","itemListElement":[{"@type":"ListItem","position":1,"name":"Po\u010detna stranica","item":"https:\/\/svijetmisli.com\/sr\/"},{"@type":"ListItem","position":2,"name":"Prodavnica","item":"https:\/\/svijetmisli.com\/sr\/prodavnica\/"},{"@type":"ListItem","position":3,"name":"\u23f3 PROLAZNOST \u017dIVOTA \ud83d\udc49Kako pronac\u0301i smisao, mir i jasnoc\u0301u dok vreme neumitno prolazi"}]},{"@type":"WebSite","@id":"https:\/\/svijetmisli.com\/#website","url":"https:\/\/svijetmisli.com\/","name":"Svijet Misli","description":"Online knji\u017eara s knjigama za osobni rast, duhovnost, kuharicama i inspirativnim naslovima.","publisher":{"@id":"https:\/\/svijetmisli.com\/#organization"},"potentialAction":[{"@type":"SearchAction","target":{"@type":"EntryPoint","urlTemplate":"https:\/\/svijetmisli.com\/?s={search_term_string}"},"query-input":{"@type":"PropertyValueSpecification","valueRequired":true,"valueName":"search_term_string"}}],"inLanguage":"sr-RS"},{"@type":"Organization","@id":"https:\/\/svijetmisli.com\/#organization","name":"Svijet Misli","url":"https:\/\/svijetmisli.com\/","logo":{"@type":"ImageObject","inLanguage":"sr-RS","@id":"https:\/\/svijetmisli.com\/#\/schema\/logo\/image\/","url":"https:\/\/svijetmisli.com\/wp-content\/uploads\/2025\/12\/logo.png","contentUrl":"https:\/\/svijetmisli.com\/wp-content\/uploads\/2025\/12\/logo.png","width":500,"height":174,"caption":"Svijet Misli"},"image":{"@id":"https:\/\/svijetmisli.com\/#\/schema\/logo\/image\/"}}]}},"_links":{"self":[{"href":"https:\/\/svijetmisli.com\/sr\/wp-json\/wp\/v2\/product\/4027","targetHints":{"allow":["GET"]}}],"collection":[{"href":"https:\/\/svijetmisli.com\/sr\/wp-json\/wp\/v2\/product"}],"about":[{"href":"https:\/\/svijetmisli.com\/sr\/wp-json\/wp\/v2\/types\/product"}],"replies":[{"embeddable":true,"href":"https:\/\/svijetmisli.com\/sr\/wp-json\/wp\/v2\/comments?post=4027"}],"wp:featuredmedia":[{"embeddable":true,"href":"https:\/\/svijetmisli.com\/sr\/wp-json\/wp\/v2\/media\/4667"}],"wp:attachment":[{"href":"https:\/\/svijetmisli.com\/sr\/wp-json\/wp\/v2\/media?parent=4027"}],"wp:term":[{"taxonomy":"product_brand","embeddable":true,"href":"https:\/\/svijetmisli.com\/sr\/wp-json\/wp\/v2\/product_brand?post=4027"},{"taxonomy":"product_cat","embeddable":true,"href":"https:\/\/svijetmisli.com\/sr\/wp-json\/wp\/v2\/product_cat?post=4027"},{"taxonomy":"product_tag","embeddable":true,"href":"https:\/\/svijetmisli.com\/sr\/wp-json\/wp\/v2\/product_tag?post=4027"}],"curies":[{"name":"wp","href":"https:\/\/api.w.org\/{rel}","templated":true}]}}