{"id":3295,"date":"2026-01-03T15:19:44","date_gmt":"2026-01-03T15:19:44","guid":{"rendered":"https:\/\/svijetmisli.com\/shop\/bakina-kuharica\/"},"modified":"2026-02-12T16:04:23","modified_gmt":"2026-02-12T15:04:23","slug":"bakina-kuharica","status":"publish","type":"product","link":"https:\/\/svijetmisli.com\/sr\/shop\/bakina-kuharica\/","title":{"rendered":"BAKINA KUVARSKA KNjIGA \u2013 RECEPTI KOJE VREME NE MO\u017dE DA POBEDI"},"content":{"rendered":"<h2 data-start=\"309\" data-end=\"375\">\ud83d\udcd8\u00a0<strong data-start=\"314\" data-end=\"375\">BAKINA KUVARSKA KNjIGA \u2013 RECEPTI KOJE VREME NE MO\u017dE DA POBEDI<\/strong><\/h2>\n<p>&nbsp;<\/p>\n<h4 data-start=\"376\" data-end=\"442\">Zaboravljeni ukusi detinjstva \u2013 nazad u va\u0161oj kuhinji \u2764\ufe0f<\/h4>\n<p data-start=\"444\" data-end=\"673\">Miris sve\u017ee pe\u010denog hleba, \u010dorbe koja se kr\u010dka na \u0161poretu, pita od jabuka i ukusi koji vas vra\u0107aju u detinjstvo\u2026<br data-start=\"552\" data-end=\"555\" \/>Ova knjiga donosi 48<strong data-start=\"573\" data-end=\"629\"> toplih, mirisnih stranica pravih bakinih recepata<\/strong> \u2013 jednostavnih, iskrenih i punih ljubavi.<\/p>\n<hr data-start=\"675\" data-end=\"678\" \/>\n<h3 data-start=\"680\" data-end=\"709\">\ud83e\udd63\u00a0<strong data-start=\"686\" data-end=\"709\">\u0160ta vas \u010deka unutra:<\/strong><\/h3>\n<ul data-start=\"710\" data-end=\"991\">\n<li data-start=\"710\" data-end=\"755\">\n<p data-start=\"712\" data-end=\"755\">\ud83e\udd56\u00a0<strong data-start=\"715\" data-end=\"730\">Doma\u0107i hleb<\/strong>\u00a0bez miksera ili ma\u0161ina<\/p>\n<\/li>\n<li data-start=\"756\" data-end=\"805\">\n<p data-start=\"758\" data-end=\"805\">\ud83c\udf72\u00a0<strong data-start=\"761\" data-end=\"784\">Sarma, pasulj i gula\u0161<\/strong>\u00a0na stari na\u010din<\/p>\n<\/li>\n<li data-start=\"806\" data-end=\"850\">\n<p data-start=\"808\" data-end=\"850\">\ud83c\udf53\u00a0<strong data-start=\"811\" data-end=\"832\">D\u017eemovi i d\u017eemovi bez konzervansa<\/strong><\/p>\n<\/li>\n<li data-start=\"851\" data-end=\"895\">\n<p data-start=\"853\" data-end=\"895\">\ud83c\udf7d\ufe0f\u00a0<strong data-start=\"857\" data-end=\"893\">Knedle, \u0161trukle i doma\u0107e testo<\/strong><\/p>\n<\/li>\n<li data-start=\"896\" data-end=\"941\">\n<p data-start=\"898\" data-end=\"941\">\ud83c\udf4f\u00a0<strong data-start=\"901\" data-end=\"939\">Bakine poga\u010dice sa orasima i jabukama<\/strong><\/p>\n<\/li>\n<li data-start=\"942\" data-end=\"991\">\n<p data-start=\"944\" data-end=\"991\">\ud83c\udf3f\u00a0<strong data-start=\"947\" data-end=\"989\">Tajne prirodnih za\u010dina i konzerviranja hrane<\/strong><\/p>\n<\/li>\n<\/ul>\n<p data-start=\"993\" data-end=\"1083\">Svaka stranica ima\u00a0<strong data-start=\"1012\" data-end=\"1040\">sliku koja miri\u0161e na dom<\/strong>\u00a0\u2013 ba\u0161 kao kada je baka viknula iz kuhinje:<\/p>\n<blockquote data-start=\"1084\" data-end=\"1109\">\n<p data-start=\"1086\" data-end=\"1109\">\u201eDo\u0111i, ru\u010dak je spreman!\u201c<\/p>\n<\/blockquote>\n<hr data-start=\"1111\" data-end=\"1114\" \/>\n<h3 data-start=\"1116\" data-end=\"1154\">\ud83d\udcab\u00a0<strong data-start=\"1122\" data-end=\"1154\">Za\u0161to \u0107ete voleti ovu knjigu<\/strong><\/h3>\n<p data-start=\"1155\" data-end=\"1357\">\u2714\ufe0f Jednostavni recepti koje svako mo\u017ee da napravi<br data-start=\"1204\" data-end=\"1207\" \/>\u2714\ufe0f Originalni ukusi bez ve\u0161ta\u010dkih aditiva<br data-start=\"1245\" data-end=\"1248\" \/>\u2714\ufe0f Savr\u0161en poklon za one koji vole tradiciju<br data-start=\"1292\" data-end=\"1295\" \/>\u2714\ufe0f Od\u0161tampano u visokom kvalitetu, sa slikama koje izazivaju emocije<\/p>\n<h3 data-start=\"1068\" data-end=\"1115\">\ud83d\udcd6\u00a0<strong data-start=\"1074\" data-end=\"1115\">\u0160ta sadr\u017ei:<\/strong><\/h3>\n<ol data-start=\"1116\" data-end=\"2058\">\n<li data-start=\"1116\" data-end=\"1155\">\n<p data-start=\"1119\" data-end=\"1155\">\ud83e\udd63\u00a0<strong data-start=\"1122\" data-end=\"1153\">Uvod \u2013 Miris doma\u0107e kuhinje<\/strong><\/p>\n<\/li>\n<li data-start=\"1156\" data-end=\"1226\">\n<p data-start=\"1159\" data-end=\"1226\">\ud83d\udc75\u00a0<strong data-start=\"1162\" data-end=\"1188\">Bakine kuhinjske tajne<\/strong> \u2013 Trikovi koji spasavaju svako jelo<\/p>\n<\/li>\n<li data-start=\"1227\" data-end=\"1318\">\n<p data-start=\"1230\" data-end=\"1318\">\ud83c\udf5e\u00a0<strong data-start=\"1233\" data-end=\"1271\">Doma\u0107i hleb bez miksera i ma\u0161ina<\/strong>\u00a0\u2013 onaj sa hrskavom koricom i mekom sredinom<\/p>\n<\/li>\n<li data-start=\"1319\" data-end=\"1365\">\n<p data-start=\"1322\" data-end=\"1365\">\ud83e\udd55\u00a0<strong data-start=\"1325\" data-end=\"1342\">Supe i \u010dorbe<\/strong>\u00a0\u2013 mirisi koji le\u010de<\/p>\n<\/li>\n<li data-start=\"1366\" data-end=\"1444\">\n<p data-start=\"1369\" data-end=\"1444\">\ud83e\udd54\u00a0<strong data-start=\"1372\" data-end=\"1404\">Najmek\u0161i doma\u0107i pire krompir &#8211; kako ga je baka pravila, bez grudvica<\/p>\n<\/li>\n<li data-start=\"1445\" data-end=\"1504\">\n<p data-start=\"1448\" data-end=\"1504\">\ud83c\udf72\u00a0<strong data-start=\"1451\" data-end=\"1474\">Sarma, pasulj i gula\u0161<\/strong> &#8211; stari recepti za du\u0161u<\/p>\n<\/li>\n<li data-start=\"1505\" data-end=\"1565\">\n<p data-start=\"1508\" data-end=\"1565\">\ud83c\udf7d\ufe0f\u00a0<strong data-start=\"1512\" data-end=\"1532\">Kolenice i \u0161trukle<\/strong> &#8211; miris detinjstva na va\u0161em tanjiru<\/p>\n<\/li>\n<li data-start=\"1566\" data-end=\"1633\">\n<p data-start=\"1569\" data-end=\"1633\">\ud83c\udf53\u00a0<strong data-start=\"1572\" data-end=\"1609\">D\u017eemovi i \u017eelei bez konzervansa<\/strong> \u2013 \u010disto vo\u0107e i ljubav<\/p>\n<\/li>\n<li data-start=\"1634\" data-end=\"1699\">\n<p data-start=\"1637\" data-end=\"1699\">\ud83e\udd6c\u00a0<strong data-start=\"1640\" data-end=\"1664\">Zimsko slanino i kiseljenje<\/strong> \u2013 baka bi rekla \u201ezimske zalihe\u201c<\/p>\n<\/li>\n<li data-start=\"1700\" data-end=\"1781\">\n<p data-start=\"1704\" data-end=\"1781\">\ud83c\udf4f\u00a0<strong data-start=\"1707\" data-end=\"1745\">Bakine poga\u010dice od oraha i jabuka<\/strong>\u00a0\u2013 pite, orasi i miris rerne<\/p>\n<\/li>\n<li data-start=\"1782\" data-end=\"1848\">\n<p data-start=\"1786\" data-end=\"1848\">\ud83c\udf47\u00a0<strong data-start=\"1789\" data-end=\"1818\">Sokovi i sirupi od berbe<\/strong>\u00a0\u2013 osve\u017eenje iz detinjstva<\/p>\n<\/li>\n<li data-start=\"1849\" data-end=\"1900\">\n<p data-start=\"1853\" data-end=\"1900\">\ud83c\udf3f\u00a0<strong data-start=\"1856\" data-end=\"1898\">Prirodni za\u010dini koje su bake koristile<\/strong><\/p>\n<\/li>\n<li data-start=\"1901\" data-end=\"1943\">\n<p data-start=\"1905\" data-end=\"1943\">\ud83d\udd25\u00a0<strong data-start=\"1908\" data-end=\"1941\">Tajne pe\u010denja i konzerviranja hrane<\/strong><\/p>\n<\/li>\n<li data-start=\"1944\" data-end=\"2005\">\n<p data-start=\"1948\" data-end=\"2005\">\ud83e\udea3\u00a0<strong data-start=\"1951\" data-end=\"1974\">Male ku\u0107ne mudrosti<\/strong>\u00a0\u2013 kako baka zna da re\u0161i sve<\/p>\n<\/li>\n<li data-start=\"2006\" data-end=\"2058\">\n<p data-start=\"2010\" data-end=\"2058\">\u2764\ufe0f\u00a0<strong data-start=\"2013\" data-end=\"2058\">Zaklju\u010dak \u2013 Ljubav je najva\u017eniji sastojak<\/strong><\/p>\n<\/li>\n<\/ol>\n<hr data-start=\"1359\" data-end=\"1362\" \/>\n<h3 data-start=\"1364\" data-end=\"1388\">\ud83c\udf81\u00a0<strong data-start=\"1370\" data-end=\"1388\">Specijalna ponuda<\/strong><\/h3>\n<p data-start=\"1389\" data-end=\"1469\">\ud83d\udcb0\u00a0<strong data-start=\"1392\" data-end=\"1420\">CENA NA AKCIJI: 19,99 \u20ac<\/strong><br data-start=\"1420\" data-end=\"1423\" \/>\ud83d\udce6\u00a0<strong data-start=\"1426\" data-end=\"1469\">BESPLATNA DOSTAVA za celu Hrvatsku!<\/strong><\/p>\n<p data-start=\"1471\" data-end=\"1600\">Zalihe su ograni\u010dene \u2013 ovo izdanje je \u0161tampano u maloj seriji.<br data-start=\"1530\" data-end=\"1533\" \/>Kliknite na <strong data-start=\"1540\" data-end=\"1558\">\u201eNaru\u010di odmah\u201c<\/strong> i dobijte svoj primerak za 2\u20133 dana.<\/p>\n<p data-start=\"1471\" data-end=\"1600\">48 stranica + korice \u2013 meki povez.<\/p>\n<hr data-start=\"1602\" data-end=\"1605\" \/>\n<h3 data-start=\"1607\" data-end=\"1648\">\ud83d\udcac <strong data-start=\"1613\" data-end=\"1648\">Recenzije zadovoljnih \u010ditalaca<\/strong><\/h3>\n<p data-start=\"1650\" data-end=\"1791\">\u2b50\ufe0f\u2b50\ufe0f\u2b50\ufe0f\u2b50\ufe0f\u2b50\ufe0f<br data-start=\"1660\" data-end=\"1663\" \/><strong data-start=\"1663\" data-end=\"1767\">\u201eOtvorila sam knjigu i zaplakala \u2013 miris doma i detinjstva! Svaki recept me je podsetio na baku Anu.\u201c<\/strong><br data-start=\"1767\" data-end=\"1770\" \/>\u2014 Marija K., Osijek<\/p>\n<p data-start=\"1793\" data-end=\"1925\">\u2b50\ufe0f\u2b50\ufe0f\u2b50\ufe0f\u2b50\ufe0f<br data-start=\"1803\" data-end=\"1806\" \/><strong data-start=\"1806\" data-end=\"1903\">\u201eNisam verovala da \u0107e moj hleb ispasti kao bakin \u2013 ali jeste! Ova knjiga vredi svakog penija.\u201c<\/strong><br data-start=\"1903\" data-end=\"1906\" \/>\u2014 Ivana B., Zadar<\/p>\n<p data-start=\"1927\" data-end=\"2040\">\u2b50\ufe0f\u2b50\ufe0f\u2b50\ufe0f\u2b50\ufe0f\u2b50\ufe0f<br data-start=\"1937\" data-end=\"1940\" \/><strong data-start=\"1940\" data-end=\"2017\">\u201eKupila sam ga mami za ro\u0111endan. Sada mi svakog vikenda pravi \u0161trukle iz knjige!\u201c<\/strong><br data-start=\"2017\" data-end=\"2020\" \/>\u2014 Petar D., Zagreb<\/p>\n<hr data-start=\"2042\" data-end=\"2045\" \/>\n<h3 data-start=\"2047\" data-end=\"2086\">\u2764\ufe0f\u00a0<strong data-start=\"2053\" data-end=\"2086\">Se\u0107ate se \u0161ta je doma\u0107e zna\u010di.<\/strong><\/h3>\n<p data-start=\"2087\" data-end=\"2195\">\u201eBakina kuvarska knjiga\u201c nije samo zbirka recepata \u2014<br data-start=\"2132\" data-end=\"2135\" \/>to je\u00a0<strong data-start=\"2141\" data-end=\"2193\">deo srca, mirisa i ljubavi koja nas je odgajila.<\/strong><\/p>\n<p data-start=\"2197\" data-end=\"2269\">\ud83d\udc49\u00a0<strong data-start=\"2200\" data-end=\"2269\">Naru\u010dite svoj primerak sada i vratite miris detinjstva u svoj dom.<\/strong><\/p>\n","protected":false},"excerpt":{"rendered":"<p data-start=\"663\" data-end=\"776\">\ud83d\udc75\u00a0<strong data-start=\"666\" data-end=\"694\">Jednostavno i autenti\u010dno<\/strong>\u00a0\u2013 Recepti bez miksera i modernih aparata, samo osnovni sastojci i puno ljubavi.<\/p>\n<p data-start=\"780\" data-end=\"886\">\ud83c\udf72 48<strong data-start=\"783\" data-end=\"818\"> stranica topline i tradicije<\/strong>\u00a0\u2013 Svaka stranica sa prelepom slikom i pri\u010dom koja vra\u0107a uspomene.<\/p>\n<p data-start=\"890\" data-end=\"995\">\ud83c\udf81\u00a0<strong data-start=\"893\" data-end=\"928\">Savr\u0161en poklon za svaku porodicu<\/strong>\u00a0\u2013 Poklonite knjigu koja povezuje generacije i budi miris detinjstva.<\/p>\n<p data-start=\"999\" data-end=\"1110\">\ud83d\udce6\u00a0<strong data-start=\"1002\" data-end=\"1043\">Promotivna cena + besplatna dostava<\/strong> \u2013 19,99 \u20ac sa ku\u0107nom dostavom, ograni\u010deno izdanje.<\/p>\n","protected":false},"featured_media":3296,"comment_status":"open","ping_status":"closed","template":"","meta":{"site-sidebar-layout":"default","site-content-layout":"","ast-site-content-layout":"default","site-content-style":"default","site-sidebar-style":"default","ast-global-header-display":"","ast-banner-title-visibility":"","ast-main-header-display":"","ast-hfb-above-header-display":"","ast-hfb-below-header-display":"","ast-hfb-mobile-header-display":"","site-post-title":"","ast-breadcrumbs-content":"","ast-featured-img":"","footer-sml-layout":"","ast-disable-related-posts":"","theme-transparent-header-meta":"default","adv-header-id-meta":"","stick-header-meta":"","header-above-stick-meta":"","header-main-stick-meta":"","header-below-stick-meta":"","astra-migrate-meta-layouts":"default","ast-page-background-enabled":"default","ast-page-background-meta":{"desktop":{"background-color":"var(--ast-global-color-5)","background-image":"","background-repeat":"repeat","background-position":"center center","background-size":"auto","background-attachment":"scroll","background-type":"","background-media":"","overlay-type":"","overlay-color":"","overlay-opacity":"","overlay-gradient":""},"tablet":{"background-color":"","background-image":"","background-repeat":"repeat","background-position":"center center","background-size":"auto","background-attachment":"scroll","background-type":"","background-media":"","overlay-type":"","overlay-color":"","overlay-opacity":"","overlay-gradient":""},"mobile":{"background-color":"","background-image":"","background-repeat":"repeat","background-position":"center center","background-size":"auto","background-attachment":"scroll","background-type":"","background-media":"","overlay-type":"","overlay-color":"","overlay-opacity":"","overlay-gradient":""}},"ast-content-background-meta":{"desktop":{"background-color":"var(--ast-global-color-4)","background-image":"","background-repeat":"repeat","background-position":"center center","background-size":"auto","background-attachment":"scroll","background-type":"","background-media":"","overlay-type":"","overlay-color":"","overlay-opacity":"","overlay-gradient":""},"tablet":{"background-color":"var(--ast-global-color-4)","background-image":"","background-repeat":"repeat","background-position":"center center","background-size":"auto","background-attachment":"scroll","background-type":"","background-media":"","overlay-type":"","overlay-color":"","overlay-opacity":"","overlay-gradient":""},"mobile":{"background-color":"var(--ast-global-color-4)","background-image":"","background-repeat":"repeat","background-position":"center center","background-size":"auto","background-attachment":"scroll","background-type":"","background-media":"","overlay-type":"","overlay-color":"","overlay-opacity":"","overlay-gradient":""}}},"product_brand":[],"product_cat":[60,66],"product_tag":[],"class_list":{"0":"post-3295","1":"product","2":"type-product","3":"status-publish","4":"has-post-thumbnail","6":"product_cat-akcije","7":"product_cat-kuvarske-knjige","8":"desktop-align-left","9":"tablet-align-left","10":"mobile-align-left","12":"first","13":"instock","14":"taxable","15":"shipping-taxable","16":"purchasable","17":"product-type-simple"},"yoast_head":"<!-- This site is optimized with the Yoast SEO plugin v27.1.1 - https:\/\/yoast.com\/product\/yoast-seo-wordpress\/ -->\n<title>BAKINA KUVARSKA KNjIGA \u2013 RECEPTI KOJE VREME NE MO\u017dE DA POBEDI - Svijet Misli<\/title>\n<meta name=\"robots\" content=\"index, follow, max-snippet:-1, max-image-preview:large, max-video-preview:-1\" \/>\n<link rel=\"canonical\" href=\"https:\/\/svijetmisli.com\/sr\/shop\/bakina-kuharica\/\" \/>\n<meta property=\"og:locale\" content=\"sr_RS\" \/>\n<meta property=\"og:type\" content=\"article\" \/>\n<meta property=\"og:title\" content=\"BAKINA KUVARSKA KNjIGA \u2013 RECEPTI KOJE VREME NE MO\u017dE DA POBEDI - Svijet Misli\" \/>\n<meta property=\"og:description\" content=\"\ud83d\udc75\u00a0Jednostavno i autenti\u010dno\u00a0\u2013 Recepti bez miksera i modernih aparata, samo osnovni sastojci i puno ljubavi. \ud83c\udf72 48 stranica topline i tradicije\u00a0\u2013 Svaka stranica sa prelepom slikom i pri\u010dom koja vra\u0107a uspomene. \ud83c\udf81\u00a0Savr\u0161en poklon za svaku porodicu\u00a0\u2013 Poklonite knjigu koja povezuje generacije i budi miris detinjstva. \ud83d\udce6\u00a0Promotivna cena + besplatna dostava \u2013 19,99 \u20ac sa ku\u0107nom dostavom, ograni\u010deno izdanje.\" \/>\n<meta property=\"og:url\" content=\"https:\/\/svijetmisli.com\/sr\/shop\/bakina-kuharica\/\" \/>\n<meta property=\"og:site_name\" content=\"Svijet Misli\" \/>\n<meta property=\"article:modified_time\" content=\"2026-02-12T15:04:23+00:00\" \/>\n<meta property=\"og:image\" content=\"https:\/\/svijetmisli.com\/wp-content\/uploads\/2026\/01\/ChatGPT-Image-21.-lis-2025.-18_33_19-converted-from-png-700x700-1.webp\" \/>\n\t<meta property=\"og:image:width\" content=\"700\" \/>\n\t<meta property=\"og:image:height\" content=\"700\" \/>\n\t<meta property=\"og:image:type\" content=\"image\/webp\" \/>\n<meta name=\"twitter:card\" content=\"summary_large_image\" \/>\n<meta name=\"twitter:label1\" content=\"Procenjeno vreme \u010ditanja\" \/>\n\t<meta name=\"twitter:data1\" content=\"2 \u043c\u0438\u043d\u0443\u0442\u0430\" \/>\n<script type=\"application\/ld+json\" class=\"yoast-schema-graph\">{\"@context\":\"https:\/\/schema.org\",\"@graph\":[{\"@type\":\"WebPage\",\"@id\":\"https:\/\/svijetmisli.com\/sr\/shop\/bakina-kuharica\/\",\"url\":\"https:\/\/svijetmisli.com\/sr\/shop\/bakina-kuharica\/\",\"name\":\"BAKINA KUVARSKA KNjIGA \u2013 RECEPTI KOJE VREME NE MO\u017dE DA POBEDI - Svijet Misli\",\"isPartOf\":{\"@id\":\"https:\/\/svijetmisli.com\/#website\"},\"primaryImageOfPage\":{\"@id\":\"https:\/\/svijetmisli.com\/sr\/shop\/bakina-kuharica\/#primaryimage\"},\"image\":{\"@id\":\"https:\/\/svijetmisli.com\/sr\/shop\/bakina-kuharica\/#primaryimage\"},\"thumbnailUrl\":\"https:\/\/svijetmisli.com\/wp-content\/uploads\/2026\/01\/ChatGPT-Image-21.-lis-2025.-18_33_19-converted-from-png-700x700-1.webp\",\"datePublished\":\"2026-01-03T15:19:44+00:00\",\"dateModified\":\"2026-02-12T15:04:23+00:00\",\"breadcrumb\":{\"@id\":\"https:\/\/svijetmisli.com\/sr\/shop\/bakina-kuharica\/#breadcrumb\"},\"inLanguage\":\"sr-RS\",\"potentialAction\":[{\"@type\":\"ReadAction\",\"target\":[\"https:\/\/svijetmisli.com\/sr\/shop\/bakina-kuharica\/\"]}]},{\"@type\":\"ImageObject\",\"inLanguage\":\"sr-RS\",\"@id\":\"https:\/\/svijetmisli.com\/sr\/shop\/bakina-kuharica\/#primaryimage\",\"url\":\"https:\/\/svijetmisli.com\/wp-content\/uploads\/2026\/01\/ChatGPT-Image-21.-lis-2025.-18_33_19-converted-from-png-700x700-1.webp\",\"contentUrl\":\"https:\/\/svijetmisli.com\/wp-content\/uploads\/2026\/01\/ChatGPT-Image-21.-lis-2025.-18_33_19-converted-from-png-700x700-1.webp\",\"width\":700,\"height\":700},{\"@type\":\"BreadcrumbList\",\"@id\":\"https:\/\/svijetmisli.com\/sr\/shop\/bakina-kuharica\/#breadcrumb\",\"itemListElement\":[{\"@type\":\"ListItem\",\"position\":1,\"name\":\"Po\u010detna stranica\",\"item\":\"https:\/\/svijetmisli.com\/sr\/\"},{\"@type\":\"ListItem\",\"position\":2,\"name\":\"Prodavnica\",\"item\":\"https:\/\/svijetmisli.com\/sr\/prodavnica\/\"},{\"@type\":\"ListItem\",\"position\":3,\"name\":\"BAKINA KUVARSKA KNjIGA \u2013 RECEPTI KOJE VREME NE MO\u017dE DA POBEDI\"}]},{\"@type\":\"WebSite\",\"@id\":\"https:\/\/svijetmisli.com\/#website\",\"url\":\"https:\/\/svijetmisli.com\/\",\"name\":\"Svijet Misli\",\"description\":\"Online knji\u017eara s knjigama za osobni rast, duhovnost, kuharicama i inspirativnim naslovima.\",\"publisher\":{\"@id\":\"https:\/\/svijetmisli.com\/#organization\"},\"potentialAction\":[{\"@type\":\"SearchAction\",\"target\":{\"@type\":\"EntryPoint\",\"urlTemplate\":\"https:\/\/svijetmisli.com\/?s={search_term_string}\"},\"query-input\":{\"@type\":\"PropertyValueSpecification\",\"valueRequired\":true,\"valueName\":\"search_term_string\"}}],\"inLanguage\":\"sr-RS\"},{\"@type\":\"Organization\",\"@id\":\"https:\/\/svijetmisli.com\/#organization\",\"name\":\"Svijet Misli\",\"url\":\"https:\/\/svijetmisli.com\/\",\"logo\":{\"@type\":\"ImageObject\",\"inLanguage\":\"sr-RS\",\"@id\":\"https:\/\/svijetmisli.com\/#\/schema\/logo\/image\/\",\"url\":\"https:\/\/svijetmisli.com\/wp-content\/uploads\/2025\/12\/logo.png\",\"contentUrl\":\"https:\/\/svijetmisli.com\/wp-content\/uploads\/2025\/12\/logo.png\",\"width\":500,\"height\":174,\"caption\":\"Svijet Misli\"},\"image\":{\"@id\":\"https:\/\/svijetmisli.com\/#\/schema\/logo\/image\/\"}}]}<\/script>\n<!-- \/ Yoast SEO plugin. -->","yoast_head_json":{"title":"BAKINA KUVARSKA KNjIGA \u2013 RECEPTI KOJE VREME NE MO\u017dE DA POBEDI - Svijet Misli","robots":{"index":"index","follow":"follow","max-snippet":"max-snippet:-1","max-image-preview":"max-image-preview:large","max-video-preview":"max-video-preview:-1"},"canonical":"https:\/\/svijetmisli.com\/sr\/shop\/bakina-kuharica\/","og_locale":"sr_RS","og_type":"article","og_title":"BAKINA KUVARSKA KNjIGA \u2013 RECEPTI KOJE VREME NE MO\u017dE DA POBEDI - Svijet Misli","og_description":"\ud83d\udc75\u00a0Jednostavno i autenti\u010dno\u00a0\u2013 Recepti bez miksera i modernih aparata, samo osnovni sastojci i puno ljubavi. \ud83c\udf72 48 stranica topline i tradicije\u00a0\u2013 Svaka stranica sa prelepom slikom i pri\u010dom koja vra\u0107a uspomene. \ud83c\udf81\u00a0Savr\u0161en poklon za svaku porodicu\u00a0\u2013 Poklonite knjigu koja povezuje generacije i budi miris detinjstva. \ud83d\udce6\u00a0Promotivna cena + besplatna dostava \u2013 19,99 \u20ac sa ku\u0107nom dostavom, ograni\u010deno izdanje.","og_url":"https:\/\/svijetmisli.com\/sr\/shop\/bakina-kuharica\/","og_site_name":"Svijet Misli","article_modified_time":"2026-02-12T15:04:23+00:00","og_image":[{"width":700,"height":700,"url":"https:\/\/svijetmisli.com\/wp-content\/uploads\/2026\/01\/ChatGPT-Image-21.-lis-2025.-18_33_19-converted-from-png-700x700-1.webp","type":"image\/webp"}],"twitter_card":"summary_large_image","twitter_misc":{"Procenjeno vreme \u010ditanja":"2 \u043c\u0438\u043d\u0443\u0442\u0430"},"schema":{"@context":"https:\/\/schema.org","@graph":[{"@type":"WebPage","@id":"https:\/\/svijetmisli.com\/sr\/shop\/bakina-kuharica\/","url":"https:\/\/svijetmisli.com\/sr\/shop\/bakina-kuharica\/","name":"BAKINA KUVARSKA KNjIGA \u2013 RECEPTI KOJE VREME NE MO\u017dE DA POBEDI - Svijet Misli","isPartOf":{"@id":"https:\/\/svijetmisli.com\/#website"},"primaryImageOfPage":{"@id":"https:\/\/svijetmisli.com\/sr\/shop\/bakina-kuharica\/#primaryimage"},"image":{"@id":"https:\/\/svijetmisli.com\/sr\/shop\/bakina-kuharica\/#primaryimage"},"thumbnailUrl":"https:\/\/svijetmisli.com\/wp-content\/uploads\/2026\/01\/ChatGPT-Image-21.-lis-2025.-18_33_19-converted-from-png-700x700-1.webp","datePublished":"2026-01-03T15:19:44+00:00","dateModified":"2026-02-12T15:04:23+00:00","breadcrumb":{"@id":"https:\/\/svijetmisli.com\/sr\/shop\/bakina-kuharica\/#breadcrumb"},"inLanguage":"sr-RS","potentialAction":[{"@type":"ReadAction","target":["https:\/\/svijetmisli.com\/sr\/shop\/bakina-kuharica\/"]}]},{"@type":"ImageObject","inLanguage":"sr-RS","@id":"https:\/\/svijetmisli.com\/sr\/shop\/bakina-kuharica\/#primaryimage","url":"https:\/\/svijetmisli.com\/wp-content\/uploads\/2026\/01\/ChatGPT-Image-21.-lis-2025.-18_33_19-converted-from-png-700x700-1.webp","contentUrl":"https:\/\/svijetmisli.com\/wp-content\/uploads\/2026\/01\/ChatGPT-Image-21.-lis-2025.-18_33_19-converted-from-png-700x700-1.webp","width":700,"height":700},{"@type":"BreadcrumbList","@id":"https:\/\/svijetmisli.com\/sr\/shop\/bakina-kuharica\/#breadcrumb","itemListElement":[{"@type":"ListItem","position":1,"name":"Po\u010detna stranica","item":"https:\/\/svijetmisli.com\/sr\/"},{"@type":"ListItem","position":2,"name":"Prodavnica","item":"https:\/\/svijetmisli.com\/sr\/prodavnica\/"},{"@type":"ListItem","position":3,"name":"BAKINA KUVARSKA KNjIGA \u2013 RECEPTI KOJE VREME NE MO\u017dE DA POBEDI"}]},{"@type":"WebSite","@id":"https:\/\/svijetmisli.com\/#website","url":"https:\/\/svijetmisli.com\/","name":"Svijet Misli","description":"Online knji\u017eara s knjigama za osobni rast, duhovnost, kuharicama i inspirativnim naslovima.","publisher":{"@id":"https:\/\/svijetmisli.com\/#organization"},"potentialAction":[{"@type":"SearchAction","target":{"@type":"EntryPoint","urlTemplate":"https:\/\/svijetmisli.com\/?s={search_term_string}"},"query-input":{"@type":"PropertyValueSpecification","valueRequired":true,"valueName":"search_term_string"}}],"inLanguage":"sr-RS"},{"@type":"Organization","@id":"https:\/\/svijetmisli.com\/#organization","name":"Svijet Misli","url":"https:\/\/svijetmisli.com\/","logo":{"@type":"ImageObject","inLanguage":"sr-RS","@id":"https:\/\/svijetmisli.com\/#\/schema\/logo\/image\/","url":"https:\/\/svijetmisli.com\/wp-content\/uploads\/2025\/12\/logo.png","contentUrl":"https:\/\/svijetmisli.com\/wp-content\/uploads\/2025\/12\/logo.png","width":500,"height":174,"caption":"Svijet Misli"},"image":{"@id":"https:\/\/svijetmisli.com\/#\/schema\/logo\/image\/"}}]}},"_links":{"self":[{"href":"https:\/\/svijetmisli.com\/sr\/wp-json\/wp\/v2\/product\/3295","targetHints":{"allow":["GET"]}}],"collection":[{"href":"https:\/\/svijetmisli.com\/sr\/wp-json\/wp\/v2\/product"}],"about":[{"href":"https:\/\/svijetmisli.com\/sr\/wp-json\/wp\/v2\/types\/product"}],"replies":[{"embeddable":true,"href":"https:\/\/svijetmisli.com\/sr\/wp-json\/wp\/v2\/comments?post=3295"}],"wp:featuredmedia":[{"embeddable":true,"href":"https:\/\/svijetmisli.com\/sr\/wp-json\/wp\/v2\/media\/3296"}],"wp:attachment":[{"href":"https:\/\/svijetmisli.com\/sr\/wp-json\/wp\/v2\/media?parent=3295"}],"wp:term":[{"taxonomy":"product_brand","embeddable":true,"href":"https:\/\/svijetmisli.com\/sr\/wp-json\/wp\/v2\/product_brand?post=3295"},{"taxonomy":"product_cat","embeddable":true,"href":"https:\/\/svijetmisli.com\/sr\/wp-json\/wp\/v2\/product_cat?post=3295"},{"taxonomy":"product_tag","embeddable":true,"href":"https:\/\/svijetmisli.com\/sr\/wp-json\/wp\/v2\/product_tag?post=3295"}],"curies":[{"name":"wp","href":"https:\/\/api.w.org\/{rel}","templated":true}]}}