{"id":3221,"date":"2026-01-05T11:53:43","date_gmt":"2026-01-05T11:53:43","guid":{"rendered":"https:\/\/svijetmisli.com\/shop\/kolaci-i-torte-bez-pecnice\/"},"modified":"2026-02-12T16:04:19","modified_gmt":"2026-02-12T15:04:19","slug":"kolaci-i-torte-bez-pecnice","status":"publish","type":"product","link":"https:\/\/svijetmisli.com\/sr\/shop\/kolaci-i-torte-bez-pecnice\/","title":{"rendered":"\ud83c\udf82 KOLA\u010cI I KOLA\u010cI BEZ RERNE \ud83d\udc95Najlep\u0161a kuvarica godine \u2022 Vi\u0161e od 200 isprobanih recepata \u2022 Besplatna dostava"},"content":{"rendered":"<h1 data-start=\"359\" data-end=\"396\">\ud83c\udf82 <strong data-start=\"364\" data-end=\"394\">KOLA\u010cI I KOLA\u010cI BEZ RERNE<\/strong><\/h1>\n<p data-start=\"397\" data-end=\"473\"><strong data-start=\"397\" data-end=\"473\">Najlep\u0161a kuvarska knjiga godine \u2022 Vi\u0161e od 200 testiranih recepata \u2022 Besplatna dostava<\/strong><\/p>\n<hr data-start=\"475\" data-end=\"478\" \/>\n<h1 data-start=\"480\" data-end=\"583\">\ud83c\udf70 <em data-start=\"485\" data-end=\"583\">Kuvarska knjiga koja nema nijedan \u201eprazan recept\u201c \u2014 sve je testirano. Sve funkcioni\u0161e. Sve je neverovatno.<\/em><\/h1>\n<p data-start=\"585\" data-end=\"754\">Zamislite knjigu koja vam uvek odgovara.<br data-start=\"622\" data-end=\"625\" \/>Zamislite recepte koje dete mo\u017ee da napravi.<br data-start=\"668\" data-end=\"671\" \/>Zamislite kola\u010de koji ispadnu savr\u0161eni bez rerne.<br data-start=\"718\" data-end=\"721\" \/>Zamislite ukus doma \u2014 za pet minuta.<\/p>\n<p data-start=\"756\" data-end=\"773\">To je ova knjiga.<\/p>\n<p data-start=\"775\" data-end=\"903\"><em data-start=\"775\" data-end=\"803\">\u201eKola\u010di i kola\u010di bez rerne\u201c<\/em> je najkompletnija, najlep\u0161a i najprakti\u010dnija kolekcija recepata ikada napravljena u na\u0161em region.<\/p>\n<p data-start=\"905\" data-end=\"1059\">Napravljeno za \u017eene koje \u017eele:<br data-start=\"932\" data-end=\"935\" \/>\u2728 ne\u0161to brzo<br data-start=\"947\" data-end=\"950\" \/>\u2728 ne\u0161to ukusno<br data-start=\"962\" data-end=\"965\" \/>\u2728 ne\u0161to bezbedno<br data-start=\"980\" data-end=\"983\" \/>\u2728 ne\u0161to provereno<br data-start=\"1001\" data-end=\"1004\" \/>\u2728 ne\u0161to \u0161to mogu da naprave sa onim \u0161to ve\u0107 imaju kod ku\u0107e<\/p>\n<p data-start=\"1061\" data-end=\"1175\">Svaki recept je temeljno testiran, ponovljen i potvr\u0111en \u2014 <strong data-start=\"1118\" data-end=\"1174\">bez naga\u0111anja, bez improvizacije, bez razo\u010daranje<\/strong>.<\/p>\n<hr data-start=\"1177\" data-end=\"1180\" \/>\n<h1 data-start=\"1182\" data-end=\"1218\">\ud83c\udf80 <strong data-start=\"1187\" data-end=\"1216\">Ekskluzivna opcija poklona<\/strong><\/h1>\n<p data-start=\"1371\" data-end=\"1516\">Savr\u0161en poklon za:<br data-start=\"1389\" data-end=\"1392\" \/>\ud83c\udf81 majku<br data-start=\"1400\" data-end=\"1403\" \/>\ud83c\udf81 \u017eenu<br data-start=\"1413\" data-end=\"1416\" \/>\ud83c\udf81 sestru<br data-start=\"1425\" data-end=\"1428\" \/>\ud83c\udf81 prijatelja<br data-start=\"1443\" data-end=\"1446\" \/>\ud83c\udf81 baka<br data-start=\"1453\" data-end=\"1456\" \/>\ud83c\udf81 mlada doma\u0107ica<br data-start=\"1473\" data-end=\"1476\" \/>\ud83c\udf81 gurmani<br data-start=\"1486\" data-end=\"1489\" \/>\ud83c\udf81 ljubitelji deserta<\/p>\n<p data-start=\"1518\" data-end=\"1575\">Ovo nije samo knjiga.<br data-start=\"1539\" data-end=\"1542\" \/>Ovo je emocija upakovana kao poklon.<\/p>\n<hr data-start=\"1577\" data-end=\"1580\" \/>\n<h1 data-start=\"1582\" data-end=\"1621\">\ud83c\udf53 <strong data-start=\"1587\" data-end=\"1621\">\u0160ta \u010dini ovu kuvarsku knjigu posebnom<\/strong><\/h1>\n<h3 data-start=\"1623\" data-end=\"1670\">\u2b50 <strong data-start=\"1629\" data-end=\"1668\">1. Vi\u0161e od 200 proverenih recepata<\/strong><\/h3>\n<p data-start=\"1671\" data-end=\"1755\">Bez kopiranja i lepljenja, bez izmi\u0161ljanja.<br data-start=\"1707\" data-end=\"1710\" \/>Sve je testirano, fotografisano i ponovljeno.<\/p>\n<h3 data-start=\"1757\" data-end=\"1787\">\u2b50 <strong data-start=\"1763\" data-end=\"1787\">2. Svaki recept ima:<\/strong><\/h3>\n<p data-start=\"1788\" data-end=\"1899\">\u2714 te\u017einu<br data-start=\"1796\" data-end=\"1799\" \/>\u2714 vreme pripreme<br data-start=\"1817\" data-end=\"1820\" \/>\u2714 dimenzije kalupa<br data-start=\"1838\" data-end=\"1841\" \/>\u2714 dostupne sastojke<br data-start=\"1860\" data-end=\"1863\" \/>\u2714 jasan opis<br data-start=\"1875\" data-end=\"1878\" \/>\u2714 zagarantovani rezultat<\/p>\n<h3 data-start=\"1901\" data-end=\"1943\">\u2b50 <strong data-start=\"1907\" data-end=\"1941\">3. Ne treba vam rerna \u2013 nikada<\/strong><\/h3>\n<p data-start=\"1944\" data-end=\"1983\">Samo fri\u017eider, kalup i nekoliko minuta.<\/p>\n<h3 data-start=\"1985\" data-end=\"2024\">\u2b50 <strong data-start=\"1991\" data-end=\"2022\">4. Recepti za svaku priliku<\/strong><\/h3>\n<p data-start=\"2025\" data-end=\"2114\">Porodi\u010dna nedelja, ro\u0111endan, gosti iznena\u0111enja, de\u010dja zabava, sve\u010dane torte, brze torte&#8230;<\/p>\n<h3 data-start=\"2116\" data-end=\"2168\">\u2b50 <strong data-start=\"2122\" data-end=\"2166\">5. Besplatna dostava \u0161irom Hrvatske<\/strong><\/h3>\n<p data-start=\"2169\" data-end=\"2216\">Pla\u0107ate samo za knjigu.<br data-start=\"2188\" data-end=\"2191\" \/>Mi se brinemo o svemu ostalom.<\/p>\n<hr data-start=\"2218\" data-end=\"2221\" \/>\n<h1 data-start=\"2223\" data-end=\"2252\">\ud83d\udc69\u200d\ud83c\udf73 <strong data-start=\"2231\" data-end=\"2252\">Prave recenzije<\/strong><\/h1>\n<p data-start=\"2254\" data-end=\"2374\">\u2b50 <strong data-start=\"2256\" data-end=\"2279\">Ana, 48 \u2014 Dubrovnik<\/strong><br data-start=\"2279\" data-end=\"2282\" \/><em data-start=\"2282\" data-end=\"2374\">\u201eOvo je NAJBOLjA kuvarska knjiga koju sam ikada imala. Sve radi. Sve je jasno. Sve je savr\u0161eno.\u201c<\/em><\/p>\n<p data-start=\"2376\" data-end=\"2488\">\u2b50 <strong data-start=\"2378\" data-end=\"2401\">Marija, 37 \u2014 Zagreb<\/strong><br data-start=\"2401\" data-end=\"2404\" \/><em data-start=\"2404\" data-end=\"2488\">\u201eNisam jo\u0161 prona\u0161la recept koji nije 10\/10. Svaka \u010dast autorima. Ovo je remek-delo.\u201c<\/em><\/p>\n<p data-start=\"2490\" data-end=\"2610\">\u2b50 <strong data-start=\"2492\" data-end=\"2516\">Katarina, 29 \u2014 Raskol<\/strong><br data-start=\"2516\" data-end=\"2519\" \/><em data-start=\"2519\" data-end=\"2610\">\u201eDala sam ga mami zajedno sa keceljom. Rekla je da je to najbolji poklon koji je ikada dobila.\u201c<\/em><\/p>\n<p data-start=\"2612\" data-end=\"2700\">\u2b50 <strong data-start=\"2614\" data-end=\"2635\">Iva, 34 \u2014 \u010cakovec<\/strong><br data-start=\"2635\" data-end=\"2638\" \/><em data-start=\"2638\" data-end=\"2700\">\u201eBrzo, jednostavno i ukusno. Najbolja kupovina godine.\u201c<\/em><\/p>\n<hr data-start=\"2702\" data-end=\"2705\" \/>\n<h1 data-start=\"2707\" data-end=\"2732\">\ud83d\udcd8 <strong data-start=\"2712\" data-end=\"2732\">Informacije o objavljivanju<\/strong><\/h1>\n<ul data-start=\"2734\" data-end=\"3013\">\n<li data-start=\"2734\" data-end=\"2776\">\n<p data-start=\"2736\" data-end=\"2776\"><strong data-start=\"2736\" data-end=\"2747\">Naslov:<\/strong> Kola\u010di i torte bez rerne<\/p>\n<\/li>\n<li data-start=\"2777\" data-end=\"2809\">\n<p data-start=\"2779\" data-end=\"2809\"><strong data-start=\"2779\" data-end=\"2789\">Autor:<\/strong> Global Mind Team<\/p>\n<\/li>\n<li data-start=\"2810\" data-end=\"2838\">\n<p data-start=\"2812\" data-end=\"2838\"><strong data-start=\"2812\" data-end=\"2824\">Izdava\u010d:<\/strong> Global Mind<\/p>\n<\/li>\n<li data-start=\"2839\" data-end=\"2867\">\n<p data-start=\"2841\" data-end=\"2867\"><strong data-start=\"2841\" data-end=\"2860\">Godina objavljivanja:<\/strong> 2025<\/p>\n<\/li>\n<li data-start=\"2868\" data-end=\"2891\">\n<p data-start=\"2870\" data-end=\"2891\"><strong data-start=\"2870\" data-end=\"2879\">Povez:<\/strong> Meki povez<\/p>\n<\/li>\n<li data-start=\"2892\" data-end=\"2922\">\n<p data-start=\"2894\" data-end=\"2922\"><strong data-start=\"2894\" data-end=\"2912\">Vrsta publikacije:<\/strong> \u0160tampana<\/p>\n<\/li>\n<li data-start=\"2923\" data-end=\"2949\">\n<p data-start=\"2925\" data-end=\"2949\"><strong data-start=\"2925\" data-end=\"2943\">Broj stranica:<\/strong> 50+<\/p>\n<\/li>\n<li data-start=\"2975\" data-end=\"3013\">\n<p data-start=\"2977\" data-end=\"3013\"><strong data-start=\"2977\" data-end=\"2989\">Dostava:<\/strong> Besplatno u Hrvatskoj<\/p>\n<\/li>\n<\/ul>\n","protected":false},"excerpt":{"rendered":"<h5 data-start=\"1372\" data-end=\"1439\"><strong data-start=\"1376\" data-end=\"1437\">1. \ud83c\udf70 200+ proverenih recepata koji odgovaraju svima<\/strong><\/h5>\n<p data-start=\"1440\" data-end=\"1491\">Svaki recept je testiran vi\u0161e puta \u2014 bez razo\u010darenja.<\/p>\n<h5 data-start=\"1493\" data-end=\"1534\"><strong data-start=\"1497\" data-end=\"1532\">2. \u23f1\ufe0f Brza priprema bez rerne<\/strong><\/h5>\n<p data-start=\"1535\" data-end=\"1581\">Savr\u0161eno za zauzete ljude, mame i po\u010detnike.<\/p>\n<h5 data-start=\"1583\" data-end=\"1629\"><strong data-start=\"1587\" data-end=\"1627\">3. \ud83d\udccf Jasne mere + dimenzije kalupa<\/strong><\/h5>\n<p data-start=\"1630\" data-end=\"1683\">Ta\u010dan odnos sastojaka = savr\u0161eni rezultati svaki put.<\/p>\n<h5 data-start=\"1685\" data-end=\"1745\"><strong data-start=\"1689\" data-end=\"1743\">4. \ud83c\udf81 Idealno za poklon (dekorativna kutija + kecelja)<\/strong><\/h5>\n<p data-start=\"1746\" data-end=\"1810\">Ekskluzivna opcija koja \u0107e obradovati svakog ljubitelja deserta.<\/p>\n<h5 data-start=\"1812\" data-end=\"1865\"><strong data-start=\"1816\" data-end=\"1863\">5. \ud83d\ude9a Besplatna dostava \u0161irom Hrvatske<\/strong><\/h5>\n<p data-start=\"1866\" data-end=\"1902\">Pla\u0107ate samo knjigu \u2014 dostava je 0\u20ac.<\/p>\n","protected":false},"featured_media":3222,"comment_status":"open","ping_status":"closed","template":"","meta":{"site-sidebar-layout":"default","site-content-layout":"","ast-site-content-layout":"default","site-content-style":"default","site-sidebar-style":"default","ast-global-header-display":"","ast-banner-title-visibility":"","ast-main-header-display":"","ast-hfb-above-header-display":"","ast-hfb-below-header-display":"","ast-hfb-mobile-header-display":"","site-post-title":"","ast-breadcrumbs-content":"","ast-featured-img":"","footer-sml-layout":"","ast-disable-related-posts":"","theme-transparent-header-meta":"default","adv-header-id-meta":"","stick-header-meta":"","header-above-stick-meta":"","header-main-stick-meta":"","header-below-stick-meta":"","astra-migrate-meta-layouts":"default","ast-page-background-enabled":"default","ast-page-background-meta":{"desktop":{"background-color":"var(--ast-global-color-5)","background-image":"","background-repeat":"repeat","background-position":"center center","background-size":"auto","background-attachment":"scroll","background-type":"","background-media":"","overlay-type":"","overlay-color":"","overlay-opacity":"","overlay-gradient":""},"tablet":{"background-color":"","background-image":"","background-repeat":"repeat","background-position":"center center","background-size":"auto","background-attachment":"scroll","background-type":"","background-media":"","overlay-type":"","overlay-color":"","overlay-opacity":"","overlay-gradient":""},"mobile":{"background-color":"","background-image":"","background-repeat":"repeat","background-position":"center center","background-size":"auto","background-attachment":"scroll","background-type":"","background-media":"","overlay-type":"","overlay-color":"","overlay-opacity":"","overlay-gradient":""}},"ast-content-background-meta":{"desktop":{"background-color":"var(--ast-global-color-4)","background-image":"","background-repeat":"repeat","background-position":"center center","background-size":"auto","background-attachment":"scroll","background-type":"","background-media":"","overlay-type":"","overlay-color":"","overlay-opacity":"","overlay-gradient":""},"tablet":{"background-color":"var(--ast-global-color-4)","background-image":"","background-repeat":"repeat","background-position":"center center","background-size":"auto","background-attachment":"scroll","background-type":"","background-media":"","overlay-type":"","overlay-color":"","overlay-opacity":"","overlay-gradient":""},"mobile":{"background-color":"var(--ast-global-color-4)","background-image":"","background-repeat":"repeat","background-position":"center center","background-size":"auto","background-attachment":"scroll","background-type":"","background-media":"","overlay-type":"","overlay-color":"","overlay-opacity":"","overlay-gradient":""}}},"product_brand":[],"product_cat":[64,66],"product_tag":[],"class_list":{"0":"post-3221","1":"product","2":"type-product","3":"status-publish","4":"has-post-thumbnail","6":"product_cat-knjizara","7":"product_cat-kuvarske-knjige","8":"desktop-align-left","9":"tablet-align-left","10":"mobile-align-left","12":"first","13":"instock","14":"taxable","15":"shipping-taxable","16":"purchasable","17":"product-type-simple"},"yoast_head":"<!-- This site is optimized with the Yoast SEO plugin v27.1.1 - https:\/\/yoast.com\/product\/yoast-seo-wordpress\/ -->\n<title>\ud83c\udf82 KOLA\u010cI I KOLA\u010cI BEZ RERNE \ud83d\udc95Najlep\u0161a kuvarica godine \u2022 Vi\u0161e od 200 isprobanih recepata \u2022 Besplatna dostava - Svijet Misli<\/title>\n<meta name=\"robots\" content=\"index, follow, max-snippet:-1, max-image-preview:large, max-video-preview:-1\" \/>\n<link rel=\"canonical\" href=\"https:\/\/svijetmisli.com\/sr\/shop\/kolaci-i-torte-bez-pecnice\/\" \/>\n<meta property=\"og:locale\" content=\"sr_RS\" \/>\n<meta property=\"og:type\" content=\"article\" \/>\n<meta property=\"og:title\" content=\"\ud83c\udf82 KOLA\u010cI I KOLA\u010cI BEZ RERNE \ud83d\udc95Najlep\u0161a kuvarica godine \u2022 Vi\u0161e od 200 isprobanih recepata \u2022 Besplatna dostava - Svijet Misli\" \/>\n<meta property=\"og:description\" content=\"1. \ud83c\udf70 200+ proverenih recepata koji odgovaraju svima Svaki recept je testiran vi\u0161e puta \u2014 bez razo\u010darenja.  2. \u23f1\ufe0f Brza priprema bez rerne Savr\u0161eno za zauzete ljude, mame i po\u010detnike.  3. \ud83d\udccf Jasne mere + dimenzije kalupa Ta\u010dan odnos sastojaka = savr\u0161eni rezultati svaki put.  4. \ud83c\udf81 Idealno za poklon (dekorativna kutija + kecelja) Ekskluzivna opcija koja \u0107e obradovati svakog ljubitelja deserta.  5. \ud83d\ude9a Besplatna dostava \u0161irom Hrvatske Pla\u0107ate samo knjigu \u2014 dostava je 0\u20ac.\" \/>\n<meta property=\"og:url\" content=\"https:\/\/svijetmisli.com\/sr\/shop\/kolaci-i-torte-bez-pecnice\/\" \/>\n<meta property=\"og:site_name\" content=\"Svijet Misli\" \/>\n<meta property=\"article:modified_time\" content=\"2026-02-12T15:04:19+00:00\" \/>\n<meta property=\"og:image\" content=\"https:\/\/svijetmisli.com\/wp-content\/uploads\/2026\/01\/ChatGPT-Image-13.-stu-2025.-18_59_56-converted-from-png.webp\" \/>\n\t<meta property=\"og:image:width\" content=\"1024\" \/>\n\t<meta property=\"og:image:height\" content=\"1024\" \/>\n\t<meta property=\"og:image:type\" content=\"image\/webp\" \/>\n<meta name=\"twitter:card\" content=\"summary_large_image\" \/>\n<meta name=\"twitter:label1\" content=\"Procenjeno vreme \u010ditanja\" \/>\n\t<meta name=\"twitter:data1\" content=\"2 \u043c\u0438\u043d\u0443\u0442\u0430\" \/>\n<script type=\"application\/ld+json\" class=\"yoast-schema-graph\">{\"@context\":\"https:\/\/schema.org\",\"@graph\":[{\"@type\":\"WebPage\",\"@id\":\"https:\/\/svijetmisli.com\/sr\/shop\/kolaci-i-torte-bez-pecnice\/\",\"url\":\"https:\/\/svijetmisli.com\/sr\/shop\/kolaci-i-torte-bez-pecnice\/\",\"name\":\"\ud83c\udf82 KOLA\u010cI I KOLA\u010cI BEZ RERNE \ud83d\udc95Najlep\u0161a kuvarica godine \u2022 Vi\u0161e od 200 isprobanih recepata \u2022 Besplatna dostava - Svijet Misli\",\"isPartOf\":{\"@id\":\"https:\/\/svijetmisli.com\/#website\"},\"primaryImageOfPage\":{\"@id\":\"https:\/\/svijetmisli.com\/sr\/shop\/kolaci-i-torte-bez-pecnice\/#primaryimage\"},\"image\":{\"@id\":\"https:\/\/svijetmisli.com\/sr\/shop\/kolaci-i-torte-bez-pecnice\/#primaryimage\"},\"thumbnailUrl\":\"https:\/\/svijetmisli.com\/wp-content\/uploads\/2026\/01\/ChatGPT-Image-13.-stu-2025.-18_59_56-converted-from-png.webp\",\"datePublished\":\"2026-01-05T11:53:43+00:00\",\"dateModified\":\"2026-02-12T15:04:19+00:00\",\"breadcrumb\":{\"@id\":\"https:\/\/svijetmisli.com\/sr\/shop\/kolaci-i-torte-bez-pecnice\/#breadcrumb\"},\"inLanguage\":\"sr-RS\",\"potentialAction\":[{\"@type\":\"ReadAction\",\"target\":[\"https:\/\/svijetmisli.com\/sr\/shop\/kolaci-i-torte-bez-pecnice\/\"]}]},{\"@type\":\"ImageObject\",\"inLanguage\":\"sr-RS\",\"@id\":\"https:\/\/svijetmisli.com\/sr\/shop\/kolaci-i-torte-bez-pecnice\/#primaryimage\",\"url\":\"https:\/\/svijetmisli.com\/wp-content\/uploads\/2026\/01\/ChatGPT-Image-13.-stu-2025.-18_59_56-converted-from-png.webp\",\"contentUrl\":\"https:\/\/svijetmisli.com\/wp-content\/uploads\/2026\/01\/ChatGPT-Image-13.-stu-2025.-18_59_56-converted-from-png.webp\",\"width\":1024,\"height\":1024},{\"@type\":\"BreadcrumbList\",\"@id\":\"https:\/\/svijetmisli.com\/sr\/shop\/kolaci-i-torte-bez-pecnice\/#breadcrumb\",\"itemListElement\":[{\"@type\":\"ListItem\",\"position\":1,\"name\":\"Po\u010detna stranica\",\"item\":\"https:\/\/svijetmisli.com\/sr\/\"},{\"@type\":\"ListItem\",\"position\":2,\"name\":\"Prodavnica\",\"item\":\"https:\/\/svijetmisli.com\/sr\/prodavnica\/\"},{\"@type\":\"ListItem\",\"position\":3,\"name\":\"\ud83c\udf82 KOLA\u010cI I KOLA\u010cI BEZ RERNE \ud83d\udc95Najlep\u0161a kuvarica godine \u2022 Vi\u0161e od 200 isprobanih recepata \u2022 Besplatna dostava\"}]},{\"@type\":\"WebSite\",\"@id\":\"https:\/\/svijetmisli.com\/#website\",\"url\":\"https:\/\/svijetmisli.com\/\",\"name\":\"Svijet Misli\",\"description\":\"Online knji\u017eara s knjigama za osobni rast, duhovnost, kuharicama i inspirativnim naslovima.\",\"publisher\":{\"@id\":\"https:\/\/svijetmisli.com\/#organization\"},\"potentialAction\":[{\"@type\":\"SearchAction\",\"target\":{\"@type\":\"EntryPoint\",\"urlTemplate\":\"https:\/\/svijetmisli.com\/?s={search_term_string}\"},\"query-input\":{\"@type\":\"PropertyValueSpecification\",\"valueRequired\":true,\"valueName\":\"search_term_string\"}}],\"inLanguage\":\"sr-RS\"},{\"@type\":\"Organization\",\"@id\":\"https:\/\/svijetmisli.com\/#organization\",\"name\":\"Svijet Misli\",\"url\":\"https:\/\/svijetmisli.com\/\",\"logo\":{\"@type\":\"ImageObject\",\"inLanguage\":\"sr-RS\",\"@id\":\"https:\/\/svijetmisli.com\/#\/schema\/logo\/image\/\",\"url\":\"https:\/\/svijetmisli.com\/wp-content\/uploads\/2025\/12\/logo.png\",\"contentUrl\":\"https:\/\/svijetmisli.com\/wp-content\/uploads\/2025\/12\/logo.png\",\"width\":500,\"height\":174,\"caption\":\"Svijet Misli\"},\"image\":{\"@id\":\"https:\/\/svijetmisli.com\/#\/schema\/logo\/image\/\"}}]}<\/script>\n<!-- \/ Yoast SEO plugin. -->","yoast_head_json":{"title":"\ud83c\udf82 KOLA\u010cI I KOLA\u010cI BEZ RERNE \ud83d\udc95Najlep\u0161a kuvarica godine \u2022 Vi\u0161e od 200 isprobanih recepata \u2022 Besplatna dostava - Svijet Misli","robots":{"index":"index","follow":"follow","max-snippet":"max-snippet:-1","max-image-preview":"max-image-preview:large","max-video-preview":"max-video-preview:-1"},"canonical":"https:\/\/svijetmisli.com\/sr\/shop\/kolaci-i-torte-bez-pecnice\/","og_locale":"sr_RS","og_type":"article","og_title":"\ud83c\udf82 KOLA\u010cI I KOLA\u010cI BEZ RERNE \ud83d\udc95Najlep\u0161a kuvarica godine \u2022 Vi\u0161e od 200 isprobanih recepata \u2022 Besplatna dostava - Svijet Misli","og_description":"1. \ud83c\udf70 200+ proverenih recepata koji odgovaraju svima Svaki recept je testiran vi\u0161e puta \u2014 bez razo\u010darenja.  2. \u23f1\ufe0f Brza priprema bez rerne Savr\u0161eno za zauzete ljude, mame i po\u010detnike.  3. \ud83d\udccf Jasne mere + dimenzije kalupa Ta\u010dan odnos sastojaka = savr\u0161eni rezultati svaki put.  4. \ud83c\udf81 Idealno za poklon (dekorativna kutija + kecelja) Ekskluzivna opcija koja \u0107e obradovati svakog ljubitelja deserta.  5. \ud83d\ude9a Besplatna dostava \u0161irom Hrvatske Pla\u0107ate samo knjigu \u2014 dostava je 0\u20ac.","og_url":"https:\/\/svijetmisli.com\/sr\/shop\/kolaci-i-torte-bez-pecnice\/","og_site_name":"Svijet Misli","article_modified_time":"2026-02-12T15:04:19+00:00","og_image":[{"width":1024,"height":1024,"url":"https:\/\/svijetmisli.com\/wp-content\/uploads\/2026\/01\/ChatGPT-Image-13.-stu-2025.-18_59_56-converted-from-png.webp","type":"image\/webp"}],"twitter_card":"summary_large_image","twitter_misc":{"Procenjeno vreme \u010ditanja":"2 \u043c\u0438\u043d\u0443\u0442\u0430"},"schema":{"@context":"https:\/\/schema.org","@graph":[{"@type":"WebPage","@id":"https:\/\/svijetmisli.com\/sr\/shop\/kolaci-i-torte-bez-pecnice\/","url":"https:\/\/svijetmisli.com\/sr\/shop\/kolaci-i-torte-bez-pecnice\/","name":"\ud83c\udf82 KOLA\u010cI I KOLA\u010cI BEZ RERNE \ud83d\udc95Najlep\u0161a kuvarica godine \u2022 Vi\u0161e od 200 isprobanih recepata \u2022 Besplatna dostava - Svijet Misli","isPartOf":{"@id":"https:\/\/svijetmisli.com\/#website"},"primaryImageOfPage":{"@id":"https:\/\/svijetmisli.com\/sr\/shop\/kolaci-i-torte-bez-pecnice\/#primaryimage"},"image":{"@id":"https:\/\/svijetmisli.com\/sr\/shop\/kolaci-i-torte-bez-pecnice\/#primaryimage"},"thumbnailUrl":"https:\/\/svijetmisli.com\/wp-content\/uploads\/2026\/01\/ChatGPT-Image-13.-stu-2025.-18_59_56-converted-from-png.webp","datePublished":"2026-01-05T11:53:43+00:00","dateModified":"2026-02-12T15:04:19+00:00","breadcrumb":{"@id":"https:\/\/svijetmisli.com\/sr\/shop\/kolaci-i-torte-bez-pecnice\/#breadcrumb"},"inLanguage":"sr-RS","potentialAction":[{"@type":"ReadAction","target":["https:\/\/svijetmisli.com\/sr\/shop\/kolaci-i-torte-bez-pecnice\/"]}]},{"@type":"ImageObject","inLanguage":"sr-RS","@id":"https:\/\/svijetmisli.com\/sr\/shop\/kolaci-i-torte-bez-pecnice\/#primaryimage","url":"https:\/\/svijetmisli.com\/wp-content\/uploads\/2026\/01\/ChatGPT-Image-13.-stu-2025.-18_59_56-converted-from-png.webp","contentUrl":"https:\/\/svijetmisli.com\/wp-content\/uploads\/2026\/01\/ChatGPT-Image-13.-stu-2025.-18_59_56-converted-from-png.webp","width":1024,"height":1024},{"@type":"BreadcrumbList","@id":"https:\/\/svijetmisli.com\/sr\/shop\/kolaci-i-torte-bez-pecnice\/#breadcrumb","itemListElement":[{"@type":"ListItem","position":1,"name":"Po\u010detna stranica","item":"https:\/\/svijetmisli.com\/sr\/"},{"@type":"ListItem","position":2,"name":"Prodavnica","item":"https:\/\/svijetmisli.com\/sr\/prodavnica\/"},{"@type":"ListItem","position":3,"name":"\ud83c\udf82 KOLA\u010cI I KOLA\u010cI BEZ RERNE \ud83d\udc95Najlep\u0161a kuvarica godine \u2022 Vi\u0161e od 200 isprobanih recepata \u2022 Besplatna dostava"}]},{"@type":"WebSite","@id":"https:\/\/svijetmisli.com\/#website","url":"https:\/\/svijetmisli.com\/","name":"Svijet Misli","description":"Online knji\u017eara s knjigama za osobni rast, duhovnost, kuharicama i inspirativnim naslovima.","publisher":{"@id":"https:\/\/svijetmisli.com\/#organization"},"potentialAction":[{"@type":"SearchAction","target":{"@type":"EntryPoint","urlTemplate":"https:\/\/svijetmisli.com\/?s={search_term_string}"},"query-input":{"@type":"PropertyValueSpecification","valueRequired":true,"valueName":"search_term_string"}}],"inLanguage":"sr-RS"},{"@type":"Organization","@id":"https:\/\/svijetmisli.com\/#organization","name":"Svijet Misli","url":"https:\/\/svijetmisli.com\/","logo":{"@type":"ImageObject","inLanguage":"sr-RS","@id":"https:\/\/svijetmisli.com\/#\/schema\/logo\/image\/","url":"https:\/\/svijetmisli.com\/wp-content\/uploads\/2025\/12\/logo.png","contentUrl":"https:\/\/svijetmisli.com\/wp-content\/uploads\/2025\/12\/logo.png","width":500,"height":174,"caption":"Svijet Misli"},"image":{"@id":"https:\/\/svijetmisli.com\/#\/schema\/logo\/image\/"}}]}},"_links":{"self":[{"href":"https:\/\/svijetmisli.com\/sr\/wp-json\/wp\/v2\/product\/3221","targetHints":{"allow":["GET"]}}],"collection":[{"href":"https:\/\/svijetmisli.com\/sr\/wp-json\/wp\/v2\/product"}],"about":[{"href":"https:\/\/svijetmisli.com\/sr\/wp-json\/wp\/v2\/types\/product"}],"replies":[{"embeddable":true,"href":"https:\/\/svijetmisli.com\/sr\/wp-json\/wp\/v2\/comments?post=3221"}],"wp:featuredmedia":[{"embeddable":true,"href":"https:\/\/svijetmisli.com\/sr\/wp-json\/wp\/v2\/media\/3222"}],"wp:attachment":[{"href":"https:\/\/svijetmisli.com\/sr\/wp-json\/wp\/v2\/media?parent=3221"}],"wp:term":[{"taxonomy":"product_brand","embeddable":true,"href":"https:\/\/svijetmisli.com\/sr\/wp-json\/wp\/v2\/product_brand?post=3221"},{"taxonomy":"product_cat","embeddable":true,"href":"https:\/\/svijetmisli.com\/sr\/wp-json\/wp\/v2\/product_cat?post=3221"},{"taxonomy":"product_tag","embeddable":true,"href":"https:\/\/svijetmisli.com\/sr\/wp-json\/wp\/v2\/product_tag?post=3221"}],"curies":[{"name":"wp","href":"https:\/\/api.w.org\/{rel}","templated":true}]}}