{"id":4049,"date":"2026-03-26T01:55:21","date_gmt":"2026-03-26T00:55:21","guid":{"rendered":"https:\/\/svijetmisli.com\/?post_type=product&#038;p=4049"},"modified":"2026-04-01T18:34:30","modified_gmt":"2026-04-01T16:34:30","slug":"za-5-leto-bit-boste-isto-ce-danes-nic-ne-spremenis-se","status":"publish","type":"product","link":"https:\/\/svijetmisli.com\/sl\/shop\/za-5-leto-bit-boste-isto-ce-danes-nic-ne-spremenis-se\/","title":{"rendered":"ZA 5 LETO BIT BOSTE ISTO \u2013 \u010cE DANES NI\u010c NE SPREMENI\u0160 SE"},"content":{"rendered":"<h1 data-section-id=\"bnv6y8\" data-start=\"135\" data-end=\"196\">\ud83d\udca3 ZA 5 LETO BIT BOSTE ISTO \u2013 \u010cE DANES NI\u010c NE SPREMENI\u0160 SE<\/h1>\n<h3 data-section-id=\"1299u4m\" data-start=\"198\" data-end=\"285\"><em data-start=\"202\" data-end=\"285\">Resnica ki izogiba\u0161 se \u2013 in na\u010drt kako kon\u010dno prenos nadzor \u010dez s svojimi \u017eivljenje<\/em><\/h3>\n<hr data-start=\"287\" data-end=\"290\" \/>\n<h2 data-section-id=\"6snn9m\" data-start=\"292\" data-end=\"319\">\u26a0\ufe0f PREBERITE TO ISKRENO\u2026<\/h2>\n<p data-start=\"321\" data-end=\"357\">\u010ce nadaljevati takole kako \u017eivi\u0161 danes\u2026<\/p>\n<p data-start=\"359\" data-end=\"417\">\ud83d\udc49 tudi odsevi<br data-start=\"379\" data-end=\"382\" \/>\ud83d\udc49 enako navade<br data-start=\"396\" data-end=\"399\" \/>\ud83d\udc49 enako te\u017eave<\/p>\n<p data-start=\"419\" data-end=\"445\">Kje bo\u0161 biti za 5 leto?<\/p>\n<hr data-start=\"447\" data-end=\"450\" \/>\n<h2 data-section-id=\"98jv65\" data-start=\"452\" data-end=\"490\">\ud83d\udca5 ODGOVOR WHO NIH\u010cE NE \u017dELJE SLI\u0160ITE:<\/h2>\n<p data-start=\"492\" data-end=\"511\">\ud83d\udc49 Vklopljeno enako kraj.<\/p>\n<p data-start=\"513\" data-end=\"574\">Morda malo bolj utrujen\/a.<br data-start=\"533\" data-end=\"536\" \/>Morda malo bolj razo\u010daran.<br data-start=\"561\" data-end=\"564\" \/>Ampak &#8230; enako.<\/p>\n<hr data-start=\"576\" data-end=\"579\" \/>\n<h2 data-section-id=\"2tr7p9\" data-start=\"581\" data-end=\"605\">\ud83d\ude33 IN IT NE PO NAKLJU\u010cJU<\/h2>\n<p data-start=\"607\" data-end=\"681\">Ni problem v dr\u017eava.<br data-start=\"629\" data-end=\"632\" \/>Ni problem v okolje.<br data-start=\"655\" data-end=\"658\" \/>Ni problem v &#8220;sre\u010da&#8221;.<\/p>\n<p data-start=\"683\" data-end=\"732\">\ud83d\udc49 Te\u017eava je v obrazec WHO ponavlja\u0161 vsak dan.<\/p>\n<hr data-start=\"734\" data-end=\"737\" \/>\n<h2 data-section-id=\"19gzblr\" data-start=\"739\" data-end=\"773\">\ud83d\udd25 TO REZERVIRAJ VOLJA TI RECI RESNICA<\/h2>\n<p data-start=\"775\" data-end=\"819\">Be\u017e motivacijski la\u017ei.<br data-start=\"798\" data-end=\"801\" \/>Be\u017e prazno fraza.<\/p>\n<p data-start=\"821\" data-end=\"848\">\ud83d\udc49 Samo to kaj mora\u0161 sli\u0161ati.<\/p>\n<hr data-start=\"850\" data-end=\"853\" \/>\n<h2 data-section-id=\"iussm9\" data-start=\"855\" data-end=\"876\">\ud83d\udca3 KAJ BOSTE U\u010cI SE<\/h2>\n<p data-start=\"878\" data-end=\"1104\">\u2714 Zakaj stoji\u0161 na kraj (\u010deprav do poskusi\u0161)<br data-start=\"919\" data-end=\"922\" \/>\u2714 Kateri navade in dr\u017eijo ujet<br data-start=\"955\" data-end=\"958\" \/>\u2714 Kako odmor du\u0161evno blokade<br data-start=\"989\" data-end=\"992\" \/>\u2714 Kako za\u010detek prinesti odlo\u010ditve ki spremenijo se \u017eivljenje<br data-start=\"1042\" data-end=\"1045\" \/>\u2714 Kako prenos popolno nadzor \u010dez smer v na katerega gre\u0161<\/p>\n<hr data-start=\"1106\" data-end=\"1109\" \/>\n<h2 data-section-id=\"apuwe9\" data-start=\"1111\" data-end=\"1138\">\u26a1 TO NE REZERVIRAJ ZA VSE<\/h2>\n<p data-start=\"1140\" data-end=\"1215\">\u274c \u010ce i\u0161\u010de\u0161 motivacija \u2013 ni za ti<br data-start=\"1178\" data-end=\"1181\" \/>\u274c \u010ce i\u0161\u010de\u0161 izgovori \u2013 presko\u010di<\/p>\n<p data-start=\"1217\" data-end=\"1255\">\ud83d\udc49 To je za ljudje WHO \u017eele sprememba.<\/p>\n<hr data-start=\"1257\" data-end=\"1260\" \/>\n<h2 data-section-id=\"5oacj8\" data-start=\"1262\" data-end=\"1276\">\ud83d\udcd6 VKLOPLJENO KNJIGE<\/h2>\n<p data-start=\"1278\" data-end=\"1398\">&#8220;Za 5 leto bit bo\u0161 enako \u2013 \u010de danes ni\u010d ne &#8220;sprememba&#8221; potencialne stranke in skozi brutalno iskren postopek soo\u010denja z resni\u010dnost.<\/p>\n<p data-start=\"1400\" data-end=\"1417\">Be\u017e polep\u0161anje.<\/p>\n<p data-start=\"1419\" data-end=\"1431\">Predstave ti:<\/p>\n<ul data-start=\"1432\" data-end=\"1525\">\n<li data-section-id=\"2zpfwe\" data-start=\"1432\" data-end=\"1449\">\n<p data-start=\"1434\" data-end=\"1449\">kje moti\u0161 se<\/p>\n<\/li>\n<li data-section-id=\"1m23mzd\" data-start=\"1450\" data-end=\"1475\">\n<p data-start=\"1452\" data-end=\"1475\">zakaj do vrti\u0161 se v naro\u010dje<\/p>\n<\/li>\n<li data-section-id=\"1cbvigu\" data-start=\"1476\" data-end=\"1525\">\n<p data-start=\"1478\" data-end=\"1525\">in kaj to\u010dno mora\u0161 narediti to gre\u0161 ven od toga<\/p>\n<\/li>\n<\/ul>\n<p data-start=\"1527\" data-end=\"1570\">\ud83d\udc49 To ni navdih.<br data-start=\"1551\" data-end=\"1554\" \/>\ud83d\udc49 To je ponastavi.<\/p>\n<hr data-start=\"1572\" data-end=\"1575\" \/>\n<h2 data-section-id=\"1drxbfq\" data-start=\"1577\" data-end=\"1592\">\ud83d\udcda POGLAVJA<\/h2>\n<h3 data-section-id=\"1dhyn8b\" data-start=\"1594\" data-end=\"1632\">1. La\u017ei ki ti si sam sebi govori\u0161<\/h3>\n<p data-start=\"1633\" data-end=\"1679\">Zakaj Ali verjame\u0161? stvari ki in dr\u017eijo na kraj<\/p>\n<h3 data-section-id=\"1q3j0w9\" data-start=\"1681\" data-end=\"1719\">2. Udobje cona WHO in uni\u010di<\/h3>\n<p data-start=\"1720\" data-end=\"1748\">Zakaj varnost = stagnacija<\/p>\n<h3 data-section-id=\"1rqrhgg\" data-start=\"1750\" data-end=\"1785\">3. Navade ki ti kradejo \u017eivljenje<\/h3>\n<p data-start=\"1786\" data-end=\"1820\">Majhna stvari ki delajo velik \u0161koda<\/p>\n<h3 data-section-id=\"17q8et9\" data-start=\"1822\" data-end=\"1850\">4. Resnica na disciplina<\/h3>\n<p data-start=\"1851\" data-end=\"1885\">Zakaj ve\u010dina ljudje nikoli ne uspeti<\/p>\n<h3 data-section-id=\"14ddhg6\" data-start=\"1887\" data-end=\"1920\">5. Prenesi odgovornosti<\/h3>\n<p data-start=\"1921\" data-end=\"1946\">Trenutek kdaj vse za\u010dne<\/p>\n<h3 data-section-id=\"19l2yzl\" data-start=\"1948\" data-end=\"1998\">6. Kako prinesti odlo\u010ditve ki spremenijo se \u017eivljenje<\/h3>\n<p data-start=\"1999\" data-end=\"2025\">Be\u017e strah in odla\u0161anje<\/p>\n<h3 data-section-id=\"h53ks9\" data-start=\"2027\" data-end=\"2050\">7. Osredoto\u010denost in dejanje<\/h3>\n<p data-start=\"2051\" data-end=\"2083\">Kako prenehati odlo\u017eiti in premakniti<\/p>\n<h3 data-section-id=\"7ek4ct\" data-start=\"2085\" data-end=\"2104\">8. Novo smer<\/h3>\n<p data-start=\"2105\" data-end=\"2136\">Kako graditi \u017eivljenje WHO \u017eeli\u0161<\/p>\n<hr data-start=\"2138\" data-end=\"2141\" \/>\n<h2 data-section-id=\"17ll8qe\" data-start=\"2143\" data-end=\"2157\">\u2b50 MNENJA<\/h2>\n<p data-start=\"2159\" data-end=\"2240\">\u2b50\ufe0f\u2b50\ufe0f\u2b50\ufe0f\u2b50\ufe0f\u2b50\ufe0f\u2b50\ufe0f<br data-start=\"2169\" data-end=\"2172\" \/>&#8220;To knjiga jaz dobesedno udaril \u2026 ampak jaz je to potrebno.\u201d \u2013 Marko K.<\/p>\n<p data-start=\"2242\" data-end=\"2311\">\u2b50\ufe0f\u2b50\ufe0f\u2b50\ufe0f\u2b50\ufe0f\u2b50\ufe0f\u2b50\ufe0f<br data-start=\"2252\" data-end=\"2255\" \/>&#8220;Ni igranje. Vse neposredno in brutalno iskreno.&#8221; \u2013 Janez B.<\/p>\n<p data-start=\"2313\" data-end=\"2370\">\u2b50\ufe0f\u2b50\ufe0f\u2b50\ufe0f\u2b50\ufe0f\u2b50\ufe0f\u2b50\ufe0f<br data-start=\"2323\" data-end=\"2326\" \/>&#8220;Naredila me je jaz to kon\u010dno &#8220;Odhajam.&#8221; \u2013 Peter M.<\/p>\n<p data-start=\"2372\" data-end=\"2441\">\u2b50\ufe0f\u2b50\ufe0f\u2b50\ufe0f\u2b50\ufe0f\u2b50\ufe0f\u2b50\ufe0f<br data-start=\"2382\" data-end=\"2385\" \/>&#8220;Najbolj\u0161i&#8221; stvar ki sam prebrati te leto.\u201d \u2013 Pristani\u0161\u010de D.<\/p>\n<hr data-start=\"2443\" data-end=\"2446\" \/>\n<h2 data-section-id=\"18k3502\" data-start=\"2448\" data-end=\"2467\">\ud83d\udce6 SPECIFIKACIJE<\/h2>\n<ul data-start=\"2469\" data-end=\"2631\">\n<li data-section-id=\"1evbnul\" data-start=\"2469\" data-end=\"2496\">\n<p data-start=\"2471\" data-end=\"2496\">Avtor: Globix Uredni\u0161tvo<\/p>\n<\/li>\n<li data-section-id=\"2i366h\" data-start=\"2497\" data-end=\"2516\">\n<p data-start=\"2499\" data-end=\"2516\">Zalo\u017enik: Globix<\/p>\n<\/li>\n<li data-section-id=\"5us98d\" data-start=\"2517\" data-end=\"2533\">\n<p data-start=\"2519\" data-end=\"2533\">Leto: 2026<\/p>\n<\/li>\n<li data-section-id=\"nimznq\" data-start=\"2534\" data-end=\"2556\">\n<p data-start=\"2536\" data-end=\"2556\">\u0160tevilka stran: 202<\/p>\n<\/li>\n<li data-section-id=\"124h6fs\" data-start=\"2557\" data-end=\"2576\">\n<p data-start=\"2559\" data-end=\"2576\">Vezava: Mehko vezava<\/p>\n<\/li>\n<li data-section-id=\"3jr7fx\" data-start=\"2577\" data-end=\"2596\">\n<p data-start=\"2579\" data-end=\"2596\">Jezik: sloven\u0161\u010dina<\/p>\n<\/li>\n<li data-section-id=\"6u44xe\" data-start=\"2597\" data-end=\"2631\">\n<p data-start=\"2599\" data-end=\"2631\">Oblika: Knjiga (fizi\u010dno izdaja)<\/p>\n<\/li>\n<\/ul>\n<hr data-start=\"2633\" data-end=\"2636\" \/>\n<h2 data-section-id=\"32kp3e\" data-start=\"2638\" data-end=\"2650\">\ud83d\udcb8 CENA<\/h2>\n<p data-start=\"2652\" data-end=\"2691\">\ud83d\udc49 <strong data-start=\"2655\" data-end=\"2666\">19,99 \u20ac<\/strong><br data-start=\"2666\" data-end=\"2669\" \/>\ud83d\ude9a Dostava: <strong data-start=\"2681\" data-end=\"2691\">5,49 \u20ac<\/strong><\/p>\n<hr data-start=\"2693\" data-end=\"2696\" \/>\n<h2 data-section-id=\"1aon1ai\" data-start=\"2698\" data-end=\"2711\">\u23f3 RESNI\u010cNOST<\/h2>\n<p data-start=\"2713\" data-end=\"2765\">\u010cas grem.<br data-start=\"2725\" data-end=\"2728\" \/>Ti ti se odlo\u010di\u0161 ali \u017eeli\u0161 ali njega uporaba.<\/p>\n<p data-start=\"2767\" data-end=\"2847\">\ud83d\udc49 Ali bo\u0161 za 5 leto spet biti tukaj &#8230;<br data-start=\"2806\" data-end=\"2809\" \/>\ud83d\udc49 Ali bo\u0161 narediti prvi korak danes.<\/p>\n<hr data-start=\"2849\" data-end=\"2852\" \/>\n<h2 data-section-id=\"1bub741\" data-start=\"2854\" data-end=\"2879\">\ud83d\udea8 OMEJENA ZNESEK<\/h2>\n<p data-start=\"2881\" data-end=\"2917\">Velika obresti \u2013 zaloge hitro izginiti.<\/p>\n<hr data-start=\"2919\" data-end=\"2922\" \/>\n<h2 data-section-id=\"1fi325v\" data-start=\"2924\" data-end=\"2942\">\ud83d\udc49 NARO\u010cILO TAKOJ<\/h2>\n<p data-start=\"2944\" data-end=\"2979\">\ud83d\uded2 Kliknite in varno njegovo kopija<\/p>\n","protected":false},"excerpt":{"rendered":"<h3 data-section-id=\"1iiz7fh\" data-start=\"769\" data-end=\"801\">1. \ud83d\udca3 SOO\u010cANJA TE Z RESNICA<\/h3>\n<p data-start=\"802\" data-end=\"870\">Be\u017e polep\u0161anje \u2014 jasno vidi\u0161 kaj in zavora in zakaj stoji\u0161 na kraj.<\/p>\n<hr data-start=\"872\" data-end=\"875\" \/>\n<h3 data-section-id=\"tsb3nu\" data-start=\"877\" data-end=\"907\">2. \u26a1 PREKINITEV SLABO NAVADE<\/h3>\n<p data-start=\"908\" data-end=\"973\">\u0160tudira\u0161. kako prepoznati in odstraniti obrazci WHO ti sabota\u017ea \u017eivljenje.<\/p>\n<hr data-start=\"975\" data-end=\"978\" \/>\n<h3 data-section-id=\"1tongfn\" data-start=\"980\" data-end=\"1009\">3. \ud83d\udd25 ZA\u010cNE VKLOPLJENO AKCIJA<\/h3>\n<p data-start=\"1010\" data-end=\"1058\">Ti se ustavi. odlo\u017eiti in kon\u010dno za\u010denja\u0161 ukrepati.<\/p>\n<hr data-start=\"1060\" data-end=\"1063\" \/>\n<h3 data-section-id=\"fuhvfr\" data-start=\"1065\" data-end=\"1103\">4. \ud83e\udde0 SPREMEMBE POT MISLI<\/h3>\n<p data-start=\"1104\" data-end=\"1164\">Razvija\u0161 se. miselnost WHO potencialne stranke glede na rezultati, ne izgovorov.<\/p>\n<hr data-start=\"1166\" data-end=\"1169\" \/>\n<h3 data-section-id=\"lml0cn\" data-start=\"1171\" data-end=\"1213\">5. \ud83d\ude80 PRENESE\u0160 NADZOR KONEC Z \u017dIVLJENJEM<\/h3>\n<p data-start=\"1214\" data-end=\"1264\">Prinese\u0161 bolj\u0161e odlo\u010ditve in odhaja\u0161 v smer WHO \u017eeli\u0161.<\/p>\n","protected":false},"featured_media":4417,"comment_status":"closed","ping_status":"closed","template":"","meta":{"site-sidebar-layout":"default","site-content-layout":"","ast-site-content-layout":"default","site-content-style":"default","site-sidebar-style":"default","ast-global-header-display":"","ast-banner-title-visibility":"","ast-main-header-display":"","ast-hfb-above-header-display":"","ast-hfb-below-header-display":"","ast-hfb-mobile-header-display":"","site-post-title":"","ast-breadcrumbs-content":"","ast-featured-img":"","footer-sml-layout":"","ast-disable-related-posts":"","theme-transparent-header-meta":"","adv-header-id-meta":"","stick-header-meta":"","header-above-stick-meta":"","header-main-stick-meta":"","header-below-stick-meta":"","astra-migrate-meta-layouts":"set","ast-page-background-enabled":"default","ast-page-background-meta":{"desktop":{"background-color":"var(--ast-global-color-5)","background-image":"","background-repeat":"repeat","background-position":"center center","background-size":"auto","background-attachment":"scroll","background-type":"","background-media":"","overlay-type":"","overlay-color":"","overlay-opacity":"","overlay-gradient":""},"tablet":{"background-color":"","background-image":"","background-repeat":"repeat","background-position":"center center","background-size":"auto","background-attachment":"scroll","background-type":"","background-media":"","overlay-type":"","overlay-color":"","overlay-opacity":"","overlay-gradient":""},"mobile":{"background-color":"","background-image":"","background-repeat":"repeat","background-position":"center center","background-size":"auto","background-attachment":"scroll","background-type":"","background-media":"","overlay-type":"","overlay-color":"","overlay-opacity":"","overlay-gradient":""}},"ast-content-background-meta":{"desktop":{"background-color":"var(--ast-global-color-4)","background-image":"","background-repeat":"repeat","background-position":"center center","background-size":"auto","background-attachment":"scroll","background-type":"","background-media":"","overlay-type":"","overlay-color":"","overlay-opacity":"","overlay-gradient":""},"tablet":{"background-color":"var(--ast-global-color-4)","background-image":"","background-repeat":"repeat","background-position":"center center","background-size":"auto","background-attachment":"scroll","background-type":"","background-media":"","overlay-type":"","overlay-color":"","overlay-opacity":"","overlay-gradient":""},"mobile":{"background-color":"var(--ast-global-color-4)","background-image":"","background-repeat":"repeat","background-position":"center center","background-size":"auto","background-attachment":"scroll","background-type":"","background-media":"","overlay-type":"","overlay-color":"","overlay-opacity":"","overlay-gradient":""}}},"product_brand":[],"product_cat":[65,101],"product_tag":[],"class_list":{"0":"post-4049","1":"product","2":"type-product","3":"status-publish","4":"has-post-thumbnail","6":"product_cat-knjigarna","7":"product_cat-motivacija-disciplina-in-osebni-razvoj","8":"desktop-align-left","9":"tablet-align-left","10":"mobile-align-left","12":"first","13":"instock","14":"sale","15":"taxable","16":"shipping-taxable","17":"purchasable","18":"product-type-simple"},"yoast_head":"<!-- This site is optimized with the Yoast SEO plugin v27.1.1 - https:\/\/yoast.com\/product\/yoast-seo-wordpress\/ -->\n<title>ZA 5 LETO BIT BOSTE ISTO \u2013 \u010cE DANES NI\u010c NE SPREMENI\u0160 SE - Svijet Misli<\/title>\n<meta name=\"description\" content=\"Kje bo\u0161 \u010dez 5 let, \u010de danes ni\u010d ne spremeni\u0161? Brutalno iskrena knjiga, ki razbije tvoje izgovore, razkrije \u0161kodljive navade in ti poka\u017ee, kako prevzeti popoln nadzor nad svojim \u017eivljenjem.\" \/>\n<meta name=\"robots\" content=\"index, follow, max-snippet:-1, max-image-preview:large, max-video-preview:-1\" \/>\n<link rel=\"canonical\" href=\"https:\/\/svijetmisli.com\/sl\/shop\/za-5-leto-bit-boste-isto-ce-danes-nic-ne-spremenis-se\/\" \/>\n<meta property=\"og:locale\" content=\"sl_SI\" \/>\n<meta property=\"og:type\" content=\"article\" \/>\n<meta property=\"og:title\" content=\"ZA 5 LETO BIT BOSTE ISTO \u2013 \u010cE DANES NI\u010c NE SPREMENI\u0160 SE - Svijet Misli\" \/>\n<meta property=\"og:description\" content=\"Kje bo\u0161 \u010dez 5 let, \u010de danes ni\u010d ne spremeni\u0161? Brutalno iskrena knjiga, ki razbije tvoje izgovore, razkrije \u0161kodljive navade in ti poka\u017ee, kako prevzeti popoln nadzor nad svojim \u017eivljenjem.\" \/>\n<meta property=\"og:url\" content=\"https:\/\/svijetmisli.com\/sl\/shop\/za-5-leto-bit-boste-isto-ce-danes-nic-ne-spremenis-se\/\" \/>\n<meta property=\"og:site_name\" content=\"Svijet Misli\" \/>\n<meta property=\"article:modified_time\" content=\"2026-04-01T16:34:30+00:00\" \/>\n<meta property=\"og:image\" content=\"https:\/\/svijetmisli.com\/wp-content\/uploads\/2026\/03\/za-5-godina-slo-3-converted-from-png.webp\" \/>\n\t<meta property=\"og:image:width\" content=\"1024\" \/>\n\t<meta property=\"og:image:height\" content=\"1024\" \/>\n\t<meta property=\"og:image:type\" content=\"image\/webp\" \/>\n<meta name=\"twitter:card\" content=\"summary_large_image\" \/>\n<meta name=\"twitter:label1\" content=\"Est. reading time\" \/>\n\t<meta name=\"twitter:data1\" content=\"3 minute\" \/>\n<script type=\"application\/ld+json\" class=\"yoast-schema-graph\">{\"@context\":\"https:\/\/schema.org\",\"@graph\":[{\"@type\":\"WebPage\",\"@id\":\"https:\/\/svijetmisli.com\/sl\/shop\/za-5-leto-bit-boste-isto-ce-danes-nic-ne-spremenis-se\/\",\"url\":\"https:\/\/svijetmisli.com\/sl\/shop\/za-5-leto-bit-boste-isto-ce-danes-nic-ne-spremenis-se\/\",\"name\":\"ZA 5 LETO BIT BOSTE ISTO \u2013 \u010cE DANES NI\u010c NE SPREMENI\u0160 SE - Svijet Misli\",\"isPartOf\":{\"@id\":\"https:\/\/svijetmisli.com\/#website\"},\"primaryImageOfPage\":{\"@id\":\"https:\/\/svijetmisli.com\/sl\/shop\/za-5-leto-bit-boste-isto-ce-danes-nic-ne-spremenis-se\/#primaryimage\"},\"image\":{\"@id\":\"https:\/\/svijetmisli.com\/sl\/shop\/za-5-leto-bit-boste-isto-ce-danes-nic-ne-spremenis-se\/#primaryimage\"},\"thumbnailUrl\":\"https:\/\/svijetmisli.com\/wp-content\/uploads\/2026\/03\/za-5-godina-slo-3-converted-from-png.webp\",\"datePublished\":\"2026-03-26T00:55:21+00:00\",\"dateModified\":\"2026-04-01T16:34:30+00:00\",\"description\":\"Kje bo\u0161 \u010dez 5 let, \u010de danes ni\u010d ne spremeni\u0161? Brutalno iskrena knjiga, ki razbije tvoje izgovore, razkrije \u0161kodljive navade in ti poka\u017ee, kako prevzeti popoln nadzor nad svojim \u017eivljenjem.\",\"breadcrumb\":{\"@id\":\"https:\/\/svijetmisli.com\/sl\/shop\/za-5-leto-bit-boste-isto-ce-danes-nic-ne-spremenis-se\/#breadcrumb\"},\"inLanguage\":\"sl-SI\",\"potentialAction\":[{\"@type\":\"ReadAction\",\"target\":[\"https:\/\/svijetmisli.com\/sl\/shop\/za-5-leto-bit-boste-isto-ce-danes-nic-ne-spremenis-se\/\"]}]},{\"@type\":\"ImageObject\",\"inLanguage\":\"sl-SI\",\"@id\":\"https:\/\/svijetmisli.com\/sl\/shop\/za-5-leto-bit-boste-isto-ce-danes-nic-ne-spremenis-se\/#primaryimage\",\"url\":\"https:\/\/svijetmisli.com\/wp-content\/uploads\/2026\/03\/za-5-godina-slo-3-converted-from-png.webp\",\"contentUrl\":\"https:\/\/svijetmisli.com\/wp-content\/uploads\/2026\/03\/za-5-godina-slo-3-converted-from-png.webp\",\"width\":1024,\"height\":1024},{\"@type\":\"BreadcrumbList\",\"@id\":\"https:\/\/svijetmisli.com\/sl\/shop\/za-5-leto-bit-boste-isto-ce-danes-nic-ne-spremenis-se\/#breadcrumb\",\"itemListElement\":[{\"@type\":\"ListItem\",\"position\":1,\"name\":\"Po\u010detna stranica\",\"item\":\"https:\/\/svijetmisli.com\/sl\/\"},{\"@type\":\"ListItem\",\"position\":2,\"name\":\"Trgovina\",\"item\":\"https:\/\/svijetmisli.com\/sl\/trgovina\/\"},{\"@type\":\"ListItem\",\"position\":3,\"name\":\"ZA 5 LETO BIT BOSTE ISTO \u2013 \u010cE DANES NI\u010c NE SPREMENI\u0160 SE\"}]},{\"@type\":\"WebSite\",\"@id\":\"https:\/\/svijetmisli.com\/#website\",\"url\":\"https:\/\/svijetmisli.com\/\",\"name\":\"Svijet Misli\",\"description\":\"Online knji\u017eara s knjigama za osobni rast, duhovnost, kuharicama i inspirativnim naslovima.\",\"publisher\":{\"@id\":\"https:\/\/svijetmisli.com\/#organization\"},\"potentialAction\":[{\"@type\":\"SearchAction\",\"target\":{\"@type\":\"EntryPoint\",\"urlTemplate\":\"https:\/\/svijetmisli.com\/?s={search_term_string}\"},\"query-input\":{\"@type\":\"PropertyValueSpecification\",\"valueRequired\":true,\"valueName\":\"search_term_string\"}}],\"inLanguage\":\"sl-SI\"},{\"@type\":\"Organization\",\"@id\":\"https:\/\/svijetmisli.com\/#organization\",\"name\":\"Svijet Misli\",\"url\":\"https:\/\/svijetmisli.com\/\",\"logo\":{\"@type\":\"ImageObject\",\"inLanguage\":\"sl-SI\",\"@id\":\"https:\/\/svijetmisli.com\/#\/schema\/logo\/image\/\",\"url\":\"https:\/\/svijetmisli.com\/wp-content\/uploads\/2025\/12\/logo.png\",\"contentUrl\":\"https:\/\/svijetmisli.com\/wp-content\/uploads\/2025\/12\/logo.png\",\"width\":500,\"height\":174,\"caption\":\"Svijet Misli\"},\"image\":{\"@id\":\"https:\/\/svijetmisli.com\/#\/schema\/logo\/image\/\"}}]}<\/script>\n<!-- \/ Yoast SEO plugin. -->","yoast_head_json":{"title":"ZA 5 LETO BIT BOSTE ISTO \u2013 \u010cE DANES NI\u010c NE SPREMENI\u0160 SE - Svijet Misli","description":"Kje bo\u0161 \u010dez 5 let, \u010de danes ni\u010d ne spremeni\u0161? Brutalno iskrena knjiga, ki razbije tvoje izgovore, razkrije \u0161kodljive navade in ti poka\u017ee, kako prevzeti popoln nadzor nad svojim \u017eivljenjem.","robots":{"index":"index","follow":"follow","max-snippet":"max-snippet:-1","max-image-preview":"max-image-preview:large","max-video-preview":"max-video-preview:-1"},"canonical":"https:\/\/svijetmisli.com\/sl\/shop\/za-5-leto-bit-boste-isto-ce-danes-nic-ne-spremenis-se\/","og_locale":"sl_SI","og_type":"article","og_title":"ZA 5 LETO BIT BOSTE ISTO \u2013 \u010cE DANES NI\u010c NE SPREMENI\u0160 SE - Svijet Misli","og_description":"Kje bo\u0161 \u010dez 5 let, \u010de danes ni\u010d ne spremeni\u0161? Brutalno iskrena knjiga, ki razbije tvoje izgovore, razkrije \u0161kodljive navade in ti poka\u017ee, kako prevzeti popoln nadzor nad svojim \u017eivljenjem.","og_url":"https:\/\/svijetmisli.com\/sl\/shop\/za-5-leto-bit-boste-isto-ce-danes-nic-ne-spremenis-se\/","og_site_name":"Svijet Misli","article_modified_time":"2026-04-01T16:34:30+00:00","og_image":[{"width":1024,"height":1024,"url":"https:\/\/svijetmisli.com\/wp-content\/uploads\/2026\/03\/za-5-godina-slo-3-converted-from-png.webp","type":"image\/webp"}],"twitter_card":"summary_large_image","twitter_misc":{"Est. reading time":"3 minute"},"schema":{"@context":"https:\/\/schema.org","@graph":[{"@type":"WebPage","@id":"https:\/\/svijetmisli.com\/sl\/shop\/za-5-leto-bit-boste-isto-ce-danes-nic-ne-spremenis-se\/","url":"https:\/\/svijetmisli.com\/sl\/shop\/za-5-leto-bit-boste-isto-ce-danes-nic-ne-spremenis-se\/","name":"ZA 5 LETO BIT BOSTE ISTO \u2013 \u010cE DANES NI\u010c NE SPREMENI\u0160 SE - Svijet Misli","isPartOf":{"@id":"https:\/\/svijetmisli.com\/#website"},"primaryImageOfPage":{"@id":"https:\/\/svijetmisli.com\/sl\/shop\/za-5-leto-bit-boste-isto-ce-danes-nic-ne-spremenis-se\/#primaryimage"},"image":{"@id":"https:\/\/svijetmisli.com\/sl\/shop\/za-5-leto-bit-boste-isto-ce-danes-nic-ne-spremenis-se\/#primaryimage"},"thumbnailUrl":"https:\/\/svijetmisli.com\/wp-content\/uploads\/2026\/03\/za-5-godina-slo-3-converted-from-png.webp","datePublished":"2026-03-26T00:55:21+00:00","dateModified":"2026-04-01T16:34:30+00:00","description":"Kje bo\u0161 \u010dez 5 let, \u010de danes ni\u010d ne spremeni\u0161? Brutalno iskrena knjiga, ki razbije tvoje izgovore, razkrije \u0161kodljive navade in ti poka\u017ee, kako prevzeti popoln nadzor nad svojim \u017eivljenjem.","breadcrumb":{"@id":"https:\/\/svijetmisli.com\/sl\/shop\/za-5-leto-bit-boste-isto-ce-danes-nic-ne-spremenis-se\/#breadcrumb"},"inLanguage":"sl-SI","potentialAction":[{"@type":"ReadAction","target":["https:\/\/svijetmisli.com\/sl\/shop\/za-5-leto-bit-boste-isto-ce-danes-nic-ne-spremenis-se\/"]}]},{"@type":"ImageObject","inLanguage":"sl-SI","@id":"https:\/\/svijetmisli.com\/sl\/shop\/za-5-leto-bit-boste-isto-ce-danes-nic-ne-spremenis-se\/#primaryimage","url":"https:\/\/svijetmisli.com\/wp-content\/uploads\/2026\/03\/za-5-godina-slo-3-converted-from-png.webp","contentUrl":"https:\/\/svijetmisli.com\/wp-content\/uploads\/2026\/03\/za-5-godina-slo-3-converted-from-png.webp","width":1024,"height":1024},{"@type":"BreadcrumbList","@id":"https:\/\/svijetmisli.com\/sl\/shop\/za-5-leto-bit-boste-isto-ce-danes-nic-ne-spremenis-se\/#breadcrumb","itemListElement":[{"@type":"ListItem","position":1,"name":"Po\u010detna stranica","item":"https:\/\/svijetmisli.com\/sl\/"},{"@type":"ListItem","position":2,"name":"Trgovina","item":"https:\/\/svijetmisli.com\/sl\/trgovina\/"},{"@type":"ListItem","position":3,"name":"ZA 5 LETO BIT BOSTE ISTO \u2013 \u010cE DANES NI\u010c NE SPREMENI\u0160 SE"}]},{"@type":"WebSite","@id":"https:\/\/svijetmisli.com\/#website","url":"https:\/\/svijetmisli.com\/","name":"Svijet Misli","description":"Online knji\u017eara s knjigama za osobni rast, duhovnost, kuharicama i inspirativnim naslovima.","publisher":{"@id":"https:\/\/svijetmisli.com\/#organization"},"potentialAction":[{"@type":"SearchAction","target":{"@type":"EntryPoint","urlTemplate":"https:\/\/svijetmisli.com\/?s={search_term_string}"},"query-input":{"@type":"PropertyValueSpecification","valueRequired":true,"valueName":"search_term_string"}}],"inLanguage":"sl-SI"},{"@type":"Organization","@id":"https:\/\/svijetmisli.com\/#organization","name":"Svijet Misli","url":"https:\/\/svijetmisli.com\/","logo":{"@type":"ImageObject","inLanguage":"sl-SI","@id":"https:\/\/svijetmisli.com\/#\/schema\/logo\/image\/","url":"https:\/\/svijetmisli.com\/wp-content\/uploads\/2025\/12\/logo.png","contentUrl":"https:\/\/svijetmisli.com\/wp-content\/uploads\/2025\/12\/logo.png","width":500,"height":174,"caption":"Svijet Misli"},"image":{"@id":"https:\/\/svijetmisli.com\/#\/schema\/logo\/image\/"}}]}},"_links":{"self":[{"href":"https:\/\/svijetmisli.com\/sl\/wp-json\/wp\/v2\/product\/4049","targetHints":{"allow":["GET"]}}],"collection":[{"href":"https:\/\/svijetmisli.com\/sl\/wp-json\/wp\/v2\/product"}],"about":[{"href":"https:\/\/svijetmisli.com\/sl\/wp-json\/wp\/v2\/types\/product"}],"replies":[{"embeddable":true,"href":"https:\/\/svijetmisli.com\/sl\/wp-json\/wp\/v2\/comments?post=4049"}],"wp:featuredmedia":[{"embeddable":true,"href":"https:\/\/svijetmisli.com\/sl\/wp-json\/wp\/v2\/media\/4417"}],"wp:attachment":[{"href":"https:\/\/svijetmisli.com\/sl\/wp-json\/wp\/v2\/media?parent=4049"}],"wp:term":[{"taxonomy":"product_brand","embeddable":true,"href":"https:\/\/svijetmisli.com\/sl\/wp-json\/wp\/v2\/product_brand?post=4049"},{"taxonomy":"product_cat","embeddable":true,"href":"https:\/\/svijetmisli.com\/sl\/wp-json\/wp\/v2\/product_cat?post=4049"},{"taxonomy":"product_tag","embeddable":true,"href":"https:\/\/svijetmisli.com\/sl\/wp-json\/wp\/v2\/product_tag?post=4049"}],"curies":[{"name":"wp","href":"https:\/\/api.w.org\/{rel}","templated":true}]}}