{"id":3771,"date":"2026-03-25T16:55:59","date_gmt":"2026-03-25T15:55:59","guid":{"rendered":"https:\/\/svijetmisli.com\/?post_type=product&#038;p=3771"},"modified":"2026-04-01T18:16:47","modified_gmt":"2026-04-01T16:16:47","slug":"molitve-ki-prinasajo-cudeze-sv-sarbel-posvecena-krunica-sv-sarbela-kot-darilo","status":"publish","type":"product","link":"https:\/\/svijetmisli.com\/sl\/shop\/molitve-ki-prinasajo-cudeze-sv-sarbel-posvecena-krunica-sv-sarbela-kot-darilo\/","title":{"rendered":"\u2728 MOLITVE, KI PRINA\u0160AJO \u010cUDE\u017dE \u2013 SV. \u0160ARBEL POSVE\u010cENA KRUNICA SV. \u0160ARBELA KOT DARILO"},"content":{"rendered":"<h1 data-section-id=\"4dimu8\" data-start=\"79\" data-end=\"126\">\u2728 MOLITVE, KI PRINA\u0160AJO \u010cUDE\u017dE \u2013 SV. \u0160ARBEL<\/h1>\n<ul data-start=\"127\" data-end=\"169\">\n<li data-section-id=\"xmops1\" data-start=\"127\" data-end=\"169\">POSVE\u010cENA KRUNICA SV. \u0160ARBELA KOT DARILO<\/li>\n<\/ul>\n<p data-start=\"171\" data-end=\"261\">Ko zmanjka besed\u2026<br data-start=\"188\" data-end=\"191\" \/>ko zdravniki re\u010dejo, da so naredili vse\u2026<br data-start=\"231\" data-end=\"234\" \/>ko srce i\u0161\u010de zadnje upanje\u2026<\/p>\n<p data-start=\"263\" data-end=\"301\">\ud83d\udc49 se mnogi obrnejo k svetemu \u0160arbelu.<\/p>\n<p data-start=\"303\" data-end=\"426\">Njegov zagovor je znan po vsem svetu.<br data-start=\"340\" data-end=\"343\" \/>Tiso\u010de pri\u010devanj govori o ozdravljenjih, spreobrnjenjih in globokem notranjem miru.<\/p>\n<p data-start=\"428\" data-end=\"506\">Ta knjiga prina\u0161a molitve, ki so pomagale mnogim \u2013 in lahko pomagajo tudi vam.<\/p>\n<hr data-start=\"508\" data-end=\"511\" \/>\n<h1 data-section-id=\"xw0npd\" data-start=\"513\" data-end=\"538\">\ud83d\ude4f KDO JE SVETI \u0160ARBEL?<\/h1>\n<p data-start=\"540\" data-end=\"658\">Sveti \u0160arbel Makhlouf je bil poni\u017een menih, ki je svoje \u017eivljenje posvetil molitvi, ti\u0161ini in popolni predanosti Bogu.<\/p>\n<p data-start=\"660\" data-end=\"813\">Po njegovi smrti so bila zabele\u017eena \u0161tevilna \u010dude\u017ena ozdravljenja.<br data-start=\"726\" data-end=\"729\" \/>Verniki ga danes kli\u010dejo kot mo\u010dnega zagovornika v najte\u017ejih \u017eivljenjskih trenutkih.<\/p>\n<p data-start=\"815\" data-end=\"877\">\ud83d\udc49 Ko \u010dlove\u0161ke mo\u017enosti odpovejo \u2013 za\u010dne delovati mo\u010d molitve.<\/p>\n<hr data-start=\"879\" data-end=\"882\" \/>\n<h1 data-section-id=\"feba9u\" data-start=\"884\" data-end=\"911\">\ud83d\udcd6 KAJ PRINA\u0160A TA KNJIGA?<\/h1>\n<p data-start=\"913\" data-end=\"934\">V knjigi boste na\u0161li:<\/p>\n<p data-start=\"936\" data-end=\"1186\">\u2714 uradne molitve sv. \u0160arbelu<br data-start=\"964\" data-end=\"967\" \/>\u2714 devetnico sv. \u0160arbelu<br data-start=\"990\" data-end=\"993\" \/>\u2714 molitve za ozdravljenje telesa in du\u0161e<br data-start=\"1033\" data-end=\"1036\" \/>\u2714 molitve v te\u017ekih \u017eivljenjskih situacijah<br data-start=\"1078\" data-end=\"1081\" \/>\u2714 molitve za dru\u017eino, delo in finan\u010dno varnost<br data-start=\"1127\" data-end=\"1130\" \/>\u2714 duhovne spodbude za krepitev vere in zaupanja v Boga<\/p>\n<p data-start=\"1188\" data-end=\"1206\">To ni samo knjiga.<\/p>\n<p data-start=\"1208\" data-end=\"1231\">\ud83d\udc49 To je duhovna opora.<\/p>\n<hr data-start=\"1233\" data-end=\"1236\" \/>\n<h1 data-section-id=\"k299sl\" data-start=\"1238\" data-end=\"1267\">\ud83c\udf81 POSEBNO DARILO OB NAKUPU<\/h1>\n<p data-start=\"1269\" data-end=\"1294\">Ob vsaki knjigi prejmete:<\/p>\n<p data-start=\"1296\" data-end=\"1329\">\u2728 POSVE\u010cENO KRUNICO SV. \u0160ARBELA \u2728<\/p>\n<p data-start=\"1331\" data-end=\"1445\">Krunica je simbol vere, za\u0161\u010dite in osebne pobo\u017enosti.<br data-start=\"1384\" data-end=\"1387\" \/>Namenjena je vsakodnevni molitvi in krepitvi duhovne mo\u010di.<\/p>\n<p data-start=\"1447\" data-end=\"1515\">Darilo prejmete ob vsaki naro\u010deni knjigi, dokler so zaloge na voljo.<\/p>\n<hr data-start=\"1517\" data-end=\"1520\" \/>\n<h1 data-section-id=\"iygjg9\" data-start=\"1522\" data-end=\"1548\">\ud83c\udf3f ZA KOGA JE TA KNJIGA?<\/h1>\n<p data-start=\"1550\" data-end=\"1563\">Za ljudi, ki:<\/p>\n<p data-start=\"1565\" data-end=\"1740\">\u2022 se soo\u010dajo z boleznijo ali te\u017eko diagnozo<br data-start=\"1608\" data-end=\"1611\" \/>\u2022 nosijo skrb za dru\u017eino<br data-start=\"1635\" data-end=\"1638\" \/>\u2022 pre\u017eivljajo finan\u010dne ali \u017eivljenjske krize<br data-start=\"1682\" data-end=\"1685\" \/>\u2022 i\u0161\u010dejo notranji mir<br data-start=\"1706\" data-end=\"1709\" \/>\u2022 \u017eelijo poglobiti svojo vero<\/p>\n<p data-start=\"1742\" data-end=\"1796\">\ud83d\udc49 \u010ce potrebujete upanje \u2013 je ta knjiga lahko za\u010detek.<\/p>\n<hr data-start=\"1798\" data-end=\"1801\" \/>\n<h1 data-section-id=\"6ekkt5\" data-start=\"1803\" data-end=\"1822\">\ud83d\udcac MNENJA BRALCEV<\/h1>\n<p data-start=\"1824\" data-end=\"1970\">\u2b50\u2b50\u2b50\u2b50\u2b50<br data-start=\"1829\" data-end=\"1832\" \/>\u00bbMolila sem devetnico v trenutku, ko sem bila popolnoma zlomljena. Ob\u010dutila sem mir, kakr\u0161nega nisem imela \u017ee leta.\u00ab<br data-start=\"1948\" data-end=\"1951\" \/>\u2013 Marija<\/p>\n<p data-start=\"1972\" data-end=\"2080\">\u2b50\u2b50\u2b50\u2b50\u2b50<br data-start=\"1977\" data-end=\"1980\" \/>\u00bbKrunica je vedno ob meni. Ta knjiga mi je dala mo\u010d, ko sem jo najbolj potreboval.\u00ab<br data-start=\"2063\" data-end=\"2066\" \/>\u2013 Ivan<\/p>\n<p data-start=\"2082\" data-end=\"2163\">\u2b50\u2b50\u2b50\u2b50\u2b50<br data-start=\"2087\" data-end=\"2090\" \/>\u00bbNisem iskal \u010dude\u017ea. Iskal sem mir. In sem ga na\u0161el.\u00ab<br data-start=\"2143\" data-end=\"2146\" \/>\u2013 Ana<\/p>\n<p data-start=\"2165\" data-end=\"2257\">\u2b50\u2b50\u2b50\u2b50\u2b50<br data-start=\"2170\" data-end=\"2173\" \/>\u00bbKnjigo sem kupila za mamo. Danes je vedno ob njeni postelji.\u00ab<br data-start=\"2235\" data-end=\"2238\" \/>\u2013 Petra<\/p>\n<hr data-start=\"2259\" data-end=\"2262\" \/>\n<h1 data-section-id=\"15mr75j\" data-start=\"2264\" data-end=\"2300\">\ud83d\udc94 RESNICA, KI JO POGOSTO POZABIMO<\/h1>\n<p data-start=\"2302\" data-end=\"2358\">Ne \u010dakajte najte\u017ejega trenutka, da se obrnete k molitvi.<\/p>\n<p data-start=\"2360\" data-end=\"2404\">\ud83d\udc49 Vera ni zadnja mo\u017enost.<br data-start=\"2386\" data-end=\"2389\" \/>\ud83d\udc49 Vera je mo\u010d.<\/p>\n<hr data-start=\"2406\" data-end=\"2409\" \/>\n<h1 data-section-id=\"zh0pud\" data-start=\"2411\" data-end=\"2436\">\ud83d\udce6 SPECIFIKACIJE KNJIGE<\/h1>\n<p data-start=\"2438\" data-end=\"2538\">Naslov: <strong data-start=\"2446\" data-end=\"2491\">Molitve, ki prina\u0161ajo \u010dude\u017ee \u2013 Sv. \u0160arbel<\/strong><br data-start=\"2491\" data-end=\"2494\" \/>Vezava: mehka vezava<br data-start=\"2514\" data-end=\"2517\" \/>\u0160tevilo strani: 104<\/p>\n<p data-start=\"2540\" data-end=\"2634\">Avtor: GLOBAL EDITORIAL<br data-start=\"2563\" data-end=\"2566\" \/>Zalo\u017enik: GLOBIX<br data-start=\"2582\" data-end=\"2585\" \/>Jezik: slovenski<br data-start=\"2601\" data-end=\"2604\" \/>Vrsta izdaje: tiskana izdaja<\/p>\n<p data-start=\"2636\" data-end=\"2738\">\ud83d\udcb0 Cena: 19,99 \u20ac<br data-start=\"2693\" data-end=\"2696\" \/>\ud83c\udf81 Darilo: posve\u010dena krunica sv. \u0160arbela<\/p>\n<hr data-start=\"2740\" data-end=\"2743\" \/>\n<h1 data-section-id=\"1ymbble\" data-start=\"2745\" data-end=\"2766\">\ud83d\udd25 OMEJENA KOLI\u010cINA<\/h1>\n<p data-start=\"2768\" data-end=\"2861\">Prva izdaja je na voljo v omejeni nakladi.<br data-start=\"2810\" data-end=\"2813\" \/>Krunica je prilo\u017eena, dokler so zaloge na voljo.<\/p>\n<hr data-start=\"2863\" data-end=\"2866\" \/>\n<h1 data-section-id=\"2i6q11\" data-start=\"2868\" data-end=\"2888\">\ud83d\udd4a\ufe0f NARO\u010cITE DANES<\/h1>\n<p data-start=\"2890\" data-end=\"2994\">\ud83d\udc49 Okrepite svojo vero<br data-start=\"2912\" data-end=\"2915\" \/>\ud83d\udc49 Zaupajte svoje skrbi zagovoru sv. \u0160arbela<br data-start=\"2959\" data-end=\"2962\" \/>\ud83d\udc49 Prejmite krunico kot darilo<\/p>\n<p data-start=\"2996\" data-end=\"3026\">\ud83d\udcb0 19,99 \u20ac + stro\u0161ki dostave<\/p>\n<p data-start=\"3028\" data-end=\"3072\" data-is-last-node=\"\" data-is-only-node=\"\">\ud83d\udc49 Kliknite in naro\u010dite svoj izvod \u0161e danes.<\/p>\n","protected":false},"excerpt":{"rendered":"<p data-start=\"535\" data-end=\"621\">\ud83d\ude4f <strong data-start=\"538\" data-end=\"570\">Molitve za najte\u017eje trenutke<\/strong><br data-start=\"570\" data-end=\"573\" \/>Ko zmanjka mo\u010di \u2013 najde\u0161 besede, ki te dvignejo.<\/p>\n<p data-start=\"623\" data-end=\"707\">\ud83d\udc9b <strong data-start=\"626\" data-end=\"661\">Prina\u0161a notranji mir in tola\u017ebo<\/strong><br data-start=\"661\" data-end=\"664\" \/>Pomaga umiriti srce in misli v \u010dasu stiske.<\/p>\n<p data-start=\"709\" data-end=\"789\">\u2728 <strong data-start=\"711\" data-end=\"744\">Resni\u010dne zgodbe in pri\u010devanja<\/strong><br data-start=\"744\" data-end=\"747\" \/>Navdih, ki vra\u010da vero in daje novo upanje.<\/p>\n<p data-start=\"791\" data-end=\"871\">\ud83d\udd4a\ufe0f <strong data-start=\"795\" data-end=\"822\">Duhovna mo\u010d za vsak dan<\/strong><br data-start=\"822\" data-end=\"825\" \/>Knjiga, ki jo lahko uporablja\u0161 znova in znova.<\/p>\n<p data-start=\"873\" data-end=\"949\">\ud83d\udcff <strong data-start=\"876\" data-end=\"901\">Poglobi odnos z Bogom<\/strong><br data-start=\"901\" data-end=\"904\" \/>Okrepi vero, zaupanje in notranjo stabilnost.<\/p>\n","protected":false},"featured_media":4414,"comment_status":"open","ping_status":"closed","template":"","meta":{"site-sidebar-layout":"default","site-content-layout":"","ast-site-content-layout":"default","site-content-style":"default","site-sidebar-style":"default","ast-global-header-display":"","ast-banner-title-visibility":"","ast-main-header-display":"","ast-hfb-above-header-display":"","ast-hfb-below-header-display":"","ast-hfb-mobile-header-display":"","site-post-title":"","ast-breadcrumbs-content":"","ast-featured-img":"","footer-sml-layout":"","ast-disable-related-posts":"","theme-transparent-header-meta":"default","adv-header-id-meta":"","stick-header-meta":"","header-above-stick-meta":"","header-main-stick-meta":"","header-below-stick-meta":"","astra-migrate-meta-layouts":"set","ast-page-background-enabled":"default","ast-page-background-meta":{"desktop":{"background-color":"var(--ast-global-color-5)","background-image":"","background-repeat":"repeat","background-position":"center center","background-size":"auto","background-attachment":"scroll","background-type":"","background-media":"","overlay-type":"","overlay-color":"","overlay-opacity":"","overlay-gradient":""},"tablet":{"background-color":"","background-image":"","background-repeat":"repeat","background-position":"center center","background-size":"auto","background-attachment":"scroll","background-type":"","background-media":"","overlay-type":"","overlay-color":"","overlay-opacity":"","overlay-gradient":""},"mobile":{"background-color":"","background-image":"","background-repeat":"repeat","background-position":"center center","background-size":"auto","background-attachment":"scroll","background-type":"","background-media":"","overlay-type":"","overlay-color":"","overlay-opacity":"","overlay-gradient":""}},"ast-content-background-meta":{"desktop":{"background-color":"var(--ast-global-color-4)","background-image":"","background-repeat":"repeat","background-position":"center center","background-size":"auto","background-attachment":"scroll","background-type":"","background-media":"","overlay-type":"","overlay-color":"","overlay-opacity":"","overlay-gradient":""},"tablet":{"background-color":"var(--ast-global-color-4)","background-image":"","background-repeat":"repeat","background-position":"center center","background-size":"auto","background-attachment":"scroll","background-type":"","background-media":"","overlay-type":"","overlay-color":"","overlay-opacity":"","overlay-gradient":""},"mobile":{"background-color":"var(--ast-global-color-4)","background-image":"","background-repeat":"repeat","background-position":"center center","background-size":"auto","background-attachment":"scroll","background-type":"","background-media":"","overlay-type":"","overlay-color":"","overlay-opacity":"","overlay-gradient":""}}},"product_brand":[],"product_cat":[63],"product_tag":[],"class_list":{"0":"post-3771","1":"product","2":"type-product","3":"status-publish","4":"has-post-thumbnail","6":"product_cat-duhovne-knjige","7":"desktop-align-left","8":"tablet-align-left","9":"mobile-align-left","11":"first","12":"instock","13":"taxable","14":"shipping-taxable","15":"product-type-simple"},"yoast_head":"<!-- This site is optimized with the Yoast SEO plugin v27.1.1 - https:\/\/yoast.com\/product\/yoast-seo-wordpress\/ -->\n<title>\u2728 MOLITVE, KI PRINA\u0160AJO \u010cUDE\u017dE \u2013 SV. \u0160ARBEL POSVE\u010cENA KRUNICA SV. \u0160ARBELA KOT DARILO - Svijet Misli<\/title>\n<meta name=\"description\" content=\"Molitve sv. \u0160arbela za \u010dude\u017ee, ozdravljenje in notranji mir. Knjiga z devetnico, molitvami in darilom \u2013 posve\u010dena krunica. Naro\u010di zdaj.\" \/>\n<meta name=\"robots\" content=\"index, follow, max-snippet:-1, max-image-preview:large, max-video-preview:-1\" \/>\n<link rel=\"canonical\" href=\"https:\/\/svijetmisli.com\/sl\/shop\/molitve-ki-prinasajo-cudeze-sv-sarbel-posvecena-krunica-sv-sarbela-kot-darilo\/\" \/>\n<meta property=\"og:locale\" content=\"sl_SI\" \/>\n<meta property=\"og:type\" content=\"article\" \/>\n<meta property=\"og:title\" content=\"\u2728 MOLITVE, KI PRINA\u0160AJO \u010cUDE\u017dE \u2013 SV. \u0160ARBEL POSVE\u010cENA KRUNICA SV. \u0160ARBELA KOT DARILO - Svijet Misli\" \/>\n<meta property=\"og:description\" content=\"Molitve sv. \u0160arbela za \u010dude\u017ee, ozdravljenje in notranji mir. Knjiga z devetnico, molitvami in darilom \u2013 posve\u010dena krunica. Naro\u010di zdaj.\" \/>\n<meta property=\"og:url\" content=\"https:\/\/svijetmisli.com\/sl\/shop\/molitve-ki-prinasajo-cudeze-sv-sarbel-posvecena-krunica-sv-sarbela-kot-darilo\/\" \/>\n<meta property=\"og:site_name\" content=\"Svijet Misli\" \/>\n<meta property=\"article:modified_time\" content=\"2026-04-01T16:16:47+00:00\" \/>\n<meta property=\"og:image\" content=\"https:\/\/svijetmisli.com\/wp-content\/uploads\/2026\/03\/molitve-cuda-sarbel-slo-2-converted-from-png.webp\" \/>\n\t<meta property=\"og:image:width\" content=\"1024\" \/>\n\t<meta property=\"og:image:height\" content=\"1024\" \/>\n\t<meta property=\"og:image:type\" content=\"image\/webp\" \/>\n<meta name=\"twitter:card\" content=\"summary_large_image\" \/>\n<meta name=\"twitter:label1\" content=\"Est. reading time\" \/>\n\t<meta name=\"twitter:data1\" content=\"3 minute\" \/>\n<script type=\"application\/ld+json\" class=\"yoast-schema-graph\">{\"@context\":\"https:\/\/schema.org\",\"@graph\":[{\"@type\":\"WebPage\",\"@id\":\"https:\/\/svijetmisli.com\/sl\/shop\/molitve-ki-prinasajo-cudeze-sv-sarbel-posvecena-krunica-sv-sarbela-kot-darilo\/\",\"url\":\"https:\/\/svijetmisli.com\/sl\/shop\/molitve-ki-prinasajo-cudeze-sv-sarbel-posvecena-krunica-sv-sarbela-kot-darilo\/\",\"name\":\"\u2728 MOLITVE, KI PRINA\u0160AJO \u010cUDE\u017dE \u2013 SV. \u0160ARBEL POSVE\u010cENA KRUNICA SV. \u0160ARBELA KOT DARILO - Svijet Misli\",\"isPartOf\":{\"@id\":\"https:\/\/svijetmisli.com\/#website\"},\"primaryImageOfPage\":{\"@id\":\"https:\/\/svijetmisli.com\/sl\/shop\/molitve-ki-prinasajo-cudeze-sv-sarbel-posvecena-krunica-sv-sarbela-kot-darilo\/#primaryimage\"},\"image\":{\"@id\":\"https:\/\/svijetmisli.com\/sl\/shop\/molitve-ki-prinasajo-cudeze-sv-sarbel-posvecena-krunica-sv-sarbela-kot-darilo\/#primaryimage\"},\"thumbnailUrl\":\"https:\/\/svijetmisli.com\/wp-content\/uploads\/2026\/03\/molitve-cuda-sarbel-slo-2-converted-from-png.webp\",\"datePublished\":\"2026-03-25T15:55:59+00:00\",\"dateModified\":\"2026-04-01T16:16:47+00:00\",\"description\":\"Molitve sv. \u0160arbela za \u010dude\u017ee, ozdravljenje in notranji mir. Knjiga z devetnico, molitvami in darilom \u2013 posve\u010dena krunica. Naro\u010di zdaj.\",\"breadcrumb\":{\"@id\":\"https:\/\/svijetmisli.com\/sl\/shop\/molitve-ki-prinasajo-cudeze-sv-sarbel-posvecena-krunica-sv-sarbela-kot-darilo\/#breadcrumb\"},\"inLanguage\":\"sl-SI\",\"potentialAction\":[{\"@type\":\"ReadAction\",\"target\":[\"https:\/\/svijetmisli.com\/sl\/shop\/molitve-ki-prinasajo-cudeze-sv-sarbel-posvecena-krunica-sv-sarbela-kot-darilo\/\"]}]},{\"@type\":\"ImageObject\",\"inLanguage\":\"sl-SI\",\"@id\":\"https:\/\/svijetmisli.com\/sl\/shop\/molitve-ki-prinasajo-cudeze-sv-sarbel-posvecena-krunica-sv-sarbela-kot-darilo\/#primaryimage\",\"url\":\"https:\/\/svijetmisli.com\/wp-content\/uploads\/2026\/03\/molitve-cuda-sarbel-slo-2-converted-from-png.webp\",\"contentUrl\":\"https:\/\/svijetmisli.com\/wp-content\/uploads\/2026\/03\/molitve-cuda-sarbel-slo-2-converted-from-png.webp\",\"width\":1024,\"height\":1024},{\"@type\":\"BreadcrumbList\",\"@id\":\"https:\/\/svijetmisli.com\/sl\/shop\/molitve-ki-prinasajo-cudeze-sv-sarbel-posvecena-krunica-sv-sarbela-kot-darilo\/#breadcrumb\",\"itemListElement\":[{\"@type\":\"ListItem\",\"position\":1,\"name\":\"Po\u010detna stranica\",\"item\":\"https:\/\/svijetmisli.com\/sl\/\"},{\"@type\":\"ListItem\",\"position\":2,\"name\":\"Trgovina\",\"item\":\"https:\/\/svijetmisli.com\/sl\/trgovina\/\"},{\"@type\":\"ListItem\",\"position\":3,\"name\":\"\u2728 MOLITVE, KI PRINA\u0160AJO \u010cUDE\u017dE \u2013 SV. \u0160ARBEL POSVE\u010cENA KRUNICA SV. \u0160ARBELA KOT DARILO\"}]},{\"@type\":\"WebSite\",\"@id\":\"https:\/\/svijetmisli.com\/#website\",\"url\":\"https:\/\/svijetmisli.com\/\",\"name\":\"Svijet Misli\",\"description\":\"Online knji\u017eara s knjigama za osobni rast, duhovnost, kuharicama i inspirativnim naslovima.\",\"publisher\":{\"@id\":\"https:\/\/svijetmisli.com\/#organization\"},\"potentialAction\":[{\"@type\":\"SearchAction\",\"target\":{\"@type\":\"EntryPoint\",\"urlTemplate\":\"https:\/\/svijetmisli.com\/?s={search_term_string}\"},\"query-input\":{\"@type\":\"PropertyValueSpecification\",\"valueRequired\":true,\"valueName\":\"search_term_string\"}}],\"inLanguage\":\"sl-SI\"},{\"@type\":\"Organization\",\"@id\":\"https:\/\/svijetmisli.com\/#organization\",\"name\":\"Svijet Misli\",\"url\":\"https:\/\/svijetmisli.com\/\",\"logo\":{\"@type\":\"ImageObject\",\"inLanguage\":\"sl-SI\",\"@id\":\"https:\/\/svijetmisli.com\/#\/schema\/logo\/image\/\",\"url\":\"https:\/\/svijetmisli.com\/wp-content\/uploads\/2025\/12\/logo.png\",\"contentUrl\":\"https:\/\/svijetmisli.com\/wp-content\/uploads\/2025\/12\/logo.png\",\"width\":500,\"height\":174,\"caption\":\"Svijet Misli\"},\"image\":{\"@id\":\"https:\/\/svijetmisli.com\/#\/schema\/logo\/image\/\"}}]}<\/script>\n<!-- \/ Yoast SEO plugin. -->","yoast_head_json":{"title":"\u2728 MOLITVE, KI PRINA\u0160AJO \u010cUDE\u017dE \u2013 SV. \u0160ARBEL POSVE\u010cENA KRUNICA SV. \u0160ARBELA KOT DARILO - Svijet Misli","description":"Molitve sv. \u0160arbela za \u010dude\u017ee, ozdravljenje in notranji mir. Knjiga z devetnico, molitvami in darilom \u2013 posve\u010dena krunica. Naro\u010di zdaj.","robots":{"index":"index","follow":"follow","max-snippet":"max-snippet:-1","max-image-preview":"max-image-preview:large","max-video-preview":"max-video-preview:-1"},"canonical":"https:\/\/svijetmisli.com\/sl\/shop\/molitve-ki-prinasajo-cudeze-sv-sarbel-posvecena-krunica-sv-sarbela-kot-darilo\/","og_locale":"sl_SI","og_type":"article","og_title":"\u2728 MOLITVE, KI PRINA\u0160AJO \u010cUDE\u017dE \u2013 SV. \u0160ARBEL POSVE\u010cENA KRUNICA SV. \u0160ARBELA KOT DARILO - Svijet Misli","og_description":"Molitve sv. \u0160arbela za \u010dude\u017ee, ozdravljenje in notranji mir. Knjiga z devetnico, molitvami in darilom \u2013 posve\u010dena krunica. Naro\u010di zdaj.","og_url":"https:\/\/svijetmisli.com\/sl\/shop\/molitve-ki-prinasajo-cudeze-sv-sarbel-posvecena-krunica-sv-sarbela-kot-darilo\/","og_site_name":"Svijet Misli","article_modified_time":"2026-04-01T16:16:47+00:00","og_image":[{"width":1024,"height":1024,"url":"https:\/\/svijetmisli.com\/wp-content\/uploads\/2026\/03\/molitve-cuda-sarbel-slo-2-converted-from-png.webp","type":"image\/webp"}],"twitter_card":"summary_large_image","twitter_misc":{"Est. reading time":"3 minute"},"schema":{"@context":"https:\/\/schema.org","@graph":[{"@type":"WebPage","@id":"https:\/\/svijetmisli.com\/sl\/shop\/molitve-ki-prinasajo-cudeze-sv-sarbel-posvecena-krunica-sv-sarbela-kot-darilo\/","url":"https:\/\/svijetmisli.com\/sl\/shop\/molitve-ki-prinasajo-cudeze-sv-sarbel-posvecena-krunica-sv-sarbela-kot-darilo\/","name":"\u2728 MOLITVE, KI PRINA\u0160AJO \u010cUDE\u017dE \u2013 SV. \u0160ARBEL POSVE\u010cENA KRUNICA SV. \u0160ARBELA KOT DARILO - Svijet Misli","isPartOf":{"@id":"https:\/\/svijetmisli.com\/#website"},"primaryImageOfPage":{"@id":"https:\/\/svijetmisli.com\/sl\/shop\/molitve-ki-prinasajo-cudeze-sv-sarbel-posvecena-krunica-sv-sarbela-kot-darilo\/#primaryimage"},"image":{"@id":"https:\/\/svijetmisli.com\/sl\/shop\/molitve-ki-prinasajo-cudeze-sv-sarbel-posvecena-krunica-sv-sarbela-kot-darilo\/#primaryimage"},"thumbnailUrl":"https:\/\/svijetmisli.com\/wp-content\/uploads\/2026\/03\/molitve-cuda-sarbel-slo-2-converted-from-png.webp","datePublished":"2026-03-25T15:55:59+00:00","dateModified":"2026-04-01T16:16:47+00:00","description":"Molitve sv. \u0160arbela za \u010dude\u017ee, ozdravljenje in notranji mir. Knjiga z devetnico, molitvami in darilom \u2013 posve\u010dena krunica. Naro\u010di zdaj.","breadcrumb":{"@id":"https:\/\/svijetmisli.com\/sl\/shop\/molitve-ki-prinasajo-cudeze-sv-sarbel-posvecena-krunica-sv-sarbela-kot-darilo\/#breadcrumb"},"inLanguage":"sl-SI","potentialAction":[{"@type":"ReadAction","target":["https:\/\/svijetmisli.com\/sl\/shop\/molitve-ki-prinasajo-cudeze-sv-sarbel-posvecena-krunica-sv-sarbela-kot-darilo\/"]}]},{"@type":"ImageObject","inLanguage":"sl-SI","@id":"https:\/\/svijetmisli.com\/sl\/shop\/molitve-ki-prinasajo-cudeze-sv-sarbel-posvecena-krunica-sv-sarbela-kot-darilo\/#primaryimage","url":"https:\/\/svijetmisli.com\/wp-content\/uploads\/2026\/03\/molitve-cuda-sarbel-slo-2-converted-from-png.webp","contentUrl":"https:\/\/svijetmisli.com\/wp-content\/uploads\/2026\/03\/molitve-cuda-sarbel-slo-2-converted-from-png.webp","width":1024,"height":1024},{"@type":"BreadcrumbList","@id":"https:\/\/svijetmisli.com\/sl\/shop\/molitve-ki-prinasajo-cudeze-sv-sarbel-posvecena-krunica-sv-sarbela-kot-darilo\/#breadcrumb","itemListElement":[{"@type":"ListItem","position":1,"name":"Po\u010detna stranica","item":"https:\/\/svijetmisli.com\/sl\/"},{"@type":"ListItem","position":2,"name":"Trgovina","item":"https:\/\/svijetmisli.com\/sl\/trgovina\/"},{"@type":"ListItem","position":3,"name":"\u2728 MOLITVE, KI PRINA\u0160AJO \u010cUDE\u017dE \u2013 SV. \u0160ARBEL POSVE\u010cENA KRUNICA SV. \u0160ARBELA KOT DARILO"}]},{"@type":"WebSite","@id":"https:\/\/svijetmisli.com\/#website","url":"https:\/\/svijetmisli.com\/","name":"Svijet Misli","description":"Online knji\u017eara s knjigama za osobni rast, duhovnost, kuharicama i inspirativnim naslovima.","publisher":{"@id":"https:\/\/svijetmisli.com\/#organization"},"potentialAction":[{"@type":"SearchAction","target":{"@type":"EntryPoint","urlTemplate":"https:\/\/svijetmisli.com\/?s={search_term_string}"},"query-input":{"@type":"PropertyValueSpecification","valueRequired":true,"valueName":"search_term_string"}}],"inLanguage":"sl-SI"},{"@type":"Organization","@id":"https:\/\/svijetmisli.com\/#organization","name":"Svijet Misli","url":"https:\/\/svijetmisli.com\/","logo":{"@type":"ImageObject","inLanguage":"sl-SI","@id":"https:\/\/svijetmisli.com\/#\/schema\/logo\/image\/","url":"https:\/\/svijetmisli.com\/wp-content\/uploads\/2025\/12\/logo.png","contentUrl":"https:\/\/svijetmisli.com\/wp-content\/uploads\/2025\/12\/logo.png","width":500,"height":174,"caption":"Svijet Misli"},"image":{"@id":"https:\/\/svijetmisli.com\/#\/schema\/logo\/image\/"}}]}},"_links":{"self":[{"href":"https:\/\/svijetmisli.com\/sl\/wp-json\/wp\/v2\/product\/3771","targetHints":{"allow":["GET"]}}],"collection":[{"href":"https:\/\/svijetmisli.com\/sl\/wp-json\/wp\/v2\/product"}],"about":[{"href":"https:\/\/svijetmisli.com\/sl\/wp-json\/wp\/v2\/types\/product"}],"replies":[{"embeddable":true,"href":"https:\/\/svijetmisli.com\/sl\/wp-json\/wp\/v2\/comments?post=3771"}],"wp:featuredmedia":[{"embeddable":true,"href":"https:\/\/svijetmisli.com\/sl\/wp-json\/wp\/v2\/media\/4414"}],"wp:attachment":[{"href":"https:\/\/svijetmisli.com\/sl\/wp-json\/wp\/v2\/media?parent=3771"}],"wp:term":[{"taxonomy":"product_brand","embeddable":true,"href":"https:\/\/svijetmisli.com\/sl\/wp-json\/wp\/v2\/product_brand?post=3771"},{"taxonomy":"product_cat","embeddable":true,"href":"https:\/\/svijetmisli.com\/sl\/wp-json\/wp\/v2\/product_cat?post=3771"},{"taxonomy":"product_tag","embeddable":true,"href":"https:\/\/svijetmisli.com\/sl\/wp-json\/wp\/v2\/product_tag?post=3771"}],"curies":[{"name":"wp","href":"https:\/\/api.w.org\/{rel}","templated":true}]}}