{"id":3309,"date":"2026-01-03T13:00:20","date_gmt":"2026-01-03T13:00:20","guid":{"rendered":"https:\/\/svijetmisli.com\/shop\/samo-je-u-bogu-mir-duso-moja\/"},"modified":"2026-02-12T21:27:09","modified_gmt":"2026-02-12T20:27:09","slug":"samo-je-u-bogu-mir-duso-moja","status":"publish","type":"product","link":"https:\/\/svijetmisli.com\/sl\/shop\/samo-je-u-bogu-mir-duso-moja\/","title":{"rendered":"\u2b50 1+1 BREZPLA\u010cNO \u2013 DVA SVETA NASLOVA, KI SPREMENITA \u017dIVLJENJE \ud83d\udc49\u00bbSAMO V BOGU JE MIR, MOJA DU\u0160A!\u00ab + SV. AVGU\u0160TIN \u2013 MOLITVE, PRO\u0160NJE IN PRI\u010cEVANJA"},"content":{"rendered":"<p>\u2728<strong data-start=\"3046\" data-end=\"3072\">Globok notranji mir<\/strong>\u2013 molitve, ki pomirjajo srce in odpravljajo tesnobo.<br data-start=\"3117\" data-end=\"3120\" \/>\ud83d\udcd6<strong data-start=\"3123\" data-end=\"3142\">Duhovna jasnost<\/strong>\u2013 nau\u010di\u0161 se prepoznati Bo\u017eji glas in Avgu\u0161tinovo modrost.<br data-start=\"3194\" data-end=\"3197\" \/>\ud83d\ude4f<strong data-start=\"3200\" data-end=\"3228\">Mo\u010d v te\u017ekih \u010dasih<\/strong>\u2013 pripro\u0161nje in molitve za najte\u017eje situacije.<br data-start=\"3271\" data-end=\"3274\" \/>\ud83c\udfe1<strong data-start=\"3277\" data-end=\"3302\">Mir doma in v odnosih<\/strong>\u2013 priro\u010dnik, ki deluje za vso dru\u017eino.<br data-start=\"3346\" data-end=\"3349\" \/>\ud83c\udf81<strong data-start=\"3352\" data-end=\"3370\">Popolno darilo<\/strong>\u2013 razko\u0161na izdaja, ki pusti pe\u010dat v du\u0161i.<\/p>\n","protected":false},"excerpt":{"rendered":"<p>\u2728<strong data-start=\"3046\" data-end=\"3072\">Globok notranji mir<\/strong>\u2013 molitve, ki pomirjajo srce in odpravljajo tesnobo.<br data-start=\"3117\" data-end=\"3120\" \/>\ud83d\udcd6<strong data-start=\"3123\" data-end=\"3142\">Duhovna jasnost<\/strong>\u2013 nau\u010di\u0161 se prepoznati Bo\u017eji glas in Avgu\u0161tinovo modrost.<br data-start=\"3194\" data-end=\"3197\" \/>\ud83d\ude4f<strong data-start=\"3200\" data-end=\"3228\">Mo\u010d v te\u017ekih \u010dasih<\/strong>\u2013 pripro\u0161nje in molitve za najte\u017eje situacije.<br data-start=\"3271\" data-end=\"3274\" \/>\ud83c\udfe1<strong data-start=\"3277\" data-end=\"3302\">Mir doma in v odnosih<\/strong>\u2013 priro\u010dnik, ki deluje za vso dru\u017eino.<br data-start=\"3346\" data-end=\"3349\" \/>\ud83c\udf81<strong data-start=\"3352\" data-end=\"3370\">Popolno darilo<\/strong>\u2013 razko\u0161na izdaja, ki pusti pe\u010dat v du\u0161i.<\/p>\n","protected":false},"featured_media":3310,"comment_status":"open","ping_status":"closed","template":"","meta":{"site-sidebar-layout":"default","site-content-layout":"","ast-site-content-layout":"default","site-content-style":"default","site-sidebar-style":"default","ast-global-header-display":"","ast-banner-title-visibility":"","ast-main-header-display":"","ast-hfb-above-header-display":"","ast-hfb-below-header-display":"","ast-hfb-mobile-header-display":"","site-post-title":"","ast-breadcrumbs-content":"","ast-featured-img":"","footer-sml-layout":"","ast-disable-related-posts":"","theme-transparent-header-meta":"default","adv-header-id-meta":"","stick-header-meta":"","header-above-stick-meta":"","header-main-stick-meta":"","header-below-stick-meta":"","astra-migrate-meta-layouts":"default","ast-page-background-enabled":"default","ast-page-background-meta":{"desktop":{"background-color":"var(--ast-global-color-5)","background-image":"","background-repeat":"repeat","background-position":"center center","background-size":"auto","background-attachment":"scroll","background-type":"","background-media":"","overlay-type":"","overlay-color":"","overlay-opacity":"","overlay-gradient":""},"tablet":{"background-color":"","background-image":"","background-repeat":"repeat","background-position":"center center","background-size":"auto","background-attachment":"scroll","background-type":"","background-media":"","overlay-type":"","overlay-color":"","overlay-opacity":"","overlay-gradient":""},"mobile":{"background-color":"","background-image":"","background-repeat":"repeat","background-position":"center center","background-size":"auto","background-attachment":"scroll","background-type":"","background-media":"","overlay-type":"","overlay-color":"","overlay-opacity":"","overlay-gradient":""}},"ast-content-background-meta":{"desktop":{"background-color":"var(--ast-global-color-4)","background-image":"","background-repeat":"repeat","background-position":"center center","background-size":"auto","background-attachment":"scroll","background-type":"","background-media":"","overlay-type":"","overlay-color":"","overlay-opacity":"","overlay-gradient":""},"tablet":{"background-color":"var(--ast-global-color-4)","background-image":"","background-repeat":"repeat","background-position":"center center","background-size":"auto","background-attachment":"scroll","background-type":"","background-media":"","overlay-type":"","overlay-color":"","overlay-opacity":"","overlay-gradient":""},"mobile":{"background-color":"var(--ast-global-color-4)","background-image":"","background-repeat":"repeat","background-position":"center center","background-size":"auto","background-attachment":"scroll","background-type":"","background-media":"","overlay-type":"","overlay-color":"","overlay-opacity":"","overlay-gradient":""}}},"product_brand":[],"product_cat":[59,65],"product_tag":[],"class_list":{"0":"post-3309","1":"product","2":"type-product","3":"status-publish","4":"has-post-thumbnail","6":"product_cat-11-paketi","7":"product_cat-knjigarna","8":"desktop-align-left","9":"tablet-align-left","10":"mobile-align-left","12":"first","13":"instock","14":"taxable","15":"shipping-taxable","16":"purchasable","17":"product-type-simple"},"yoast_head":"<!-- This site is optimized with the Yoast SEO plugin v27.1.1 - https:\/\/yoast.com\/product\/yoast-seo-wordpress\/ -->\n<title>\u2b50 1+1 BREZPLA\u010cNO \u2013 DVA SVETA NASLOVA, KI SPREMENITA \u017dIVLJENJE \ud83d\udc49\u00bbSAMO V BOGU JE MIR, MOJA DU\u0160A!\u00ab + SV. AVGU\u0160TIN \u2013 MOLITVE, PRO\u0160NJE IN PRI\u010cEVANJA - Svijet Misli<\/title>\n<meta name=\"robots\" content=\"index, follow, max-snippet:-1, max-image-preview:large, max-video-preview:-1\" \/>\n<link rel=\"canonical\" href=\"https:\/\/svijetmisli.com\/sl\/shop\/samo-je-u-bogu-mir-duso-moja\/\" \/>\n<meta property=\"og:locale\" content=\"sl_SI\" \/>\n<meta property=\"og:type\" content=\"article\" \/>\n<meta property=\"og:title\" content=\"\u2b50 1+1 BREZPLA\u010cNO \u2013 DVA SVETA NASLOVA, KI SPREMENITA \u017dIVLJENJE \ud83d\udc49\u00bbSAMO V BOGU JE MIR, MOJA DU\u0160A!\u00ab + SV. AVGU\u0160TIN \u2013 MOLITVE, PRO\u0160NJE IN PRI\u010cEVANJA - Svijet Misli\" \/>\n<meta property=\"og:description\" content=\"\u2728Globok notranji mir\u2013 molitve, ki pomirjajo srce in odpravljajo tesnobo.\ud83d\udcd6Duhovna jasnost\u2013 nau\u010di\u0161 se prepoznati Bo\u017eji glas in Avgu\u0161tinovo modrost.\ud83d\ude4fMo\u010d v te\u017ekih \u010dasih\u2013 pripro\u0161nje in molitve za najte\u017eje situacije.\ud83c\udfe1Mir doma in v odnosih\u2013 priro\u010dnik, ki deluje za vso dru\u017eino.\ud83c\udf81Popolno darilo\u2013 razko\u0161na izdaja, ki pusti pe\u010dat v du\u0161i.\" \/>\n<meta property=\"og:url\" content=\"https:\/\/svijetmisli.com\/sl\/shop\/samo-je-u-bogu-mir-duso-moja\/\" \/>\n<meta property=\"og:site_name\" content=\"Svijet Misli\" \/>\n<meta property=\"article:modified_time\" content=\"2026-02-12T20:27:09+00:00\" \/>\n<meta property=\"og:image\" content=\"https:\/\/svijetmisli.com\/wp-content\/uploads\/2026\/01\/ChatGPT-Image-6.-pro-2025.-12_04_21-converted-from-png-700x700-1.webp\" \/>\n\t<meta property=\"og:image:width\" content=\"700\" \/>\n\t<meta property=\"og:image:height\" content=\"700\" \/>\n\t<meta property=\"og:image:type\" content=\"image\/webp\" \/>\n<meta name=\"twitter:card\" content=\"summary_large_image\" \/>\n<script type=\"application\/ld+json\" class=\"yoast-schema-graph\">{\"@context\":\"https:\/\/schema.org\",\"@graph\":[{\"@type\":\"WebPage\",\"@id\":\"https:\/\/svijetmisli.com\/sl\/shop\/samo-je-u-bogu-mir-duso-moja\/\",\"url\":\"https:\/\/svijetmisli.com\/sl\/shop\/samo-je-u-bogu-mir-duso-moja\/\",\"name\":\"\u2b50 1+1 BREZPLA\u010cNO \u2013 DVA SVETA NASLOVA, KI SPREMENITA \u017dIVLJENJE \ud83d\udc49\u00bbSAMO V BOGU JE MIR, MOJA DU\u0160A!\u00ab + SV. AVGU\u0160TIN \u2013 MOLITVE, PRO\u0160NJE IN PRI\u010cEVANJA - Svijet Misli\",\"isPartOf\":{\"@id\":\"https:\/\/svijetmisli.com\/#website\"},\"primaryImageOfPage\":{\"@id\":\"https:\/\/svijetmisli.com\/sl\/shop\/samo-je-u-bogu-mir-duso-moja\/#primaryimage\"},\"image\":{\"@id\":\"https:\/\/svijetmisli.com\/sl\/shop\/samo-je-u-bogu-mir-duso-moja\/#primaryimage\"},\"thumbnailUrl\":\"https:\/\/svijetmisli.com\/wp-content\/uploads\/2026\/01\/ChatGPT-Image-6.-pro-2025.-12_04_21-converted-from-png-700x700-1.webp\",\"datePublished\":\"2026-01-03T13:00:20+00:00\",\"dateModified\":\"2026-02-12T20:27:09+00:00\",\"breadcrumb\":{\"@id\":\"https:\/\/svijetmisli.com\/sl\/shop\/samo-je-u-bogu-mir-duso-moja\/#breadcrumb\"},\"inLanguage\":\"sl-SI\",\"potentialAction\":[{\"@type\":\"ReadAction\",\"target\":[\"https:\/\/svijetmisli.com\/sl\/shop\/samo-je-u-bogu-mir-duso-moja\/\"]}]},{\"@type\":\"ImageObject\",\"inLanguage\":\"sl-SI\",\"@id\":\"https:\/\/svijetmisli.com\/sl\/shop\/samo-je-u-bogu-mir-duso-moja\/#primaryimage\",\"url\":\"https:\/\/svijetmisli.com\/wp-content\/uploads\/2026\/01\/ChatGPT-Image-6.-pro-2025.-12_04_21-converted-from-png-700x700-1.webp\",\"contentUrl\":\"https:\/\/svijetmisli.com\/wp-content\/uploads\/2026\/01\/ChatGPT-Image-6.-pro-2025.-12_04_21-converted-from-png-700x700-1.webp\",\"width\":700,\"height\":700},{\"@type\":\"BreadcrumbList\",\"@id\":\"https:\/\/svijetmisli.com\/sl\/shop\/samo-je-u-bogu-mir-duso-moja\/#breadcrumb\",\"itemListElement\":[{\"@type\":\"ListItem\",\"position\":1,\"name\":\"Po\u010detna stranica\",\"item\":\"https:\/\/svijetmisli.com\/sl\/\"},{\"@type\":\"ListItem\",\"position\":2,\"name\":\"Trgovina\",\"item\":\"https:\/\/svijetmisli.com\/sl\/trgovina\/\"},{\"@type\":\"ListItem\",\"position\":3,\"name\":\"\u2b50 1+1 BREZPLA\u010cNO \u2013 DVA SVETA NASLOVA, KI SPREMENITA \u017dIVLJENJE \ud83d\udc49\u00bbSAMO V BOGU JE MIR, MOJA DU\u0160A!\u00ab + SV. AVGU\u0160TIN \u2013 MOLITVE, PRO\u0160NJE IN PRI\u010cEVANJA\"}]},{\"@type\":\"WebSite\",\"@id\":\"https:\/\/svijetmisli.com\/#website\",\"url\":\"https:\/\/svijetmisli.com\/\",\"name\":\"Svijet Misli\",\"description\":\"Online knji\u017eara s knjigama za osobni rast, duhovnost, kuharicama i inspirativnim naslovima.\",\"publisher\":{\"@id\":\"https:\/\/svijetmisli.com\/#organization\"},\"potentialAction\":[{\"@type\":\"SearchAction\",\"target\":{\"@type\":\"EntryPoint\",\"urlTemplate\":\"https:\/\/svijetmisli.com\/?s={search_term_string}\"},\"query-input\":{\"@type\":\"PropertyValueSpecification\",\"valueRequired\":true,\"valueName\":\"search_term_string\"}}],\"inLanguage\":\"sl-SI\"},{\"@type\":\"Organization\",\"@id\":\"https:\/\/svijetmisli.com\/#organization\",\"name\":\"Svijet Misli\",\"url\":\"https:\/\/svijetmisli.com\/\",\"logo\":{\"@type\":\"ImageObject\",\"inLanguage\":\"sl-SI\",\"@id\":\"https:\/\/svijetmisli.com\/#\/schema\/logo\/image\/\",\"url\":\"https:\/\/svijetmisli.com\/wp-content\/uploads\/2025\/12\/logo.png\",\"contentUrl\":\"https:\/\/svijetmisli.com\/wp-content\/uploads\/2025\/12\/logo.png\",\"width\":500,\"height\":174,\"caption\":\"Svijet Misli\"},\"image\":{\"@id\":\"https:\/\/svijetmisli.com\/#\/schema\/logo\/image\/\"}}]}<\/script>\n<!-- \/ Yoast SEO plugin. -->","yoast_head_json":{"title":"\u2b50 1+1 BREZPLA\u010cNO \u2013 DVA SVETA NASLOVA, KI SPREMENITA \u017dIVLJENJE \ud83d\udc49\u00bbSAMO V BOGU JE MIR, MOJA DU\u0160A!\u00ab + SV. AVGU\u0160TIN \u2013 MOLITVE, PRO\u0160NJE IN PRI\u010cEVANJA - Svijet Misli","robots":{"index":"index","follow":"follow","max-snippet":"max-snippet:-1","max-image-preview":"max-image-preview:large","max-video-preview":"max-video-preview:-1"},"canonical":"https:\/\/svijetmisli.com\/sl\/shop\/samo-je-u-bogu-mir-duso-moja\/","og_locale":"sl_SI","og_type":"article","og_title":"\u2b50 1+1 BREZPLA\u010cNO \u2013 DVA SVETA NASLOVA, KI SPREMENITA \u017dIVLJENJE \ud83d\udc49\u00bbSAMO V BOGU JE MIR, MOJA DU\u0160A!\u00ab + SV. AVGU\u0160TIN \u2013 MOLITVE, PRO\u0160NJE IN PRI\u010cEVANJA - Svijet Misli","og_description":"\u2728Globok notranji mir\u2013 molitve, ki pomirjajo srce in odpravljajo tesnobo.\ud83d\udcd6Duhovna jasnost\u2013 nau\u010di\u0161 se prepoznati Bo\u017eji glas in Avgu\u0161tinovo modrost.\ud83d\ude4fMo\u010d v te\u017ekih \u010dasih\u2013 pripro\u0161nje in molitve za najte\u017eje situacije.\ud83c\udfe1Mir doma in v odnosih\u2013 priro\u010dnik, ki deluje za vso dru\u017eino.\ud83c\udf81Popolno darilo\u2013 razko\u0161na izdaja, ki pusti pe\u010dat v du\u0161i.","og_url":"https:\/\/svijetmisli.com\/sl\/shop\/samo-je-u-bogu-mir-duso-moja\/","og_site_name":"Svijet Misli","article_modified_time":"2026-02-12T20:27:09+00:00","og_image":[{"width":700,"height":700,"url":"https:\/\/svijetmisli.com\/wp-content\/uploads\/2026\/01\/ChatGPT-Image-6.-pro-2025.-12_04_21-converted-from-png-700x700-1.webp","type":"image\/webp"}],"twitter_card":"summary_large_image","schema":{"@context":"https:\/\/schema.org","@graph":[{"@type":"WebPage","@id":"https:\/\/svijetmisli.com\/sl\/shop\/samo-je-u-bogu-mir-duso-moja\/","url":"https:\/\/svijetmisli.com\/sl\/shop\/samo-je-u-bogu-mir-duso-moja\/","name":"\u2b50 1+1 BREZPLA\u010cNO \u2013 DVA SVETA NASLOVA, KI SPREMENITA \u017dIVLJENJE \ud83d\udc49\u00bbSAMO V BOGU JE MIR, MOJA DU\u0160A!\u00ab + SV. AVGU\u0160TIN \u2013 MOLITVE, PRO\u0160NJE IN PRI\u010cEVANJA - Svijet Misli","isPartOf":{"@id":"https:\/\/svijetmisli.com\/#website"},"primaryImageOfPage":{"@id":"https:\/\/svijetmisli.com\/sl\/shop\/samo-je-u-bogu-mir-duso-moja\/#primaryimage"},"image":{"@id":"https:\/\/svijetmisli.com\/sl\/shop\/samo-je-u-bogu-mir-duso-moja\/#primaryimage"},"thumbnailUrl":"https:\/\/svijetmisli.com\/wp-content\/uploads\/2026\/01\/ChatGPT-Image-6.-pro-2025.-12_04_21-converted-from-png-700x700-1.webp","datePublished":"2026-01-03T13:00:20+00:00","dateModified":"2026-02-12T20:27:09+00:00","breadcrumb":{"@id":"https:\/\/svijetmisli.com\/sl\/shop\/samo-je-u-bogu-mir-duso-moja\/#breadcrumb"},"inLanguage":"sl-SI","potentialAction":[{"@type":"ReadAction","target":["https:\/\/svijetmisli.com\/sl\/shop\/samo-je-u-bogu-mir-duso-moja\/"]}]},{"@type":"ImageObject","inLanguage":"sl-SI","@id":"https:\/\/svijetmisli.com\/sl\/shop\/samo-je-u-bogu-mir-duso-moja\/#primaryimage","url":"https:\/\/svijetmisli.com\/wp-content\/uploads\/2026\/01\/ChatGPT-Image-6.-pro-2025.-12_04_21-converted-from-png-700x700-1.webp","contentUrl":"https:\/\/svijetmisli.com\/wp-content\/uploads\/2026\/01\/ChatGPT-Image-6.-pro-2025.-12_04_21-converted-from-png-700x700-1.webp","width":700,"height":700},{"@type":"BreadcrumbList","@id":"https:\/\/svijetmisli.com\/sl\/shop\/samo-je-u-bogu-mir-duso-moja\/#breadcrumb","itemListElement":[{"@type":"ListItem","position":1,"name":"Po\u010detna stranica","item":"https:\/\/svijetmisli.com\/sl\/"},{"@type":"ListItem","position":2,"name":"Trgovina","item":"https:\/\/svijetmisli.com\/sl\/trgovina\/"},{"@type":"ListItem","position":3,"name":"\u2b50 1+1 BREZPLA\u010cNO \u2013 DVA SVETA NASLOVA, KI SPREMENITA \u017dIVLJENJE \ud83d\udc49\u00bbSAMO V BOGU JE MIR, MOJA DU\u0160A!\u00ab + SV. AVGU\u0160TIN \u2013 MOLITVE, PRO\u0160NJE IN PRI\u010cEVANJA"}]},{"@type":"WebSite","@id":"https:\/\/svijetmisli.com\/#website","url":"https:\/\/svijetmisli.com\/","name":"Svijet Misli","description":"Online knji\u017eara s knjigama za osobni rast, duhovnost, kuharicama i inspirativnim naslovima.","publisher":{"@id":"https:\/\/svijetmisli.com\/#organization"},"potentialAction":[{"@type":"SearchAction","target":{"@type":"EntryPoint","urlTemplate":"https:\/\/svijetmisli.com\/?s={search_term_string}"},"query-input":{"@type":"PropertyValueSpecification","valueRequired":true,"valueName":"search_term_string"}}],"inLanguage":"sl-SI"},{"@type":"Organization","@id":"https:\/\/svijetmisli.com\/#organization","name":"Svijet Misli","url":"https:\/\/svijetmisli.com\/","logo":{"@type":"ImageObject","inLanguage":"sl-SI","@id":"https:\/\/svijetmisli.com\/#\/schema\/logo\/image\/","url":"https:\/\/svijetmisli.com\/wp-content\/uploads\/2025\/12\/logo.png","contentUrl":"https:\/\/svijetmisli.com\/wp-content\/uploads\/2025\/12\/logo.png","width":500,"height":174,"caption":"Svijet Misli"},"image":{"@id":"https:\/\/svijetmisli.com\/#\/schema\/logo\/image\/"}}]}},"_links":{"self":[{"href":"https:\/\/svijetmisli.com\/sl\/wp-json\/wp\/v2\/product\/3309","targetHints":{"allow":["GET"]}}],"collection":[{"href":"https:\/\/svijetmisli.com\/sl\/wp-json\/wp\/v2\/product"}],"about":[{"href":"https:\/\/svijetmisli.com\/sl\/wp-json\/wp\/v2\/types\/product"}],"replies":[{"embeddable":true,"href":"https:\/\/svijetmisli.com\/sl\/wp-json\/wp\/v2\/comments?post=3309"}],"wp:featuredmedia":[{"embeddable":true,"href":"https:\/\/svijetmisli.com\/sl\/wp-json\/wp\/v2\/media\/3310"}],"wp:attachment":[{"href":"https:\/\/svijetmisli.com\/sl\/wp-json\/wp\/v2\/media?parent=3309"}],"wp:term":[{"taxonomy":"product_brand","embeddable":true,"href":"https:\/\/svijetmisli.com\/sl\/wp-json\/wp\/v2\/product_brand?post=3309"},{"taxonomy":"product_cat","embeddable":true,"href":"https:\/\/svijetmisli.com\/sl\/wp-json\/wp\/v2\/product_cat?post=3309"},{"taxonomy":"product_tag","embeddable":true,"href":"https:\/\/svijetmisli.com\/sl\/wp-json\/wp\/v2\/product_tag?post=3309"}],"curies":[{"name":"wp","href":"https:\/\/api.w.org\/{rel}","templated":true}]}}