{"id":3301,"date":"2026-01-03T15:04:12","date_gmt":"2026-01-03T15:04:12","guid":{"rendered":"https:\/\/svijetmisli.com\/shop\/jezik-energije\/"},"modified":"2026-03-11T21:41:18","modified_gmt":"2026-03-11T20:41:18","slug":"jezik-energije","status":"publish","type":"product","link":"https:\/\/svijetmisli.com\/sl\/shop\/jezik-energije\/","title":{"rendered":"\u2b50 JEZIK ENERGIJE \ud83d\udc49Kako vse, kar mislite, re\u010dete in \u010dutite, oblikuje va\u0161o usodo"},"content":{"rendered":"<h1 data-section-id=\"pnmmxw\" data-start=\"135\" data-end=\"158\">\ud83d\udd25 \u2b50 JEZIK ENERGIJE<\/h1>\n<h2 data-section-id=\"14jrlxf\" data-start=\"159\" data-end=\"225\">\ud83d\udc49 Kako vse, kar misli\u0161, govori\u0161 in \u010duti\u0161, oblikuje tvojo usodo<\/h2>\n<p data-start=\"227\" data-end=\"457\">\ud83c\udf1f Si kdaj ob\u010dutil, da tvoja energija govori \u0161e preden spregovori\u0161?<br data-start=\"294\" data-end=\"297\" \/>\ud83c\udf1f Da tvoje misli privla\u010dijo dolo\u010dene ljudi, \u010dustva ali situacije?<br data-start=\"363\" data-end=\"366\" \/>\ud83c\udf1f Da se v tvojem \u017eivljenju ponavljajo isti vzorci \u2014 \u010deprav se trudi\u0161, da bi jih spremenil?<\/p>\n<p data-start=\"459\" data-end=\"518\">Ta knjiga razkriva resnico, ki jo globoko v sebi \u017ee pozna\u0161:<\/p>\n<p data-start=\"520\" data-end=\"702\">\ud83d\udc49 Tvoja energija ustvarja tvojo resni\u010dnost.<br data-start=\"564\" data-end=\"567\" \/>\ud83d\udc49 Kar misli\u0161 \u2014 postane smer tvojega \u017eivljenja.<br data-start=\"614\" data-end=\"617\" \/>\ud83d\udc49 Kar \u010duti\u0161 \u2014 privla\u010di to, kar do\u017eivlja\u0161.<br data-start=\"659\" data-end=\"662\" \/>\ud83d\udc49 Kar govori\u0161 \u2014 programira tvojo usodo.<\/p>\n<p data-start=\"704\" data-end=\"859\"><strong data-start=\"704\" data-end=\"722\">JEZIK ENERGIJE<\/strong> je transformativna knjiga o tem, kako misli, besede in \u010dustva oblikujejo \u017eivljenje \u2014 in kako lahko to za\u010dne\u0161 uporabljati v svojo korist.<\/p>\n<hr data-start=\"861\" data-end=\"864\" \/>\n<h1 data-section-id=\"iafzje\" data-start=\"866\" data-end=\"899\">\u2728 KAJ TI BO PRINESLA TA KNJIGA?<\/h1>\n<p data-start=\"901\" data-end=\"1062\">\ud83d\udc9b <strong data-start=\"904\" data-end=\"934\">1. Globje razumevanje sebe<\/strong><br data-start=\"934\" data-end=\"937\" \/>Razumel bo\u0161, zakaj reagira\u0161 na dolo\u010den na\u010din, zakaj privla\u010di\u0161 dolo\u010dene odnose in zakaj se ponavljajo isti \u017eivljenjski vzorci.<\/p>\n<p data-start=\"1064\" data-end=\"1173\">\ud83d\udc9b <strong data-start=\"1067\" data-end=\"1110\">2. Sposobnost upravljanja svojih \u010dustev<\/strong><br data-start=\"1110\" data-end=\"1113\" \/>Namesto da te \u010dustva vodijo \u2014 se nau\u010di\u0161, kako jih usmerjati.<\/p>\n<p data-start=\"1175\" data-end=\"1325\">\ud83d\udc9b <strong data-start=\"1178\" data-end=\"1222\">3. Mo\u010d besed, ki spreminjajo tvojo usodo<\/strong><br data-start=\"1222\" data-end=\"1225\" \/>Nau\u010di\u0161 se govoriti besede, ki gradijo, zdravijo, odpirajo nove mo\u017enosti in dvigujejo tvojo energijo.<\/p>\n<p data-start=\"1327\" data-end=\"1474\">\ud83d\udc9b <strong data-start=\"1330\" data-end=\"1388\">4. Energijo, ki odbija negativno in privla\u010di pozitivno<\/strong><br data-start=\"1388\" data-end=\"1391\" \/>Spoznal bo\u0161, kako dvigniti svojo osebno frekvenco in odstraniti energijske blokade.<\/p>\n<p data-start=\"1476\" data-end=\"1587\">\ud83d\udc9b <strong data-start=\"1479\" data-end=\"1521\">5. Mir, jasnost in notranjo stabilnost<\/strong><br data-start=\"1521\" data-end=\"1524\" \/>Ko razume\u0161 energijo \u2014 \u017eivljenje postane bolj jasno in lahkotno.<\/p>\n<hr data-start=\"1589\" data-end=\"1592\" \/>\n<h1 data-section-id=\"1gusiez\" data-start=\"1594\" data-end=\"1631\">\ud83d\udcda VSEBINA KNJIGE (GLAVNA POGLAVJA)<\/h1>\n<p data-start=\"1633\" data-end=\"2043\">1\ufe0f\u20e3 Jezik energije \u2013 vse vibrira<br data-start=\"1665\" data-end=\"1668\" \/>2\ufe0f\u20e3 Misli kot magnet<br data-start=\"1688\" data-end=\"1691\" \/>3\ufe0f\u20e3 Besede, ki gradijo ali ru\u0161ijo<br data-start=\"1724\" data-end=\"1727\" \/>4\ufe0f\u20e3 \u010custva kot energijska sporo\u010dila<br data-start=\"1762\" data-end=\"1765\" \/>5\ufe0f\u20e3 Govor telesa \u2013 kaj govori\u0161 brez besed<br data-start=\"1806\" data-end=\"1809\" \/>6\ufe0f\u20e3 Energijski odnosi in kompatibilnost<br data-start=\"1848\" data-end=\"1851\" \/>7\ufe0f\u20e3 Okolje in energija ljudi<br data-start=\"1879\" data-end=\"1882\" \/>8\ufe0f\u20e3 Kako spremeniti svojo vibracijo<br data-start=\"1917\" data-end=\"1920\" \/>9\ufe0f\u20e3 Kako pritegniti to, kar \u017eeli\u0161 (zakon korespondence)<br data-start=\"1975\" data-end=\"1978\" \/>\ud83d\udd1f Energijska identiteta \u2013 kdo postane\u0161, ko spremeni\u0161 svoje misli<\/p>\n<hr data-start=\"2045\" data-end=\"2048\" \/>\n<h1 data-section-id=\"6ekkt5\" data-start=\"2050\" data-end=\"2069\">\ud83d\udcac MNENJA BRALCEV<\/h1>\n<p data-start=\"2071\" data-end=\"2157\">\u2b50 <em data-start=\"2073\" data-end=\"2147\">&#8220;Kon\u010dno razumem, zakaj privla\u010dim dolo\u010dene odnose in kako to spremeniti.&#8221;<\/em> \u2014 Maja T.<\/p>\n<p data-start=\"2159\" data-end=\"2240\">\u2b50 <em data-start=\"2161\" data-end=\"2229\">&#8220;\u010custveno, duhovno in zelo prakti\u010dno. Ta knjiga mi je odprla o\u010di.&#8221;<\/em> \u2014 Ivana P.<\/p>\n<p data-start=\"2242\" data-end=\"2314\">\u2b50 <em data-start=\"2244\" data-end=\"2303\">&#8220;Najbolj\u0161a knjiga o energiji misli, kar sem jih prebral.&#8221;<\/em> \u2014 Mateo L.<\/p>\n<p data-start=\"2316\" data-end=\"2382\">\u2b50 <em data-start=\"2318\" data-end=\"2372\">&#8220;Dobesedno \u010dutim, kako se moje \u017eivljenje spreminja.&#8221;<\/em> \u2014 Sara D.<\/p>\n<hr data-start=\"2384\" data-end=\"2387\" \/>\n<h1 data-section-id=\"dgqciy\" data-start=\"2389\" data-end=\"2398\">\ud83d\udcb8 CENA<\/h1>\n<p data-start=\"2400\" data-end=\"2414\">\ud83d\udcd8 <strong data-start=\"2403\" data-end=\"2414\">19,99 \u20ac<\/strong><\/p>\n<p data-start=\"2416\" data-end=\"2433\">\ud83d\ude9a Dostava na dom<\/p>\n<p data-start=\"2435\" data-end=\"2507\">\u2714 Pla\u010dilo po povzetju ali s kartico<br data-start=\"2470\" data-end=\"2473\" \/>\u2714 Varna dostava<br data-start=\"2488\" data-end=\"2491\" \/>\u2714 Hitra po\u0161iljka<\/p>\n<hr data-start=\"2509\" data-end=\"2512\" \/>\n<h1 data-section-id=\"zh0pud\" data-start=\"2514\" data-end=\"2539\">\ud83d\udce6 SPECIFIKACIJE KNJIGE<\/h1>\n<p data-start=\"2541\" data-end=\"2646\">Format: tiskana knjiga (mehka vezava)<br data-start=\"2578\" data-end=\"2581\" \/>\u0160tevilo strani: 104<br data-start=\"2600\" data-end=\"2603\" \/>Dimenzije: standardni format mehke vezave<\/p>\n<p data-start=\"2648\" data-end=\"2752\">Avtor: <strong data-start=\"2655\" data-end=\"2677\">Tim Globalnega Uma<\/strong><br data-start=\"2677\" data-end=\"2680\" \/>Zalo\u017enik: <strong data-start=\"2690\" data-end=\"2705\">GLOBALNI UM<\/strong><br data-start=\"2705\" data-end=\"2708\" \/>Leto izdaje: <strong data-start=\"2721\" data-end=\"2729\">2025<\/strong><br data-start=\"2729\" data-end=\"2732\" \/>Jezik: <strong data-start=\"2739\" data-end=\"2752\">slovenski<\/strong><\/p>\n<hr data-start=\"2754\" data-end=\"2757\" \/>\n<h1 data-section-id=\"y8224c\" data-start=\"2759\" data-end=\"2789\">\ud83e\udde1 KOMU JE KNJIGA NAMENJENA?<\/h1>\n<p data-start=\"2791\" data-end=\"3088\">\u2714 Vsem, ki \u017eelijo razumeti energijo misli in \u010dustev<br data-start=\"2842\" data-end=\"2845\" \/>\u2714 Ljudem, ki \u017eelijo spremeniti odnose in \u017eivljenje od znotraj<br data-start=\"2906\" data-end=\"2909\" \/>\u2714 Tistim, ki \u010dutijo, da lahko dose\u017eejo ve\u010d<br data-start=\"2951\" data-end=\"2954\" \/>\u2714 Za starost 20+, 30+, 40+, 50+<br data-start=\"2985\" data-end=\"2988\" \/>\u2714 Za vse, ki \u017eelijo notranji mir, jasnost in zavest<br data-start=\"3039\" data-end=\"3042\" \/>\u2714 Za vse, ki \u017eelijo ustvariti bolj\u0161e \u017eivljenje<\/p>\n<hr data-start=\"3090\" data-end=\"3093\" \/>\n<h1 data-section-id=\"1hj0wmd\" data-start=\"3095\" data-end=\"3143\">\ud83d\udc49 NARO\u010cI SVOJ IZVOD KNJIGE <strong data-start=\"3125\" data-end=\"3143\">JEZIK ENERGIJE<\/strong><\/h1>\n<p data-start=\"3145\" data-end=\"3194\">Odkrij, kako tvoja energija oblikuje tvojo usodo.<\/p>\n<p data-start=\"3196\" data-end=\"3276\">\ud83d\udc49 Spremeni svoje misli.<br data-start=\"3220\" data-end=\"3223\" \/>\ud83d\udc49 Spremeni svoje besede.<br data-start=\"3248\" data-end=\"3251\" \/>\ud83d\udc49 Spremeni svoja \u010dustva.<\/p>\n<p data-start=\"3278\" data-end=\"3326\"><strong data-start=\"3278\" data-end=\"3326\">In za\u010dni spreminjati \u017eivljenje, ki ga \u017eivi\u0161.<\/strong><\/p>\n","protected":false},"excerpt":{"rendered":"<h5 data-start=\"889\" data-end=\"959\">\ud83d\udc9b<strong data-start=\"895\" data-end=\"957\">1. Razumete, kako va\u0161e misli in \u010dustva ustvarjajo resni\u010dnost.<\/strong><\/h5>\n<p data-start=\"960\" data-end=\"1051\">Nau\u010dili se boste prepoznati vzorce, ki vas ovirajo, in jih nadomestiti z energijo, ki vas bo pognala naprej.<\/p>\n<h5 data-start=\"1053\" data-end=\"1126\">\ud83d\udc9b<strong data-start=\"1059\" data-end=\"1124\">2. Mo\u010d besed uporabljate za bolj\u0161o gradnjo, zdravljenje in privabljanje<\/strong><\/h5>\n<p data-start=\"1127\" data-end=\"1191\">Besede postanejo va\u0161e orodje za manifestacijo, odnose in osebno rast.<\/p>\n<h4 data-start=\"1193\" data-end=\"1275\">\ud83d\udc9b<strong data-start=\"1199\" data-end=\"1273\">3. Dvignete svojo osebno vibracijo in privabite bolj\u0161e ljudi in situacije.<\/strong><\/h4>\n<p data-start=\"1276\" data-end=\"1347\">Poka\u017ee vam, kako odstraniti energijske blokade in se odpreti novim mo\u017enostim.<\/p>\n<h5 data-start=\"1349\" data-end=\"1403\">\ud83d\udc9b<strong data-start=\"1355\" data-end=\"1401\">4. Pomirite \u010dustva in obnovite notranji mir<\/strong><\/h5>\n<p data-start=\"1404\" data-end=\"1496\">Ni\u010d ve\u010d notranjega kaosa \u2013 kon\u010dno razume\u0161, kaj se dogaja v tebi in kako to preoblikovati.<\/p>\n<h5 data-start=\"1498\" data-end=\"1557\">\ud83d\udc9b<strong data-start=\"1504\" data-end=\"1555\">5. Nau\u010dite se upravljati z energijo svojega telesa, uma in srca.<\/strong><\/h5>\n<p data-start=\"1558\" data-end=\"1635\">Postane\u0161 oseba, ki zavestno ustvarja svoje \u017eivljenje in se ne odziva na energijo drugih ljudi.<\/p>\n","protected":false},"featured_media":3302,"comment_status":"open","ping_status":"closed","template":"","meta":{"site-sidebar-layout":"default","site-content-layout":"","ast-site-content-layout":"default","site-content-style":"default","site-sidebar-style":"default","ast-global-header-display":"","ast-banner-title-visibility":"","ast-main-header-display":"","ast-hfb-above-header-display":"","ast-hfb-below-header-display":"","ast-hfb-mobile-header-display":"","site-post-title":"","ast-breadcrumbs-content":"","ast-featured-img":"","footer-sml-layout":"","ast-disable-related-posts":"","theme-transparent-header-meta":"default","adv-header-id-meta":"","stick-header-meta":"","header-above-stick-meta":"","header-main-stick-meta":"","header-below-stick-meta":"","astra-migrate-meta-layouts":"set","ast-page-background-enabled":"default","ast-page-background-meta":{"desktop":{"background-color":"var(--ast-global-color-5)","background-image":"","background-repeat":"repeat","background-position":"center center","background-size":"auto","background-attachment":"scroll","background-type":"","background-media":"","overlay-type":"","overlay-color":"","overlay-opacity":"","overlay-gradient":""},"tablet":{"background-color":"","background-image":"","background-repeat":"repeat","background-position":"center center","background-size":"auto","background-attachment":"scroll","background-type":"","background-media":"","overlay-type":"","overlay-color":"","overlay-opacity":"","overlay-gradient":""},"mobile":{"background-color":"","background-image":"","background-repeat":"repeat","background-position":"center center","background-size":"auto","background-attachment":"scroll","background-type":"","background-media":"","overlay-type":"","overlay-color":"","overlay-opacity":"","overlay-gradient":""}},"ast-content-background-meta":{"desktop":{"background-color":"var(--ast-global-color-4)","background-image":"","background-repeat":"repeat","background-position":"center center","background-size":"auto","background-attachment":"scroll","background-type":"","background-media":"","overlay-type":"","overlay-color":"","overlay-opacity":"","overlay-gradient":""},"tablet":{"background-color":"var(--ast-global-color-4)","background-image":"","background-repeat":"repeat","background-position":"center center","background-size":"auto","background-attachment":"scroll","background-type":"","background-media":"","overlay-type":"","overlay-color":"","overlay-opacity":"","overlay-gradient":""},"mobile":{"background-color":"var(--ast-global-color-4)","background-image":"","background-repeat":"repeat","background-position":"center center","background-size":"auto","background-attachment":"scroll","background-type":"","background-media":"","overlay-type":"","overlay-color":"","overlay-opacity":"","overlay-gradient":""}}},"product_brand":[],"product_cat":[61,69],"product_tag":[],"class_list":{"0":"post-3301","1":"product","2":"type-product","3":"status-publish","4":"has-post-thumbnail","6":"product_cat-dejanja","7":"product_cat-osebna-rast","8":"desktop-align-left","9":"tablet-align-left","10":"mobile-align-left","12":"first","13":"instock","14":"taxable","15":"shipping-taxable","16":"purchasable","17":"product-type-simple"},"yoast_head":"<!-- This site is optimized with the Yoast SEO plugin v27.1.1 - https:\/\/yoast.com\/product\/yoast-seo-wordpress\/ -->\n<title>\u2b50 JEZIK ENERGIJE \ud83d\udc49Kako vse, kar mislite, re\u010dete in \u010dutite, oblikuje va\u0161o usodo - Svijet Misli<\/title>\n<meta name=\"robots\" content=\"index, follow, max-snippet:-1, max-image-preview:large, max-video-preview:-1\" \/>\n<link rel=\"canonical\" href=\"https:\/\/svijetmisli.com\/sl\/shop\/jezik-energije\/\" \/>\n<meta property=\"og:locale\" content=\"sl_SI\" \/>\n<meta property=\"og:type\" content=\"article\" \/>\n<meta property=\"og:title\" content=\"\u2b50 JEZIK ENERGIJE \ud83d\udc49Kako vse, kar mislite, re\u010dete in \u010dutite, oblikuje va\u0161o usodo - Svijet Misli\" \/>\n<meta property=\"og:description\" content=\"\ud83d\udc9b1. Razumete, kako va\u0161e misli in \u010dustva ustvarjajo resni\u010dnost. Nau\u010dili se boste prepoznati vzorce, ki vas ovirajo, in jih nadomestiti z energijo, ki vas bo pognala naprej.  \ud83d\udc9b2. Mo\u010d besed uporabljate za bolj\u0161o gradnjo, zdravljenje in privabljanje Besede postanejo va\u0161e orodje za manifestacijo, odnose in osebno rast.  \ud83d\udc9b3. Dvignete svojo osebno vibracijo in privabite bolj\u0161e ljudi in situacije. Poka\u017ee vam, kako odstraniti energijske blokade in se odpreti novim mo\u017enostim.  \ud83d\udc9b4. Pomirite \u010dustva in obnovite notranji mir Ni\u010d ve\u010d notranjega kaosa \u2013 kon\u010dno razume\u0161, kaj se dogaja v tebi in kako to preoblikovati.  \ud83d\udc9b5. Nau\u010dite se upravljati z energijo svojega telesa, uma in srca. Postane\u0161 oseba, ki zavestno ustvarja svoje \u017eivljenje in se ne odziva na energijo drugih ljudi.\" \/>\n<meta property=\"og:url\" content=\"https:\/\/svijetmisli.com\/sl\/shop\/jezik-energije\/\" \/>\n<meta property=\"og:site_name\" content=\"Svijet Misli\" \/>\n<meta property=\"article:modified_time\" content=\"2026-03-11T20:41:18+00:00\" \/>\n<meta property=\"og:image\" content=\"https:\/\/svijetmisli.com\/wp-content\/uploads\/2026\/01\/ChatGPT-Image-22.-stu-2025.-19_57_19-converted-from-png-700x700-1.webp\" \/>\n\t<meta property=\"og:image:width\" content=\"700\" \/>\n\t<meta property=\"og:image:height\" content=\"700\" \/>\n\t<meta property=\"og:image:type\" content=\"image\/webp\" \/>\n<meta name=\"twitter:card\" content=\"summary_large_image\" \/>\n<meta name=\"twitter:label1\" content=\"Est. reading time\" \/>\n\t<meta name=\"twitter:data1\" content=\"3 minute\" \/>\n<script type=\"application\/ld+json\" class=\"yoast-schema-graph\">{\"@context\":\"https:\/\/schema.org\",\"@graph\":[{\"@type\":\"WebPage\",\"@id\":\"https:\/\/svijetmisli.com\/sl\/shop\/jezik-energije\/\",\"url\":\"https:\/\/svijetmisli.com\/sl\/shop\/jezik-energije\/\",\"name\":\"\u2b50 JEZIK ENERGIJE \ud83d\udc49Kako vse, kar mislite, re\u010dete in \u010dutite, oblikuje va\u0161o usodo - Svijet Misli\",\"isPartOf\":{\"@id\":\"https:\/\/svijetmisli.com\/#website\"},\"primaryImageOfPage\":{\"@id\":\"https:\/\/svijetmisli.com\/sl\/shop\/jezik-energije\/#primaryimage\"},\"image\":{\"@id\":\"https:\/\/svijetmisli.com\/sl\/shop\/jezik-energije\/#primaryimage\"},\"thumbnailUrl\":\"https:\/\/svijetmisli.com\/wp-content\/uploads\/2026\/01\/ChatGPT-Image-22.-stu-2025.-19_57_19-converted-from-png-700x700-1.webp\",\"datePublished\":\"2026-01-03T15:04:12+00:00\",\"dateModified\":\"2026-03-11T20:41:18+00:00\",\"breadcrumb\":{\"@id\":\"https:\/\/svijetmisli.com\/sl\/shop\/jezik-energije\/#breadcrumb\"},\"inLanguage\":\"sl-SI\",\"potentialAction\":[{\"@type\":\"ReadAction\",\"target\":[\"https:\/\/svijetmisli.com\/sl\/shop\/jezik-energije\/\"]}]},{\"@type\":\"ImageObject\",\"inLanguage\":\"sl-SI\",\"@id\":\"https:\/\/svijetmisli.com\/sl\/shop\/jezik-energije\/#primaryimage\",\"url\":\"https:\/\/svijetmisli.com\/wp-content\/uploads\/2026\/01\/ChatGPT-Image-22.-stu-2025.-19_57_19-converted-from-png-700x700-1.webp\",\"contentUrl\":\"https:\/\/svijetmisli.com\/wp-content\/uploads\/2026\/01\/ChatGPT-Image-22.-stu-2025.-19_57_19-converted-from-png-700x700-1.webp\",\"width\":700,\"height\":700},{\"@type\":\"BreadcrumbList\",\"@id\":\"https:\/\/svijetmisli.com\/sl\/shop\/jezik-energije\/#breadcrumb\",\"itemListElement\":[{\"@type\":\"ListItem\",\"position\":1,\"name\":\"Po\u010detna stranica\",\"item\":\"https:\/\/svijetmisli.com\/sl\/\"},{\"@type\":\"ListItem\",\"position\":2,\"name\":\"Trgovina\",\"item\":\"https:\/\/svijetmisli.com\/sl\/trgovina\/\"},{\"@type\":\"ListItem\",\"position\":3,\"name\":\"\u2b50 JEZIK ENERGIJE \ud83d\udc49Kako vse, kar mislite, re\u010dete in \u010dutite, oblikuje va\u0161o usodo\"}]},{\"@type\":\"WebSite\",\"@id\":\"https:\/\/svijetmisli.com\/#website\",\"url\":\"https:\/\/svijetmisli.com\/\",\"name\":\"Svijet Misli\",\"description\":\"Online knji\u017eara s knjigama za osobni rast, duhovnost, kuharicama i inspirativnim naslovima.\",\"publisher\":{\"@id\":\"https:\/\/svijetmisli.com\/#organization\"},\"potentialAction\":[{\"@type\":\"SearchAction\",\"target\":{\"@type\":\"EntryPoint\",\"urlTemplate\":\"https:\/\/svijetmisli.com\/?s={search_term_string}\"},\"query-input\":{\"@type\":\"PropertyValueSpecification\",\"valueRequired\":true,\"valueName\":\"search_term_string\"}}],\"inLanguage\":\"sl-SI\"},{\"@type\":\"Organization\",\"@id\":\"https:\/\/svijetmisli.com\/#organization\",\"name\":\"Svijet Misli\",\"url\":\"https:\/\/svijetmisli.com\/\",\"logo\":{\"@type\":\"ImageObject\",\"inLanguage\":\"sl-SI\",\"@id\":\"https:\/\/svijetmisli.com\/#\/schema\/logo\/image\/\",\"url\":\"https:\/\/svijetmisli.com\/wp-content\/uploads\/2025\/12\/logo.png\",\"contentUrl\":\"https:\/\/svijetmisli.com\/wp-content\/uploads\/2025\/12\/logo.png\",\"width\":500,\"height\":174,\"caption\":\"Svijet Misli\"},\"image\":{\"@id\":\"https:\/\/svijetmisli.com\/#\/schema\/logo\/image\/\"}}]}<\/script>\n<!-- \/ Yoast SEO plugin. -->","yoast_head_json":{"title":"\u2b50 JEZIK ENERGIJE \ud83d\udc49Kako vse, kar mislite, re\u010dete in \u010dutite, oblikuje va\u0161o usodo - Svijet Misli","robots":{"index":"index","follow":"follow","max-snippet":"max-snippet:-1","max-image-preview":"max-image-preview:large","max-video-preview":"max-video-preview:-1"},"canonical":"https:\/\/svijetmisli.com\/sl\/shop\/jezik-energije\/","og_locale":"sl_SI","og_type":"article","og_title":"\u2b50 JEZIK ENERGIJE \ud83d\udc49Kako vse, kar mislite, re\u010dete in \u010dutite, oblikuje va\u0161o usodo - Svijet Misli","og_description":"\ud83d\udc9b1. Razumete, kako va\u0161e misli in \u010dustva ustvarjajo resni\u010dnost. Nau\u010dili se boste prepoznati vzorce, ki vas ovirajo, in jih nadomestiti z energijo, ki vas bo pognala naprej.  \ud83d\udc9b2. Mo\u010d besed uporabljate za bolj\u0161o gradnjo, zdravljenje in privabljanje Besede postanejo va\u0161e orodje za manifestacijo, odnose in osebno rast.  \ud83d\udc9b3. Dvignete svojo osebno vibracijo in privabite bolj\u0161e ljudi in situacije. Poka\u017ee vam, kako odstraniti energijske blokade in se odpreti novim mo\u017enostim.  \ud83d\udc9b4. Pomirite \u010dustva in obnovite notranji mir Ni\u010d ve\u010d notranjega kaosa \u2013 kon\u010dno razume\u0161, kaj se dogaja v tebi in kako to preoblikovati.  \ud83d\udc9b5. Nau\u010dite se upravljati z energijo svojega telesa, uma in srca. Postane\u0161 oseba, ki zavestno ustvarja svoje \u017eivljenje in se ne odziva na energijo drugih ljudi.","og_url":"https:\/\/svijetmisli.com\/sl\/shop\/jezik-energije\/","og_site_name":"Svijet Misli","article_modified_time":"2026-03-11T20:41:18+00:00","og_image":[{"width":700,"height":700,"url":"https:\/\/svijetmisli.com\/wp-content\/uploads\/2026\/01\/ChatGPT-Image-22.-stu-2025.-19_57_19-converted-from-png-700x700-1.webp","type":"image\/webp"}],"twitter_card":"summary_large_image","twitter_misc":{"Est. reading time":"3 minute"},"schema":{"@context":"https:\/\/schema.org","@graph":[{"@type":"WebPage","@id":"https:\/\/svijetmisli.com\/sl\/shop\/jezik-energije\/","url":"https:\/\/svijetmisli.com\/sl\/shop\/jezik-energije\/","name":"\u2b50 JEZIK ENERGIJE \ud83d\udc49Kako vse, kar mislite, re\u010dete in \u010dutite, oblikuje va\u0161o usodo - Svijet Misli","isPartOf":{"@id":"https:\/\/svijetmisli.com\/#website"},"primaryImageOfPage":{"@id":"https:\/\/svijetmisli.com\/sl\/shop\/jezik-energije\/#primaryimage"},"image":{"@id":"https:\/\/svijetmisli.com\/sl\/shop\/jezik-energije\/#primaryimage"},"thumbnailUrl":"https:\/\/svijetmisli.com\/wp-content\/uploads\/2026\/01\/ChatGPT-Image-22.-stu-2025.-19_57_19-converted-from-png-700x700-1.webp","datePublished":"2026-01-03T15:04:12+00:00","dateModified":"2026-03-11T20:41:18+00:00","breadcrumb":{"@id":"https:\/\/svijetmisli.com\/sl\/shop\/jezik-energije\/#breadcrumb"},"inLanguage":"sl-SI","potentialAction":[{"@type":"ReadAction","target":["https:\/\/svijetmisli.com\/sl\/shop\/jezik-energije\/"]}]},{"@type":"ImageObject","inLanguage":"sl-SI","@id":"https:\/\/svijetmisli.com\/sl\/shop\/jezik-energije\/#primaryimage","url":"https:\/\/svijetmisli.com\/wp-content\/uploads\/2026\/01\/ChatGPT-Image-22.-stu-2025.-19_57_19-converted-from-png-700x700-1.webp","contentUrl":"https:\/\/svijetmisli.com\/wp-content\/uploads\/2026\/01\/ChatGPT-Image-22.-stu-2025.-19_57_19-converted-from-png-700x700-1.webp","width":700,"height":700},{"@type":"BreadcrumbList","@id":"https:\/\/svijetmisli.com\/sl\/shop\/jezik-energije\/#breadcrumb","itemListElement":[{"@type":"ListItem","position":1,"name":"Po\u010detna stranica","item":"https:\/\/svijetmisli.com\/sl\/"},{"@type":"ListItem","position":2,"name":"Trgovina","item":"https:\/\/svijetmisli.com\/sl\/trgovina\/"},{"@type":"ListItem","position":3,"name":"\u2b50 JEZIK ENERGIJE \ud83d\udc49Kako vse, kar mislite, re\u010dete in \u010dutite, oblikuje va\u0161o usodo"}]},{"@type":"WebSite","@id":"https:\/\/svijetmisli.com\/#website","url":"https:\/\/svijetmisli.com\/","name":"Svijet Misli","description":"Online knji\u017eara s knjigama za osobni rast, duhovnost, kuharicama i inspirativnim naslovima.","publisher":{"@id":"https:\/\/svijetmisli.com\/#organization"},"potentialAction":[{"@type":"SearchAction","target":{"@type":"EntryPoint","urlTemplate":"https:\/\/svijetmisli.com\/?s={search_term_string}"},"query-input":{"@type":"PropertyValueSpecification","valueRequired":true,"valueName":"search_term_string"}}],"inLanguage":"sl-SI"},{"@type":"Organization","@id":"https:\/\/svijetmisli.com\/#organization","name":"Svijet Misli","url":"https:\/\/svijetmisli.com\/","logo":{"@type":"ImageObject","inLanguage":"sl-SI","@id":"https:\/\/svijetmisli.com\/#\/schema\/logo\/image\/","url":"https:\/\/svijetmisli.com\/wp-content\/uploads\/2025\/12\/logo.png","contentUrl":"https:\/\/svijetmisli.com\/wp-content\/uploads\/2025\/12\/logo.png","width":500,"height":174,"caption":"Svijet Misli"},"image":{"@id":"https:\/\/svijetmisli.com\/#\/schema\/logo\/image\/"}}]}},"_links":{"self":[{"href":"https:\/\/svijetmisli.com\/sl\/wp-json\/wp\/v2\/product\/3301","targetHints":{"allow":["GET"]}}],"collection":[{"href":"https:\/\/svijetmisli.com\/sl\/wp-json\/wp\/v2\/product"}],"about":[{"href":"https:\/\/svijetmisli.com\/sl\/wp-json\/wp\/v2\/types\/product"}],"replies":[{"embeddable":true,"href":"https:\/\/svijetmisli.com\/sl\/wp-json\/wp\/v2\/comments?post=3301"}],"wp:featuredmedia":[{"embeddable":true,"href":"https:\/\/svijetmisli.com\/sl\/wp-json\/wp\/v2\/media\/3302"}],"wp:attachment":[{"href":"https:\/\/svijetmisli.com\/sl\/wp-json\/wp\/v2\/media?parent=3301"}],"wp:term":[{"taxonomy":"product_brand","embeddable":true,"href":"https:\/\/svijetmisli.com\/sl\/wp-json\/wp\/v2\/product_brand?post=3301"},{"taxonomy":"product_cat","embeddable":true,"href":"https:\/\/svijetmisli.com\/sl\/wp-json\/wp\/v2\/product_cat?post=3301"},{"taxonomy":"product_tag","embeddable":true,"href":"https:\/\/svijetmisli.com\/sl\/wp-json\/wp\/v2\/product_tag?post=3301"}],"curies":[{"name":"wp","href":"https:\/\/api.w.org\/{rel}","templated":true}]}}