{"id":3251,"date":"2026-01-05T07:40:18","date_gmt":"2026-01-05T07:40:18","guid":{"rendered":"https:\/\/svijetmisli.com\/shop\/kad-sve-utihne\/"},"modified":"2026-02-12T21:27:03","modified_gmt":"2026-02-12T20:27:03","slug":"kad-sve-utihne","status":"publish","type":"product","link":"https:\/\/svijetmisli.com\/sl\/shop\/kad-sve-utihne\/","title":{"rendered":"\ud83c\udf11 KO VSE UTIHNE\ud83d\udc49 Ko neha\u0161 gledati &#8211; in za\u010dne\u0161 biti."},"content":{"rendered":"<p data-start=\"435\" data-end=\"535\">\ud83d\udd6f\ufe0f<strong data-start=\"439\" data-end=\"463\">Globok notranji mir<\/strong><br data-start=\"463\" data-end=\"466\" \/>Knjiga, ki ne ponuja re\u0161itev, temve\u010d prostor, v katerem mir nastane sam od sebe.<\/p>\n<p data-start=\"537\" data-end=\"642\">\ud83e\udde0<strong data-start=\"540\" data-end=\"573\">Olaj\u0161anje od nenehnega iskanja<\/strong><br data-start=\"573\" data-end=\"576\" \/>Pomaga, da se znebimo potrebe po odgovorih, razlagah in nadzoru.<\/p>\n<p data-start=\"644\" data-end=\"750\">\ud83d\udd4a\ufe0f<strong data-start=\"648\" data-end=\"677\">Duhovna jasnost brez dogme<\/strong><br data-start=\"677\" data-end=\"680\" \/>Brez verskih pravil, tehnik ali ezoterike \u2013 samo ti\u0161ina in resnica.<\/p>\n<p data-start=\"752\" data-end=\"843\">\ud83c\udf3f<strong data-start=\"755\" data-end=\"784\">Vrnitev k sebi po zlomu<\/strong><br data-start=\"784\" data-end=\"787\" \/>Za tiste, ki so do\u017eiveli izgubo, zlomljenost ali duhovno praznino.<\/p>\n<p data-start=\"845\" data-end=\"932\">\u2728<strong data-start=\"847\" data-end=\"883\">Ob\u010dutek prepoznavanja, ne u\u010denja<\/strong><br data-start=\"883\" data-end=\"886\" \/>Ne bere\u0161, da bi se u\u010dil &#8211; bere\u0161, da si zapomni\u0161.<\/p>\n","protected":false},"excerpt":{"rendered":"<p data-start=\"435\" data-end=\"535\">\ud83d\udd6f\ufe0f<strong data-start=\"439\" data-end=\"463\">Globok notranji mir<\/strong><br data-start=\"463\" data-end=\"466\" \/>Knjiga, ki ne ponuja re\u0161itev, temve\u010d prostor, v katerem mir nastane sam od sebe.<\/p>\n<p data-start=\"537\" data-end=\"642\">\ud83e\udde0<strong data-start=\"540\" data-end=\"573\">Olaj\u0161anje od nenehnega iskanja<\/strong><br data-start=\"573\" data-end=\"576\" \/>Pomaga, da se znebimo potrebe po odgovorih, razlagah in nadzoru.<\/p>\n<p data-start=\"644\" data-end=\"750\">\ud83d\udd4a\ufe0f<strong data-start=\"648\" data-end=\"677\">Duhovna jasnost brez dogme<\/strong><br data-start=\"677\" data-end=\"680\" \/>Brez verskih pravil, tehnik ali ezoterike \u2013 samo ti\u0161ina in resnica.<\/p>\n<p data-start=\"752\" data-end=\"843\">\ud83c\udf3f<strong data-start=\"755\" data-end=\"784\">Vrnitev k sebi po zlomu<\/strong><br data-start=\"784\" data-end=\"787\" \/>Za tiste, ki so do\u017eiveli izgubo, zlomljenost ali duhovno praznino.<\/p>\n<p data-start=\"845\" data-end=\"932\">\u2728<strong data-start=\"847\" data-end=\"883\">Ob\u010dutek prepoznavanja, ne u\u010denja<\/strong><br data-start=\"883\" data-end=\"886\" \/>Ne bere\u0161, da bi se u\u010dil &#8211; bere\u0161, da si zapomni\u0161.<\/p>\n","protected":false},"featured_media":3252,"comment_status":"open","ping_status":"closed","template":"","meta":{"site-sidebar-layout":"default","site-content-layout":"","ast-site-content-layout":"default","site-content-style":"default","site-sidebar-style":"default","ast-global-header-display":"","ast-banner-title-visibility":"","ast-main-header-display":"","ast-hfb-above-header-display":"","ast-hfb-below-header-display":"","ast-hfb-mobile-header-display":"","site-post-title":"","ast-breadcrumbs-content":"","ast-featured-img":"","footer-sml-layout":"","ast-disable-related-posts":"","theme-transparent-header-meta":"default","adv-header-id-meta":"","stick-header-meta":"","header-above-stick-meta":"","header-main-stick-meta":"","header-below-stick-meta":"","astra-migrate-meta-layouts":"default","ast-page-background-enabled":"default","ast-page-background-meta":{"desktop":{"background-color":"var(--ast-global-color-5)","background-image":"","background-repeat":"repeat","background-position":"center center","background-size":"auto","background-attachment":"scroll","background-type":"","background-media":"","overlay-type":"","overlay-color":"","overlay-opacity":"","overlay-gradient":""},"tablet":{"background-color":"","background-image":"","background-repeat":"repeat","background-position":"center center","background-size":"auto","background-attachment":"scroll","background-type":"","background-media":"","overlay-type":"","overlay-color":"","overlay-opacity":"","overlay-gradient":""},"mobile":{"background-color":"","background-image":"","background-repeat":"repeat","background-position":"center center","background-size":"auto","background-attachment":"scroll","background-type":"","background-media":"","overlay-type":"","overlay-color":"","overlay-opacity":"","overlay-gradient":""}},"ast-content-background-meta":{"desktop":{"background-color":"var(--ast-global-color-4)","background-image":"","background-repeat":"repeat","background-position":"center center","background-size":"auto","background-attachment":"scroll","background-type":"","background-media":"","overlay-type":"","overlay-color":"","overlay-opacity":"","overlay-gradient":""},"tablet":{"background-color":"var(--ast-global-color-4)","background-image":"","background-repeat":"repeat","background-position":"center center","background-size":"auto","background-attachment":"scroll","background-type":"","background-media":"","overlay-type":"","overlay-color":"","overlay-opacity":"","overlay-gradient":""},"mobile":{"background-color":"var(--ast-global-color-4)","background-image":"","background-repeat":"repeat","background-position":"center center","background-size":"auto","background-attachment":"scroll","background-type":"","background-media":"","overlay-type":"","overlay-color":"","overlay-opacity":"","overlay-gradient":""}}},"product_brand":[],"product_cat":[65],"product_tag":[],"class_list":{"0":"post-3251","1":"product","2":"type-product","3":"status-publish","4":"has-post-thumbnail","6":"product_cat-knjigarna","7":"desktop-align-left","8":"tablet-align-left","9":"mobile-align-left","11":"first","12":"instock","13":"taxable","14":"shipping-taxable","15":"purchasable","16":"product-type-simple"},"yoast_head":"<!-- This site is optimized with the Yoast SEO plugin v27.1.1 - https:\/\/yoast.com\/product\/yoast-seo-wordpress\/ -->\n<title>\ud83c\udf11 KO VSE UTIHNE\ud83d\udc49 Ko neha\u0161 gledati - in za\u010dne\u0161 biti. - Svijet Misli<\/title>\n<meta name=\"robots\" content=\"index, follow, max-snippet:-1, max-image-preview:large, max-video-preview:-1\" \/>\n<link rel=\"canonical\" href=\"https:\/\/svijetmisli.com\/sl\/shop\/kad-sve-utihne\/\" \/>\n<meta property=\"og:locale\" content=\"sl_SI\" \/>\n<meta property=\"og:type\" content=\"article\" \/>\n<meta property=\"og:title\" content=\"\ud83c\udf11 KO VSE UTIHNE\ud83d\udc49 Ko neha\u0161 gledati - in za\u010dne\u0161 biti. - Svijet Misli\" \/>\n<meta property=\"og:description\" content=\"\ud83d\udd6f\ufe0fGlobok notranji mirKnjiga, ki ne ponuja re\u0161itev, temve\u010d prostor, v katerem mir nastane sam od sebe. \ud83e\udde0Olaj\u0161anje od nenehnega iskanjaPomaga, da se znebimo potrebe po odgovorih, razlagah in nadzoru. \ud83d\udd4a\ufe0fDuhovna jasnost brez dogmeBrez verskih pravil, tehnik ali ezoterike \u2013 samo ti\u0161ina in resnica. \ud83c\udf3fVrnitev k sebi po zlomuZa tiste, ki so do\u017eiveli izgubo, zlomljenost ali duhovno praznino. \u2728Ob\u010dutek prepoznavanja, ne u\u010denjaNe bere\u0161, da bi se u\u010dil - bere\u0161, da si zapomni\u0161.\" \/>\n<meta property=\"og:url\" content=\"https:\/\/svijetmisli.com\/sl\/shop\/kad-sve-utihne\/\" \/>\n<meta property=\"og:site_name\" content=\"Svijet Misli\" \/>\n<meta property=\"article:modified_time\" content=\"2026-02-12T20:27:03+00:00\" \/>\n<meta property=\"og:image\" content=\"https:\/\/svijetmisli.com\/wp-content\/uploads\/2026\/01\/ChatGPT-Image-27.-pro-2025.-15_46_17-converted-from-png.webp\" \/>\n\t<meta property=\"og:image:width\" content=\"1024\" \/>\n\t<meta property=\"og:image:height\" content=\"1024\" \/>\n\t<meta property=\"og:image:type\" content=\"image\/webp\" \/>\n<meta name=\"twitter:card\" content=\"summary_large_image\" \/>\n<script type=\"application\/ld+json\" class=\"yoast-schema-graph\">{\"@context\":\"https:\/\/schema.org\",\"@graph\":[{\"@type\":\"WebPage\",\"@id\":\"https:\/\/svijetmisli.com\/sl\/shop\/kad-sve-utihne\/\",\"url\":\"https:\/\/svijetmisli.com\/sl\/shop\/kad-sve-utihne\/\",\"name\":\"\ud83c\udf11 KO VSE UTIHNE\ud83d\udc49 Ko neha\u0161 gledati - in za\u010dne\u0161 biti. - Svijet Misli\",\"isPartOf\":{\"@id\":\"https:\/\/svijetmisli.com\/#website\"},\"primaryImageOfPage\":{\"@id\":\"https:\/\/svijetmisli.com\/sl\/shop\/kad-sve-utihne\/#primaryimage\"},\"image\":{\"@id\":\"https:\/\/svijetmisli.com\/sl\/shop\/kad-sve-utihne\/#primaryimage\"},\"thumbnailUrl\":\"https:\/\/svijetmisli.com\/wp-content\/uploads\/2026\/01\/ChatGPT-Image-27.-pro-2025.-15_46_17-converted-from-png.webp\",\"datePublished\":\"2026-01-05T07:40:18+00:00\",\"dateModified\":\"2026-02-12T20:27:03+00:00\",\"breadcrumb\":{\"@id\":\"https:\/\/svijetmisli.com\/sl\/shop\/kad-sve-utihne\/#breadcrumb\"},\"inLanguage\":\"sl-SI\",\"potentialAction\":[{\"@type\":\"ReadAction\",\"target\":[\"https:\/\/svijetmisli.com\/sl\/shop\/kad-sve-utihne\/\"]}]},{\"@type\":\"ImageObject\",\"inLanguage\":\"sl-SI\",\"@id\":\"https:\/\/svijetmisli.com\/sl\/shop\/kad-sve-utihne\/#primaryimage\",\"url\":\"https:\/\/svijetmisli.com\/wp-content\/uploads\/2026\/01\/ChatGPT-Image-27.-pro-2025.-15_46_17-converted-from-png.webp\",\"contentUrl\":\"https:\/\/svijetmisli.com\/wp-content\/uploads\/2026\/01\/ChatGPT-Image-27.-pro-2025.-15_46_17-converted-from-png.webp\",\"width\":1024,\"height\":1024},{\"@type\":\"BreadcrumbList\",\"@id\":\"https:\/\/svijetmisli.com\/sl\/shop\/kad-sve-utihne\/#breadcrumb\",\"itemListElement\":[{\"@type\":\"ListItem\",\"position\":1,\"name\":\"Po\u010detna stranica\",\"item\":\"https:\/\/svijetmisli.com\/sl\/\"},{\"@type\":\"ListItem\",\"position\":2,\"name\":\"Trgovina\",\"item\":\"https:\/\/svijetmisli.com\/sl\/trgovina\/\"},{\"@type\":\"ListItem\",\"position\":3,\"name\":\"\ud83c\udf11 KO VSE UTIHNE\ud83d\udc49 Ko neha\u0161 gledati &#8211; in za\u010dne\u0161 biti.\"}]},{\"@type\":\"WebSite\",\"@id\":\"https:\/\/svijetmisli.com\/#website\",\"url\":\"https:\/\/svijetmisli.com\/\",\"name\":\"Svijet Misli\",\"description\":\"Online knji\u017eara s knjigama za osobni rast, duhovnost, kuharicama i inspirativnim naslovima.\",\"publisher\":{\"@id\":\"https:\/\/svijetmisli.com\/#organization\"},\"potentialAction\":[{\"@type\":\"SearchAction\",\"target\":{\"@type\":\"EntryPoint\",\"urlTemplate\":\"https:\/\/svijetmisli.com\/?s={search_term_string}\"},\"query-input\":{\"@type\":\"PropertyValueSpecification\",\"valueRequired\":true,\"valueName\":\"search_term_string\"}}],\"inLanguage\":\"sl-SI\"},{\"@type\":\"Organization\",\"@id\":\"https:\/\/svijetmisli.com\/#organization\",\"name\":\"Svijet Misli\",\"url\":\"https:\/\/svijetmisli.com\/\",\"logo\":{\"@type\":\"ImageObject\",\"inLanguage\":\"sl-SI\",\"@id\":\"https:\/\/svijetmisli.com\/#\/schema\/logo\/image\/\",\"url\":\"https:\/\/svijetmisli.com\/wp-content\/uploads\/2025\/12\/logo.png\",\"contentUrl\":\"https:\/\/svijetmisli.com\/wp-content\/uploads\/2025\/12\/logo.png\",\"width\":500,\"height\":174,\"caption\":\"Svijet Misli\"},\"image\":{\"@id\":\"https:\/\/svijetmisli.com\/#\/schema\/logo\/image\/\"}}]}<\/script>\n<!-- \/ Yoast SEO plugin. -->","yoast_head_json":{"title":"\ud83c\udf11 KO VSE UTIHNE\ud83d\udc49 Ko neha\u0161 gledati - in za\u010dne\u0161 biti. - Svijet Misli","robots":{"index":"index","follow":"follow","max-snippet":"max-snippet:-1","max-image-preview":"max-image-preview:large","max-video-preview":"max-video-preview:-1"},"canonical":"https:\/\/svijetmisli.com\/sl\/shop\/kad-sve-utihne\/","og_locale":"sl_SI","og_type":"article","og_title":"\ud83c\udf11 KO VSE UTIHNE\ud83d\udc49 Ko neha\u0161 gledati - in za\u010dne\u0161 biti. - Svijet Misli","og_description":"\ud83d\udd6f\ufe0fGlobok notranji mirKnjiga, ki ne ponuja re\u0161itev, temve\u010d prostor, v katerem mir nastane sam od sebe. \ud83e\udde0Olaj\u0161anje od nenehnega iskanjaPomaga, da se znebimo potrebe po odgovorih, razlagah in nadzoru. \ud83d\udd4a\ufe0fDuhovna jasnost brez dogmeBrez verskih pravil, tehnik ali ezoterike \u2013 samo ti\u0161ina in resnica. \ud83c\udf3fVrnitev k sebi po zlomuZa tiste, ki so do\u017eiveli izgubo, zlomljenost ali duhovno praznino. \u2728Ob\u010dutek prepoznavanja, ne u\u010denjaNe bere\u0161, da bi se u\u010dil - bere\u0161, da si zapomni\u0161.","og_url":"https:\/\/svijetmisli.com\/sl\/shop\/kad-sve-utihne\/","og_site_name":"Svijet Misli","article_modified_time":"2026-02-12T20:27:03+00:00","og_image":[{"width":1024,"height":1024,"url":"https:\/\/svijetmisli.com\/wp-content\/uploads\/2026\/01\/ChatGPT-Image-27.-pro-2025.-15_46_17-converted-from-png.webp","type":"image\/webp"}],"twitter_card":"summary_large_image","schema":{"@context":"https:\/\/schema.org","@graph":[{"@type":"WebPage","@id":"https:\/\/svijetmisli.com\/sl\/shop\/kad-sve-utihne\/","url":"https:\/\/svijetmisli.com\/sl\/shop\/kad-sve-utihne\/","name":"\ud83c\udf11 KO VSE UTIHNE\ud83d\udc49 Ko neha\u0161 gledati - in za\u010dne\u0161 biti. - Svijet Misli","isPartOf":{"@id":"https:\/\/svijetmisli.com\/#website"},"primaryImageOfPage":{"@id":"https:\/\/svijetmisli.com\/sl\/shop\/kad-sve-utihne\/#primaryimage"},"image":{"@id":"https:\/\/svijetmisli.com\/sl\/shop\/kad-sve-utihne\/#primaryimage"},"thumbnailUrl":"https:\/\/svijetmisli.com\/wp-content\/uploads\/2026\/01\/ChatGPT-Image-27.-pro-2025.-15_46_17-converted-from-png.webp","datePublished":"2026-01-05T07:40:18+00:00","dateModified":"2026-02-12T20:27:03+00:00","breadcrumb":{"@id":"https:\/\/svijetmisli.com\/sl\/shop\/kad-sve-utihne\/#breadcrumb"},"inLanguage":"sl-SI","potentialAction":[{"@type":"ReadAction","target":["https:\/\/svijetmisli.com\/sl\/shop\/kad-sve-utihne\/"]}]},{"@type":"ImageObject","inLanguage":"sl-SI","@id":"https:\/\/svijetmisli.com\/sl\/shop\/kad-sve-utihne\/#primaryimage","url":"https:\/\/svijetmisli.com\/wp-content\/uploads\/2026\/01\/ChatGPT-Image-27.-pro-2025.-15_46_17-converted-from-png.webp","contentUrl":"https:\/\/svijetmisli.com\/wp-content\/uploads\/2026\/01\/ChatGPT-Image-27.-pro-2025.-15_46_17-converted-from-png.webp","width":1024,"height":1024},{"@type":"BreadcrumbList","@id":"https:\/\/svijetmisli.com\/sl\/shop\/kad-sve-utihne\/#breadcrumb","itemListElement":[{"@type":"ListItem","position":1,"name":"Po\u010detna stranica","item":"https:\/\/svijetmisli.com\/sl\/"},{"@type":"ListItem","position":2,"name":"Trgovina","item":"https:\/\/svijetmisli.com\/sl\/trgovina\/"},{"@type":"ListItem","position":3,"name":"\ud83c\udf11 KO VSE UTIHNE\ud83d\udc49 Ko neha\u0161 gledati &#8211; in za\u010dne\u0161 biti."}]},{"@type":"WebSite","@id":"https:\/\/svijetmisli.com\/#website","url":"https:\/\/svijetmisli.com\/","name":"Svijet Misli","description":"Online knji\u017eara s knjigama za osobni rast, duhovnost, kuharicama i inspirativnim naslovima.","publisher":{"@id":"https:\/\/svijetmisli.com\/#organization"},"potentialAction":[{"@type":"SearchAction","target":{"@type":"EntryPoint","urlTemplate":"https:\/\/svijetmisli.com\/?s={search_term_string}"},"query-input":{"@type":"PropertyValueSpecification","valueRequired":true,"valueName":"search_term_string"}}],"inLanguage":"sl-SI"},{"@type":"Organization","@id":"https:\/\/svijetmisli.com\/#organization","name":"Svijet Misli","url":"https:\/\/svijetmisli.com\/","logo":{"@type":"ImageObject","inLanguage":"sl-SI","@id":"https:\/\/svijetmisli.com\/#\/schema\/logo\/image\/","url":"https:\/\/svijetmisli.com\/wp-content\/uploads\/2025\/12\/logo.png","contentUrl":"https:\/\/svijetmisli.com\/wp-content\/uploads\/2025\/12\/logo.png","width":500,"height":174,"caption":"Svijet Misli"},"image":{"@id":"https:\/\/svijetmisli.com\/#\/schema\/logo\/image\/"}}]}},"_links":{"self":[{"href":"https:\/\/svijetmisli.com\/sl\/wp-json\/wp\/v2\/product\/3251","targetHints":{"allow":["GET"]}}],"collection":[{"href":"https:\/\/svijetmisli.com\/sl\/wp-json\/wp\/v2\/product"}],"about":[{"href":"https:\/\/svijetmisli.com\/sl\/wp-json\/wp\/v2\/types\/product"}],"replies":[{"embeddable":true,"href":"https:\/\/svijetmisli.com\/sl\/wp-json\/wp\/v2\/comments?post=3251"}],"wp:featuredmedia":[{"embeddable":true,"href":"https:\/\/svijetmisli.com\/sl\/wp-json\/wp\/v2\/media\/3252"}],"wp:attachment":[{"href":"https:\/\/svijetmisli.com\/sl\/wp-json\/wp\/v2\/media?parent=3251"}],"wp:term":[{"taxonomy":"product_brand","embeddable":true,"href":"https:\/\/svijetmisli.com\/sl\/wp-json\/wp\/v2\/product_brand?post=3251"},{"taxonomy":"product_cat","embeddable":true,"href":"https:\/\/svijetmisli.com\/sl\/wp-json\/wp\/v2\/product_cat?post=3251"},{"taxonomy":"product_tag","embeddable":true,"href":"https:\/\/svijetmisli.com\/sl\/wp-json\/wp\/v2\/product_tag?post=3251"}],"curies":[{"name":"wp","href":"https:\/\/api.w.org\/{rel}","templated":true}]}}