{"id":3223,"date":"2026-01-05T11:53:43","date_gmt":"2026-01-05T11:53:43","guid":{"rendered":"https:\/\/svijetmisli.com\/shop\/kolaci-i-torte-bez-pecnice\/"},"modified":"2026-02-12T21:26:59","modified_gmt":"2026-02-12T20:26:59","slug":"kolaci-i-torte-bez-pecnice","status":"publish","type":"product","link":"https:\/\/svijetmisli.com\/sl\/shop\/kolaci-i-torte-bez-pecnice\/","title":{"rendered":"\ud83c\udf82 TORTE IN TORTE BREZ PE\u010cICE \ud83d\udc95Najlep\u0161a kuharica leta \u2022 Ve\u010d kot 200 preizku\u0161enih receptov \u2022 Brezpla\u010dna dostava"},"content":{"rendered":"<h5 data-start=\"1372\" data-end=\"1439\"><strong data-start=\"1376\" data-end=\"1437\">1. \ud83c\udf70 Ve\u010d kot 200 preverjenih receptov, ki delujejo za vsakogar<\/strong><\/h5>\n<p data-start=\"1440\" data-end=\"1491\">Vsak recept je bil ve\u010dkrat preizku\u0161en &#8211; brez razo\u010daranj.<\/p>\n<h5 data-start=\"1493\" data-end=\"1534\"><strong data-start=\"1497\" data-end=\"1532\">2. \u23f1\ufe0f Hitra priprava brez pe\u010dice<\/strong><\/h5>\n<p data-start=\"1535\" data-end=\"1581\">Idealno za zaposlene ljudi, mame in za\u010detnike.<\/p>\n<h5 data-start=\"1583\" data-end=\"1629\"><strong data-start=\"1587\" data-end=\"1627\">3. \ud83d\udccf Jasne mere + dimenzije kalupa<\/strong><\/h5>\n<p data-start=\"1630\" data-end=\"1683\">Natan\u010dno razmerje sestavin = popolni rezultati vsaki\u010d.<\/p>\n<h5 data-start=\"1685\" data-end=\"1745\"><strong data-start=\"1689\" data-end=\"1743\">4. \ud83c\udf81 Idealno za darilo (okrasna \u0161katla + predpasnik)<\/strong><\/h5>\n<p data-start=\"1746\" data-end=\"1810\">Ekskluzivna mo\u017enost, ki bo navdu\u0161ila vsakega ljubitelja sladic.<\/p>\n<h5 data-start=\"1812\" data-end=\"1865\"><strong data-start=\"1816\" data-end=\"1863\">5. \ud83d\ude9a Brezpla\u010dna dostava po vsej Hrva\u0161ki<\/strong><\/h5>\n<p data-start=\"1866\" data-end=\"1902\">Pla\u010date samo za knjigo \u2013 po\u0161tnina je 0 \u20ac.<\/p>\n","protected":false},"excerpt":{"rendered":"<h5 data-start=\"1372\" data-end=\"1439\"><strong data-start=\"1376\" data-end=\"1437\">1. \ud83c\udf70 Ve\u010d kot 200 preverjenih receptov, ki delujejo za vsakogar<\/strong><\/h5>\n<p data-start=\"1440\" data-end=\"1491\">Vsak recept je bil ve\u010dkrat preizku\u0161en &#8211; brez razo\u010daranj.<\/p>\n<h5 data-start=\"1493\" data-end=\"1534\"><strong data-start=\"1497\" data-end=\"1532\">2. \u23f1\ufe0f Hitra priprava brez pe\u010dice<\/strong><\/h5>\n<p data-start=\"1535\" data-end=\"1581\">Idealno za zaposlene ljudi, mame in za\u010detnike.<\/p>\n<h5 data-start=\"1583\" data-end=\"1629\"><strong data-start=\"1587\" data-end=\"1627\">3. \ud83d\udccf Jasne mere + dimenzije kalupa<\/strong><\/h5>\n<p data-start=\"1630\" data-end=\"1683\">Natan\u010dno razmerje sestavin = popolni rezultati vsaki\u010d.<\/p>\n<h5 data-start=\"1685\" data-end=\"1745\"><strong data-start=\"1689\" data-end=\"1743\">4. \ud83c\udf81 Idealno za darilo (okrasna \u0161katla + predpasnik)<\/strong><\/h5>\n<p data-start=\"1746\" data-end=\"1810\">Ekskluzivna mo\u017enost, ki bo navdu\u0161ila vsakega ljubitelja sladic.<\/p>\n<h5 data-start=\"1812\" data-end=\"1865\"><strong data-start=\"1816\" data-end=\"1863\">5. \ud83d\ude9a Brezpla\u010dna dostava po vsej Hrva\u0161ki<\/strong><\/h5>\n<p data-start=\"1866\" data-end=\"1902\">Pla\u010date samo za knjigo \u2013 po\u0161tnina je 0 \u20ac.<\/p>\n","protected":false},"featured_media":3224,"comment_status":"open","ping_status":"closed","template":"","meta":{"site-sidebar-layout":"default","site-content-layout":"","ast-site-content-layout":"default","site-content-style":"default","site-sidebar-style":"default","ast-global-header-display":"","ast-banner-title-visibility":"","ast-main-header-display":"","ast-hfb-above-header-display":"","ast-hfb-below-header-display":"","ast-hfb-mobile-header-display":"","site-post-title":"","ast-breadcrumbs-content":"","ast-featured-img":"","footer-sml-layout":"","ast-disable-related-posts":"","theme-transparent-header-meta":"default","adv-header-id-meta":"","stick-header-meta":"","header-above-stick-meta":"","header-main-stick-meta":"","header-below-stick-meta":"","astra-migrate-meta-layouts":"default","ast-page-background-enabled":"default","ast-page-background-meta":{"desktop":{"background-color":"var(--ast-global-color-5)","background-image":"","background-repeat":"repeat","background-position":"center center","background-size":"auto","background-attachment":"scroll","background-type":"","background-media":"","overlay-type":"","overlay-color":"","overlay-opacity":"","overlay-gradient":""},"tablet":{"background-color":"","background-image":"","background-repeat":"repeat","background-position":"center center","background-size":"auto","background-attachment":"scroll","background-type":"","background-media":"","overlay-type":"","overlay-color":"","overlay-opacity":"","overlay-gradient":""},"mobile":{"background-color":"","background-image":"","background-repeat":"repeat","background-position":"center center","background-size":"auto","background-attachment":"scroll","background-type":"","background-media":"","overlay-type":"","overlay-color":"","overlay-opacity":"","overlay-gradient":""}},"ast-content-background-meta":{"desktop":{"background-color":"var(--ast-global-color-4)","background-image":"","background-repeat":"repeat","background-position":"center center","background-size":"auto","background-attachment":"scroll","background-type":"","background-media":"","overlay-type":"","overlay-color":"","overlay-opacity":"","overlay-gradient":""},"tablet":{"background-color":"var(--ast-global-color-4)","background-image":"","background-repeat":"repeat","background-position":"center center","background-size":"auto","background-attachment":"scroll","background-type":"","background-media":"","overlay-type":"","overlay-color":"","overlay-opacity":"","overlay-gradient":""},"mobile":{"background-color":"var(--ast-global-color-4)","background-image":"","background-repeat":"repeat","background-position":"center center","background-size":"auto","background-attachment":"scroll","background-type":"","background-media":"","overlay-type":"","overlay-color":"","overlay-opacity":"","overlay-gradient":""}}},"product_brand":[],"product_cat":[65,67],"product_tag":[],"class_list":{"0":"post-3223","1":"product","2":"type-product","3":"status-publish","4":"has-post-thumbnail","6":"product_cat-knjigarna","7":"product_cat-kuharske-knjige","8":"desktop-align-left","9":"tablet-align-left","10":"mobile-align-left","12":"first","13":"instock","14":"taxable","15":"shipping-taxable","16":"purchasable","17":"product-type-simple"},"yoast_head":"<!-- This site is optimized with the Yoast SEO plugin v27.1.1 - https:\/\/yoast.com\/product\/yoast-seo-wordpress\/ -->\n<title>\ud83c\udf82 TORTE IN TORTE BREZ PE\u010cICE \ud83d\udc95Najlep\u0161a kuharica leta \u2022 Ve\u010d kot 200 preizku\u0161enih receptov \u2022 Brezpla\u010dna dostava - Svijet Misli<\/title>\n<meta name=\"robots\" content=\"index, follow, max-snippet:-1, max-image-preview:large, max-video-preview:-1\" \/>\n<link rel=\"canonical\" href=\"https:\/\/svijetmisli.com\/sl\/shop\/kolaci-i-torte-bez-pecnice\/\" \/>\n<meta property=\"og:locale\" content=\"sl_SI\" \/>\n<meta property=\"og:type\" content=\"article\" \/>\n<meta property=\"og:title\" content=\"\ud83c\udf82 TORTE IN TORTE BREZ PE\u010cICE \ud83d\udc95Najlep\u0161a kuharica leta \u2022 Ve\u010d kot 200 preizku\u0161enih receptov \u2022 Brezpla\u010dna dostava - Svijet Misli\" \/>\n<meta property=\"og:description\" content=\"1. \ud83c\udf70 Ve\u010d kot 200 preverjenih receptov, ki delujejo za vsakogar Vsak recept je bil ve\u010dkrat preizku\u0161en - brez razo\u010daranj.  2. \u23f1\ufe0f Hitra priprava brez pe\u010dice Idealno za zaposlene ljudi, mame in za\u010detnike.  3. \ud83d\udccf Jasne mere + dimenzije kalupa Natan\u010dno razmerje sestavin = popolni rezultati vsaki\u010d.  4. \ud83c\udf81 Idealno za darilo (okrasna \u0161katla + predpasnik) Ekskluzivna mo\u017enost, ki bo navdu\u0161ila vsakega ljubitelja sladic.  5. \ud83d\ude9a Brezpla\u010dna dostava po vsej Hrva\u0161ki Pla\u010date samo za knjigo \u2013 po\u0161tnina je 0 \u20ac.\" \/>\n<meta property=\"og:url\" content=\"https:\/\/svijetmisli.com\/sl\/shop\/kolaci-i-torte-bez-pecnice\/\" \/>\n<meta property=\"og:site_name\" content=\"Svijet Misli\" \/>\n<meta property=\"article:modified_time\" content=\"2026-02-12T20:26:59+00:00\" \/>\n<meta property=\"og:image\" content=\"https:\/\/svijetmisli.com\/wp-content\/uploads\/2026\/01\/ChatGPT-Image-13.-stu-2025.-18_59_56-converted-from-png.webp\" \/>\n\t<meta property=\"og:image:width\" content=\"1024\" \/>\n\t<meta property=\"og:image:height\" content=\"1024\" \/>\n\t<meta property=\"og:image:type\" content=\"image\/webp\" \/>\n<meta name=\"twitter:card\" content=\"summary_large_image\" \/>\n<script type=\"application\/ld+json\" class=\"yoast-schema-graph\">{\"@context\":\"https:\/\/schema.org\",\"@graph\":[{\"@type\":\"WebPage\",\"@id\":\"https:\/\/svijetmisli.com\/sl\/shop\/kolaci-i-torte-bez-pecnice\/\",\"url\":\"https:\/\/svijetmisli.com\/sl\/shop\/kolaci-i-torte-bez-pecnice\/\",\"name\":\"\ud83c\udf82 TORTE IN TORTE BREZ PE\u010cICE \ud83d\udc95Najlep\u0161a kuharica leta \u2022 Ve\u010d kot 200 preizku\u0161enih receptov \u2022 Brezpla\u010dna dostava - Svijet Misli\",\"isPartOf\":{\"@id\":\"https:\/\/svijetmisli.com\/#website\"},\"primaryImageOfPage\":{\"@id\":\"https:\/\/svijetmisli.com\/sl\/shop\/kolaci-i-torte-bez-pecnice\/#primaryimage\"},\"image\":{\"@id\":\"https:\/\/svijetmisli.com\/sl\/shop\/kolaci-i-torte-bez-pecnice\/#primaryimage\"},\"thumbnailUrl\":\"https:\/\/svijetmisli.com\/wp-content\/uploads\/2026\/01\/ChatGPT-Image-13.-stu-2025.-18_59_56-converted-from-png.webp\",\"datePublished\":\"2026-01-05T11:53:43+00:00\",\"dateModified\":\"2026-02-12T20:26:59+00:00\",\"breadcrumb\":{\"@id\":\"https:\/\/svijetmisli.com\/sl\/shop\/kolaci-i-torte-bez-pecnice\/#breadcrumb\"},\"inLanguage\":\"sl-SI\",\"potentialAction\":[{\"@type\":\"ReadAction\",\"target\":[\"https:\/\/svijetmisli.com\/sl\/shop\/kolaci-i-torte-bez-pecnice\/\"]}]},{\"@type\":\"ImageObject\",\"inLanguage\":\"sl-SI\",\"@id\":\"https:\/\/svijetmisli.com\/sl\/shop\/kolaci-i-torte-bez-pecnice\/#primaryimage\",\"url\":\"https:\/\/svijetmisli.com\/wp-content\/uploads\/2026\/01\/ChatGPT-Image-13.-stu-2025.-18_59_56-converted-from-png.webp\",\"contentUrl\":\"https:\/\/svijetmisli.com\/wp-content\/uploads\/2026\/01\/ChatGPT-Image-13.-stu-2025.-18_59_56-converted-from-png.webp\",\"width\":1024,\"height\":1024},{\"@type\":\"BreadcrumbList\",\"@id\":\"https:\/\/svijetmisli.com\/sl\/shop\/kolaci-i-torte-bez-pecnice\/#breadcrumb\",\"itemListElement\":[{\"@type\":\"ListItem\",\"position\":1,\"name\":\"Po\u010detna stranica\",\"item\":\"https:\/\/svijetmisli.com\/sl\/\"},{\"@type\":\"ListItem\",\"position\":2,\"name\":\"Trgovina\",\"item\":\"https:\/\/svijetmisli.com\/sl\/trgovina\/\"},{\"@type\":\"ListItem\",\"position\":3,\"name\":\"\ud83c\udf82 TORTE IN TORTE BREZ PE\u010cICE \ud83d\udc95Najlep\u0161a kuharica leta \u2022 Ve\u010d kot 200 preizku\u0161enih receptov \u2022 Brezpla\u010dna dostava\"}]},{\"@type\":\"WebSite\",\"@id\":\"https:\/\/svijetmisli.com\/#website\",\"url\":\"https:\/\/svijetmisli.com\/\",\"name\":\"Svijet Misli\",\"description\":\"Online knji\u017eara s knjigama za osobni rast, duhovnost, kuharicama i inspirativnim naslovima.\",\"publisher\":{\"@id\":\"https:\/\/svijetmisli.com\/#organization\"},\"potentialAction\":[{\"@type\":\"SearchAction\",\"target\":{\"@type\":\"EntryPoint\",\"urlTemplate\":\"https:\/\/svijetmisli.com\/?s={search_term_string}\"},\"query-input\":{\"@type\":\"PropertyValueSpecification\",\"valueRequired\":true,\"valueName\":\"search_term_string\"}}],\"inLanguage\":\"sl-SI\"},{\"@type\":\"Organization\",\"@id\":\"https:\/\/svijetmisli.com\/#organization\",\"name\":\"Svijet Misli\",\"url\":\"https:\/\/svijetmisli.com\/\",\"logo\":{\"@type\":\"ImageObject\",\"inLanguage\":\"sl-SI\",\"@id\":\"https:\/\/svijetmisli.com\/#\/schema\/logo\/image\/\",\"url\":\"https:\/\/svijetmisli.com\/wp-content\/uploads\/2025\/12\/logo.png\",\"contentUrl\":\"https:\/\/svijetmisli.com\/wp-content\/uploads\/2025\/12\/logo.png\",\"width\":500,\"height\":174,\"caption\":\"Svijet Misli\"},\"image\":{\"@id\":\"https:\/\/svijetmisli.com\/#\/schema\/logo\/image\/\"}}]}<\/script>\n<!-- \/ Yoast SEO plugin. -->","yoast_head_json":{"title":"\ud83c\udf82 TORTE IN TORTE BREZ PE\u010cICE \ud83d\udc95Najlep\u0161a kuharica leta \u2022 Ve\u010d kot 200 preizku\u0161enih receptov \u2022 Brezpla\u010dna dostava - Svijet Misli","robots":{"index":"index","follow":"follow","max-snippet":"max-snippet:-1","max-image-preview":"max-image-preview:large","max-video-preview":"max-video-preview:-1"},"canonical":"https:\/\/svijetmisli.com\/sl\/shop\/kolaci-i-torte-bez-pecnice\/","og_locale":"sl_SI","og_type":"article","og_title":"\ud83c\udf82 TORTE IN TORTE BREZ PE\u010cICE \ud83d\udc95Najlep\u0161a kuharica leta \u2022 Ve\u010d kot 200 preizku\u0161enih receptov \u2022 Brezpla\u010dna dostava - Svijet Misli","og_description":"1. \ud83c\udf70 Ve\u010d kot 200 preverjenih receptov, ki delujejo za vsakogar Vsak recept je bil ve\u010dkrat preizku\u0161en - brez razo\u010daranj.  2. \u23f1\ufe0f Hitra priprava brez pe\u010dice Idealno za zaposlene ljudi, mame in za\u010detnike.  3. \ud83d\udccf Jasne mere + dimenzije kalupa Natan\u010dno razmerje sestavin = popolni rezultati vsaki\u010d.  4. \ud83c\udf81 Idealno za darilo (okrasna \u0161katla + predpasnik) Ekskluzivna mo\u017enost, ki bo navdu\u0161ila vsakega ljubitelja sladic.  5. \ud83d\ude9a Brezpla\u010dna dostava po vsej Hrva\u0161ki Pla\u010date samo za knjigo \u2013 po\u0161tnina je 0 \u20ac.","og_url":"https:\/\/svijetmisli.com\/sl\/shop\/kolaci-i-torte-bez-pecnice\/","og_site_name":"Svijet Misli","article_modified_time":"2026-02-12T20:26:59+00:00","og_image":[{"width":1024,"height":1024,"url":"https:\/\/svijetmisli.com\/wp-content\/uploads\/2026\/01\/ChatGPT-Image-13.-stu-2025.-18_59_56-converted-from-png.webp","type":"image\/webp"}],"twitter_card":"summary_large_image","schema":{"@context":"https:\/\/schema.org","@graph":[{"@type":"WebPage","@id":"https:\/\/svijetmisli.com\/sl\/shop\/kolaci-i-torte-bez-pecnice\/","url":"https:\/\/svijetmisli.com\/sl\/shop\/kolaci-i-torte-bez-pecnice\/","name":"\ud83c\udf82 TORTE IN TORTE BREZ PE\u010cICE \ud83d\udc95Najlep\u0161a kuharica leta \u2022 Ve\u010d kot 200 preizku\u0161enih receptov \u2022 Brezpla\u010dna dostava - Svijet Misli","isPartOf":{"@id":"https:\/\/svijetmisli.com\/#website"},"primaryImageOfPage":{"@id":"https:\/\/svijetmisli.com\/sl\/shop\/kolaci-i-torte-bez-pecnice\/#primaryimage"},"image":{"@id":"https:\/\/svijetmisli.com\/sl\/shop\/kolaci-i-torte-bez-pecnice\/#primaryimage"},"thumbnailUrl":"https:\/\/svijetmisli.com\/wp-content\/uploads\/2026\/01\/ChatGPT-Image-13.-stu-2025.-18_59_56-converted-from-png.webp","datePublished":"2026-01-05T11:53:43+00:00","dateModified":"2026-02-12T20:26:59+00:00","breadcrumb":{"@id":"https:\/\/svijetmisli.com\/sl\/shop\/kolaci-i-torte-bez-pecnice\/#breadcrumb"},"inLanguage":"sl-SI","potentialAction":[{"@type":"ReadAction","target":["https:\/\/svijetmisli.com\/sl\/shop\/kolaci-i-torte-bez-pecnice\/"]}]},{"@type":"ImageObject","inLanguage":"sl-SI","@id":"https:\/\/svijetmisli.com\/sl\/shop\/kolaci-i-torte-bez-pecnice\/#primaryimage","url":"https:\/\/svijetmisli.com\/wp-content\/uploads\/2026\/01\/ChatGPT-Image-13.-stu-2025.-18_59_56-converted-from-png.webp","contentUrl":"https:\/\/svijetmisli.com\/wp-content\/uploads\/2026\/01\/ChatGPT-Image-13.-stu-2025.-18_59_56-converted-from-png.webp","width":1024,"height":1024},{"@type":"BreadcrumbList","@id":"https:\/\/svijetmisli.com\/sl\/shop\/kolaci-i-torte-bez-pecnice\/#breadcrumb","itemListElement":[{"@type":"ListItem","position":1,"name":"Po\u010detna stranica","item":"https:\/\/svijetmisli.com\/sl\/"},{"@type":"ListItem","position":2,"name":"Trgovina","item":"https:\/\/svijetmisli.com\/sl\/trgovina\/"},{"@type":"ListItem","position":3,"name":"\ud83c\udf82 TORTE IN TORTE BREZ PE\u010cICE \ud83d\udc95Najlep\u0161a kuharica leta \u2022 Ve\u010d kot 200 preizku\u0161enih receptov \u2022 Brezpla\u010dna dostava"}]},{"@type":"WebSite","@id":"https:\/\/svijetmisli.com\/#website","url":"https:\/\/svijetmisli.com\/","name":"Svijet Misli","description":"Online knji\u017eara s knjigama za osobni rast, duhovnost, kuharicama i inspirativnim naslovima.","publisher":{"@id":"https:\/\/svijetmisli.com\/#organization"},"potentialAction":[{"@type":"SearchAction","target":{"@type":"EntryPoint","urlTemplate":"https:\/\/svijetmisli.com\/?s={search_term_string}"},"query-input":{"@type":"PropertyValueSpecification","valueRequired":true,"valueName":"search_term_string"}}],"inLanguage":"sl-SI"},{"@type":"Organization","@id":"https:\/\/svijetmisli.com\/#organization","name":"Svijet Misli","url":"https:\/\/svijetmisli.com\/","logo":{"@type":"ImageObject","inLanguage":"sl-SI","@id":"https:\/\/svijetmisli.com\/#\/schema\/logo\/image\/","url":"https:\/\/svijetmisli.com\/wp-content\/uploads\/2025\/12\/logo.png","contentUrl":"https:\/\/svijetmisli.com\/wp-content\/uploads\/2025\/12\/logo.png","width":500,"height":174,"caption":"Svijet Misli"},"image":{"@id":"https:\/\/svijetmisli.com\/#\/schema\/logo\/image\/"}}]}},"_links":{"self":[{"href":"https:\/\/svijetmisli.com\/sl\/wp-json\/wp\/v2\/product\/3223","targetHints":{"allow":["GET"]}}],"collection":[{"href":"https:\/\/svijetmisli.com\/sl\/wp-json\/wp\/v2\/product"}],"about":[{"href":"https:\/\/svijetmisli.com\/sl\/wp-json\/wp\/v2\/types\/product"}],"replies":[{"embeddable":true,"href":"https:\/\/svijetmisli.com\/sl\/wp-json\/wp\/v2\/comments?post=3223"}],"wp:featuredmedia":[{"embeddable":true,"href":"https:\/\/svijetmisli.com\/sl\/wp-json\/wp\/v2\/media\/3224"}],"wp:attachment":[{"href":"https:\/\/svijetmisli.com\/sl\/wp-json\/wp\/v2\/media?parent=3223"}],"wp:term":[{"taxonomy":"product_brand","embeddable":true,"href":"https:\/\/svijetmisli.com\/sl\/wp-json\/wp\/v2\/product_brand?post=3223"},{"taxonomy":"product_cat","embeddable":true,"href":"https:\/\/svijetmisli.com\/sl\/wp-json\/wp\/v2\/product_cat?post=3223"},{"taxonomy":"product_tag","embeddable":true,"href":"https:\/\/svijetmisli.com\/sl\/wp-json\/wp\/v2\/product_tag?post=3223"}],"curies":[{"name":"wp","href":"https:\/\/api.w.org\/{rel}","templated":true}]}}