{"id":3183,"date":"2026-01-05T13:05:44","date_gmt":"2026-01-05T13:05:44","guid":{"rendered":"https:\/\/svijetmisli.com\/shop\/moc-svetog-sarbela\/"},"modified":"2026-02-12T21:26:56","modified_gmt":"2026-02-12T20:26:56","slug":"moc-svetog-sarbela","status":"publish","type":"product","link":"https:\/\/svijetmisli.com\/sl\/shop\/moc-svetog-sarbela\/","title":{"rendered":"\ud83d\udd25 MO\u010c SVETEGA \u0160ARBELA \ud83d\udc49Duhovna mo\u010d, ki zdravi du\u0161o, telo in \u017eivljenje."},"content":{"rendered":"<p data-start=\"3403\" data-end=\"3497\">\u2714\ufe0f<strong data-start=\"3406\" data-end=\"3442\">Besedila, ki takoj spravijo du\u0161o<\/strong><br data-start=\"3442\" data-end=\"3445\" \/>Napisano za bralce, ki nosijo \u017ealost, strah ali breme.<\/p>\n<p data-start=\"3499\" data-end=\"3587\">\u2714\ufe0f<strong data-start=\"3502\" data-end=\"3557\">Kratke molitve, ki si jih je enostavno zapomniti in jih \u0161epetati \u010dez dan<\/strong><br data-start=\"3557\" data-end=\"3560\" \/>Idealno za te\u017eke trenutke.<\/p>\n<p data-start=\"3589\" data-end=\"3682\">\u2714\ufe0f<strong data-start=\"3592\" data-end=\"3638\">Duhovna praksa za zdravljenje telesa in uma<\/strong><br data-start=\"3638\" data-end=\"3641\" \/>Pomirjujo\u010di rituali in meditativni stavki.<\/p>\n<p data-start=\"3684\" data-end=\"3780\">\u2714\ufe0f<strong data-start=\"3687\" data-end=\"3736\">Poglavja, ki delujejo kot &#8220;duhovna terapija&#8221;<\/strong><br data-start=\"3736\" data-end=\"3739\" \/>Za \u010dustveno okrevanje in obnovo mo\u010di.<\/p>\n<p data-start=\"3782\" data-end=\"3879\">\u2714\ufe0f<strong data-start=\"3785\" data-end=\"3824\">Knjiga, ki jo ljudje hranijo ob postelji<\/strong><br data-start=\"3824\" data-end=\"3827\" \/>Za no\u010di, ko potrebujete mir, tola\u017ebo in Charbelovo bli\u017eino.<\/p>\n","protected":false},"excerpt":{"rendered":"<p data-start=\"3403\" data-end=\"3497\">\u2714\ufe0f<strong data-start=\"3406\" data-end=\"3442\">Besedila, ki takoj spravijo du\u0161o<\/strong><br data-start=\"3442\" data-end=\"3445\" \/>Napisano za bralce, ki nosijo \u017ealost, strah ali breme.<\/p>\n<p data-start=\"3499\" data-end=\"3587\">\u2714\ufe0f<strong data-start=\"3502\" data-end=\"3557\">Kratke molitve, ki si jih je enostavno zapomniti in jih \u0161epetati \u010dez dan<\/strong><br data-start=\"3557\" data-end=\"3560\" \/>Idealno za te\u017eke trenutke.<\/p>\n<p data-start=\"3589\" data-end=\"3682\">\u2714\ufe0f<strong data-start=\"3592\" data-end=\"3638\">Duhovna praksa za zdravljenje telesa in uma<\/strong><br data-start=\"3638\" data-end=\"3641\" \/>Pomirjujo\u010di rituali in meditativni stavki.<\/p>\n<p data-start=\"3684\" data-end=\"3780\">\u2714\ufe0f<strong data-start=\"3687\" data-end=\"3736\">Poglavja, ki delujejo kot &#8220;duhovna terapija&#8221;<\/strong><br data-start=\"3736\" data-end=\"3739\" \/>Za \u010dustveno okrevanje in obnovo mo\u010di.<\/p>\n<p data-start=\"3782\" data-end=\"3879\">\u2714\ufe0f<strong data-start=\"3785\" data-end=\"3824\">Knjiga, ki jo ljudje hranijo ob postelji<\/strong><br data-start=\"3824\" data-end=\"3827\" \/>Za no\u010di, ko potrebujete mir, tola\u017ebo in Charbelovo bli\u017eino.<\/p>\n","protected":false},"featured_media":3184,"comment_status":"open","ping_status":"closed","template":"","meta":{"site-sidebar-layout":"default","site-content-layout":"","ast-site-content-layout":"default","site-content-style":"default","site-sidebar-style":"default","ast-global-header-display":"","ast-banner-title-visibility":"","ast-main-header-display":"","ast-hfb-above-header-display":"","ast-hfb-below-header-display":"","ast-hfb-mobile-header-display":"","site-post-title":"","ast-breadcrumbs-content":"","ast-featured-img":"","footer-sml-layout":"","ast-disable-related-posts":"","theme-transparent-header-meta":"default","adv-header-id-meta":"","stick-header-meta":"","header-above-stick-meta":"","header-main-stick-meta":"","header-below-stick-meta":"","astra-migrate-meta-layouts":"default","ast-page-background-enabled":"default","ast-page-background-meta":{"desktop":{"background-color":"var(--ast-global-color-5)","background-image":"","background-repeat":"repeat","background-position":"center center","background-size":"auto","background-attachment":"scroll","background-type":"","background-media":"","overlay-type":"","overlay-color":"","overlay-opacity":"","overlay-gradient":""},"tablet":{"background-color":"","background-image":"","background-repeat":"repeat","background-position":"center center","background-size":"auto","background-attachment":"scroll","background-type":"","background-media":"","overlay-type":"","overlay-color":"","overlay-opacity":"","overlay-gradient":""},"mobile":{"background-color":"","background-image":"","background-repeat":"repeat","background-position":"center center","background-size":"auto","background-attachment":"scroll","background-type":"","background-media":"","overlay-type":"","overlay-color":"","overlay-opacity":"","overlay-gradient":""}},"ast-content-background-meta":{"desktop":{"background-color":"var(--ast-global-color-4)","background-image":"","background-repeat":"repeat","background-position":"center center","background-size":"auto","background-attachment":"scroll","background-type":"","background-media":"","overlay-type":"","overlay-color":"","overlay-opacity":"","overlay-gradient":""},"tablet":{"background-color":"var(--ast-global-color-4)","background-image":"","background-repeat":"repeat","background-position":"center center","background-size":"auto","background-attachment":"scroll","background-type":"","background-media":"","overlay-type":"","overlay-color":"","overlay-opacity":"","overlay-gradient":""},"mobile":{"background-color":"var(--ast-global-color-4)","background-image":"","background-repeat":"repeat","background-position":"center center","background-size":"auto","background-attachment":"scroll","background-type":"","background-media":"","overlay-type":"","overlay-color":"","overlay-opacity":"","overlay-gradient":""}}},"product_brand":[],"product_cat":[61,65],"product_tag":[77],"class_list":{"0":"post-3183","1":"product","2":"type-product","3":"status-publish","4":"has-post-thumbnail","6":"product_cat-dejanja","7":"product_cat-knjigarna","8":"product_tag-checkout","9":"desktop-align-left","10":"tablet-align-left","11":"mobile-align-left","13":"first","14":"instock","15":"taxable","16":"shipping-taxable","17":"purchasable","18":"product-type-simple"},"yoast_head":"<!-- This site is optimized with the Yoast SEO plugin v27.1.1 - https:\/\/yoast.com\/product\/yoast-seo-wordpress\/ -->\n<title>\ud83d\udd25 MO\u010c SVETEGA \u0160ARBELA \ud83d\udc49Duhovna mo\u010d, ki zdravi du\u0161o, telo in \u017eivljenje. - Svijet Misli<\/title>\n<meta name=\"robots\" content=\"index, follow, max-snippet:-1, max-image-preview:large, max-video-preview:-1\" \/>\n<link rel=\"canonical\" href=\"https:\/\/svijetmisli.com\/sl\/shop\/moc-svetog-sarbela\/\" \/>\n<meta property=\"og:locale\" content=\"sl_SI\" \/>\n<meta property=\"og:type\" content=\"article\" \/>\n<meta property=\"og:title\" content=\"\ud83d\udd25 MO\u010c SVETEGA \u0160ARBELA \ud83d\udc49Duhovna mo\u010d, ki zdravi du\u0161o, telo in \u017eivljenje. - Svijet Misli\" \/>\n<meta property=\"og:description\" content=\"\u2714\ufe0fBesedila, ki takoj spravijo du\u0161oNapisano za bralce, ki nosijo \u017ealost, strah ali breme. \u2714\ufe0fKratke molitve, ki si jih je enostavno zapomniti in jih \u0161epetati \u010dez danIdealno za te\u017eke trenutke. \u2714\ufe0fDuhovna praksa za zdravljenje telesa in umaPomirjujo\u010di rituali in meditativni stavki. \u2714\ufe0fPoglavja, ki delujejo kot &quot;duhovna terapija&quot;Za \u010dustveno okrevanje in obnovo mo\u010di. \u2714\ufe0fKnjiga, ki jo ljudje hranijo ob posteljiZa no\u010di, ko potrebujete mir, tola\u017ebo in Charbelovo bli\u017eino.\" \/>\n<meta property=\"og:url\" content=\"https:\/\/svijetmisli.com\/sl\/shop\/moc-svetog-sarbela\/\" \/>\n<meta property=\"og:site_name\" content=\"Svijet Misli\" \/>\n<meta property=\"article:modified_time\" content=\"2026-02-12T20:26:56+00:00\" \/>\n<meta property=\"og:image\" content=\"https:\/\/svijetmisli.com\/wp-content\/uploads\/2026\/01\/ChatGPT-Image-29.-stu-2025.-17_02_57-converted-from-png-700x700-1.webp\" \/>\n\t<meta property=\"og:image:width\" content=\"700\" \/>\n\t<meta property=\"og:image:height\" content=\"700\" \/>\n\t<meta property=\"og:image:type\" content=\"image\/webp\" \/>\n<meta name=\"twitter:card\" content=\"summary_large_image\" \/>\n<script type=\"application\/ld+json\" class=\"yoast-schema-graph\">{\"@context\":\"https:\/\/schema.org\",\"@graph\":[{\"@type\":\"WebPage\",\"@id\":\"https:\/\/svijetmisli.com\/sl\/shop\/moc-svetog-sarbela\/\",\"url\":\"https:\/\/svijetmisli.com\/sl\/shop\/moc-svetog-sarbela\/\",\"name\":\"\ud83d\udd25 MO\u010c SVETEGA \u0160ARBELA \ud83d\udc49Duhovna mo\u010d, ki zdravi du\u0161o, telo in \u017eivljenje. - Svijet Misli\",\"isPartOf\":{\"@id\":\"https:\/\/svijetmisli.com\/#website\"},\"primaryImageOfPage\":{\"@id\":\"https:\/\/svijetmisli.com\/sl\/shop\/moc-svetog-sarbela\/#primaryimage\"},\"image\":{\"@id\":\"https:\/\/svijetmisli.com\/sl\/shop\/moc-svetog-sarbela\/#primaryimage\"},\"thumbnailUrl\":\"https:\/\/svijetmisli.com\/wp-content\/uploads\/2026\/01\/ChatGPT-Image-29.-stu-2025.-17_02_57-converted-from-png-700x700-1.webp\",\"datePublished\":\"2026-01-05T13:05:44+00:00\",\"dateModified\":\"2026-02-12T20:26:56+00:00\",\"breadcrumb\":{\"@id\":\"https:\/\/svijetmisli.com\/sl\/shop\/moc-svetog-sarbela\/#breadcrumb\"},\"inLanguage\":\"sl-SI\",\"potentialAction\":[{\"@type\":\"ReadAction\",\"target\":[\"https:\/\/svijetmisli.com\/sl\/shop\/moc-svetog-sarbela\/\"]}]},{\"@type\":\"ImageObject\",\"inLanguage\":\"sl-SI\",\"@id\":\"https:\/\/svijetmisli.com\/sl\/shop\/moc-svetog-sarbela\/#primaryimage\",\"url\":\"https:\/\/svijetmisli.com\/wp-content\/uploads\/2026\/01\/ChatGPT-Image-29.-stu-2025.-17_02_57-converted-from-png-700x700-1.webp\",\"contentUrl\":\"https:\/\/svijetmisli.com\/wp-content\/uploads\/2026\/01\/ChatGPT-Image-29.-stu-2025.-17_02_57-converted-from-png-700x700-1.webp\",\"width\":700,\"height\":700},{\"@type\":\"BreadcrumbList\",\"@id\":\"https:\/\/svijetmisli.com\/sl\/shop\/moc-svetog-sarbela\/#breadcrumb\",\"itemListElement\":[{\"@type\":\"ListItem\",\"position\":1,\"name\":\"Po\u010detna stranica\",\"item\":\"https:\/\/svijetmisli.com\/sl\/\"},{\"@type\":\"ListItem\",\"position\":2,\"name\":\"Trgovina\",\"item\":\"https:\/\/svijetmisli.com\/sl\/trgovina\/\"},{\"@type\":\"ListItem\",\"position\":3,\"name\":\"\ud83d\udd25 MO\u010c SVETEGA \u0160ARBELA \ud83d\udc49Duhovna mo\u010d, ki zdravi du\u0161o, telo in \u017eivljenje.\"}]},{\"@type\":\"WebSite\",\"@id\":\"https:\/\/svijetmisli.com\/#website\",\"url\":\"https:\/\/svijetmisli.com\/\",\"name\":\"Svijet Misli\",\"description\":\"Online knji\u017eara s knjigama za osobni rast, duhovnost, kuharicama i inspirativnim naslovima.\",\"publisher\":{\"@id\":\"https:\/\/svijetmisli.com\/#organization\"},\"potentialAction\":[{\"@type\":\"SearchAction\",\"target\":{\"@type\":\"EntryPoint\",\"urlTemplate\":\"https:\/\/svijetmisli.com\/?s={search_term_string}\"},\"query-input\":{\"@type\":\"PropertyValueSpecification\",\"valueRequired\":true,\"valueName\":\"search_term_string\"}}],\"inLanguage\":\"sl-SI\"},{\"@type\":\"Organization\",\"@id\":\"https:\/\/svijetmisli.com\/#organization\",\"name\":\"Svijet Misli\",\"url\":\"https:\/\/svijetmisli.com\/\",\"logo\":{\"@type\":\"ImageObject\",\"inLanguage\":\"sl-SI\",\"@id\":\"https:\/\/svijetmisli.com\/#\/schema\/logo\/image\/\",\"url\":\"https:\/\/svijetmisli.com\/wp-content\/uploads\/2025\/12\/logo.png\",\"contentUrl\":\"https:\/\/svijetmisli.com\/wp-content\/uploads\/2025\/12\/logo.png\",\"width\":500,\"height\":174,\"caption\":\"Svijet Misli\"},\"image\":{\"@id\":\"https:\/\/svijetmisli.com\/#\/schema\/logo\/image\/\"}}]}<\/script>\n<!-- \/ Yoast SEO plugin. -->","yoast_head_json":{"title":"\ud83d\udd25 MO\u010c SVETEGA \u0160ARBELA \ud83d\udc49Duhovna mo\u010d, ki zdravi du\u0161o, telo in \u017eivljenje. - Svijet Misli","robots":{"index":"index","follow":"follow","max-snippet":"max-snippet:-1","max-image-preview":"max-image-preview:large","max-video-preview":"max-video-preview:-1"},"canonical":"https:\/\/svijetmisli.com\/sl\/shop\/moc-svetog-sarbela\/","og_locale":"sl_SI","og_type":"article","og_title":"\ud83d\udd25 MO\u010c SVETEGA \u0160ARBELA \ud83d\udc49Duhovna mo\u010d, ki zdravi du\u0161o, telo in \u017eivljenje. - Svijet Misli","og_description":"\u2714\ufe0fBesedila, ki takoj spravijo du\u0161oNapisano za bralce, ki nosijo \u017ealost, strah ali breme. \u2714\ufe0fKratke molitve, ki si jih je enostavno zapomniti in jih \u0161epetati \u010dez danIdealno za te\u017eke trenutke. \u2714\ufe0fDuhovna praksa za zdravljenje telesa in umaPomirjujo\u010di rituali in meditativni stavki. \u2714\ufe0fPoglavja, ki delujejo kot \"duhovna terapija\"Za \u010dustveno okrevanje in obnovo mo\u010di. \u2714\ufe0fKnjiga, ki jo ljudje hranijo ob posteljiZa no\u010di, ko potrebujete mir, tola\u017ebo in Charbelovo bli\u017eino.","og_url":"https:\/\/svijetmisli.com\/sl\/shop\/moc-svetog-sarbela\/","og_site_name":"Svijet Misli","article_modified_time":"2026-02-12T20:26:56+00:00","og_image":[{"width":700,"height":700,"url":"https:\/\/svijetmisli.com\/wp-content\/uploads\/2026\/01\/ChatGPT-Image-29.-stu-2025.-17_02_57-converted-from-png-700x700-1.webp","type":"image\/webp"}],"twitter_card":"summary_large_image","schema":{"@context":"https:\/\/schema.org","@graph":[{"@type":"WebPage","@id":"https:\/\/svijetmisli.com\/sl\/shop\/moc-svetog-sarbela\/","url":"https:\/\/svijetmisli.com\/sl\/shop\/moc-svetog-sarbela\/","name":"\ud83d\udd25 MO\u010c SVETEGA \u0160ARBELA \ud83d\udc49Duhovna mo\u010d, ki zdravi du\u0161o, telo in \u017eivljenje. - Svijet Misli","isPartOf":{"@id":"https:\/\/svijetmisli.com\/#website"},"primaryImageOfPage":{"@id":"https:\/\/svijetmisli.com\/sl\/shop\/moc-svetog-sarbela\/#primaryimage"},"image":{"@id":"https:\/\/svijetmisli.com\/sl\/shop\/moc-svetog-sarbela\/#primaryimage"},"thumbnailUrl":"https:\/\/svijetmisli.com\/wp-content\/uploads\/2026\/01\/ChatGPT-Image-29.-stu-2025.-17_02_57-converted-from-png-700x700-1.webp","datePublished":"2026-01-05T13:05:44+00:00","dateModified":"2026-02-12T20:26:56+00:00","breadcrumb":{"@id":"https:\/\/svijetmisli.com\/sl\/shop\/moc-svetog-sarbela\/#breadcrumb"},"inLanguage":"sl-SI","potentialAction":[{"@type":"ReadAction","target":["https:\/\/svijetmisli.com\/sl\/shop\/moc-svetog-sarbela\/"]}]},{"@type":"ImageObject","inLanguage":"sl-SI","@id":"https:\/\/svijetmisli.com\/sl\/shop\/moc-svetog-sarbela\/#primaryimage","url":"https:\/\/svijetmisli.com\/wp-content\/uploads\/2026\/01\/ChatGPT-Image-29.-stu-2025.-17_02_57-converted-from-png-700x700-1.webp","contentUrl":"https:\/\/svijetmisli.com\/wp-content\/uploads\/2026\/01\/ChatGPT-Image-29.-stu-2025.-17_02_57-converted-from-png-700x700-1.webp","width":700,"height":700},{"@type":"BreadcrumbList","@id":"https:\/\/svijetmisli.com\/sl\/shop\/moc-svetog-sarbela\/#breadcrumb","itemListElement":[{"@type":"ListItem","position":1,"name":"Po\u010detna stranica","item":"https:\/\/svijetmisli.com\/sl\/"},{"@type":"ListItem","position":2,"name":"Trgovina","item":"https:\/\/svijetmisli.com\/sl\/trgovina\/"},{"@type":"ListItem","position":3,"name":"\ud83d\udd25 MO\u010c SVETEGA \u0160ARBELA \ud83d\udc49Duhovna mo\u010d, ki zdravi du\u0161o, telo in \u017eivljenje."}]},{"@type":"WebSite","@id":"https:\/\/svijetmisli.com\/#website","url":"https:\/\/svijetmisli.com\/","name":"Svijet Misli","description":"Online knji\u017eara s knjigama za osobni rast, duhovnost, kuharicama i inspirativnim naslovima.","publisher":{"@id":"https:\/\/svijetmisli.com\/#organization"},"potentialAction":[{"@type":"SearchAction","target":{"@type":"EntryPoint","urlTemplate":"https:\/\/svijetmisli.com\/?s={search_term_string}"},"query-input":{"@type":"PropertyValueSpecification","valueRequired":true,"valueName":"search_term_string"}}],"inLanguage":"sl-SI"},{"@type":"Organization","@id":"https:\/\/svijetmisli.com\/#organization","name":"Svijet Misli","url":"https:\/\/svijetmisli.com\/","logo":{"@type":"ImageObject","inLanguage":"sl-SI","@id":"https:\/\/svijetmisli.com\/#\/schema\/logo\/image\/","url":"https:\/\/svijetmisli.com\/wp-content\/uploads\/2025\/12\/logo.png","contentUrl":"https:\/\/svijetmisli.com\/wp-content\/uploads\/2025\/12\/logo.png","width":500,"height":174,"caption":"Svijet Misli"},"image":{"@id":"https:\/\/svijetmisli.com\/#\/schema\/logo\/image\/"}}]}},"_links":{"self":[{"href":"https:\/\/svijetmisli.com\/sl\/wp-json\/wp\/v2\/product\/3183","targetHints":{"allow":["GET"]}}],"collection":[{"href":"https:\/\/svijetmisli.com\/sl\/wp-json\/wp\/v2\/product"}],"about":[{"href":"https:\/\/svijetmisli.com\/sl\/wp-json\/wp\/v2\/types\/product"}],"replies":[{"embeddable":true,"href":"https:\/\/svijetmisli.com\/sl\/wp-json\/wp\/v2\/comments?post=3183"}],"wp:featuredmedia":[{"embeddable":true,"href":"https:\/\/svijetmisli.com\/sl\/wp-json\/wp\/v2\/media\/3184"}],"wp:attachment":[{"href":"https:\/\/svijetmisli.com\/sl\/wp-json\/wp\/v2\/media?parent=3183"}],"wp:term":[{"taxonomy":"product_brand","embeddable":true,"href":"https:\/\/svijetmisli.com\/sl\/wp-json\/wp\/v2\/product_brand?post=3183"},{"taxonomy":"product_cat","embeddable":true,"href":"https:\/\/svijetmisli.com\/sl\/wp-json\/wp\/v2\/product_cat?post=3183"},{"taxonomy":"product_tag","embeddable":true,"href":"https:\/\/svijetmisli.com\/sl\/wp-json\/wp\/v2\/product_tag?post=3183"}],"curies":[{"name":"wp","href":"https:\/\/api.w.org\/{rel}","templated":true}]}}