{"id":3356,"date":"2026-01-16T00:28:45","date_gmt":"2026-01-15T23:28:45","guid":{"rendered":"https:\/\/svijetmisli.com\/izjava-o-sigurnosti-online-placanja\/"},"modified":"2026-02-05T09:59:51","modified_gmt":"2026-02-05T08:59:51","slug":"izjava-o-varnosti-spletnih-placil","status":"publish","type":"page","link":"https:\/\/svijetmisli.com\/sl\/izjava-o-varnosti-spletnih-placil\/","title":{"rendered":"Izjava o varnosti spletnih pla\u010dil"},"content":{"rendered":"\n<p>Pri pla\u010dilu v na\u0161i spletni trgovini uporabite CorvusPay \u2013 napreden sistem za varno sprejemanje spletnih pla\u010dilnih kartic.<\/p>\n\n\n\n<p>Sistem CorvusPay zagotavlja popolno zaupnost va\u0161ih karti\u010dnih in osebnih podatkov od trenutka, ko jih vnesete v pla\u010dilni obrazec CorvusPay. Podatki o pla\u010dilu se \u0161ifrirano prena\u0161ajo iz va\u0161ega spletnega brskalnika v banko, ki je izdala va\u0161o kartico. Na\u0161a trgovina nikoli ne pride v stik s celotnimi podatki o va\u0161i pla\u010dilni kartici. Prav tako podatki niso dostopni niti zaposlenim v sistemu CorvusPay. Izolirano jedro samostojno prena\u0161a in upravlja ob\u010dutljive podatke, zaradi \u010desar so popolnoma varni. Obrazec za vnos pla\u010dilnih podatkov je zavarovan z najzanesljivej\u0161o transportno kodo SSL. Vsi shranjeni podatki so dodatno za\u0161\u010diteni s \u0161ifriranjem z uporabo kriptografske naprave, certificirane po standardu FIPS 140-2 Level 3. CorvusPay izpolnjuje vse zahteve glede varnosti spletnih pla\u010dil, ki jih predpisujejo vodilne blagovne znamke kartic, tj. deluje v skladu s standardom PCI DSS Level 1 &#8211; najvi\u0161jim varnostnim standardom industrije pla\u010dilnih kartic. Pri pla\u010dilu s karticami, vklju\u010denimi v program 3-D Secure, va\u0161a banka poleg veljavnosti same kartice dodatno potrdi va\u0161o identiteto z \u017eetonom ali geslom. Corvus Pay vse zbrane podatke obravnava kot zaupne in z njimi ustrezno ravna. Informacije se uporabljajo izklju\u010dno za namene, za katere so namenjene. Va\u0161i ob\u010dutljivi podatki so popolnoma varni, njihovo zasebnost pa zagotavljajo najsodobnej\u0161i za\u0161\u010ditni mehanizmi. Zbirajo se le podatki, potrebni za opravljanje dela, v skladu s predpisanimi zahtevnimi postopki za spletna pla\u010dila. Varnostni nadzor in operativni postopki, ki se uporabljajo v na\u0161i infrastrukturi, zagotavljajo trenutno zanesljivost sistema CorvusPay. Poleg tega z vzdr\u017eevanjem strogega nadzora dostopa, rednim varnostnim spremljanjem in poglobljenimi preverjanji za prepre\u010devanje ranljivosti omre\u017eja ter s sistemati\u010dnim izvajanjem dolo\u010db o informacijski varnosti trajno ohranjajo in izbolj\u0161ujejo raven varnosti sistema z za\u0161\u010dito podatkov o va\u0161ih karticah. <br><br>Hvala, ker uporabljate CorvusPay!<\/p>\n\n\n\n<div class=\"div-footer-payment-card-icons-inner\"><a title=\"Visa - sigurna naplata\" href=\"https:\/\/www.visa.com.hr\/\" target=\"_blank\" rel=\"noopener\"><img decoding=\"async\" src=\"https:\/\/globalshop.hr\/wp-content\/uploads\/2022\/05\/visa_fc.png\"><\/a><a title=\"MasterCard - sigurna naplata\" href=\"http:\/\/www.mastercard.com\/index.html\" target=\"_blank\" rel=\"noopener\"><img decoding=\"async\" src=\"https:\/\/globalshop.hr\/wp-content\/uploads\/2022\/05\/mc_acc_opt_70_1x.png\"><\/a><a title=\"Maestro - sigurna naplata\" href=\"http:\/\/www.maestrocard.com\/gateway\/index.html\" target=\"_blank\" rel=\"noopener\"><img decoding=\"async\" src=\"https:\/\/globalshop.hr\/wp-content\/uploads\/2022\/05\/ms_acc_opt_70_1x.png\"><\/a><a href=\"#\"><img decoding=\"async\" src=\"https:\/\/globalshop.hr\/wp-content\/uploads\/2022\/05\/ax_jamstvo.gif\" border=\"0\"><\/a><a href=\"https:\/\/www.pbzcard.hr\/hr\/sigurnost\/sigurnost-kupnje\/mastercard-securecode\/\" target=\"_blank\" rel=\"noopener\"><img decoding=\"async\" src=\"https:\/\/globalshop.hr\/wp-content\/uploads\/2022\/05\/mastercard_securecode.gif\" border=\"0\"><\/a><a href=\"https:\/\/www.pbzcard.hr\/hr\/sigurnost\/sigurnost-kupnje\/verified-by-visa\/\" target=\"_blank\" rel=\"noopener\"><img decoding=\"async\" src=\"https:\/\/globalshop.hr\/wp-content\/uploads\/2022\/05\/verified_by_visa.jpg\" border=\"0\"><\/a><a title=\"Diners\" href=\"http:\/\/www.diners.com.hr\/\" target=\"_blank\" rel=\"noopener\"><img decoding=\"async\" src=\"https:\/\/globalshop.hr\/wp-content\/uploads\/2022\/05\/DCI-Logo-horz.jpg\"><\/a><a title=\"Diners-sigurna-kupnja\" href=\"http:\/\/www.diners.com.hr\/\" target=\"_blank\" rel=\"noopener\"><img decoding=\"async\" src=\"https:\/\/globalshop.hr\/wp-content\/uploads\/2022\/05\/logo_sigurna-kupnja_2.1.png\"><\/a><a title=\"DISCOVER\" href=\"https:\/\/www.discover.com\/\" target=\"_blank\" rel=\"noopener\"><img decoding=\"async\" src=\"https:\/\/globalshop.hr\/wp-content\/uploads\/2022\/05\/DISCOVER.jpg\" height=\"50\"><\/a><a title=\"CorvusPay - sigurnost se isplati\" href=\"http:\/\/www.corvuspay.hr\/\" target=\"_blank\" rel=\"noopener\"><img decoding=\"async\" src=\"https:\/\/globalshop.hr\/wp-content\/uploads\/2022\/05\/corvpay-small.png\" height=\"50\"><\/a><\/div>\n","protected":false},"excerpt":{"rendered":"<p>Pri pla\u010dilu v na\u0161i spletni trgovini uporabite CorvusPay \u2013 napreden sistem za varno sprejemanje spletnih pla\u010dilnih kartic. Sistem CorvusPay zagotavlja [&hellip;]<\/p>\n","protected":false},"author":2,"featured_media":0,"parent":0,"menu_order":0,"comment_status":"closed","ping_status":"closed","template":"","meta":{"site-sidebar-layout":"default","site-content-layout":"","ast-site-content-layout":"default","site-content-style":"default","site-sidebar-style":"default","ast-global-header-display":"","ast-banner-title-visibility":"","ast-main-header-display":"","ast-hfb-above-header-display":"","ast-hfb-below-header-display":"","ast-hfb-mobile-header-display":"","site-post-title":"","ast-breadcrumbs-content":"","ast-featured-img":"","footer-sml-layout":"","ast-disable-related-posts":"","theme-transparent-header-meta":"","adv-header-id-meta":"","stick-header-meta":"","header-above-stick-meta":"","header-main-stick-meta":"","header-below-stick-meta":"","astra-migrate-meta-layouts":"default","ast-page-background-enabled":"default","ast-page-background-meta":{"desktop":{"background-color":"var(--ast-global-color-5)","background-image":"","background-repeat":"repeat","background-position":"center center","background-size":"auto","background-attachment":"scroll","background-type":"","background-media":"","overlay-type":"","overlay-color":"","overlay-opacity":"","overlay-gradient":""},"tablet":{"background-color":"","background-image":"","background-repeat":"repeat","background-position":"center center","background-size":"auto","background-attachment":"scroll","background-type":"","background-media":"","overlay-type":"","overlay-color":"","overlay-opacity":"","overlay-gradient":""},"mobile":{"background-color":"","background-image":"","background-repeat":"repeat","background-position":"center center","background-size":"auto","background-attachment":"scroll","background-type":"","background-media":"","overlay-type":"","overlay-color":"","overlay-opacity":"","overlay-gradient":""}},"ast-content-background-meta":{"desktop":{"background-color":"var(--ast-global-color-4)","background-image":"","background-repeat":"repeat","background-position":"center center","background-size":"auto","background-attachment":"scroll","background-type":"","background-media":"","overlay-type":"","overlay-color":"","overlay-opacity":"","overlay-gradient":""},"tablet":{"background-color":"var(--ast-global-color-4)","background-image":"","background-repeat":"repeat","background-position":"center center","background-size":"auto","background-attachment":"scroll","background-type":"","background-media":"","overlay-type":"","overlay-color":"","overlay-opacity":"","overlay-gradient":""},"mobile":{"background-color":"var(--ast-global-color-4)","background-image":"","background-repeat":"repeat","background-position":"center center","background-size":"auto","background-attachment":"scroll","background-type":"","background-media":"","overlay-type":"","overlay-color":"","overlay-opacity":"","overlay-gradient":""}},"footnotes":""},"class_list":["post-3356","page","type-page","status-publish","hentry"],"yoast_head":"<!-- This site is optimized with the Yoast SEO plugin v27.1.1 - https:\/\/yoast.com\/product\/yoast-seo-wordpress\/ -->\n<title>Izjava o varnosti spletnih pla\u010dil - Svijet Misli<\/title>\n<meta name=\"robots\" content=\"index, follow, max-snippet:-1, max-image-preview:large, max-video-preview:-1\" \/>\n<link rel=\"canonical\" href=\"https:\/\/svijetmisli.com\/sl\/izjava-o-varnosti-spletnih-placil\/\" \/>\n<meta property=\"og:locale\" content=\"sl_SI\" \/>\n<meta property=\"og:type\" content=\"article\" \/>\n<meta property=\"og:title\" content=\"Izjava o varnosti spletnih pla\u010dil - Svijet Misli\" \/>\n<meta property=\"og:description\" content=\"Pri pla\u010dilu v na\u0161i spletni trgovini uporabite CorvusPay \u2013 napreden sistem za varno sprejemanje spletnih pla\u010dilnih kartic. Sistem CorvusPay zagotavlja [&hellip;]\" \/>\n<meta property=\"og:url\" content=\"https:\/\/svijetmisli.com\/sl\/izjava-o-varnosti-spletnih-placil\/\" \/>\n<meta property=\"og:site_name\" content=\"Svijet Misli\" \/>\n<meta property=\"article:modified_time\" content=\"2026-02-05T08:59:51+00:00\" \/>\n<meta property=\"og:image\" content=\"https:\/\/globalshop.hr\/wp-content\/uploads\/2022\/05\/visa_fc.png\" \/>\n<meta name=\"twitter:card\" content=\"summary_large_image\" \/>\n<meta name=\"twitter:label1\" content=\"Est. reading time\" \/>\n\t<meta name=\"twitter:data1\" content=\"4 minute\" \/>\n<script type=\"application\/ld+json\" class=\"yoast-schema-graph\">{\"@context\":\"https:\/\/schema.org\",\"@graph\":[{\"@type\":\"WebPage\",\"@id\":\"https:\/\/svijetmisli.com\/sl\/izjava-o-varnosti-spletnih-placil\/\",\"url\":\"https:\/\/svijetmisli.com\/sl\/izjava-o-varnosti-spletnih-placil\/\",\"name\":\"Izjava o varnosti spletnih pla\u010dil - Svijet Misli\",\"isPartOf\":{\"@id\":\"https:\/\/svijetmisli.com\/#website\"},\"primaryImageOfPage\":{\"@id\":\"https:\/\/svijetmisli.com\/sl\/izjava-o-varnosti-spletnih-placil\/#primaryimage\"},\"image\":{\"@id\":\"https:\/\/svijetmisli.com\/sl\/izjava-o-varnosti-spletnih-placil\/#primaryimage\"},\"thumbnailUrl\":\"https:\/\/globalshop.hr\/wp-content\/uploads\/2022\/05\/visa_fc.png\",\"datePublished\":\"2026-01-15T23:28:45+00:00\",\"dateModified\":\"2026-02-05T08:59:51+00:00\",\"breadcrumb\":{\"@id\":\"https:\/\/svijetmisli.com\/sl\/izjava-o-varnosti-spletnih-placil\/#breadcrumb\"},\"inLanguage\":\"sl-SI\",\"potentialAction\":[{\"@type\":\"ReadAction\",\"target\":[\"https:\/\/svijetmisli.com\/sl\/izjava-o-varnosti-spletnih-placil\/\"]}]},{\"@type\":\"ImageObject\",\"inLanguage\":\"sl-SI\",\"@id\":\"https:\/\/svijetmisli.com\/sl\/izjava-o-varnosti-spletnih-placil\/#primaryimage\",\"url\":\"https:\/\/globalshop.hr\/wp-content\/uploads\/2022\/05\/visa_fc.png\",\"contentUrl\":\"https:\/\/globalshop.hr\/wp-content\/uploads\/2022\/05\/visa_fc.png\"},{\"@type\":\"BreadcrumbList\",\"@id\":\"https:\/\/svijetmisli.com\/sl\/izjava-o-varnosti-spletnih-placil\/#breadcrumb\",\"itemListElement\":[{\"@type\":\"ListItem\",\"position\":1,\"name\":\"Po\u010detna stranica\",\"item\":\"https:\/\/svijetmisli.com\/sl\/\"},{\"@type\":\"ListItem\",\"position\":2,\"name\":\"Izjava o varnosti spletnih pla\u010dil\"}]},{\"@type\":\"WebSite\",\"@id\":\"https:\/\/svijetmisli.com\/#website\",\"url\":\"https:\/\/svijetmisli.com\/\",\"name\":\"Svijet Misli\",\"description\":\"Online knji\u017eara s knjigama za osobni rast, duhovnost, kuharicama i inspirativnim naslovima.\",\"publisher\":{\"@id\":\"https:\/\/svijetmisli.com\/#organization\"},\"potentialAction\":[{\"@type\":\"SearchAction\",\"target\":{\"@type\":\"EntryPoint\",\"urlTemplate\":\"https:\/\/svijetmisli.com\/?s={search_term_string}\"},\"query-input\":{\"@type\":\"PropertyValueSpecification\",\"valueRequired\":true,\"valueName\":\"search_term_string\"}}],\"inLanguage\":\"sl-SI\"},{\"@type\":\"Organization\",\"@id\":\"https:\/\/svijetmisli.com\/#organization\",\"name\":\"Svijet Misli\",\"url\":\"https:\/\/svijetmisli.com\/\",\"logo\":{\"@type\":\"ImageObject\",\"inLanguage\":\"sl-SI\",\"@id\":\"https:\/\/svijetmisli.com\/#\/schema\/logo\/image\/\",\"url\":\"https:\/\/svijetmisli.com\/wp-content\/uploads\/2025\/12\/logo.png\",\"contentUrl\":\"https:\/\/svijetmisli.com\/wp-content\/uploads\/2025\/12\/logo.png\",\"width\":500,\"height\":174,\"caption\":\"Svijet Misli\"},\"image\":{\"@id\":\"https:\/\/svijetmisli.com\/#\/schema\/logo\/image\/\"}}]}<\/script>\n<!-- \/ Yoast SEO plugin. -->","yoast_head_json":{"title":"Izjava o varnosti spletnih pla\u010dil - Svijet Misli","robots":{"index":"index","follow":"follow","max-snippet":"max-snippet:-1","max-image-preview":"max-image-preview:large","max-video-preview":"max-video-preview:-1"},"canonical":"https:\/\/svijetmisli.com\/sl\/izjava-o-varnosti-spletnih-placil\/","og_locale":"sl_SI","og_type":"article","og_title":"Izjava o varnosti spletnih pla\u010dil - Svijet Misli","og_description":"Pri pla\u010dilu v na\u0161i spletni trgovini uporabite CorvusPay \u2013 napreden sistem za varno sprejemanje spletnih pla\u010dilnih kartic. Sistem CorvusPay zagotavlja [&hellip;]","og_url":"https:\/\/svijetmisli.com\/sl\/izjava-o-varnosti-spletnih-placil\/","og_site_name":"Svijet Misli","article_modified_time":"2026-02-05T08:59:51+00:00","og_image":[{"url":"https:\/\/globalshop.hr\/wp-content\/uploads\/2022\/05\/visa_fc.png","type":"","width":"","height":""}],"twitter_card":"summary_large_image","twitter_misc":{"Est. reading time":"4 minute"},"schema":{"@context":"https:\/\/schema.org","@graph":[{"@type":"WebPage","@id":"https:\/\/svijetmisli.com\/sl\/izjava-o-varnosti-spletnih-placil\/","url":"https:\/\/svijetmisli.com\/sl\/izjava-o-varnosti-spletnih-placil\/","name":"Izjava o varnosti spletnih pla\u010dil - Svijet Misli","isPartOf":{"@id":"https:\/\/svijetmisli.com\/#website"},"primaryImageOfPage":{"@id":"https:\/\/svijetmisli.com\/sl\/izjava-o-varnosti-spletnih-placil\/#primaryimage"},"image":{"@id":"https:\/\/svijetmisli.com\/sl\/izjava-o-varnosti-spletnih-placil\/#primaryimage"},"thumbnailUrl":"https:\/\/globalshop.hr\/wp-content\/uploads\/2022\/05\/visa_fc.png","datePublished":"2026-01-15T23:28:45+00:00","dateModified":"2026-02-05T08:59:51+00:00","breadcrumb":{"@id":"https:\/\/svijetmisli.com\/sl\/izjava-o-varnosti-spletnih-placil\/#breadcrumb"},"inLanguage":"sl-SI","potentialAction":[{"@type":"ReadAction","target":["https:\/\/svijetmisli.com\/sl\/izjava-o-varnosti-spletnih-placil\/"]}]},{"@type":"ImageObject","inLanguage":"sl-SI","@id":"https:\/\/svijetmisli.com\/sl\/izjava-o-varnosti-spletnih-placil\/#primaryimage","url":"https:\/\/globalshop.hr\/wp-content\/uploads\/2022\/05\/visa_fc.png","contentUrl":"https:\/\/globalshop.hr\/wp-content\/uploads\/2022\/05\/visa_fc.png"},{"@type":"BreadcrumbList","@id":"https:\/\/svijetmisli.com\/sl\/izjava-o-varnosti-spletnih-placil\/#breadcrumb","itemListElement":[{"@type":"ListItem","position":1,"name":"Po\u010detna stranica","item":"https:\/\/svijetmisli.com\/sl\/"},{"@type":"ListItem","position":2,"name":"Izjava o varnosti spletnih pla\u010dil"}]},{"@type":"WebSite","@id":"https:\/\/svijetmisli.com\/#website","url":"https:\/\/svijetmisli.com\/","name":"Svijet Misli","description":"Online knji\u017eara s knjigama za osobni rast, duhovnost, kuharicama i inspirativnim naslovima.","publisher":{"@id":"https:\/\/svijetmisli.com\/#organization"},"potentialAction":[{"@type":"SearchAction","target":{"@type":"EntryPoint","urlTemplate":"https:\/\/svijetmisli.com\/?s={search_term_string}"},"query-input":{"@type":"PropertyValueSpecification","valueRequired":true,"valueName":"search_term_string"}}],"inLanguage":"sl-SI"},{"@type":"Organization","@id":"https:\/\/svijetmisli.com\/#organization","name":"Svijet Misli","url":"https:\/\/svijetmisli.com\/","logo":{"@type":"ImageObject","inLanguage":"sl-SI","@id":"https:\/\/svijetmisli.com\/#\/schema\/logo\/image\/","url":"https:\/\/svijetmisli.com\/wp-content\/uploads\/2025\/12\/logo.png","contentUrl":"https:\/\/svijetmisli.com\/wp-content\/uploads\/2025\/12\/logo.png","width":500,"height":174,"caption":"Svijet Misli"},"image":{"@id":"https:\/\/svijetmisli.com\/#\/schema\/logo\/image\/"}}]}},"_links":{"self":[{"href":"https:\/\/svijetmisli.com\/sl\/wp-json\/wp\/v2\/pages\/3356","targetHints":{"allow":["GET"]}}],"collection":[{"href":"https:\/\/svijetmisli.com\/sl\/wp-json\/wp\/v2\/pages"}],"about":[{"href":"https:\/\/svijetmisli.com\/sl\/wp-json\/wp\/v2\/types\/page"}],"author":[{"embeddable":true,"href":"https:\/\/svijetmisli.com\/sl\/wp-json\/wp\/v2\/users\/2"}],"replies":[{"embeddable":true,"href":"https:\/\/svijetmisli.com\/sl\/wp-json\/wp\/v2\/comments?post=3356"}],"version-history":[{"count":2,"href":"https:\/\/svijetmisli.com\/sl\/wp-json\/wp\/v2\/pages\/3356\/revisions"}],"predecessor-version":[{"id":3394,"href":"https:\/\/svijetmisli.com\/sl\/wp-json\/wp\/v2\/pages\/3356\/revisions\/3394"}],"wp:attachment":[{"href":"https:\/\/svijetmisli.com\/sl\/wp-json\/wp\/v2\/media?parent=3356"}],"curies":[{"name":"wp","href":"https:\/\/api.w.org\/{rel}","templated":true}]}}